{"id":9745,"date":"2026-02-05T11:01:52","date_gmt":"2026-02-05T11:01:52","guid":{"rendered":"https:\/\/perleibeauty.com\/?post_type=product&#038;p=9745"},"modified":"2026-04-01T11:18:12","modified_gmt":"2026-04-01T11:18:12","slug":"estee-lauder-daywear-eye-cooling-anti-oxidant-moisture-eye-cream","status":"publish","type":"product","link":"https:\/\/perleibeauty.com\/sq\/produkt\/estee-lauder-daywear-eye-cooling-anti-oxidant-moisture-eye-cream\/","title":{"rendered":"ESTEE LAUDER DayWear Eye Cooling Anti-Oxidant Moisture Eye Cream 15ML"},"content":{"rendered":"<p data-start=\"249\" data-end=\"615\"><strong data-start=\"249\" data-end=\"317\">Est\u00e9e Lauder DayWear Eye Cooling Anti-Oxidant Moisture Eye Cream<\/strong> \u00ebsht\u00eb nj\u00eb krem i leht\u00eb dhe freskues p\u00ebr zon\u00ebn e syve, i dizajnuar p\u00ebr t\u00eb ofruar <strong data-start=\"398\" data-end=\"447\">hidratim intensiv dhe mbrojtje anti-oksidante<\/strong>. Ky krem ndihmon n\u00eb <strong data-start=\"468\" data-end=\"499\">uljen e shenjave t\u00eb lodhjes<\/strong>, si \u00ebnjtjet dhe rrath\u00ebt e err\u00ebt, duke i dh\u00ebn\u00eb syve nj\u00eb pamje m\u00eb t\u00eb fresk\u00ebt dhe t\u00eb rigjeneruar gjat\u00eb gjith\u00eb dit\u00ebs.<\/p>\n<p data-start=\"617\" data-end=\"969\">Formul\u00eb e pasur me <strong data-start=\"636\" data-end=\"666\">anti-oksidant\u00eb t\u00eb fuqish\u00ebm<\/strong>, p\u00ebrfshir\u00eb Vitamin\u00eb C dhe E, mb\u00ebshtet mbrojtjen kund\u00ebr radikaleve t\u00eb lira dhe stresit mjedisor, duke ndihmuar n\u00eb <strong data-start=\"780\" data-end=\"829\">parandalimin e shenjave t\u00eb plakjes s\u00eb hershme<\/strong>. Tekstura e kremit \u00ebsht\u00eb e leht\u00eb dhe <strong data-start=\"867\" data-end=\"881\">refreshing<\/strong>, duke l\u00ebn\u00eb nj\u00eb ndjesi t\u00eb ftoht\u00eb dhe t\u00eb but\u00eb n\u00eb kontakt me l\u00ebkur\u00ebn e delikate t\u00eb syve.<\/p>\n<p data-start=\"971\" data-end=\"1384\">Kremi \u00ebsht\u00eb gjithashtu i dizajnuar p\u00ebr t\u00eb <strong data-start=\"1013\" data-end=\"1060\">reduktuar duksh\u00ebm vijat e im\u00ebta dhe rrudhat<\/strong> rreth syve, duke p\u00ebrmir\u00ebsuar elasticitetin dhe hidratimin e l\u00ebkur\u00ebs p\u00ebr nj\u00eb pamje t\u00eb rinovuar dhe t\u00eb sh\u00ebndetshme. Rezultatet klinike tregojn\u00eb se p\u00ebrdoruesit p\u00ebrjetojn\u00eb nj\u00eb <strong data-start=\"1233\" data-end=\"1270\">ndjesi freskie dhe l\u00ebkur\u00eb t\u00eb but\u00eb<\/strong> menj\u00ebher\u00eb pas aplikimit, nd\u00ebrsa pas p\u00ebrdorimit t\u00eb rregullt, zona e syve duket m\u00eb e l\u00ebmuar dhe m\u00eb e rigjeneruar.<\/p>\n<p data-start=\"1386\" data-end=\"1410\"><strong data-start=\"1386\" data-end=\"1410\">P\u00ebrfitimet kryesore:<\/strong><\/p>\n<ul data-start=\"1411\" data-end=\"1746\">\n<li data-start=\"1411\" data-end=\"1449\">\n<p data-start=\"1413\" data-end=\"1449\">Hidratim intensiv p\u00ebr zon\u00ebn e syve<\/p>\n<\/li>\n<li data-start=\"1450\" data-end=\"1505\">\n<p data-start=\"1452\" data-end=\"1505\">Anti-oksidant\u00eb q\u00eb mbrojn\u00eb kund\u00ebr radikaleve t\u00eb lira<\/p>\n<\/li>\n<li data-start=\"1506\" data-end=\"1546\">\n<p data-start=\"1508\" data-end=\"1546\">Redukton rrath\u00ebt e err\u00ebt dhe \u00ebnjtjet<\/p>\n<\/li>\n<li data-start=\"1547\" data-end=\"1605\">\n<p data-start=\"1549\" data-end=\"1605\">Ndihmon n\u00eb parandalimin e vijave t\u00eb im\u00ebta dhe rrudhave<\/p>\n<\/li>\n<li data-start=\"1606\" data-end=\"1667\">\n<p data-start=\"1608\" data-end=\"1667\">Tekstur\u00eb freskuese dhe e but\u00eb, e leht\u00eb p\u00ebr t\u2019u p\u00ebrthithur<\/p>\n<\/li>\n<li data-start=\"1668\" data-end=\"1746\">\n<p data-start=\"1670\" data-end=\"1746\">I p\u00ebrshtatsh\u00ebm p\u00ebr t\u00eb gjitha tipet e l\u00ebkur\u00ebs dhe dermatologjikisht testuar<\/p>\n<\/li>\n<\/ul>","protected":false},"excerpt":{"rendered":"<p data-start=\"2890\" data-end=\"3091\"><strong data-start=\"2890\" data-end=\"3051\">Krem hidratues me anti-oxidant\u00eb dhe SPF 15 p\u00ebr hidratim 24-or\u00ebsh, mbrojtje nga dielli dhe l\u00ebkur\u00eb me pamje t\u00eb fresk\u00ebt, t\u00eb sh\u00ebndetshme dhe me shk\u00eblqim natyral.<\/strong><\/p>","protected":false},"featured_media":9747,"comment_status":"open","ping_status":"closed","template":"","meta":[],"product_brand":[98],"product_cat":[103,179,105],"product_tag":[],"class_list":{"0":"post-9745","1":"product","2":"type-product","3":"status-publish","4":"has-post-thumbnail","6":"product_brand-estee-lauder","7":"product_cat-best-seller","8":"product_cat-new-colletion","9":"product_cat-skincare","12":"instock","13":"shipping-taxable","14":"purchasable","15":"product-type-simple"},"_links":{"self":[{"href":"https:\/\/perleibeauty.com\/sq\/wp-json\/wp\/v2\/product\/9745","targetHints":{"allow":["GET"]}}],"collection":[{"href":"https:\/\/perleibeauty.com\/sq\/wp-json\/wp\/v2\/product"}],"about":[{"href":"https:\/\/perleibeauty.com\/sq\/wp-json\/wp\/v2\/types\/product"}],"replies":[{"embeddable":true,"href":"https:\/\/perleibeauty.com\/sq\/wp-json\/wp\/v2\/comments?post=9745"}],"version-history":[{"count":1,"href":"https:\/\/perleibeauty.com\/sq\/wp-json\/wp\/v2\/product\/9745\/revisions"}],"predecessor-version":[{"id":10076,"href":"https:\/\/perleibeauty.com\/sq\/wp-json\/wp\/v2\/product\/9745\/revisions\/10076"}],"wp:featuredmedia":[{"embeddable":true,"href":"https:\/\/perleibeauty.com\/sq\/wp-json\/wp\/v2\/media\/9747"}],"wp:attachment":[{"href":"https:\/\/perleibeauty.com\/sq\/wp-json\/wp\/v2\/media?parent=9745"}],"wp:term":[{"taxonomy":"product_brand","embeddable":true,"href":"https:\/\/perleibeauty.com\/sq\/wp-json\/wp\/v2\/product_brand?post=9745"},{"taxonomy":"product_cat","embeddable":true,"href":"https:\/\/perleibeauty.com\/sq\/wp-json\/wp\/v2\/product_cat?post=9745"},{"taxonomy":"product_tag","embeddable":true,"href":"https:\/\/perleibeauty.com\/sq\/wp-json\/wp\/v2\/product_tag?post=9745"}],"curies":[{"name":"wp","href":"https:\/\/api.w.org\/{rel}","templated":true}]}}