{"id":9733,"date":"2026-02-05T10:54:40","date_gmt":"2026-02-05T10:54:40","guid":{"rendered":"https:\/\/perleibeauty.com\/?post_type=product&#038;p=9733"},"modified":"2026-04-01T11:18:13","modified_gmt":"2026-04-01T11:18:13","slug":"estee-lauder-daywear-moisturizer-multi-protection-anti-oxidant-24h-moisture-creme-spf-15","status":"publish","type":"product","link":"https:\/\/perleibeauty.com\/sq\/produkt\/estee-lauder-daywear-moisturizer-multi-protection-anti-oxidant-24h-moisture-creme-spf-15\/","title":{"rendered":"ESTEE LAUDER DayWear Moisturizer Multi-Protection Anti-Oxidant 24H\u2011Moisture Creme SPF 15 50ML"},"content":{"rendered":"<p data-start=\"303\" data-end=\"671\"><strong data-start=\"303\" data-end=\"395\">Est\u00e9e Lauder DayWear Moisturizer Multi-Protection Anti-Oxidant 24H-Moisture Creme SPF 15<\/strong> \u00ebsht\u00eb nj\u00eb krem dit\u00eb <strong data-start=\"416\" data-end=\"451\">multi-funksional dhe i fuqish\u00ebm<\/strong> q\u00eb kombinon <strong data-start=\"464\" data-end=\"494\">hidratim intensiv 24-or\u00ebsh<\/strong>, <strong data-start=\"496\" data-end=\"523\">mbrojtje kund\u00ebr diellit<\/strong> dhe <strong data-start=\"528\" data-end=\"556\">antioxidant\u00eb t\u00eb fuqish\u00ebm<\/strong> p\u00ebr nj\u00eb l\u00ebkur\u00eb me pamje t\u00eb sh\u00ebndetshme, t\u00eb fresk\u00ebt dhe t\u00eb mbrojtur \u00e7do dit\u00eb.<\/p>\n<p data-start=\"673\" data-end=\"996\">Ky hidratues luksoz \u00ebsht\u00eb i pasur me <strong data-start=\"710\" data-end=\"740\">Super Anti-Oxidant Complex<\/strong> \u2014 nj\u00eb kombinim i avancuar i <strong data-start=\"769\" data-end=\"835\">Vitamin\u00ebs C, Vitamin\u00ebs E dhe p\u00ebrb\u00ebr\u00ebsve t\u00eb tjer\u00eb anti-oxidant\u00eb<\/strong> q\u00eb lufton radikalet e lira dhe ndihmon n\u00eb mbrojtjen e l\u00ebkur\u00ebs nga stresor\u00ebt mjedisor\u00eb q\u00eb shkaktojn\u00eb plakje t\u00eb parakohshme.<\/p>\n<p data-start=\"998\" data-end=\"1070\">Formul\u00eb e tij <strong data-start=\"1012\" data-end=\"1028\">jo-acnegjene<\/strong> dhe testuar dermatologjikisht ndihmon n\u00eb:<\/p>\n<ul data-start=\"1071\" data-end=\"1640\">\n<li data-start=\"1071\" data-end=\"1238\">\n<p data-start=\"1073\" data-end=\"1238\"><strong data-start=\"1073\" data-end=\"1130\">Hidratimin intensiv dhe t\u00eb vazhduesh\u00ebm deri n\u00eb 24 or\u00eb<\/strong> p\u00ebr nj\u00eb l\u00ebkur\u00eb t\u00eb but\u00eb, elastike dhe t\u00eb ushqyer gjat\u00eb gjith\u00eb dit\u00ebs.<\/p>\n<\/li>\n<li data-start=\"1239\" data-end=\"1434\">\n<p data-start=\"1241\" data-end=\"1434\"><strong data-start=\"1241\" data-end=\"1277\">Mbrojtjen kund\u00ebr rrezeve UVA\/UVB<\/strong> fal\u00eb SPF 15 me spekt\u00ebr t\u00eb gjer\u00eb, q\u00eb ndihmon n\u00eb parandalimin e d\u00ebmtimit nga dielli dhe humbjes s\u00eb shk\u00eblqimit natyral.<\/p>\n<\/li>\n<li data-start=\"1435\" data-end=\"1640\">\n<p data-start=\"1437\" data-end=\"1640\"><strong data-start=\"1437\" data-end=\"1511\">Reduktimin e shenjave t\u00eb that\u00ebsis\u00eb, lodhjes dhe humbjes s\u00eb vitalitetit<\/strong> duke i dh\u00ebn\u00eb l\u00ebkur\u00ebs nj\u00eb pamje m\u00eb t\u00eb sh\u00ebndetshme, t\u00eb fresk\u00ebt dhe me shk\u00eblqim t\u00eb natyrsh\u00ebm.<\/p>\n<\/li>\n<\/ul>\n<p data-start=\"1642\" data-end=\"1917\">P\u00ebrb\u00ebr\u00ebsi <strong data-start=\"1652\" data-end=\"1671\">Acid Hialuronik<\/strong> ndihmon n\u00eb kapjen dhe ruajtjen e lag\u00ebshtis\u00eb n\u00eb l\u00ebkur\u00eb p\u00ebr nj\u00eb efekt hidratues 24-or\u00ebsh, nd\u00ebrsa nota e but\u00eb freskuese e <strong data-start=\"1791\" data-end=\"1814\">ujit t\u00eb kastravecit<\/strong> i jep kremit nj\u00eb arom\u00eb t\u00eb leht\u00eb dhe t\u00eb k\u00ebndshme gjat\u00eb aplikimit.<\/p>\n<p data-start=\"1919\" data-end=\"2283\"><strong data-start=\"1919\" data-end=\"1942\">DayWear Moisturizer<\/strong> \u00ebsht\u00eb perfekt p\u00ebr p\u00ebrdorim t\u00eb p\u00ebrditsh\u00ebm, si baz\u00eb para makeup-it, ose si krem kryesor hidratues n\u00eb rutin\u00ebn t\u00ebnde t\u00eb m\u00ebngjesit. Me nj\u00eb tekstur\u00eb q\u00eb p\u00ebrthithet leht\u00eb dhe jo-detyruese, \u00ebsht\u00eb ideal p\u00ebr <em data-start=\"2140\" data-end=\"2167\">t\u00eb gjitha tipet e l\u00ebkur\u00ebs<\/em>, p\u00ebrfshir\u00eb l\u00ebkur\u00ebn normale\/mixt\u00eb dhe t\u00eb that\u00eb (zgjedh modelin sipas nevoj\u00ebs).<\/p>\n<p data-start=\"2285\" data-end=\"2309\"><strong data-start=\"2285\" data-end=\"2309\">P\u00ebrfitimet kryesore:<\/strong><\/p>\n<ul data-start=\"2310\" data-end=\"2828\">\n<li data-start=\"2310\" data-end=\"2405\">\n<p data-start=\"2312\" data-end=\"2405\">Hidratim intensiv 24-or\u00ebsh q\u00eb zbut dhe ushqen l\u00ebkur\u00ebn<\/p>\n<\/li>\n<li data-start=\"2406\" data-end=\"2507\">\n<p data-start=\"2408\" data-end=\"2507\">Anti-oxidant Complex p\u00ebr mbrojtje kund\u00ebr radikaleve t\u00eb lira<\/p>\n<\/li>\n<li data-start=\"2508\" data-end=\"2608\">\n<p data-start=\"2510\" data-end=\"2608\">SPF 15 me spekt\u00ebr t\u00eb gjer\u00eb p\u00ebr mbrojtje nga rrezet UVA\/UVB<\/p>\n<\/li>\n<li data-start=\"2609\" data-end=\"2721\">\n<p data-start=\"2611\" data-end=\"2721\">L\u00ebkur\u00eb me pamje m\u00eb t\u00eb sh\u00ebndetshme, m\u00eb t\u00eb fresk\u00ebt dhe m\u00eb t\u00eb ndritshme<\/p>\n<\/li>\n<li data-start=\"2722\" data-end=\"2828\">\n<p data-start=\"2724\" data-end=\"2828\">Pa komedogjen\u00eb (nuk bllokon poret) dhe dermatologjikisht testuar<\/p>\n<\/li>\n<\/ul>","protected":false},"excerpt":{"rendered":"<p>Krem hidratues me anti-oxidant\u00eb dhe SPF 15 p\u00ebr hidratim 24-or\u00ebsh, mbrojtje nga dielli dhe l\u00ebkur\u00eb me pamje t\u00eb fresk\u00ebt, t\u00eb sh\u00ebndetshme dhe me shk\u00eblqim natyral.<\/p>","protected":false},"featured_media":9743,"comment_status":"open","ping_status":"closed","template":"","meta":[],"product_brand":[98],"product_cat":[103,179,105],"product_tag":[],"class_list":{"0":"post-9733","1":"product","2":"type-product","3":"status-publish","4":"has-post-thumbnail","6":"product_brand-estee-lauder","7":"product_cat-best-seller","8":"product_cat-new-colletion","9":"product_cat-skincare","12":"instock","13":"shipping-taxable","14":"purchasable","15":"product-type-simple"},"_links":{"self":[{"href":"https:\/\/perleibeauty.com\/sq\/wp-json\/wp\/v2\/product\/9733","targetHints":{"allow":["GET"]}}],"collection":[{"href":"https:\/\/perleibeauty.com\/sq\/wp-json\/wp\/v2\/product"}],"about":[{"href":"https:\/\/perleibeauty.com\/sq\/wp-json\/wp\/v2\/types\/product"}],"replies":[{"embeddable":true,"href":"https:\/\/perleibeauty.com\/sq\/wp-json\/wp\/v2\/comments?post=9733"}],"version-history":[{"count":2,"href":"https:\/\/perleibeauty.com\/sq\/wp-json\/wp\/v2\/product\/9733\/revisions"}],"predecessor-version":[{"id":10286,"href":"https:\/\/perleibeauty.com\/sq\/wp-json\/wp\/v2\/product\/9733\/revisions\/10286"}],"wp:featuredmedia":[{"embeddable":true,"href":"https:\/\/perleibeauty.com\/sq\/wp-json\/wp\/v2\/media\/9743"}],"wp:attachment":[{"href":"https:\/\/perleibeauty.com\/sq\/wp-json\/wp\/v2\/media?parent=9733"}],"wp:term":[{"taxonomy":"product_brand","embeddable":true,"href":"https:\/\/perleibeauty.com\/sq\/wp-json\/wp\/v2\/product_brand?post=9733"},{"taxonomy":"product_cat","embeddable":true,"href":"https:\/\/perleibeauty.com\/sq\/wp-json\/wp\/v2\/product_cat?post=9733"},{"taxonomy":"product_tag","embeddable":true,"href":"https:\/\/perleibeauty.com\/sq\/wp-json\/wp\/v2\/product_tag?post=9733"}],"curies":[{"name":"wp","href":"https:\/\/api.w.org\/{rel}","templated":true}]}}