{"id":9724,"date":"2026-02-05T10:47:53","date_gmt":"2026-02-05T10:47:53","guid":{"rendered":"https:\/\/perleibeauty.com\/?post_type=product&#038;p=9724"},"modified":"2026-04-01T11:18:13","modified_gmt":"2026-04-01T11:18:13","slug":"estee-lauder-resilience-multi-effect-moisturizer-tri-peptide-face-and-neck-creme-spf-15-50ml","status":"publish","type":"product","link":"https:\/\/perleibeauty.com\/sq\/produkt\/estee-lauder-resilience-multi-effect-moisturizer-tri-peptide-face-and-neck-creme-spf-15-50ml\/","title":{"rendered":"ESTEE LAUDER Resilience Multi-Effect Moisturizer Tri-Peptide Face and Neck Creme SPF 15 50ML"},"content":{"rendered":"<p data-start=\"313\" data-end=\"812\"><strong data-start=\"313\" data-end=\"404\">Est\u00e9e Lauder Resilience Multi-Effect Moisturizer Tri-Peptide Face and Neck Creme SPF 15<\/strong> \u00ebsht\u00eb nj\u00eb krem dit\u00eb me <strong data-start=\"428\" data-end=\"484\">hidratim intensiv, mbrojtje dhe p\u00ebrfitime anti-aging<\/strong>, i krijuar p\u00ebr t\u00eb ndihmuar l\u00ebkur\u00ebn t\u00eb duket m\u00eb <strong data-start=\"532\" data-end=\"581\">e fort\u00eb, elastike, radiante dhe m\u00eb e rinovuar<\/strong>. Me nj\u00eb formul\u00eb t\u00eb p\u00ebrparuar me <strong data-start=\"614\" data-end=\"637\">Tri-Peptide Complex<\/strong>, ky krem ndihmon n\u00eb <strong data-start=\"658\" data-end=\"694\">aktivizimin e kolagjenit natyral<\/strong>, duke e b\u00ebr\u00eb l\u00ebkur\u00ebn t\u00eb duket dhe t\u00eb ndihet <strong data-start=\"739\" data-end=\"773\">m\u00eb e l\u00ebmuar dhe m\u00eb e pllakosur<\/strong>.<\/p>\n<p data-start=\"814\" data-end=\"1231\">Formula \u00ebsht\u00eb <strong data-start=\"828\" data-end=\"853\">intensivisht ushqyese<\/strong> dhe rezistente ndaj ndikimeve t\u00eb mjedisit. Me <strong data-start=\"900\" data-end=\"930\">SPF 15 me spekt\u00ebr t\u00eb gjer\u00eb<\/strong>, kombinim anti-oksidant\u00ebsh dhe <strong data-start=\"962\" data-end=\"989\">teknologjin\u00eb IR-Defense<\/strong>, ky krem ndihmon n\u00eb <strong data-start=\"1010\" data-end=\"1085\">parandalimin e degradimit t\u00eb kolagjenit dhe humbjes s\u00eb tonit t\u00eb l\u00ebkur\u00ebs<\/strong>, nd\u00ebrkoh\u00eb q\u00eb mbron barrier\u00ebn natyrale t\u00eb lag\u00ebshtis\u00eb kund\u00ebr rrezeve infra-t\u00eb kuqe dhe agresor\u00ebve t\u00eb jasht\u00ebm.<\/p>\n<p data-start=\"1233\" data-end=\"1666\">Kur aplikohet rregullisht, l\u00ebkura duket <strong data-start=\"1273\" data-end=\"1343\">m\u00eb e hidratuar, m\u00eb e rrumbullakosur dhe me shk\u00eblqim t\u00eb sh\u00ebndetsh\u00ebm<\/strong>, nd\u00ebrsa <strong data-start=\"1352\" data-end=\"1379\">linjat fine dhe rrudhat<\/strong> duken t\u00eb reduktuara. Testet klinike sugjerojn\u00eb se 99% e p\u00ebrdorueseve vler\u00ebsuan hidratim t\u00eb menj\u00ebhersh\u00ebm, l\u00ebkur\u00eb m\u00eb t\u00eb but\u00eb dhe m\u00eb t\u00eb l\u00ebmuar, nd\u00ebrsa deri n\u00eb 91% vler\u00ebsuan nj\u00eb pamje m\u00eb rinore dhe nj\u00eb tekstur\u00eb m\u00eb t\u00eb rafinuar brenda 4 jav\u00ebsh p\u00ebrdorimi.<\/p>\n<p data-start=\"1668\" data-end=\"2062\">Kremi \u00ebsht\u00eb i disponuesh\u00ebm n\u00eb variante p\u00ebr <strong data-start=\"1711\" data-end=\"1735\">l\u00ebkur\u00eb normale\/mixt\u00eb<\/strong> dhe <strong data-start=\"1740\" data-end=\"1759\">l\u00ebkur\u00eb t\u00eb that\u00eb<\/strong>, duke ofruar nj\u00eb p\u00ebrvoj\u00eb <strong data-start=\"1785\" data-end=\"1820\">silkeshi dhe intensive ushqyese<\/strong> sipas nevojave t\u00eb l\u00ebkur\u00ebs. Ai \u00ebsht\u00eb gjithashtu <strong data-start=\"1868\" data-end=\"1905\">non-acnegenic (nuk bllokon poret)<\/strong> dhe <strong data-start=\"1910\" data-end=\"1939\">testuar dermatologjikisht<\/strong>, duke e b\u00ebr\u00eb t\u00eb p\u00ebrshtatsh\u00ebm p\u00ebr p\u00ebrdorim t\u00eb p\u00ebrditsh\u00ebm n\u00eb fytyr\u00eb, qaf\u00eb dhe dekolte.<\/p>\n<p data-start=\"2064\" data-end=\"2088\"><strong data-start=\"2064\" data-end=\"2088\">P\u00ebrfitimet kryesore:<\/strong><\/p>\n<ul data-start=\"2089\" data-end=\"2575\">\n<li data-start=\"2089\" data-end=\"2135\">\n<p data-start=\"2091\" data-end=\"2135\">Hidratim intensiv dhe ushqyes gjith\u00eb dit\u00ebn<\/p>\n<\/li>\n<li data-start=\"2136\" data-end=\"2201\">\n<p data-start=\"2138\" data-end=\"2201\">Ndihmon n\u00eb forcimin e kolagjenit dhe elasticitetit t\u00eb l\u00ebkur\u00ebs<\/p>\n<\/li>\n<li data-start=\"2202\" data-end=\"2259\">\n<p data-start=\"2204\" data-end=\"2259\">Mbrojtje SPF 15 kund\u00ebr rrezeve UV me spekt\u00ebr t\u00eb gjer\u00eb<\/p>\n<\/li>\n<li data-start=\"2260\" data-end=\"2339\">\n<p data-start=\"2262\" data-end=\"2339\">Teknologji IR-Defense p\u00ebr mbrojtje kund\u00ebr d\u00ebmtimit nga rrezet infra-t\u00eb kuqe<\/p>\n<\/li>\n<li data-start=\"2340\" data-end=\"2390\">\n<p data-start=\"2342\" data-end=\"2390\">Reduktim i duksh\u00ebm i linjave fine dhe rrudhave<\/p>\n<\/li>\n<li data-start=\"2391\" data-end=\"2441\">\n<p data-start=\"2393\" data-end=\"2441\">L\u00ebkur\u00eb m\u00eb radiante, e fort\u00eb dhe e nj\u00ebtrajtshme<\/p>\n<\/li>\n<li data-start=\"2442\" data-end=\"2489\">\n<p data-start=\"2444\" data-end=\"2489\">I p\u00ebrshtatsh\u00ebm p\u00ebr fytyr\u00eb, qaf\u00eb dhe dekolte<\/p>\n<\/li>\n<li data-start=\"2490\" data-end=\"2575\">\n<p data-start=\"2492\" data-end=\"2575\">Non- alergjic dhe i testuar dermatologjikisht<\/p>\n<\/li>\n<\/ul>","protected":false},"excerpt":{"rendered":"<p data-start=\"2637\" data-end=\"2907\"><strong data-start=\"2637\" data-end=\"2869\">Krem dit\u00eb me Tri-Peptide Complex dhe SPF 15 p\u00ebr hidratim intensiv, mbrojtje nga dielli dhe p\u00ebrfitime anti-aging. Ndihmon per te\u00a0 forcuar kolagjenin, redukton linjat fine dhe i jep l\u00ebkur\u00ebs nj\u00eb pamje m\u00eb t\u00eb fort\u00eb, elastike dhe radiante.<\/strong><\/p>","protected":false},"featured_media":9725,"comment_status":"open","ping_status":"closed","template":"","meta":[],"product_brand":[98],"product_cat":[103,179,105],"product_tag":[],"class_list":{"0":"post-9724","1":"product","2":"type-product","3":"status-publish","4":"has-post-thumbnail","6":"product_brand-estee-lauder","7":"product_cat-best-seller","8":"product_cat-new-colletion","9":"product_cat-skincare","12":"outofstock","13":"shipping-taxable","14":"purchasable","15":"product-type-simple"},"_links":{"self":[{"href":"https:\/\/perleibeauty.com\/sq\/wp-json\/wp\/v2\/product\/9724","targetHints":{"allow":["GET"]}}],"collection":[{"href":"https:\/\/perleibeauty.com\/sq\/wp-json\/wp\/v2\/product"}],"about":[{"href":"https:\/\/perleibeauty.com\/sq\/wp-json\/wp\/v2\/types\/product"}],"replies":[{"embeddable":true,"href":"https:\/\/perleibeauty.com\/sq\/wp-json\/wp\/v2\/comments?post=9724"}],"version-history":[{"count":1,"href":"https:\/\/perleibeauty.com\/sq\/wp-json\/wp\/v2\/product\/9724\/revisions"}],"predecessor-version":[{"id":10077,"href":"https:\/\/perleibeauty.com\/sq\/wp-json\/wp\/v2\/product\/9724\/revisions\/10077"}],"wp:featuredmedia":[{"embeddable":true,"href":"https:\/\/perleibeauty.com\/sq\/wp-json\/wp\/v2\/media\/9725"}],"wp:attachment":[{"href":"https:\/\/perleibeauty.com\/sq\/wp-json\/wp\/v2\/media?parent=9724"}],"wp:term":[{"taxonomy":"product_brand","embeddable":true,"href":"https:\/\/perleibeauty.com\/sq\/wp-json\/wp\/v2\/product_brand?post=9724"},{"taxonomy":"product_cat","embeddable":true,"href":"https:\/\/perleibeauty.com\/sq\/wp-json\/wp\/v2\/product_cat?post=9724"},{"taxonomy":"product_tag","embeddable":true,"href":"https:\/\/perleibeauty.com\/sq\/wp-json\/wp\/v2\/product_tag?post=9724"}],"curies":[{"name":"wp","href":"https:\/\/api.w.org\/{rel}","templated":true}]}}