{"id":9711,"date":"2026-02-05T10:36:12","date_gmt":"2026-02-05T10:36:12","guid":{"rendered":"https:\/\/perleibeauty.com\/?post_type=product&#038;p=9711"},"modified":"2026-04-01T11:18:13","modified_gmt":"2026-04-01T11:18:13","slug":"estee-lauder-revitalizing-supreme-moisturizer-youth-power-creme-50ml","status":"publish","type":"product","link":"https:\/\/perleibeauty.com\/sq\/produkt\/estee-lauder-revitalizing-supreme-moisturizer-youth-power-creme-50ml\/","title":{"rendered":"ESTEE LAUDER Revitalizing Supreme+ Moisturizer Youth Power Creme 50ML"},"content":{"rendered":"<p data-start=\"245\" data-end=\"709\"><strong data-start=\"245\" data-end=\"313\">Est\u00e9e Lauder Revitalizing Supreme+ Moisturizer Youth Power Creme<\/strong> \u00ebsht\u00eb nj\u00eb krem hydrues <strong data-start=\"337\" data-end=\"353\">multi-aksion<\/strong> me nj\u00eb formul\u00eb t\u00eb pasur dhe luksoze, krijuar p\u00ebr t\u2019i dh\u00ebn\u00eb l\u00ebkur\u00ebs <strong data-start=\"421\" data-end=\"457\">firm\u00ebsi, luks dhe shk\u00eblqim rinor<\/strong>. Ky produkt inovativ kombinon fuqin\u00eb e p\u00ebrb\u00ebr\u00ebsve t\u00eb avancuar p\u00ebr t\u00eb mb\u00ebshtetur <strong data-start=\"538\" data-end=\"573\">rigjenerimin natyral t\u00eb l\u00ebkur\u00ebs<\/strong>, duke ndihmuar q\u00eb fytyra t\u00eb duket m\u00eb e fort\u00eb, e ngritur dhe me nj\u00eb pamje m\u00eb rinore dhe energjike.<\/p>\n<p data-start=\"711\" data-end=\"1069\">N\u00eb thelb t\u00eb formul\u00ebs q\u00ebndrojn\u00eb <strong data-start=\"742\" data-end=\"772\">p\u00ebrb\u00ebr\u00ebsit e \u201cYouth Power\u201d<\/strong>, p\u00ebrfshir\u00eb <strong data-start=\"784\" data-end=\"834\">ekstraktin ekskluziv t\u00eb Hibiscus Morning Bloom<\/strong> dhe <strong data-start=\"839\" data-end=\"863\">ekstraktin e Moringa<\/strong>, t\u00eb njohur si \u201cpem\u00eb mrekullie\u201d, q\u00eb ndihmojn\u00eb n\u00eb <strong data-start=\"912\" data-end=\"973\">p\u00ebrforcimin e elastin\u00ebs dhe kolagjenit natyral t\u00eb l\u00ebkur\u00ebs<\/strong>, duke kontribuar n\u00eb nj\u00eb pamje t\u00eb fuqizuar dhe t\u00eb ngritur.<\/p>\n<p data-start=\"1071\" data-end=\"1426\">P\u00ebrve\u00e7 k\u00ebsaj, formula p\u00ebrmban <strong data-start=\"1101\" data-end=\"1149\">ekstrakt t\u00eb qelizave t\u00eb bishtaja t\u00eb kaktusit<\/strong> dhe <strong data-start=\"1154\" data-end=\"1173\">acid hyaluronic<\/strong>, t\u00eb cil\u00ebt sigurojn\u00eb <strong data-start=\"1194\" data-end=\"1221\">hidratim deri n\u00eb 72 or\u00eb<\/strong>, duke forcuar edhe m\u00eb tej barrier\u00ebn natyrale t\u00eb lag\u00ebshtis\u00eb s\u00eb l\u00ebkur\u00ebs. Kjo hidratim intensive l\u00eb l\u00ebkur\u00ebn t\u00eb ndjehet e but\u00eb, elastike dhe e ushqyer gjat\u00eb gjith\u00eb dit\u00ebs.<\/p>\n<p data-start=\"1428\" data-end=\"1731\">Tekstura e kremit \u00ebsht\u00eb e but\u00eb, e leht\u00eb p\u00ebr t\u2019u p\u00ebrthithur dhe me nj\u00eb ndjesi t\u00eb pasur ushqyese q\u00eb <strong data-start=\"1526\" data-end=\"1567\">shkrin n\u00eb l\u00ebkur\u00eb pa l\u00ebn\u00eb film yndyror<\/strong>. Kjo e b\u00ebn ideal p\u00ebr p\u00ebrdorim si n\u00eb m\u00ebngjes ashtu edhe n\u00eb mbr\u00ebmje, si nj\u00eb baz\u00eb perfekte p\u00ebr rutin\u00ebn pas serumeve t\u00eb kujdesit.<\/p>\n<p data-start=\"1733\" data-end=\"2042\">Kremi gjithashtu ndihmon n\u00eb <strong data-start=\"1761\" data-end=\"1817\">reduktimin e duksh\u00ebm t\u00eb vijave t\u00eb im\u00ebta dhe rrudhave<\/strong>, p\u00ebrmir\u00ebson tonin dhe elasticitetin e l\u00ebkur\u00ebs dhe i jep fytyr\u00ebs nj\u00eb <strong data-start=\"1886\" data-end=\"1922\">shk\u00eblqim natyral, t\u00eb sh\u00ebndetsh\u00ebm<\/strong>, duke e b\u00ebr\u00eb k\u00ebt\u00eb produkt nj\u00eb zgjedhje t\u00eb shk\u00eblqyer p\u00ebr \u00e7do rutin\u00eb luks skincare.<\/p>\n<p data-start=\"2044\" data-end=\"2068\"><strong data-start=\"2044\" data-end=\"2068\">P\u00ebrfitimet kryesore:<\/strong><\/p>\n<ul data-start=\"2069\" data-end=\"2444\">\n<li data-start=\"2069\" data-end=\"2123\">\n<p data-start=\"2071\" data-end=\"2123\">Hidratim intensiv dhe i q\u00ebndruesh\u00ebm deri n\u00eb 72 or\u00eb<\/p>\n<\/li>\n<li data-start=\"2124\" data-end=\"2185\">\n<p data-start=\"2126\" data-end=\"2185\">Ndihmon n\u00eb ngritjen, forcimin dhe elasticitetin e l\u00ebkur\u00ebs<\/p>\n<\/li>\n<li data-start=\"2186\" data-end=\"2233\">\n<p data-start=\"2188\" data-end=\"2233\">Redukton duksh\u00ebm linjat e im\u00ebta dhe rrudhat<\/p>\n<\/li>\n<li data-start=\"2234\" data-end=\"2298\">\n<p data-start=\"2236\" data-end=\"2298\">L\u00eb l\u00ebkur\u00ebn me pamje m\u00eb t\u00eb fort\u00eb, t\u00eb ndritshme dhe t\u00eb ushqyer<\/p>\n<\/li>\n<li data-start=\"2299\" data-end=\"2345\">\n<p data-start=\"2301\" data-end=\"2345\">Tekstur\u00eb silkeshi q\u00eb shkrin pa l\u00ebn\u00eb yndyr\u00eb<\/p>\n<\/li>\n<li data-start=\"2346\" data-end=\"2444\">\n<p data-start=\"2348\" data-end=\"2444\">P\u00ebrshtatet p\u00ebr t\u00eb gjitha tipet e l\u00ebkur\u00ebs dhe zon\u00ebn e qaf\u00ebs<\/p>\n<\/li>\n<\/ul>","protected":false},"excerpt":{"rendered":"<p>Est\u00e9e Lauder Revitalizing Supreme+ Moisturizer Youth Power Creme \u00ebsht\u00eb nj\u00eb krem hydrues multi-aksion me nj\u00eb formul\u00eb t\u00eb pasur dhe luksoze, krijuar p\u00ebr t\u2019i dh\u00ebn\u00eb l\u00ebkur\u00ebs firm\u00ebsi, luks dhe shk\u00eblqim rinor. Ky produkt inovativ kombinon fuqin\u00eb e p\u00ebrb\u00ebr\u00ebsve t\u00eb avancuar p\u00ebr t\u00eb mb\u00ebshtetur rigjenerimin natyral t\u00eb l\u00ebkur\u00ebs, duke ndihmuar q\u00eb fytyra t\u00eb duket m\u00eb e fort\u00eb, &hellip; <a href=\"https:\/\/perleibeauty.com\/sq\/produkt\/estee-lauder-revitalizing-supreme-moisturizer-youth-power-creme-50ml\/\" class=\"more-link\">Continue reading <span class=\"screen-reader-text\">ESTEE LAUDER Revitalizing Supreme+ Moisturizer Youth Power Creme 50ML<\/span><\/a><\/p>","protected":false},"featured_media":9713,"comment_status":"open","ping_status":"closed","template":"","meta":[],"product_brand":[98],"product_cat":[103,179,105],"product_tag":[],"class_list":{"0":"post-9711","1":"product","2":"type-product","3":"status-publish","4":"has-post-thumbnail","6":"product_brand-estee-lauder","7":"product_cat-best-seller","8":"product_cat-new-colletion","9":"product_cat-skincare","12":"outofstock","13":"shipping-taxable","14":"purchasable","15":"product-type-simple"},"_links":{"self":[{"href":"https:\/\/perleibeauty.com\/sq\/wp-json\/wp\/v2\/product\/9711","targetHints":{"allow":["GET"]}}],"collection":[{"href":"https:\/\/perleibeauty.com\/sq\/wp-json\/wp\/v2\/product"}],"about":[{"href":"https:\/\/perleibeauty.com\/sq\/wp-json\/wp\/v2\/types\/product"}],"replies":[{"embeddable":true,"href":"https:\/\/perleibeauty.com\/sq\/wp-json\/wp\/v2\/comments?post=9711"}],"version-history":[{"count":1,"href":"https:\/\/perleibeauty.com\/sq\/wp-json\/wp\/v2\/product\/9711\/revisions"}],"predecessor-version":[{"id":10078,"href":"https:\/\/perleibeauty.com\/sq\/wp-json\/wp\/v2\/product\/9711\/revisions\/10078"}],"wp:featuredmedia":[{"embeddable":true,"href":"https:\/\/perleibeauty.com\/sq\/wp-json\/wp\/v2\/media\/9713"}],"wp:attachment":[{"href":"https:\/\/perleibeauty.com\/sq\/wp-json\/wp\/v2\/media?parent=9711"}],"wp:term":[{"taxonomy":"product_brand","embeddable":true,"href":"https:\/\/perleibeauty.com\/sq\/wp-json\/wp\/v2\/product_brand?post=9711"},{"taxonomy":"product_cat","embeddable":true,"href":"https:\/\/perleibeauty.com\/sq\/wp-json\/wp\/v2\/product_cat?post=9711"},{"taxonomy":"product_tag","embeddable":true,"href":"https:\/\/perleibeauty.com\/sq\/wp-json\/wp\/v2\/product_tag?post=9711"}],"curies":[{"name":"wp","href":"https:\/\/api.w.org\/{rel}","templated":true}]}}