{"id":9698,"date":"2026-02-05T10:28:25","date_gmt":"2026-02-05T10:28:25","guid":{"rendered":"https:\/\/perleibeauty.com\/?post_type=product&#038;p=9698"},"modified":"2026-04-01T11:18:13","modified_gmt":"2026-04-01T11:18:13","slug":"estee-lauder-revitalizing-supreme-night-power-bounce-creme-moisturizer","status":"publish","type":"product","link":"https:\/\/perleibeauty.com\/sq\/produkt\/estee-lauder-revitalizing-supreme-night-power-bounce-creme-moisturizer\/","title":{"rendered":"ESTEE LAUDER Revitalizing Supreme+ Night Power Bounce Creme Moisturizer 30 ML"},"content":{"rendered":"<p data-start=\"263\" data-end=\"937\"><strong data-start=\"263\" data-end=\"338\">Est\u00e9e Lauder Revitalizing Supreme+ Night Power Bounce Creme Moisturizer<\/strong> \u00ebsht\u00eb nj\u00eb <strong data-start=\"349\" data-end=\"377\">krem i fuqish\u00ebm p\u00ebr nat\u00eb<\/strong>, i dizajnuar p\u00ebr t\u2019i dh\u00ebn\u00eb l\u00ebkur\u00ebs nj\u00eb rikthim rinor, t\u00eb hidratuar dhe t\u00eb fort\u00eb nd\u00ebrsa flini. Me teknologjin\u00eb ekskluzive <strong data-start=\"499\" data-end=\"516\">CollaNight-8\u2122<\/strong> \u2013 nj\u00eb superblend prej <strong data-start=\"539\" data-end=\"563\">8 p\u00ebrb\u00ebr\u00ebsish aktiv\u00eb<\/strong> q\u00eb p\u00ebrfshin <strong data-start=\"576\" data-end=\"709\">Acetyl Hexapeptide-8, ekstrakt moringa, ekstrakt hibiskusi Morning Bloom, alg\u00eb e p\u00ebrqendruar, ekstrakt Sigesbeckia dhe Vitamin\u00eb E<\/strong> \u2013 ky produkt mb\u00ebshtet <strong data-start=\"732\" data-end=\"779\">prodhimin natyral t\u00eb kolagjenit gjat\u00eb nat\u00ebs<\/strong>, ndihmon n\u00eb <strong data-start=\"792\" data-end=\"829\">mbrojtjen kund\u00ebr stresit mjedisor<\/strong>, dhe lufton shenjat e plakjes s\u00eb l\u00ebkur\u00ebs n\u00eb m\u00ebnyr\u00eb gjith\u00ebp\u00ebrfshir\u00ebse.<\/p>\n<p data-start=\"939\" data-end=\"1416\">Kremi ofron nj\u00eb <strong data-start=\"955\" data-end=\"993\">boost t\u00eb jasht\u00ebzakonsh\u00ebm hidratimi<\/strong>, me testime klinike q\u00eb tregojn\u00eb nj\u00eb rritje prej <strong data-start=\"1042\" data-end=\"1070\">+116% hidratim menj\u00ebher\u00eb<\/strong> pas aplikimit dhe nj\u00eb l\u00ebkur\u00eb m\u00eb <strong data-start=\"1103\" data-end=\"1143\">elastike dhe \u201cbounce\u201d n\u00eb vet\u00ebm 4 or\u00eb<\/strong>. P\u00ebrfitimet p\u00ebrfshijn\u00eb gjithashtu nj\u00eb <strong data-start=\"1182\" data-end=\"1217\">rritje t\u00eb shk\u00eblqimit n\u00eb m\u00ebngjes<\/strong>, reduktim t\u00eb duksh\u00ebm t\u00eb irritimit brenda or\u00ebve t\u00eb para pas p\u00ebrdorimit, dhe nj\u00eb pamje m\u00eb t\u00eb fort\u00eb, m\u00eb t\u00eb l\u00ebmuar dhe m\u00eb t\u00eb rinovuar t\u00eb fytyr\u00ebs me kalimin e koh\u00ebs.<\/p>\n<p data-start=\"1418\" data-end=\"1866\">Tekstura e tij unike <strong data-start=\"1439\" data-end=\"1457\">\u201cBounce Creme\u201d<\/strong> transformohet magjike nga nj\u00eb konsistenc\u00eb e dendur n\u00eb nj\u00eb formul\u00eb <strong data-start=\"1524\" data-end=\"1556\">e leht\u00eb dhe e pesh\u00ebs s\u00eb ul\u00ebt<\/strong>, q\u00eb shkrin mbi l\u00ebkur\u00eb me nj\u00eb ndjesi t\u00eb but\u00eb dhe silkeshi, duke u p\u00ebrthithur shpejt \u2013 perfekt p\u00ebr rutin\u00ebn e nat\u00ebs. Kjo formul\u00eb gjithashtu ka p\u00ebrfitime <strong data-start=\"1707\" data-end=\"1720\">anti-pore<\/strong>, duke ndihmuar q\u00eb poret e yndyrshme t\u00eb duken m\u00eb t\u00eb reduktuara dhe ato t\u00eb lodhura t\u00eb fitojn\u00eb volum mbrapsht.<\/p>\n<p data-start=\"1868\" data-end=\"2202\">Produkt i testuar dermatologjikisht, <strong data-start=\"1905\" data-end=\"1924\">non-comedogenic<\/strong> (nuk bllokon poret), i p\u00ebrshtatsh\u00ebm p\u00ebr <strong data-start=\"1965\" data-end=\"2004\">t\u00eb gjitha tipet dhe tonet e l\u00ebkur\u00ebs<\/strong>, si dhe ideal p\u00ebr zon\u00ebn e fytyr\u00ebs dhe qaf\u00ebs. Paketimi \u00ebsht\u00eb <strong data-start=\"2065\" data-end=\"2108\">qelqi i ricikluesh\u00ebm dhe i rip\u00ebrdorsh\u00ebm<\/strong>, duke reflektuar angazhimin e mark\u00ebs p\u00ebr q\u00ebndrueshm\u00ebri.<\/p>\n<p data-start=\"2204\" data-end=\"2228\"><strong data-start=\"2204\" data-end=\"2228\">P\u00ebrfitimet kryesore:<\/strong><\/p>\n<ul data-start=\"2229\" data-end=\"2750\">\n<li data-start=\"2229\" data-end=\"2297\">\n<p data-start=\"2231\" data-end=\"2297\">Teknologji CollaNight-8\u2122 p\u00ebr stimulim t\u00eb prodhimit t\u00eb kolagjenit<\/p>\n<\/li>\n<li data-start=\"2298\" data-end=\"2354\">\n<p data-start=\"2300\" data-end=\"2354\">Hidratim intensiv dhe ritentim ujore deri n\u00eb m\u00ebngjes<\/p>\n<\/li>\n<li data-start=\"2355\" data-end=\"2411\">\n<p data-start=\"2357\" data-end=\"2411\">L\u00ebkur\u00eb m\u00eb elastike, e fort\u00eb dhe me m\u00eb shum\u00eb shk\u00eblqim<\/p>\n<\/li>\n<li data-start=\"2412\" data-end=\"2457\">\n<p data-start=\"2414\" data-end=\"2457\">Tekstur\u00eb bouncy q\u00eb shkrin leht\u00eb n\u00eb l\u00ebkur\u00eb<\/p>\n<\/li>\n<li data-start=\"2458\" data-end=\"2537\">\n<p data-start=\"2460\" data-end=\"2537\">Ndihmon n\u00eb reduktimin e rrudhave, linjave t\u00eb mosh\u00ebs dhe shenjave t\u00eb lodhjes<\/p>\n<\/li>\n<li data-start=\"2538\" data-end=\"2608\">\n<p data-start=\"2540\" data-end=\"2608\">P\u00ebrshtatet p\u00ebr t\u00eb gjitha tipet e l\u00ebkur\u00ebs, p\u00ebrfshi edhe t\u00eb ndjeshme<\/p>\n<\/li>\n<li data-start=\"2609\" data-end=\"2668\">\n<p data-start=\"2611\" data-end=\"2668\">Formula e testuar dermatologjikisht dhe non-comedogenic<\/p>\n<\/li>\n<li data-start=\"2669\" data-end=\"2750\">\n<p data-start=\"2671\" data-end=\"2750\">Paketim i ricikluesh\u00ebm dhe i rip\u00ebrdorsh\u00ebm<\/p>\n<\/li>\n<\/ul>","protected":false},"excerpt":{"rendered":"<p data-start=\"2812\" data-end=\"3136\"><strong data-start=\"2812\" data-end=\"3098\">Krem nat\u00ebs me teknologji CollaNight-8\u2122 q\u00eb hidraton intensivisht, p\u00ebrforcon kolagjenin dhe i jep l\u00ebkur\u00ebs nj\u00eb pamje m\u00eb t\u00eb fort\u00eb, elastike dhe t\u00eb rinovuar. Tekstur\u00eb bouncy e leht\u00eb q\u00eb shkrin n\u00eb l\u00ebkur\u00eb \u2013 p\u00ebr fytyr\u00eb q\u00eb duket m\u00eb e hidratuar, m\u00eb e l\u00ebmuar dhe me shk\u00eblqim natyral n\u00eb m\u00ebngjes.<\/strong><\/p>","protected":false},"featured_media":9699,"comment_status":"open","ping_status":"closed","template":"","meta":[],"product_brand":[98],"product_cat":[103,179,105],"product_tag":[],"class_list":{"0":"post-9698","1":"product","2":"type-product","3":"status-publish","4":"has-post-thumbnail","6":"product_brand-estee-lauder","7":"product_cat-best-seller","8":"product_cat-new-colletion","9":"product_cat-skincare","12":"instock","13":"shipping-taxable","14":"purchasable","15":"product-type-simple"},"_links":{"self":[{"href":"https:\/\/perleibeauty.com\/sq\/wp-json\/wp\/v2\/product\/9698","targetHints":{"allow":["GET"]}}],"collection":[{"href":"https:\/\/perleibeauty.com\/sq\/wp-json\/wp\/v2\/product"}],"about":[{"href":"https:\/\/perleibeauty.com\/sq\/wp-json\/wp\/v2\/types\/product"}],"replies":[{"embeddable":true,"href":"https:\/\/perleibeauty.com\/sq\/wp-json\/wp\/v2\/comments?post=9698"}],"version-history":[{"count":1,"href":"https:\/\/perleibeauty.com\/sq\/wp-json\/wp\/v2\/product\/9698\/revisions"}],"predecessor-version":[{"id":10079,"href":"https:\/\/perleibeauty.com\/sq\/wp-json\/wp\/v2\/product\/9698\/revisions\/10079"}],"wp:featuredmedia":[{"embeddable":true,"href":"https:\/\/perleibeauty.com\/sq\/wp-json\/wp\/v2\/media\/9699"}],"wp:attachment":[{"href":"https:\/\/perleibeauty.com\/sq\/wp-json\/wp\/v2\/media?parent=9698"}],"wp:term":[{"taxonomy":"product_brand","embeddable":true,"href":"https:\/\/perleibeauty.com\/sq\/wp-json\/wp\/v2\/product_brand?post=9698"},{"taxonomy":"product_cat","embeddable":true,"href":"https:\/\/perleibeauty.com\/sq\/wp-json\/wp\/v2\/product_cat?post=9698"},{"taxonomy":"product_tag","embeddable":true,"href":"https:\/\/perleibeauty.com\/sq\/wp-json\/wp\/v2\/product_tag?post=9698"}],"curies":[{"name":"wp","href":"https:\/\/api.w.org\/{rel}","templated":true}]}}