{"id":9684,"date":"2026-02-05T09:52:36","date_gmt":"2026-02-05T09:52:36","guid":{"rendered":"https:\/\/perleibeauty.com\/?post_type=product&#038;p=9684"},"modified":"2026-04-02T10:16:56","modified_gmt":"2026-04-02T10:16:56","slug":"victorias-secret-body-mist-aqua-kiss","status":"publish","type":"product","link":"https:\/\/perleibeauty.com\/sq\/produkt\/victorias-secret-body-mist-aqua-kiss\/","title":{"rendered":"Victoria\u2019s Secret Body Mist \u2013 Aqua Kiss"},"content":{"rendered":"<p data-start=\"204\" data-end=\"529\"><strong data-start=\"204\" data-end=\"247\">Victoria\u2019s Secret Body Mist \u2013 Aqua Kiss<\/strong> \u00ebsht\u00eb nj\u00eb arom\u00eb <strong data-start=\"264\" data-end=\"299\">e ndritshme dhe ultra-freskuese<\/strong>, q\u00eb sjell ndjesin\u00eb e past\u00ebrtis\u00eb dhe freskis\u00eb s\u00eb ujit n\u00eb \u00e7do sp\u00ebrkatje. Ky body mist i leht\u00eb dhe energjik ofron nj\u00eb <strong data-start=\"415\" data-end=\"447\">shp\u00ebrthim aquatik refreskues<\/strong>, ideal p\u00ebr dit\u00ebt e ngrohta ose p\u00ebr k\u00ebdo q\u00eb preferon aroma t\u00eb pastra dhe t\u00eb lehta.<\/p>\n<p data-start=\"531\" data-end=\"1118\">I p\u00ebrket familjes s\u00eb aromave <strong data-start=\"560\" data-end=\"569\">Fresh<\/strong>, duke kombinuar nota frutore dhe florale me baza musky dhe minerale p\u00ebr nj\u00eb p\u00ebrfundim modern dhe t\u00eb rafinuar. Aroma hapet me nota t\u00eb gjalla t\u00eb <strong data-start=\"713\" data-end=\"732\">Pink Grapefruit<\/strong> dhe <strong data-start=\"737\" data-end=\"760\">Rain-Kissed Freesia<\/strong>, q\u00eb japin nj\u00eb ndjesi t\u00eb menj\u00ebhershme freskie dhe gjall\u00ebrie. N\u00eb zem\u00ebr zbulohet but\u00ebsia delikate e <strong data-start=\"858\" data-end=\"872\">Water Lily<\/strong> e kombinuar me \u00ebmb\u00eblsin\u00eb e leht\u00eb t\u00eb <strong data-start=\"909\" data-end=\"923\">Pear Drops<\/strong>, duke krijuar nj\u00eb arom\u00eb t\u00eb past\u00ebr dhe fem\u00ebrore. Baza p\u00ebrfundon me <strong data-start=\"990\" data-end=\"1005\">White Amber<\/strong> dhe <strong data-start=\"1010\" data-end=\"1026\">Mineral Musk<\/strong>, q\u00eb i japin arom\u00ebs q\u00ebndrueshm\u00ebri dhe nj\u00eb prekje elegante, t\u00eb but\u00eb dhe t\u00eb fresk\u00ebt n\u00eb l\u00ebkur\u00eb.<\/p>\n<p data-start=\"1120\" data-end=\"1345\">Formula e saj e leht\u00eb \u00ebsht\u00eb perfekte p\u00ebr p\u00ebrdorim t\u00eb p\u00ebrditsh\u00ebm, pas dushit ose p\u00ebr rifreskim gjat\u00eb dit\u00ebs. Shishja praktike prej <strong data-start=\"1249\" data-end=\"1271\">250 ml (8.4 fl oz)<\/strong> ofron p\u00ebrdorim afatgjat\u00eb dhe \u00ebsht\u00eb ideale p\u00ebr ta pasur gjithmon\u00eb me vete.<\/p>\n<p data-start=\"1347\" data-end=\"1370\"><strong data-start=\"1347\" data-end=\"1370\">About This Product:<\/strong><\/p>\n<ul data-start=\"1371\" data-end=\"1482\">\n<li data-start=\"1371\" data-end=\"1389\">\n<p data-start=\"1373\" data-end=\"1389\">Bright &amp; fresh<\/p>\n<\/li>\n<li data-start=\"1390\" data-end=\"1420\">\n<p data-start=\"1392\" data-end=\"1420\">A refreshing aquatic burst<\/p>\n<\/li>\n<li data-start=\"1421\" data-end=\"1446\">\n<p data-start=\"1423\" data-end=\"1446\">Fragrance type: Fresh<\/p>\n<\/li>\n<li data-start=\"1447\" data-end=\"1469\">\n<p data-start=\"1449\" data-end=\"1469\">250 ml \/ 8.4 fl oz<\/p>\n<\/li>\n<li data-start=\"1470\" data-end=\"1482\">\n<p data-start=\"1472\" data-end=\"1482\">Domestic<\/p>\n<\/li>\n<\/ul>","protected":false},"excerpt":{"rendered":"<p>\ud83d\udca7 <strong data-start=\"1536\" data-end=\"1702\">Body mist i fresk\u00ebt dhe aquatik me nota grapefruit, zambaku uji dhe amber t\u00eb bardh\u00eb. Aqua Kiss jep ndjesin\u00eb e past\u00ebrtis\u00eb dhe freskis\u00eb absolute gjat\u00eb gjith\u00eb dit\u00ebs.<\/strong><\/p>","protected":false},"featured_media":9691,"comment_status":"open","ping_status":"closed","template":"","meta":[],"product_brand":[138],"product_cat":[179,104],"product_tag":[],"class_list":{"0":"post-9684","1":"product","2":"type-product","3":"status-publish","4":"has-post-thumbnail","6":"product_brand-victoria-secrets","7":"product_cat-new-colletion","8":"product_cat-perfume","11":"instock","12":"shipping-taxable","13":"purchasable","14":"product-type-simple"},"_links":{"self":[{"href":"https:\/\/perleibeauty.com\/sq\/wp-json\/wp\/v2\/product\/9684","targetHints":{"allow":["GET"]}}],"collection":[{"href":"https:\/\/perleibeauty.com\/sq\/wp-json\/wp\/v2\/product"}],"about":[{"href":"https:\/\/perleibeauty.com\/sq\/wp-json\/wp\/v2\/types\/product"}],"replies":[{"embeddable":true,"href":"https:\/\/perleibeauty.com\/sq\/wp-json\/wp\/v2\/comments?post=9684"}],"version-history":[{"count":1,"href":"https:\/\/perleibeauty.com\/sq\/wp-json\/wp\/v2\/product\/9684\/revisions"}],"predecessor-version":[{"id":10355,"href":"https:\/\/perleibeauty.com\/sq\/wp-json\/wp\/v2\/product\/9684\/revisions\/10355"}],"wp:featuredmedia":[{"embeddable":true,"href":"https:\/\/perleibeauty.com\/sq\/wp-json\/wp\/v2\/media\/9691"}],"wp:attachment":[{"href":"https:\/\/perleibeauty.com\/sq\/wp-json\/wp\/v2\/media?parent=9684"}],"wp:term":[{"taxonomy":"product_brand","embeddable":true,"href":"https:\/\/perleibeauty.com\/sq\/wp-json\/wp\/v2\/product_brand?post=9684"},{"taxonomy":"product_cat","embeddable":true,"href":"https:\/\/perleibeauty.com\/sq\/wp-json\/wp\/v2\/product_cat?post=9684"},{"taxonomy":"product_tag","embeddable":true,"href":"https:\/\/perleibeauty.com\/sq\/wp-json\/wp\/v2\/product_tag?post=9684"}],"curies":[{"name":"wp","href":"https:\/\/api.w.org\/{rel}","templated":true}]}}