{"id":9598,"date":"2026-02-05T09:07:04","date_gmt":"2026-02-05T09:07:04","guid":{"rendered":"https:\/\/perleibeauty.com\/?post_type=product&#038;p=9598"},"modified":"2026-04-01T11:21:33","modified_gmt":"2026-04-01T11:21:33","slug":"este-lauder-double-wear-stay-in-place-24-hour-concealer","status":"publish","type":"product","link":"https:\/\/perleibeauty.com\/sq\/produkt\/este-lauder-double-wear-stay-in-place-24-hour-concealer\/","title":{"rendered":"Est\u00e9e Lauder Double Wear Stay-in-Place 24-Hour Longwear Concealer"},"content":{"rendered":"<div class=\"flex flex-col text-sm pb-25\">\n<article class=\"text-token-text-primary w-full focus:outline-none [--shadow-height:45px] has-data-writing-block:pointer-events-none has-data-writing-block:-mt-(--shadow-height) has-data-writing-block:pt-(--shadow-height) [&amp;:has([data-writing-block])&gt;*]:pointer-events-auto scroll-mt-[calc(var(--header-height)+min(200px,max(70px,20svh)))]\" dir=\"auto\" tabindex=\"-1\" data-turn-id=\"c91f53cb-4f79-4e02-ad56-8b8bd73b1752\" data-testid=\"conversation-turn-2\" data-scroll-anchor=\"false\" data-turn=\"assistant\">\n<div class=\"text-base my-auto mx-auto [--thread-content-margin:--spacing(4)] @w-sm\/main:[--thread-content-margin:--spacing(6)] @w-lg\/main:[--thread-content-margin:--spacing(16)] px-(--thread-content-margin)\">\n<div class=\"[--thread-content-max-width:40rem] @w-lg\/main:[--thread-content-max-width:48rem] mx-auto max-w-(--thread-content-max-width) flex-1 group\/turn-messages focus-visible:outline-hidden relative flex w-full min-w-0 flex-col agent-turn\" tabindex=\"-1\">\n<div class=\"flex max-w-full flex-col grow\">\n<div class=\"min-h-8 text-message relative flex w-full flex-col items-end gap-2 text-start break-words whitespace-normal [.text-message+&amp;]:mt-1\" dir=\"auto\" data-message-author-role=\"assistant\" data-message-id=\"10875762-8a6b-4ad1-a68e-e3262c0d850b\" data-message-model-slug=\"gpt-5-2\">\n<div class=\"flex w-full flex-col gap-1 empty:hidden first:pt-[1px]\">\n<div class=\"markdown prose dark:prose-invert w-full wrap-break-word light markdown-new-styling\">\n<p data-start=\"242\" data-end=\"611\"><strong data-start=\"242\" data-end=\"311\">Est\u00e9e Lauder Double Wear Stay-in-Place 24-Hour Longwear Concealer<\/strong> \u00ebsht\u00eb korrektori ideal p\u00ebr nj\u00eb pamje perfekte gjat\u00eb gjith\u00eb dit\u00ebs, pa kompromis. I formuluar p\u00ebr t\u00eb ofruar <strong data-start=\"418\" data-end=\"453\">mbulim mesatar deri n\u00eb t\u00eb plot\u00eb<\/strong>, ky concealer fsheh n\u00eb m\u00ebnyr\u00eb efektive <strong data-start=\"493\" data-end=\"549\">rrath\u00ebt e err\u00ebt, njollat, skuqjet dhe pap\u00ebrsosm\u00ebrit\u00eb<\/strong>, duke i dh\u00ebn\u00eb l\u00ebkur\u00ebs nj\u00eb pamje t\u00eb nj\u00ebtrajtshme dhe natyrale.<\/p>\n<p data-start=\"613\" data-end=\"937\">Formula e tij <strong data-start=\"627\" data-end=\"656\">rezistente deri n\u00eb 24 or\u00eb<\/strong> q\u00ebndron e paprekur pa u shkrir\u00eb, pa u grumbulluar n\u00eb vijat e im\u00ebta dhe pa u zbehur. Tekstura e leht\u00eb dhe kremoze p\u00ebrhapet leht\u00ebsisht dhe p\u00ebrshtatet n\u00eb m\u00ebnyr\u00eb perfekte me l\u00ebkur\u00ebn, duke siguruar nj\u00eb <strong data-start=\"854\" data-end=\"876\">finish mat natyral<\/strong>, ideal si p\u00ebr zon\u00ebn delikate t\u00eb syve ashtu edhe p\u00ebr fytyr\u00ebn.<\/p>\n<p data-start=\"939\" data-end=\"1197\">Ky concealer \u00ebsht\u00eb <strong data-start=\"958\" data-end=\"1014\">rezistent ndaj lag\u00ebshtir\u00ebs, djers\u00ebs dhe transferimit<\/strong>, duke e b\u00ebr\u00eb zgjedhjen perfekte p\u00ebr dit\u00eb t\u00eb gjata, ambiente t\u00eb nxehta apo p\u00ebrdorim profesional. Fal\u00eb aplikatorit preciz, lejon aplikim t\u00eb sakt\u00eb dhe nd\u00ebrtim t\u00eb mbulimit sipas nevoj\u00ebs.<\/p>\n<p data-start=\"1199\" data-end=\"1421\">I p\u00ebrshtatsh\u00ebm p\u00ebr <strong data-start=\"1218\" data-end=\"1247\">t\u00eb gjitha tipet e l\u00ebkur\u00ebs<\/strong>, p\u00ebrfshir\u00eb l\u00ebkur\u00ebn e yndyrshme dhe t\u00eb ndjeshme, <strong data-start=\"1296\" data-end=\"1334\">Est\u00e9e Lauder Double Wear Concealer<\/strong> ofron nj\u00eb pamje t\u00eb fresk\u00ebt, t\u00eb past\u00ebr dhe t\u00eb q\u00ebndrueshme nga m\u00ebngjesi deri n\u00eb mbr\u00ebmje.<\/p>\n<p data-start=\"1423\" data-end=\"1447\"><strong data-start=\"1423\" data-end=\"1447\">P\u00ebrfitimet kryesore:<\/strong><\/p>\n<ul data-start=\"1448\" data-end=\"1737\">\n<li data-start=\"1448\" data-end=\"1480\">\n<p data-start=\"1450\" data-end=\"1480\">Q\u00ebndrueshm\u00ebri deri n\u00eb 24 or\u00eb<\/p>\n<\/li>\n<li data-start=\"1481\" data-end=\"1523\">\n<p data-start=\"1483\" data-end=\"1523\">Mbulim mesatar\u2013t\u00eb plot\u00eb, i nd\u00ebrtuesh\u00ebm<\/p>\n<\/li>\n<li data-start=\"1524\" data-end=\"1546\">\n<p data-start=\"1526\" data-end=\"1546\">Finish mat natyral<\/p>\n<\/li>\n<li data-start=\"1547\" data-end=\"1589\">\n<p data-start=\"1549\" data-end=\"1589\">Nuk grumbullohet dhe nuk thekson vijat<\/p>\n<\/li>\n<li data-start=\"1590\" data-end=\"1646\">\n<p data-start=\"1592\" data-end=\"1646\">Rezistent ndaj djers\u00ebs, lag\u00ebshtir\u00ebs dhe transferimit<\/p>\n<\/li>\n<li data-start=\"1647\" data-end=\"1689\">\n<p data-start=\"1649\" data-end=\"1689\">Aplikator preciz p\u00ebr p\u00ebrdorim t\u00eb leht\u00eb<\/p>\n<\/li>\n<li data-start=\"1690\" data-end=\"1737\">\n<p data-start=\"1692\" data-end=\"1737\">I p\u00ebrshtatsh\u00ebm p\u00ebr zon\u00ebn e syve dhe fytyr\u00ebn<\/p>\n<\/li>\n<\/ul>\n<hr data-start=\"1739\" data-end=\"1742\" \/>\n<h2 data-start=\"1744\" data-end=\"1789\">\u2728 SHORT DESCRIPTION (P\u00ebrshkrim i shkurt\u00ebr)<\/h2>\n<p data-start=\"1791\" data-end=\"1978\">Concealer profesional me <strong data-start=\"1816\" data-end=\"1860\">mbulim t\u00eb lart\u00eb dhe q\u00ebndrueshm\u00ebri 24 or\u00eb<\/strong>, q\u00eb fsheh pap\u00ebrsosm\u00ebrit\u00eb dhe rrath\u00ebt e err\u00ebt me finish mat natyral. Ideal p\u00ebr p\u00ebrdorim gjat\u00eb gjith\u00eb dit\u00ebs pa l\u00ebvizur.<\/p>\n<hr data-start=\"1980\" data-end=\"1983\" \/>\n<p data-start=\"1985\" data-end=\"2022\">N\u00ebse d\u00ebshiron, mund ta p\u00ebrshtas edhe:<\/p>\n<ul data-start=\"2023\" data-end=\"2155\" data-is-last-node=\"\" data-is-only-node=\"\">\n<li data-start=\"2023\" data-end=\"2054\">\n<p data-start=\"2025\" data-end=\"2054\">p\u00ebr <strong data-start=\"2029\" data-end=\"2052\">SEO (me fjal\u00eb ky\u00e7e)<\/strong><\/p>\n<\/li>\n<li data-start=\"2055\" data-end=\"2099\">\n<p data-start=\"2057\" data-end=\"2099\">p\u00ebr stil <strong data-start=\"2066\" data-end=\"2097\">m\u00eb luksoz ose m\u00eb minimalist<\/strong><\/p>\n<\/li>\n<li data-start=\"2100\" data-end=\"2155\" data-is-last-node=\"\">\n<p data-start=\"2102\" data-end=\"2155\" data-is-last-node=\"\">ose ta shkurtoj akoma m\u00eb shum\u00eb p\u00ebr <strong data-start=\"2137\" data-end=\"2152\">mobile view<\/strong> \ud83d\udc84<\/p>\n<\/li>\n<\/ul>\n<\/div>\n<\/div>\n<\/div>\n<\/div>\n<div class=\"z-0 flex min-h-[46px] justify-start\"><\/div>\n<\/div>\n<\/div>\n<\/article>\n<article class=\"text-token-text-primary w-full focus:outline-none [--shadow-height:45px] has-data-writing-block:pointer-events-none has-data-writing-block:-mt-(--shadow-height) has-data-writing-block:pt-(--shadow-height) [&amp;:has([data-writing-block])&gt;*]:pointer-events-auto scroll-mt-(--header-height)\" dir=\"auto\" tabindex=\"-1\" data-turn-id=\"ad7fb448-ad32-4ec1-909c-d775c7015214\" data-testid=\"conversation-turn-3\" data-scroll-anchor=\"false\" data-turn=\"user\">\n<div class=\"text-base my-auto mx-auto pt-12 [--thread-content-margin:--spacing(4)] @w-sm\/main:[--thread-content-margin:--spacing(6)] @w-lg\/main:[--thread-content-margin:--spacing(16)] px-(--thread-content-margin)\">\n<div class=\"[--thread-content-max-width:40rem] @w-lg\/main:[--thread-content-max-width:48rem] mx-auto max-w-(--thread-content-max-width) flex-1 group\/turn-messages focus-visible:outline-hidden relative flex w-full min-w-0 flex-col\" tabindex=\"-1\">\n<div class=\"flex max-w-full flex-col grow\">\n<div class=\"min-h-8 text-message relative flex w-full flex-col items-end gap-2 text-start break-words whitespace-normal [.text-message+&amp;]:mt-1\" dir=\"auto\" data-message-author-role=\"user\" data-message-id=\"ad7fb448-ad32-4ec1-909c-d775c7015214\">\n<div class=\"flex w-full flex-col gap-1 empty:hidden items-end rtl:items-start\">\n<div class=\"user-message-bubble-color corner-superellipse\/1.1 relative rounded-[18px] px-4 py-1.5 data-[multiline]:py-3 max-w-[var(--user-chat-width,70%)]\">\n<div class=\"whitespace-pre-wrap\">KTE SHORT MA BEJ ME TE BUKUR<\/div>\n<\/div>\n<\/div>\n<\/div>\n<\/div>\n<div class=\"z-0 flex justify-end\"><\/div>\n<\/div>\n<\/div>\n<\/article>\n<article class=\"text-token-text-primary w-full focus:outline-none [--shadow-height:45px] has-data-writing-block:pointer-events-none has-data-writing-block:-mt-(--shadow-height) has-data-writing-block:pt-(--shadow-height) [&amp;:has([data-writing-block])&gt;*]:pointer-events-auto scroll-mt-[calc(var(--header-height)+min(200px,max(70px,20svh)))]\" dir=\"auto\" tabindex=\"-1\" data-turn-id=\"request-WEB:f049192a-5403-4675-b06c-169a7d7880a9-1\" data-testid=\"conversation-turn-4\" data-scroll-anchor=\"true\" data-turn=\"assistant\">\n<div class=\"text-base my-auto mx-auto pb-10 [--thread-content-margin:--spacing(4)] @w-sm\/main:[--thread-content-margin:--spacing(6)] @w-lg\/main:[--thread-content-margin:--spacing(16)] px-(--thread-content-margin)\">\n<div class=\"[--thread-content-max-width:40rem] @w-lg\/main:[--thread-content-max-width:48rem] mx-auto max-w-(--thread-content-max-width) flex-1 group\/turn-messages focus-visible:outline-hidden relative flex w-full min-w-0 flex-col agent-turn\" tabindex=\"-1\">\n<div class=\"flex max-w-full flex-col grow\">\n<div class=\"min-h-8 text-message relative flex w-full flex-col items-end gap-2 text-start break-words whitespace-normal [.text-message+&amp;]:mt-1\" dir=\"auto\" data-message-author-role=\"assistant\" data-message-id=\"faf63a61-01c6-4d14-af01-7d8095e92780\" data-message-model-slug=\"gpt-5-2\">\n<div class=\"flex w-full flex-col gap-1 empty:hidden first:pt-[1px]\">\n<div class=\"markdown prose dark:prose-invert w-full wrap-break-word light markdown-new-styling\">\n<p data-start=\"0\" data-end=\"94\">Me k\u00ebnaq\u00ebsi \ud83d\udc95 Ja nj\u00eb version <strong data-start=\"30\" data-end=\"70\">m\u00eb elegant, m\u00eb i but\u00eb dhe m\u00eb premium<\/strong> i short description-it:<\/p>\n<p data-start=\"96\" data-end=\"314\">\u2728 <strong data-start=\"98\" data-end=\"314\">Concealer me performanc\u00eb t\u00eb lart\u00eb q\u00eb ofron mbulim perfekt dhe q\u00ebndrueshm\u00ebri deri n\u00eb 24 or\u00eb. Fsheh rrath\u00ebt e err\u00ebt dhe pap\u00ebrsosm\u00ebrit\u00eb, duke l\u00ebn\u00eb l\u00ebkur\u00ebn t\u00eb nj\u00ebtrajtshme, t\u00eb fresk\u00ebt dhe natyrale gjat\u00eb gjith\u00eb dit\u00ebs.<\/strong><\/p>\n<p data-start=\"316\" data-end=\"424\" data-is-last-node=\"\" data-is-only-node=\"\">N\u00ebse e do edhe <strong data-start=\"331\" data-end=\"349\">m\u00eb t\u00eb shkurt\u00ebr<\/strong>, <strong data-start=\"351\" data-end=\"364\">m\u00eb luksoz<\/strong> apo <strong data-start=\"369\" data-end=\"382\">m\u00eb shit\u00ebs<\/strong>, ma thuaj dhe ta rregulloj n\u00eb sekond\u00eb \ud83d\udc84\u2728<\/p>\n<\/div>\n<\/div>\n<\/div>\n<\/div>\n<div class=\"z-0 flex min-h-[46px] justify-start\"><\/div>\n<div class=\"mt-3 w-full empty:hidden\">\n<div class=\"text-center\"><\/div>\n<\/div>\n<\/div>\n<\/div>\n<\/article>\n<\/div>\n<div class=\"pointer-events-none h-px w-px absolute bottom-0\" aria-hidden=\"true\" data-edge=\"true\"><\/div>\n","protected":false},"excerpt":{"rendered":"<p>Concealer me performanc\u00eb t\u00eb lart\u00eb q\u00eb ofron mbulim perfekt dhe q\u00ebndrueshm\u00ebri deri n\u00eb 24 or\u00eb. Fsheh rrath\u00ebt e err\u00ebt dhe pap\u00ebrsosm\u00ebrit\u00eb, duke l\u00ebn\u00eb l\u00ebkur\u00ebn t\u00eb nj\u00ebtrajtshme, t\u00eb fresk\u00ebt dhe natyrale gjat\u00eb gjith\u00eb dit\u00ebs.<\/p>","protected":false},"featured_media":9599,"comment_status":"open","ping_status":"closed","template":"","meta":[],"product_brand":[98],"product_cat":[103,129,96,179],"product_tag":[],"class_list":{"0":"post-9598","1":"product","2":"type-product","3":"status-publish","4":"has-post-thumbnail","6":"product_brand-estee-lauder","7":"product_cat-best-seller","8":"product_cat-concealer","9":"product_cat-makeup","10":"product_cat-new-colletion","13":"instock","14":"shipping-taxable","15":"purchasable","16":"product-type-variable"},"_links":{"self":[{"href":"https:\/\/perleibeauty.com\/sq\/wp-json\/wp\/v2\/product\/9598","targetHints":{"allow":["GET"]}}],"collection":[{"href":"https:\/\/perleibeauty.com\/sq\/wp-json\/wp\/v2\/product"}],"about":[{"href":"https:\/\/perleibeauty.com\/sq\/wp-json\/wp\/v2\/types\/product"}],"replies":[{"embeddable":true,"href":"https:\/\/perleibeauty.com\/sq\/wp-json\/wp\/v2\/comments?post=9598"}],"version-history":[{"count":1,"href":"https:\/\/perleibeauty.com\/sq\/wp-json\/wp\/v2\/product\/9598\/revisions"}],"predecessor-version":[{"id":9873,"href":"https:\/\/perleibeauty.com\/sq\/wp-json\/wp\/v2\/product\/9598\/revisions\/9873"}],"wp:featuredmedia":[{"embeddable":true,"href":"https:\/\/perleibeauty.com\/sq\/wp-json\/wp\/v2\/media\/9599"}],"wp:attachment":[{"href":"https:\/\/perleibeauty.com\/sq\/wp-json\/wp\/v2\/media?parent=9598"}],"wp:term":[{"taxonomy":"product_brand","embeddable":true,"href":"https:\/\/perleibeauty.com\/sq\/wp-json\/wp\/v2\/product_brand?post=9598"},{"taxonomy":"product_cat","embeddable":true,"href":"https:\/\/perleibeauty.com\/sq\/wp-json\/wp\/v2\/product_cat?post=9598"},{"taxonomy":"product_tag","embeddable":true,"href":"https:\/\/perleibeauty.com\/sq\/wp-json\/wp\/v2\/product_tag?post=9598"}],"curies":[{"name":"wp","href":"https:\/\/api.w.org\/{rel}","templated":true}]}}