{"id":9062,"date":"2026-01-31T14:14:34","date_gmt":"2026-01-31T14:14:34","guid":{"rendered":"https:\/\/perleibeauty.com\/?post_type=product&#038;p=9062"},"modified":"2026-04-01T11:38:48","modified_gmt":"2026-04-01T11:38:48","slug":"fenty-beauty-gloss-bomb-universal-lip-luminizer","status":"publish","type":"product","link":"https:\/\/perleibeauty.com\/sq\/produkt\/fenty-beauty-gloss-bomb-universal-lip-luminizer\/","title":{"rendered":"FENTY BEAUTY Gloss Bomb Universal Lip Luminizer"},"content":{"rendered":"<p data-start=\"186\" data-end=\"468\"><strong data-start=\"186\" data-end=\"237\">Fenty Beauty Gloss Bomb Universal Lip Luminizer<\/strong> \u00ebsht\u00eb nj\u00eb <strong data-start=\"248\" data-end=\"330\">gloss i njohur p\u00ebr shk\u00eblqimin e tij universal dhe efektin volumizues t\u00eb buz\u00ebve<\/strong>. Formula e pasur dhe e but\u00eb rr\u00ebshqet leht\u00eb mbi buz\u00eb, duke i dh\u00ebn\u00eb nj\u00eb pamje t\u00eb l\u00ebmuar, t\u00eb hidratuar dhe t\u00eb mbushur me shk\u00eblqim natyral.<\/p>\n<p data-start=\"470\" data-end=\"811\">Ky gloss \u00ebsht\u00eb i p\u00ebrshtatsh\u00ebm p\u00ebr <strong data-start=\"504\" data-end=\"533\">t\u00eb gjitha tonet e l\u00ebkur\u00ebs<\/strong>, duke ofruar nj\u00eb shk\u00eblqim t\u00eb ndritsh\u00ebm q\u00eb p\u00ebrforcon bukurin\u00eb natyrale t\u00eb buz\u00ebve pa i r\u00ebnduar. <strong data-start=\"628\" data-end=\"650\">P\u00ebrb\u00ebr\u00ebsit ushqyes<\/strong> ndihmojn\u00eb n\u00eb mbajtjen e buz\u00ebve t\u00eb buta dhe t\u00eb hidratuara gjat\u00eb gjith\u00eb dit\u00ebs. Mund t\u00eb p\u00ebrdoret <strong data-start=\"745\" data-end=\"769\">solo ose mbi buz\u00ebkuq<\/strong> p\u00ebr nj\u00eb pamje m\u00eb dramatike dhe t\u00ebrheq\u00ebse.<\/p>\n<p data-start=\"813\" data-end=\"836\">\u2728 <strong data-start=\"815\" data-end=\"834\">Pikat kryesore:<\/strong><\/p>\n<ul data-start=\"837\" data-end=\"1036\">\n<li data-start=\"837\" data-end=\"903\">\n<p data-start=\"839\" data-end=\"903\">Shk\u00eblqim universal q\u00eb i p\u00ebrshtatet t\u00eb gjitha toneve t\u00eb l\u00ebkur\u00ebs<\/p>\n<\/li>\n<li data-start=\"904\" data-end=\"936\">\n<p data-start=\"906\" data-end=\"936\">Tekstur\u00eb e but\u00eb, jo-ngjit\u00ebse<\/p>\n<\/li>\n<li data-start=\"937\" data-end=\"971\">\n<p data-start=\"939\" data-end=\"971\">Efekt volumizues dhe hidratues<\/p>\n<\/li>\n<li data-start=\"972\" data-end=\"1036\">\n<p data-start=\"974\" data-end=\"1036\">I p\u00ebrshtatsh\u00ebm p\u00ebr p\u00ebrdorim t\u00eb p\u00ebrditsh\u00ebm ose raste speciale<\/p>\n<\/li>\n<\/ul>","protected":false},"excerpt":{"rendered":"<p><strong data-start=\"1131\" data-end=\"1169\">Gloss Bomb Universal Lip Luminizer<\/strong> ofron <strong data-start=\"1176\" data-end=\"1212\">shk\u00eblqim t\u00eb bukur dhe volumizues<\/strong>, duke i l\u00ebn\u00eb buz\u00ebt t\u00eb hidratuara, t\u00eb buta dhe me pamje m\u00eb t\u00eb plota. I p\u00ebrshtatsh\u00ebm p\u00ebr t\u00eb gjitha tonet e l\u00ebkur\u00ebs dhe p\u00ebr p\u00ebrdorim solo ose mbi buz\u00ebkuq<\/p>","protected":false},"featured_media":9653,"comment_status":"open","ping_status":"closed","template":"","meta":[],"product_brand":[137],"product_cat":[157,179],"product_tag":[],"class_list":{"0":"post-9062","1":"product","2":"type-product","3":"status-publish","4":"has-post-thumbnail","6":"product_brand-fenty","7":"product_cat-lipstick","8":"product_cat-new-colletion","11":"instock","12":"shipping-taxable","13":"purchasable","14":"product-type-variable"},"_links":{"self":[{"href":"https:\/\/perleibeauty.com\/sq\/wp-json\/wp\/v2\/product\/9062","targetHints":{"allow":["GET"]}}],"collection":[{"href":"https:\/\/perleibeauty.com\/sq\/wp-json\/wp\/v2\/product"}],"about":[{"href":"https:\/\/perleibeauty.com\/sq\/wp-json\/wp\/v2\/types\/product"}],"replies":[{"embeddable":true,"href":"https:\/\/perleibeauty.com\/sq\/wp-json\/wp\/v2\/comments?post=9062"}],"version-history":[{"count":1,"href":"https:\/\/perleibeauty.com\/sq\/wp-json\/wp\/v2\/product\/9062\/revisions"}],"predecessor-version":[{"id":9871,"href":"https:\/\/perleibeauty.com\/sq\/wp-json\/wp\/v2\/product\/9062\/revisions\/9871"}],"wp:featuredmedia":[{"embeddable":true,"href":"https:\/\/perleibeauty.com\/sq\/wp-json\/wp\/v2\/media\/9653"}],"wp:attachment":[{"href":"https:\/\/perleibeauty.com\/sq\/wp-json\/wp\/v2\/media?parent=9062"}],"wp:term":[{"taxonomy":"product_brand","embeddable":true,"href":"https:\/\/perleibeauty.com\/sq\/wp-json\/wp\/v2\/product_brand?post=9062"},{"taxonomy":"product_cat","embeddable":true,"href":"https:\/\/perleibeauty.com\/sq\/wp-json\/wp\/v2\/product_cat?post=9062"},{"taxonomy":"product_tag","embeddable":true,"href":"https:\/\/perleibeauty.com\/sq\/wp-json\/wp\/v2\/product_tag?post=9062"}],"curies":[{"name":"wp","href":"https:\/\/api.w.org\/{rel}","templated":true}]}}