{"id":9044,"date":"2026-01-31T14:07:03","date_gmt":"2026-01-31T14:07:03","guid":{"rendered":"https:\/\/perleibeauty.com\/?post_type=product&#038;p=9044"},"modified":"2026-04-01T11:39:22","modified_gmt":"2026-04-01T11:39:22","slug":"fenty-beauty-gloss-bomb-cream-color-drip-lip-cream","status":"publish","type":"product","link":"https:\/\/perleibeauty.com\/sq\/produkt\/fenty-beauty-gloss-bomb-cream-color-drip-lip-cream\/","title":{"rendered":"FENTY BEAUTY Gloss Bomb Cream Color Drip Lip Cream"},"content":{"rendered":"<p data-start=\"252\" data-end=\"605\"><strong data-start=\"252\" data-end=\"306\">Fenty Beauty Gloss Bomb Cream Color Drip Lip Cream<\/strong> \u00ebsht\u00eb nj\u00eb <strong data-start=\"317\" data-end=\"413\">lip cream luksoz q\u00eb kombinon ngjyr\u00eb t\u00eb pasur, shk\u00eblqim kremoze dhe rehati t\u00eb plot\u00eb p\u00ebr buz\u00ebt<\/strong>. Formula e saj kremoze rr\u00ebshqet leht\u00eb mbi buz\u00eb, duke siguruar nj\u00eb <strong data-start=\"480\" data-end=\"519\">mbulim t\u00eb nj\u00ebtrajtsh\u00ebm dhe intensiv<\/strong>, pa ndjesi ngjit\u00ebse, dhe l\u00ebviz n\u00eb m\u00ebnyr\u00eb t\u00eb qet\u00eb p\u00ebr nj\u00eb pamje t\u00eb l\u00ebmuar dhe t\u00eb but\u00eb.<\/p>\n<p data-start=\"607\" data-end=\"1039\">Ky lip cream ofron <strong data-start=\"626\" data-end=\"656\">efekt \u201cdrip\u201d t\u00eb shk\u00eblqimit<\/strong>, duke i dh\u00ebn\u00eb buz\u00ebve nj\u00eb pamje m\u00eb t\u00eb mbushur dhe t\u00eb sh\u00ebndetshme, nd\u00ebrkoh\u00eb q\u00eb i mban t\u00eb hidratuara dhe t\u00eb ushqyera gjat\u00eb gjith\u00eb dit\u00ebs fal\u00eb p\u00ebrb\u00ebr\u00ebsve <strong data-start=\"806\" data-end=\"836\">hidratues dhe kondicionues<\/strong>. Ngjyrat e tij t\u00eb pasura p\u00ebrshtaten me \u00e7do ton l\u00ebkure dhe jan\u00eb perfekte p\u00ebr <strong data-start=\"913\" data-end=\"945\">look natyral apo t\u00eb theksuar<\/strong>, duke sjell\u00eb nj\u00eb kombinim ideal mes <strong data-start=\"982\" data-end=\"1038\">shk\u00eblqimit t\u00eb gloss-it dhe rehatis\u00eb s\u00eb nj\u00eb lip cream<\/strong>.<\/p>\n<p data-start=\"1041\" data-end=\"1228\"><strong data-start=\"1041\" data-end=\"1072\">Gloss Bomb Cream Color Drip<\/strong> \u00ebsht\u00eb i p\u00ebrshtatsh\u00ebm p\u00ebr p\u00ebrdorim t\u00eb p\u00ebrditsh\u00ebm, si dhe p\u00ebr raste speciale, duke ofruar nj\u00eb pamje <strong data-start=\"1171\" data-end=\"1211\">t\u00eb fresk\u00ebt, josh\u00ebse dhe t\u00eb ndritshme<\/strong> n\u00eb \u00e7do moment.<\/p>","protected":false},"excerpt":{"rendered":"<p><strong data-start=\"1159\" data-end=\"1200\">Gloss Bomb Cream Color Drip Lip Cream<\/strong> ofron ngjyr\u00eb kremoze dhe shk\u00eblqim t\u00eb but\u00eb, me ndjesi t\u00eb rehatshme gjat\u00eb gjith\u00eb dit\u00ebs. Formula jo-ngjit\u00ebse i l\u00eb buz\u00ebt t\u00eb l\u00ebmuara, t\u00eb hidratuara dhe vizualisht m\u00eb t\u00eb plota.<\/p>","protected":false},"featured_media":9046,"comment_status":"open","ping_status":"closed","template":"","meta":[],"product_brand":[137],"product_cat":[157,179],"product_tag":[],"class_list":{"0":"post-9044","1":"product","2":"type-product","3":"status-publish","4":"has-post-thumbnail","6":"product_brand-fenty","7":"product_cat-lipstick","8":"product_cat-new-colletion","11":"instock","12":"shipping-taxable","13":"purchasable","14":"product-type-variable"},"_links":{"self":[{"href":"https:\/\/perleibeauty.com\/sq\/wp-json\/wp\/v2\/product\/9044","targetHints":{"allow":["GET"]}}],"collection":[{"href":"https:\/\/perleibeauty.com\/sq\/wp-json\/wp\/v2\/product"}],"about":[{"href":"https:\/\/perleibeauty.com\/sq\/wp-json\/wp\/v2\/types\/product"}],"replies":[{"embeddable":true,"href":"https:\/\/perleibeauty.com\/sq\/wp-json\/wp\/v2\/comments?post=9044"}],"version-history":[{"count":1,"href":"https:\/\/perleibeauty.com\/sq\/wp-json\/wp\/v2\/product\/9044\/revisions"}],"predecessor-version":[{"id":9870,"href":"https:\/\/perleibeauty.com\/sq\/wp-json\/wp\/v2\/product\/9044\/revisions\/9870"}],"wp:featuredmedia":[{"embeddable":true,"href":"https:\/\/perleibeauty.com\/sq\/wp-json\/wp\/v2\/media\/9046"}],"wp:attachment":[{"href":"https:\/\/perleibeauty.com\/sq\/wp-json\/wp\/v2\/media?parent=9044"}],"wp:term":[{"taxonomy":"product_brand","embeddable":true,"href":"https:\/\/perleibeauty.com\/sq\/wp-json\/wp\/v2\/product_brand?post=9044"},{"taxonomy":"product_cat","embeddable":true,"href":"https:\/\/perleibeauty.com\/sq\/wp-json\/wp\/v2\/product_cat?post=9044"},{"taxonomy":"product_tag","embeddable":true,"href":"https:\/\/perleibeauty.com\/sq\/wp-json\/wp\/v2\/product_tag?post=9044"}],"curies":[{"name":"wp","href":"https:\/\/api.w.org\/{rel}","templated":true}]}}