{"id":8531,"date":"2026-01-29T13:50:13","date_gmt":"2026-01-29T13:50:13","guid":{"rendered":"https:\/\/perleibeauty.com\/?post_type=product&#038;p=8531"},"modified":"2026-03-24T12:37:46","modified_gmt":"2026-03-24T12:37:46","slug":"byphasse-home-spa-experience-toning-body-scrub-2","status":"publish","type":"product","link":"https:\/\/perleibeauty.com\/sq\/produkt\/byphasse-home-spa-experience-toning-body-scrub-2\/","title":{"rendered":"Byphasse Home Spa Experience Toning Body Scrub"},"content":{"rendered":"<h3 data-start=\"470\" data-end=\"505\"><strong data-start=\"474\" data-end=\"503\">Karakteristikat kryesore:<\/strong><\/h3>\n<p data-start=\"507\" data-end=\"698\">\u2714\ufe0f\u00a0<strong data-start=\"510\" data-end=\"531\">Eksfolim natyral:<\/strong>\u00a0Formula p\u00ebrmban\u00a0<strong data-start=\"548\" data-end=\"621\">mikrogranula natyrale nga gur\u00eb vullkanik\u00eb, dyll jojoba dhe candelilla<\/strong>, t\u00eb cilat pastrojn\u00eb but\u00ebsisht qelizat e vdekura dhe rigjall\u00ebrojn\u00eb l\u00ebkur\u00ebn.<\/p>\n<p data-start=\"700\" data-end=\"858\">\u2714\ufe0f\u00a0<strong data-start=\"703\" data-end=\"737\">Efekt tonifikues dhe pastrues:<\/strong>\u00a0P\u00ebrb\u00ebr\u00ebsit aktiv\u00eb, si\u00a0<strong data-start=\"760\" data-end=\"803\">ekstrakti i dredhk\u00ebs dhe i luleradhiqes<\/strong>, njihen p\u00ebr vetit\u00eb e tyre pastruese dhe tonifikuese.<\/p>\n<p data-start=\"860\" data-end=\"1003\">\u2714\ufe0f\u00a0<strong data-start=\"863\" data-end=\"897\">But\u00ebsi dhe ushqim p\u00ebr l\u00ebkur\u00ebn:<\/strong>\u00a0Formula e tij zbut dhe ushqen l\u00ebkur\u00ebn, duke i dh\u00ebn\u00eb nj\u00eb ndjesi t\u00eb fresk\u00ebt dhe t\u00eb l\u00ebmuar pas p\u00ebrdorimit.<\/p>\n<p data-start=\"1005\" data-end=\"1135\">\u2714\ufe0f\u00a0<strong data-start=\"1008\" data-end=\"1058\">P\u00ebrshtatshm\u00ebri p\u00ebr t\u00eb gjitha llojet e l\u00ebkur\u00ebs:<\/strong>\u00a0I dizajnuar p\u00ebr\u00a0<strong data-start=\"1075\" data-end=\"1105\">t\u00eb gjitha llojet e l\u00ebkur\u00ebs<\/strong>, p\u00ebrfshir\u00eb ato t\u00eb ndjeshme.<\/p>\n<p data-start=\"1137\" data-end=\"1317\">\u2714\ufe0f\u00a0<strong data-start=\"1140\" data-end=\"1182\">Tekstur\u00eb kremoze dhe arom\u00eb e k\u00ebndshme:<\/strong>\u00a0Skrubi ka nj\u00eb\u00a0<strong data-start=\"1197\" data-end=\"1233\">tekstur\u00eb t\u00eb pasur dhe t\u00eb kremoze<\/strong>, e cila p\u00ebrhapet leht\u00ebsisht n\u00eb l\u00ebkur\u00eb dhe l\u00eb nj\u00eb arom\u00eb t\u00eb fresk\u00ebt dhe relaksuese.<\/p>\n<h3 data-start=\"1324\" data-end=\"1344\"><strong data-start=\"1328\" data-end=\"1342\">P\u00ebrdorimi:<\/strong><\/h3>\n<p data-start=\"1346\" data-end=\"1697\">\ud83d\udd39 Aplikojeni\u00a0<strong data-start=\"1360\" data-end=\"1387\">nj\u00eb ose dy her\u00eb n\u00eb jav\u00eb<\/strong>\u00a0n\u00eb trupin e lag\u00ebsht.<br data-start=\"1408\" data-end=\"1411\" \/>\ud83d\udd39 Masazhojeni me l\u00ebvizje t\u00eb buta\u00a0<strong data-start=\"1445\" data-end=\"1457\">rrethore<\/strong>, duke i kushtuar v\u00ebmendje zonave m\u00eb t\u00eb thata (b\u00ebrrylat, gjunj\u00ebt, thembrat).<br data-start=\"1533\" data-end=\"1536\" \/>\ud83d\udd39 Shp\u00eblajeni me\u00a0<strong data-start=\"1553\" data-end=\"1571\">uj\u00eb t\u00eb ngroht\u00eb<\/strong>\u00a0deri n\u00eb heqjen e plot\u00eb t\u00eb produktit.<br data-start=\"1608\" data-end=\"1611\" \/>\ud83d\udd39 P\u00ebr rezultate m\u00eb t\u00eb mira, p\u00ebrdoreni n\u00eb kombinim me nj\u00eb krem hidratues pas dushit.<\/p>\n<h3 data-start=\"1704\" data-end=\"1734\"><strong data-start=\"1708\" data-end=\"1732\">P\u00ebr k\u00eb rekomandohet?<\/strong><\/h3>\n<p data-start=\"1736\" data-end=\"2062\">\u2705 P\u00ebr ata q\u00eb duan nj\u00eb\u00a0<strong data-start=\"1758\" data-end=\"1800\">trajtimin eksfoliues n\u00eb kushte sht\u00ebpie<\/strong>, p\u00ebr t\u00eb p\u00ebrmir\u00ebsuar struktur\u00ebn dhe pamjen e l\u00ebkur\u00ebs.<br data-start=\"1853\" data-end=\"1856\" \/>\u2705 P\u00ebr t\u00eb gjitha llojet e l\u00ebkur\u00ebs, p\u00ebrfshir\u00eb\u00a0<strong data-start=\"1900\" data-end=\"1935\">l\u00ebkur\u00ebn e that\u00eb dhe t\u00eb ndjeshme<\/strong>.<br data-start=\"1936\" data-end=\"1939\" \/>\u2705 Ideal p\u00ebr p\u00ebrdorim\u00a0<strong data-start=\"1960\" data-end=\"1981\">p\u00ebrpara depilimit<\/strong>\u00a0ose\u00a0<strong data-start=\"1986\" data-end=\"2025\">p\u00ebrdorimit t\u00eb kremrave autobronzues<\/strong>, p\u00ebr nj\u00eb efekt m\u00eb t\u00eb nj\u00ebtrajtsh\u00ebm.<\/p>","protected":false},"excerpt":{"rendered":"<p data-start=\"87\" data-end=\"468\"><strong data-start=\"87\" data-end=\"137\">350 ML<\/strong><\/p>\n<p data-start=\"87\" data-end=\"468\"><strong data-start=\"87\" data-end=\"137\">Byphasse Home Spa Experience Toning Body Scrub<\/strong>\u00a0\u00ebsht\u00eb nj\u00eb eksfoliant trupi i formuluar p\u00ebr t\u00eb\u00a0<strong data-start=\"184\" data-end=\"211\">hequr qelizat e vdekura<\/strong>,\u00a0<strong data-start=\"213\" data-end=\"235\">tonifikuar l\u00ebkur\u00ebn<\/strong>\u00a0dhe\u00a0<strong data-start=\"240\" data-end=\"285\">p\u00ebrmir\u00ebsuar but\u00ebsin\u00eb dhe shk\u00eblqimin e saj<\/strong>. Me nj\u00eb p\u00ebrzierje eksfoliuese t\u00eb but\u00eb dhe p\u00ebrb\u00ebr\u00ebs aktiv\u00eb natyral\u00eb, ky skrub ndihmon n\u00eb\u00a0<strong data-start=\"374\" data-end=\"415\">rigjall\u00ebrimin dhe pastrimin e l\u00ebkur\u00ebs<\/strong>\u00a0duke e l\u00ebn\u00eb at\u00eb m\u00eb t\u00eb fresk\u00ebt dhe m\u00eb t\u00eb hidratuar.<\/p>","protected":false},"featured_media":8532,"comment_status":"open","ping_status":"closed","template":"","meta":[],"product_brand":[],"product_cat":[177],"product_tag":[],"class_list":{"0":"post-8531","1":"product","2":"type-product","3":"status-publish","4":"has-post-thumbnail","6":"product_cat-bodycare","9":"outofstock","10":"sale","11":"shipping-taxable","12":"purchasable","13":"product-type-simple"},"_links":{"self":[{"href":"https:\/\/perleibeauty.com\/sq\/wp-json\/wp\/v2\/product\/8531","targetHints":{"allow":["GET"]}}],"collection":[{"href":"https:\/\/perleibeauty.com\/sq\/wp-json\/wp\/v2\/product"}],"about":[{"href":"https:\/\/perleibeauty.com\/sq\/wp-json\/wp\/v2\/types\/product"}],"replies":[{"embeddable":true,"href":"https:\/\/perleibeauty.com\/sq\/wp-json\/wp\/v2\/comments?post=8531"}],"version-history":[{"count":1,"href":"https:\/\/perleibeauty.com\/sq\/wp-json\/wp\/v2\/product\/8531\/revisions"}],"predecessor-version":[{"id":10494,"href":"https:\/\/perleibeauty.com\/sq\/wp-json\/wp\/v2\/product\/8531\/revisions\/10494"}],"wp:featuredmedia":[{"embeddable":true,"href":"https:\/\/perleibeauty.com\/sq\/wp-json\/wp\/v2\/media\/8532"}],"wp:attachment":[{"href":"https:\/\/perleibeauty.com\/sq\/wp-json\/wp\/v2\/media?parent=8531"}],"wp:term":[{"taxonomy":"product_brand","embeddable":true,"href":"https:\/\/perleibeauty.com\/sq\/wp-json\/wp\/v2\/product_brand?post=8531"},{"taxonomy":"product_cat","embeddable":true,"href":"https:\/\/perleibeauty.com\/sq\/wp-json\/wp\/v2\/product_cat?post=8531"},{"taxonomy":"product_tag","embeddable":true,"href":"https:\/\/perleibeauty.com\/sq\/wp-json\/wp\/v2\/product_tag?post=8531"}],"curies":[{"name":"wp","href":"https:\/\/api.w.org\/{rel}","templated":true}]}}