{"id":8233,"date":"2026-01-15T10:51:50","date_gmt":"2026-01-15T10:51:50","guid":{"rendered":"https:\/\/perleibeauty.com\/?post_type=product&#038;p=8233"},"modified":"2026-04-15T13:38:46","modified_gmt":"2026-04-15T13:38:46","slug":"estee-lauder-keep-palm-carry-on-beauty-set","status":"publish","type":"product","link":"https:\/\/perleibeauty.com\/sq\/produkt\/estee-lauder-keep-palm-carry-on-beauty-set\/","title":{"rendered":"Est\u00e9e Lauder \u2013 \u201cKeep Palm &#038; Carry On\u201d Beauty Set"},"content":{"rendered":"<p data-start=\"160\" data-end=\"454\">Nj\u00eb set elegant dhe i p\u00ebrzgjedhur me kujdes nga <strong data-start=\"208\" data-end=\"224\">Est\u00e9e Lauder<\/strong>, ideal p\u00ebr kujdesin e p\u00ebrditsh\u00ebm t\u00eb l\u00ebkur\u00ebs dhe makeup-in, si edhe perfekt p\u00ebr udh\u00ebtime ose si dhurat\u00eb luksoze. Ky set kombinon produktet ikonike t\u00eb mark\u00ebs q\u00eb ndihmojn\u00eb n\u00eb <strong data-start=\"397\" data-end=\"453\">pastrim, rigjenerim, hidratim dhe nj\u00eb pamje flawless<\/strong>.<\/p>\n<p data-start=\"456\" data-end=\"483\">\ud83d\udc99 <strong data-start=\"459\" data-end=\"483\">\u00c7far\u00eb p\u00ebrfshin seti:<\/strong><\/p>\n<ul data-start=\"484\" data-end=\"1237\">\n<li data-start=\"484\" data-end=\"623\">\n<p data-start=\"486\" data-end=\"623\"><strong data-start=\"486\" data-end=\"520\">Advanced Night Cleansing Gel\u00e9e\u00a0 30 ML<\/strong> \u2013 pastrues i but\u00eb q\u00eb largon makeup-in dhe papast\u00ebrtit\u00eb, duke e l\u00ebn\u00eb l\u00ebkur\u00ebn t\u00eb fresk\u00ebt dhe t\u00eb past\u00ebr<\/p>\n<\/li>\n<li data-start=\"624\" data-end=\"765\">\n<p data-start=\"626\" data-end=\"765\"><strong data-start=\"626\" data-end=\"657\">Advanced Night Repair Serum 15ML<\/strong>\u00a0\u2013 serum legjendar q\u00eb ndihmon n\u00eb rigjenerimin e l\u00ebkur\u00ebs, hidratimin e thell\u00eb dhe p\u00ebrmir\u00ebsimin e struktur\u00ebs<\/p>\n<\/li>\n<li data-start=\"766\" data-end=\"896\">\n<p data-start=\"768\" data-end=\"896\"><strong data-start=\"768\" data-end=\"799\">Revitalizing Supreme+ Cream 15ML<\/strong> \u2013 krem anti-aging q\u00eb ushqen, forcon dhe ndihmon n\u00eb reduktimin e shenjave t\u00eb lodhjes dhe mosh\u00ebs<\/p>\n<\/li>\n<li data-start=\"897\" data-end=\"1031\">\n<p data-start=\"899\" data-end=\"1031\"><strong data-start=\"899\" data-end=\"946\">Futurist Aqua Brilliance Watery Glow Primer 15ML<\/strong> \u2013 primer hidratues q\u00eb i jep l\u00ebkur\u00ebs shk\u00eblqim natyral dhe p\u00ebrgatit baz\u00ebn p\u00ebr makeup<\/p>\n<\/li>\n<li data-start=\"1032\" data-end=\"1117\">\n<p data-start=\"1034\" data-end=\"1117\"><strong data-start=\"1034\" data-end=\"1063\">Sumptuous Extreme Mascara TRAVEL SIZE <\/strong>\u00a0\u2013 maskar\u00eb p\u00ebr volum ekstrem dhe qerpik\u00eb t\u00eb theksuar<\/p>\n<\/li>\n<li data-start=\"1118\" data-end=\"1237\">\n<p data-start=\"1120\" data-end=\"1237\"><strong data-start=\"1120\" data-end=\"1165\">Double Wear 24H Waterproof Gel Eye Pencil TRAVEL SIZE <\/strong>\u00a0\u2013 laps sysh rezistent, me ngjyr\u00eb intensive dhe q\u00ebndrueshm\u00ebri t\u00eb gjat\u00eb<\/p>\n<\/li>\n<\/ul>\n<p data-start=\"1239\" data-end=\"1461\">\u2728 <strong data-start=\"1241\" data-end=\"1273\">P\u00ebr k\u00eb \u00ebsht\u00eb i p\u00ebrshtatsh\u00ebm?<\/strong><br data-start=\"1273\" data-end=\"1276\" \/>I p\u00ebrshtatsh\u00ebm p\u00ebr <strong data-start=\"1295\" data-end=\"1325\">t\u00eb gjitha llojet e l\u00ebkur\u00ebs<\/strong>, ky set \u00ebsht\u00eb ideal p\u00ebr ata q\u00eb k\u00ebrkojn\u00eb produkte cil\u00ebsore, rezultate t\u00eb dukshme dhe nj\u00eb rutin\u00eb t\u00eb plot\u00eb bukurie n\u00eb nj\u00eb paketim elegant.<\/p>\n<p data-start=\"1463\" data-end=\"1572\">\ud83c\udf81 <strong data-start=\"1466\" data-end=\"1488\">Perfekt si dhurat\u00eb<\/strong> ose p\u00ebr t\u00eb provuar bestseller-at m\u00eb t\u00eb famsh\u00ebm t\u00eb Est\u00e9e Lauder n\u00eb nj\u00eb set t\u00eb vet\u00ebm.<\/p>","protected":false},"excerpt":{"rendered":"<p>Set elegant me bestseller-at ikon\u00eb t\u00eb Est\u00e9e Lauder p\u00ebr pastrim, hidratim, rigjenerim dhe makeup perfekt. Ideal p\u00ebr udh\u00ebtime ose si dhurat\u00eb luksoze, p\u00ebr nj\u00eb l\u00ebkur\u00eb t\u00eb ndri\u00e7uar dhe pamje flawless \u00e7do dit\u00eb. \ud83d\udc99\ud83c\udf81<\/p>","protected":false},"featured_media":8235,"comment_status":"open","ping_status":"closed","template":"","meta":[],"product_brand":[98],"product_cat":[103,132],"product_tag":[],"class_list":{"0":"post-8233","1":"product","2":"type-product","3":"status-publish","4":"has-post-thumbnail","6":"product_brand-estee-lauder","7":"product_cat-best-seller","8":"product_cat-gift-ideas","11":"outofstock","12":"sale","13":"shipping-taxable","14":"purchasable","15":"product-type-simple"},"_links":{"self":[{"href":"https:\/\/perleibeauty.com\/sq\/wp-json\/wp\/v2\/product\/8233","targetHints":{"allow":["GET"]}}],"collection":[{"href":"https:\/\/perleibeauty.com\/sq\/wp-json\/wp\/v2\/product"}],"about":[{"href":"https:\/\/perleibeauty.com\/sq\/wp-json\/wp\/v2\/types\/product"}],"replies":[{"embeddable":true,"href":"https:\/\/perleibeauty.com\/sq\/wp-json\/wp\/v2\/comments?post=8233"}],"version-history":[{"count":1,"href":"https:\/\/perleibeauty.com\/sq\/wp-json\/wp\/v2\/product\/8233\/revisions"}],"predecessor-version":[{"id":10104,"href":"https:\/\/perleibeauty.com\/sq\/wp-json\/wp\/v2\/product\/8233\/revisions\/10104"}],"wp:featuredmedia":[{"embeddable":true,"href":"https:\/\/perleibeauty.com\/sq\/wp-json\/wp\/v2\/media\/8235"}],"wp:attachment":[{"href":"https:\/\/perleibeauty.com\/sq\/wp-json\/wp\/v2\/media?parent=8233"}],"wp:term":[{"taxonomy":"product_brand","embeddable":true,"href":"https:\/\/perleibeauty.com\/sq\/wp-json\/wp\/v2\/product_brand?post=8233"},{"taxonomy":"product_cat","embeddable":true,"href":"https:\/\/perleibeauty.com\/sq\/wp-json\/wp\/v2\/product_cat?post=8233"},{"taxonomy":"product_tag","embeddable":true,"href":"https:\/\/perleibeauty.com\/sq\/wp-json\/wp\/v2\/product_tag?post=8233"}],"curies":[{"name":"wp","href":"https:\/\/api.w.org\/{rel}","templated":true}]}}