{"id":8225,"date":"2026-01-15T10:11:54","date_gmt":"2026-01-15T10:11:54","guid":{"rendered":"https:\/\/perleibeauty.com\/?post_type=product&#038;p=8225"},"modified":"2026-04-15T13:38:46","modified_gmt":"2026-04-15T13:38:46","slug":"too-faced-hangover-good-in-bed-ultra-hydrating-replenishing-serum-29ml","status":"publish","type":"product","link":"https:\/\/perleibeauty.com\/sq\/produkt\/too-faced-hangover-good-in-bed-ultra-hydrating-replenishing-serum-29ml\/","title":{"rendered":"Too Faced Hangover Good in Bed Ultra-Hydrating Replenishing Serum 29ML"},"content":{"rendered":"<p data-start=\"261\" data-end=\"598\">Nj\u00eb serum ultra-hidratues q\u00eb rigjall\u00ebron l\u00ebkur\u00ebn tuaj <em data-start=\"315\" data-end=\"328\">dit\u00eb e nat\u00eb<\/em>, duke i dh\u00ebn\u00eb asaj nj\u00eb shk\u00eblqim t\u00eb sh\u00ebndetsh\u00ebm nga brenda. I formuluar me nj\u00eb kombinim t\u00eb fuqish\u00ebm p\u00ebr <strong data-start=\"432\" data-end=\"476\">hidratim intensiv, rigjenerim dhe but\u00ebsi<\/strong>, ky serum ushqen l\u00ebkur\u00ebn, e b\u00ebn m\u00eb t\u00eb l\u00ebm\u00ebt, m\u00eb t\u00eb but\u00eb dhe duksh\u00ebm m\u00eb t\u00eb ndri\u00e7uar.<\/p>\n<p data-start=\"600\" data-end=\"619\">\ud83d\udca7 <strong data-start=\"603\" data-end=\"617\">\u00c7far\u00eb b\u00ebn?<\/strong><\/p>\n<ul data-start=\"620\" data-end=\"1196\">\n<li data-start=\"620\" data-end=\"803\">\n<p data-start=\"622\" data-end=\"803\">Ofron <strong data-start=\"628\" data-end=\"670\">hidratim t\u00eb menj\u00ebhersh\u00ebm dhe afatgjat\u00eb<\/strong>, duke mbajtur lag\u00ebshtin\u00eb n\u00eb l\u00ebkur\u00eb dhe duke e b\u00ebr\u00eb at\u00eb t\u00eb duket e mbushur dhe e sh\u00ebndetshme.<\/p>\n<\/li>\n<li data-start=\"804\" data-end=\"932\">\n<p data-start=\"806\" data-end=\"932\">P\u00ebrmir\u00ebson struktur\u00ebn e l\u00ebkur\u00ebs, duke e b\u00ebr\u00eb at\u00eb m\u00eb t\u00eb but\u00eb dhe me pamje m\u00eb t\u00eb l\u00ebmuar.<\/p>\n<\/li>\n<li data-start=\"933\" data-end=\"1035\">\n<p data-start=\"935\" data-end=\"1035\">Leht\u00ebsohet shpejt nga l\u00ebkura, pa ndjesi ngjitjeje apo peshe.<\/p>\n<\/li>\n<li data-start=\"1036\" data-end=\"1196\">\n<p data-start=\"1038\" data-end=\"1196\">Formula e tij e pasur gjithashtu <strong data-start=\"1071\" data-end=\"1098\">rrit shk\u00eblqimin natyral<\/strong> dhe ndihmon n\u00eb p\u00ebrmir\u00ebsimin e pamjes s\u00eb lodhjes s\u00eb l\u00ebkur\u00ebs.<\/p>\n<\/li>\n<\/ul>\n<p data-start=\"1198\" data-end=\"1243\">\ud83c\udf3f <strong data-start=\"1201\" data-end=\"1241\">P\u00ebrb\u00ebr\u00ebs aktiv\u00eb q\u00eb b\u00ebjn\u00eb ndryshimin:<\/strong><\/p>\n<ul data-start=\"1244\" data-end=\"1836\">\n<li data-start=\"1244\" data-end=\"1424\">\n<p data-start=\"1246\" data-end=\"1424\"><strong data-start=\"1246\" data-end=\"1273\">Uj\u00eb kokosi &amp; Hialuronat<\/strong> \u2013 kan\u00eb rol ky\u00e7 n\u00eb sjelljen dhe mbajtjen e lag\u00ebshtis\u00eb n\u00eb l\u00ebkur\u00eb, duke e b\u00ebr\u00eb at\u00eb t\u00eb duket e fryr\u00eb dhe elastike.<\/p>\n<\/li>\n<li data-start=\"1425\" data-end=\"1582\">\n<p data-start=\"1427\" data-end=\"1582\"><strong data-start=\"1427\" data-end=\"1456\">Probiotik &amp; Yogurt Powder<\/strong> \u2013 ndihmojn\u00eb n\u00eb forcimin e barrier\u00ebs s\u00eb l\u00ebkur\u00ebs dhe ekuilibrin e mikrobiom\u00ebs ndihm\u00ebse.<\/p>\n<\/li>\n<li data-start=\"1583\" data-end=\"1703\">\n<p data-start=\"1585\" data-end=\"1703\"><strong data-start=\"1585\" data-end=\"1612\">Vitamina B5 (Panthenol)<\/strong> \u2013 ndihmon n\u00eb rigjenerimin dhe qet\u00ebsimin e l\u00ebkur\u00ebs.<\/p>\n<\/li>\n<li data-start=\"1704\" data-end=\"1836\">\n<p data-start=\"1706\" data-end=\"1836\"><strong data-start=\"1706\" data-end=\"1740\">Ekstrakt i frutave t\u00eb dragonit<\/strong> \u2013 antioksidant i pasur q\u00eb mbron kund\u00ebr stresit oksidativ.<\/p>\n<\/li>\n<\/ul>\n<p data-start=\"1838\" data-end=\"2100\">\u2728 <strong data-start=\"1840\" data-end=\"1857\">P\u00ebr k\u00eb \u00ebsht\u00eb?<\/strong><br data-start=\"1857\" data-end=\"1860\" \/>I p\u00ebrshtatsh\u00ebm p\u00ebr <strong data-start=\"1879\" data-end=\"1909\">t\u00eb gjitha llojet e l\u00ebkur\u00ebs<\/strong>, ve\u00e7an\u00ebrisht p\u00ebr ato q\u00eb ndjejn\u00eb that\u00ebsi, humbje shk\u00eblqimi apo lodhje. Mund t\u00eb p\u00ebrdoret si n\u00eb m\u00ebngjes, ashtu edhe n\u00eb mbr\u00ebmje, para kremit tuaj hidratues.<\/p>\n<p data-start=\"2102\" data-end=\"2337\">\ud83d\udccc <strong data-start=\"2105\" data-end=\"2121\">Si p\u00ebrdoret:<\/strong><br data-start=\"2121\" data-end=\"2124\" \/>Vendosni disa pika n\u00eb l\u00ebkur\u00eb t\u00eb past\u00ebr dhe masazhojeni but\u00eb. P\u00ebrshtatet po aq mir\u00eb p\u00ebr p\u00ebrdorim n\u00ebn makeup apo vet\u00ebm si hap hidratimi n\u00eb rutin\u00ebn tuaj t\u00eb kujdesit t\u00eb l\u00ebkur\u00ebs.<\/p>\n<p data-start=\"2339\" data-end=\"2534\">\ud83d\udcab <strong data-start=\"2342\" data-end=\"2356\">Rezultati:<\/strong><br data-start=\"2356\" data-end=\"2359\" \/>L\u00ebkura duket e <strong data-start=\"2374\" data-end=\"2441\">p\u00ebrdit\u00ebsuar, m\u00eb e hidratuar, m\u00eb e ndri\u00e7uar dhe m\u00eb e sh\u00ebndetshme<\/strong>, me nj\u00eb pamje t\u00eb fresk\u00ebt dhe &#8220;lit-from-within glow&#8221;.<\/p>","protected":false},"excerpt":{"rendered":"<p>Nj\u00eb serum ultra-hidratues q\u00eb rigjall\u00ebron l\u00ebkur\u00ebn tuaj dit\u00eb e nat\u00eb, duke i dh\u00ebn\u00eb asaj nj\u00eb shk\u00eblqim t\u00eb sh\u00ebndetsh\u00ebm nga brenda. I formuluar me nj\u00eb kombinim t\u00eb fuqish\u00ebm p\u00ebr hidratim intensiv, rigjenerim dhe but\u00ebsi, ky serum ushqen l\u00ebkur\u00ebn, e b\u00ebn m\u00eb t\u00eb l\u00ebm\u00ebt, m\u00eb t\u00eb but\u00eb dhe duksh\u00ebm m\u00eb t\u00eb ndri\u00e7uar. \ud83d\udca7 \u00c7far\u00eb b\u00ebn? Ofron hidratim &hellip; <a href=\"https:\/\/perleibeauty.com\/sq\/produkt\/too-faced-hangover-good-in-bed-ultra-hydrating-replenishing-serum-29ml\/\" class=\"more-link\">Continue reading <span class=\"screen-reader-text\">Too Faced Hangover Good in Bed Ultra-Hydrating Replenishing Serum 29ML<\/span><\/a><\/p>","protected":false},"featured_media":8226,"comment_status":"open","ping_status":"closed","template":"","meta":[],"product_brand":[115],"product_cat":[105],"product_tag":[],"class_list":{"0":"post-8225","1":"product","2":"type-product","3":"status-publish","4":"has-post-thumbnail","6":"product_brand-too-faced","7":"product_cat-skincare","10":"instock","11":"sale","12":"shipping-taxable","13":"purchasable","14":"product-type-simple"},"_links":{"self":[{"href":"https:\/\/perleibeauty.com\/sq\/wp-json\/wp\/v2\/product\/8225","targetHints":{"allow":["GET"]}}],"collection":[{"href":"https:\/\/perleibeauty.com\/sq\/wp-json\/wp\/v2\/product"}],"about":[{"href":"https:\/\/perleibeauty.com\/sq\/wp-json\/wp\/v2\/types\/product"}],"replies":[{"embeddable":true,"href":"https:\/\/perleibeauty.com\/sq\/wp-json\/wp\/v2\/comments?post=8225"}],"version-history":[{"count":1,"href":"https:\/\/perleibeauty.com\/sq\/wp-json\/wp\/v2\/product\/8225\/revisions"}],"predecessor-version":[{"id":9878,"href":"https:\/\/perleibeauty.com\/sq\/wp-json\/wp\/v2\/product\/8225\/revisions\/9878"}],"wp:featuredmedia":[{"embeddable":true,"href":"https:\/\/perleibeauty.com\/sq\/wp-json\/wp\/v2\/media\/8226"}],"wp:attachment":[{"href":"https:\/\/perleibeauty.com\/sq\/wp-json\/wp\/v2\/media?parent=8225"}],"wp:term":[{"taxonomy":"product_brand","embeddable":true,"href":"https:\/\/perleibeauty.com\/sq\/wp-json\/wp\/v2\/product_brand?post=8225"},{"taxonomy":"product_cat","embeddable":true,"href":"https:\/\/perleibeauty.com\/sq\/wp-json\/wp\/v2\/product_cat?post=8225"},{"taxonomy":"product_tag","embeddable":true,"href":"https:\/\/perleibeauty.com\/sq\/wp-json\/wp\/v2\/product_tag?post=8225"}],"curies":[{"name":"wp","href":"https:\/\/api.w.org\/{rel}","templated":true}]}}