{"id":8217,"date":"2026-01-15T09:42:22","date_gmt":"2026-01-15T09:42:22","guid":{"rendered":"https:\/\/perleibeauty.com\/?post_type=product&#038;p=8217"},"modified":"2026-04-15T13:38:46","modified_gmt":"2026-04-15T13:38:46","slug":"chanel-no1-red-camellia-revitalizing-serum-in-mist-50m","status":"publish","type":"product","link":"https:\/\/perleibeauty.com\/sq\/produkt\/chanel-no1-red-camellia-revitalizing-serum-in-mist-50m\/","title":{"rendered":"CHANEL N\u00ba1 Red Camellia Revitalizing Serum-In-Mist 50ML"},"content":{"rendered":"<p data-start=\"253\" data-end=\"662\"><strong data-start=\"253\" data-end=\"297\">N\u00b01 DE CHANEL Revitalizing Serum-in-Mist<\/strong> \u00ebsht\u00eb nj\u00eb trajtim inovativ i fytyr\u00ebs q\u00eb bashkon fuqin\u00eb rigjeneruese t\u00eb nj\u00eb serumi me freskin\u00eb e menj\u00ebhershme t\u00eb nj\u00eb mist-i. I krijuar p\u00ebr t\u00eb mbrojtur dhe rigjall\u00ebruar l\u00ebkur\u00ebn n\u00eb \u00e7do moment t\u00eb dit\u00ebs, ky produkt \u00ebsht\u00eb pjes\u00eb e linj\u00ebs ikonike <strong data-start=\"537\" data-end=\"554\">N\u00b01 DE CHANEL<\/strong>, e fokusuar n\u00eb parandalimin e shenjave t\u00eb para t\u00eb plakjes dhe n\u00eb ruajtjen e vitalitetit natyral t\u00eb l\u00ebkur\u00ebs.<\/p>\n<p data-start=\"664\" data-end=\"1017\">Fal\u00eb formul\u00ebs s\u00eb tij ultra t\u00eb leht\u00eb dhe freskuese, Serum-in-Mist vepron si nj\u00eb <strong data-start=\"743\" data-end=\"824\">mburoj\u00eb mbrojt\u00ebse kund\u00ebr ndotjes, stresit oksidativ dhe agresor\u00ebve t\u00eb jasht\u00ebm<\/strong>, duke i dh\u00ebn\u00eb l\u00ebkur\u00ebs energji, shk\u00eblqim dhe ndjesi komoditeti t\u00eb menj\u00ebhersh\u00ebm. Mund t\u00eb p\u00ebrdoret si pjes\u00eb e rutin\u00ebs s\u00eb p\u00ebrditshme t\u00eb kujdesit ose gjat\u00eb dit\u00ebs, edhe mbi makeup, pa e prishur at\u00eb.<\/p>\n<hr data-start=\"1019\" data-end=\"1022\" \/>\n<h3 data-start=\"1024\" data-end=\"1047\">P\u00ebrfitimet kryesore<\/h3>\n<ul data-start=\"1048\" data-end=\"1361\">\n<li data-start=\"1048\" data-end=\"1093\">\n<p data-start=\"1050\" data-end=\"1093\">Rigjall\u00ebron dhe freskon l\u00ebkur\u00ebn menj\u00ebher\u00eb<\/p>\n<\/li>\n<li data-start=\"1094\" data-end=\"1131\">\n<p data-start=\"1096\" data-end=\"1131\">Hidraton dhe qet\u00ebson pa e r\u00ebnduar<\/p>\n<\/li>\n<li data-start=\"1132\" data-end=\"1184\">\n<p data-start=\"1134\" data-end=\"1184\">Mbron l\u00ebkur\u00ebn nga ndotja dhe faktor\u00ebt ambiental\u00eb<\/p>\n<\/li>\n<li data-start=\"1185\" data-end=\"1225\">\n<p data-start=\"1187\" data-end=\"1225\">Forcon barrier\u00ebn natyrale t\u00eb l\u00ebkur\u00ebs<\/p>\n<\/li>\n<li data-start=\"1226\" data-end=\"1288\">\n<p data-start=\"1228\" data-end=\"1288\">Ndihmon n\u00eb ruajtjen e elasticitetit dhe shk\u00eblqimit natyral<\/p>\n<\/li>\n<li data-start=\"1289\" data-end=\"1361\">\n<p data-start=\"1291\" data-end=\"1361\">L\u00ebkur\u00eb m\u00eb e but\u00eb, m\u00eb e ndri\u00e7uar dhe m\u00eb e mbrojtur gjat\u00eb gjith\u00eb dit\u00ebs<\/p>\n<\/li>\n<\/ul>\n<hr data-start=\"1363\" data-end=\"1366\" \/>\n<h3 data-start=\"1368\" data-end=\"1400\">Teknologji &amp; p\u00ebrb\u00ebr\u00ebs aktiv\u00eb<\/h3>\n<p data-start=\"1401\" data-end=\"1676\">N\u00eb zem\u00ebr t\u00eb formul\u00ebs ndodhet <strong data-start=\"1430\" data-end=\"1463\">Ekstrakti i Kamellias s\u00eb Kuqe<\/strong>, p\u00ebrb\u00ebr\u00ebsi simbol i linj\u00ebs N\u00b01 DE CHANEL. Ky ekstrakt \u00ebsht\u00eb i pasur me antioksidant\u00eb t\u00eb fuqish\u00ebm, t\u00eb cil\u00ebt ndihmojn\u00eb n\u00eb luftimin e radikaleve t\u00eb lira dhe mb\u00ebshtesin mekanizmat natyral\u00eb t\u00eb rigjenerimit t\u00eb l\u00ebkur\u00ebs.<\/p>\n<p data-start=\"1678\" data-end=\"1705\">Formula p\u00ebrmban gjithashtu:<\/p>\n<ul data-start=\"1706\" data-end=\"1920\">\n<li data-start=\"1706\" data-end=\"1768\">\n<p data-start=\"1708\" data-end=\"1768\"><strong data-start=\"1708\" data-end=\"1724\">Uj\u00eb Kamellie<\/strong>, p\u00ebr hidratim dhe qet\u00ebsim t\u00eb menj\u00ebhersh\u00ebm<\/p>\n<\/li>\n<li data-start=\"1769\" data-end=\"1843\">\n<p data-start=\"1771\" data-end=\"1843\"><strong data-start=\"1771\" data-end=\"1797\">Antioksidant\u00eb natyral\u00eb<\/strong>, p\u00ebr mbrojtje kund\u00ebr plakjes s\u00eb parakohshme<\/p>\n<\/li>\n<li data-start=\"1844\" data-end=\"1920\">\n<p data-start=\"1846\" data-end=\"1920\">Nj\u00eb tekstur\u00eb ultra fine, q\u00eb p\u00ebrthithet shpejt dhe nuk l\u00eb ndjesi ngjit\u00ebse<\/p>\n<\/li>\n<\/ul>\n<p data-start=\"1922\" data-end=\"2067\">Me <strong data-start=\"1925\" data-end=\"1970\">deri n\u00eb 97% p\u00ebrb\u00ebr\u00ebs me origjin\u00eb natyrale<\/strong>, ky serum-mist respekton ekuilibrin e l\u00ebkur\u00ebs dhe filozofin\u00eb e CHANEL p\u00ebr bukuri t\u00eb q\u00ebndrueshme.<\/p>\n<hr data-start=\"2069\" data-end=\"2072\" \/>\n<h3 data-start=\"2074\" data-end=\"2094\">Tekstura &amp; aroma<\/h3>\n<p data-start=\"2095\" data-end=\"2323\">Tekstura \u00ebsht\u00eb <strong data-start=\"2110\" data-end=\"2137\">mikro-mist shum\u00eb e im\u00ebt<\/strong>, e cila shp\u00ebrndahet n\u00eb m\u00ebnyr\u00eb t\u00eb nj\u00ebtrajtshme mbi fytyr\u00eb, duke dh\u00ebn\u00eb ndjesi freskie dhe energjie. Aroma delikate dhe elegante e kamellias e b\u00ebn aplikimin nj\u00eb p\u00ebrvoj\u00eb luksoze sensoriale.<\/p>\n<hr data-start=\"2325\" data-end=\"2328\" \/>\n<h3 data-start=\"2330\" data-end=\"2345\">Si p\u00ebrdoret<\/h3>\n<p data-start=\"2346\" data-end=\"2462\">Tundeni leht\u00eb shishen dhe sp\u00ebrkateni n\u00eb fytyr\u00eb nga nj\u00eb distanc\u00eb prej 20\u201330 cm, me syt\u00eb t\u00eb mbyllur. Mund t\u00eb p\u00ebrdoret:<\/p>\n<ul data-start=\"2463\" data-end=\"2655\">\n<li data-start=\"2463\" data-end=\"2513\">\n<p data-start=\"2465\" data-end=\"2513\">pas aplikimit t\u00eb serumeve dhe kremit hidratues<\/p>\n<\/li>\n<li data-start=\"2514\" data-end=\"2553\">\n<p data-start=\"2516\" data-end=\"2553\">para makeup p\u00ebr nj\u00eb baz\u00eb t\u00eb fresk\u00ebt<\/p>\n<\/li>\n<li data-start=\"2554\" data-end=\"2598\">\n<p data-start=\"2556\" data-end=\"2598\">mbi makeup p\u00ebr ta rifreskuar gjat\u00eb dit\u00ebs<\/p>\n<\/li>\n<li data-start=\"2599\" data-end=\"2655\">\n<p data-start=\"2601\" data-end=\"2655\">sa her\u00eb q\u00eb l\u00ebkura ka nevoj\u00eb p\u00ebr energji dhe hidratim<\/p>\n<\/li>\n<\/ul>\n<hr data-start=\"2657\" data-end=\"2660\" \/>\n<h3 data-start=\"2662\" data-end=\"2694\">P\u00ebr k\u00eb \u00ebsht\u00eb i p\u00ebrshtatsh\u00ebm?<\/h3>\n<ul data-start=\"2695\" data-end=\"2930\">\n<li data-start=\"2695\" data-end=\"2767\">\n<p data-start=\"2697\" data-end=\"2767\">P\u00ebr <strong data-start=\"2701\" data-end=\"2730\">t\u00eb gjitha tipet e l\u00ebkur\u00ebs<\/strong>, p\u00ebrfshir\u00eb edhe l\u00ebkur\u00ebn e ndjeshme<\/p>\n<\/li>\n<li data-start=\"2768\" data-end=\"2842\">\n<p data-start=\"2770\" data-end=\"2842\">Ideal p\u00ebr ata q\u00eb jetojn\u00eb n\u00eb mjedise urbane dhe ekspozohen ndaj ndotjes<\/p>\n<\/li>\n<li data-start=\"2843\" data-end=\"2930\">\n<p data-start=\"2845\" data-end=\"2930\">Perfekt p\u00ebr persona q\u00eb k\u00ebrkojn\u00eb nj\u00eb produkt <strong data-start=\"2889\" data-end=\"2928\">praktik, luksoz dhe multifunksional<\/strong><\/p>\n<\/li>\n<\/ul>\n<hr data-start=\"2932\" data-end=\"2935\" \/>\n<h3 data-start=\"2937\" data-end=\"2949\">Paketimi<\/h3>\n<p data-start=\"2950\" data-end=\"3130\">Vjen n\u00eb nj\u00eb <strong data-start=\"2962\" data-end=\"2994\">shishe transparente elegante<\/strong>, t\u00eb leht\u00eb p\u00ebr t\u2019u mbajtur me vete, e dizajnuar n\u00eb p\u00ebrputhje me angazhimin e CHANEL p\u00ebr q\u00ebndrueshm\u00ebri dhe reduktim t\u00eb ndikimit mjedisor.<\/p>","protected":false},"excerpt":{"rendered":"<p>Serum freskues n\u00eb form\u00eb mist q\u00eb rigjall\u00ebron, hidraton dhe mbron l\u00ebkur\u00ebn gjat\u00eb gjith\u00eb dit\u00ebs. I pasuruar me <strong data-start=\"267\" data-end=\"296\">ekstrakt Kamellie t\u00eb Kuqe<\/strong>, ndihmon n\u00eb forcimin e barrier\u00ebs s\u00eb l\u00ebkur\u00ebs dhe lufton shenjat e para t\u00eb plakjes. Tekstur\u00eb ultra e leht\u00eb, ideale p\u00ebr p\u00ebrdorim edhe mbi makeup. I p\u00ebrshtatsh\u00ebm p\u00ebr t\u00eb gjitha tipet e l\u00ebkur\u00ebs.<\/p>","protected":false},"featured_media":8221,"comment_status":"open","ping_status":"closed","template":"","meta":[],"product_brand":[112],"product_cat":[105],"product_tag":[],"class_list":{"0":"post-8217","1":"product","2":"type-product","3":"status-publish","4":"has-post-thumbnail","6":"product_brand-chanel","7":"product_cat-skincare","10":"instock","11":"sale","12":"shipping-taxable","13":"purchasable","14":"product-type-simple"},"_links":{"self":[{"href":"https:\/\/perleibeauty.com\/sq\/wp-json\/wp\/v2\/product\/8217","targetHints":{"allow":["GET"]}}],"collection":[{"href":"https:\/\/perleibeauty.com\/sq\/wp-json\/wp\/v2\/product"}],"about":[{"href":"https:\/\/perleibeauty.com\/sq\/wp-json\/wp\/v2\/types\/product"}],"replies":[{"embeddable":true,"href":"https:\/\/perleibeauty.com\/sq\/wp-json\/wp\/v2\/comments?post=8217"}],"version-history":[{"count":1,"href":"https:\/\/perleibeauty.com\/sq\/wp-json\/wp\/v2\/product\/8217\/revisions"}],"predecessor-version":[{"id":10064,"href":"https:\/\/perleibeauty.com\/sq\/wp-json\/wp\/v2\/product\/8217\/revisions\/10064"}],"wp:featuredmedia":[{"embeddable":true,"href":"https:\/\/perleibeauty.com\/sq\/wp-json\/wp\/v2\/media\/8221"}],"wp:attachment":[{"href":"https:\/\/perleibeauty.com\/sq\/wp-json\/wp\/v2\/media?parent=8217"}],"wp:term":[{"taxonomy":"product_brand","embeddable":true,"href":"https:\/\/perleibeauty.com\/sq\/wp-json\/wp\/v2\/product_brand?post=8217"},{"taxonomy":"product_cat","embeddable":true,"href":"https:\/\/perleibeauty.com\/sq\/wp-json\/wp\/v2\/product_cat?post=8217"},{"taxonomy":"product_tag","embeddable":true,"href":"https:\/\/perleibeauty.com\/sq\/wp-json\/wp\/v2\/product_tag?post=8217"}],"curies":[{"name":"wp","href":"https:\/\/api.w.org\/{rel}","templated":true}]}}