{"id":8207,"date":"2026-01-15T09:20:47","date_gmt":"2026-01-15T09:20:47","guid":{"rendered":"https:\/\/perleibeauty.com\/?post_type=product&#038;p=8207"},"modified":"2026-04-15T13:38:46","modified_gmt":"2026-04-15T13:38:46","slug":"n-1-de-chanel-serum-revitalisant-au-camelia-rouge","status":"publish","type":"product","link":"https:\/\/perleibeauty.com\/sq\/produkt\/n-1-de-chanel-serum-revitalisant-au-camelia-rouge\/","title":{"rendered":"N\u00b01 DE CHANEL REVITALIZING SERUM"},"content":{"rendered":"<p data-start=\"241\" data-end=\"596\"><strong data-start=\"241\" data-end=\"277\">N\u00b01 DE CHANEL Revitalizing Serum<\/strong> \u00ebsht\u00eb nj\u00eb <strong data-start=\"288\" data-end=\"325\">serum anti-aging (kund\u00ebr plakjes)<\/strong> i krijuar nga <strong data-start=\"340\" data-end=\"350\">CHANEL<\/strong> si pjes\u00eb e linj\u00ebs s\u00eb saj t\u00eb kujdesit t\u00eb l\u00ebkur\u00ebs. Ai \u00ebsht\u00eb formuluar p\u00ebr t\u00eb <strong data-start=\"426\" data-end=\"449\">rigjeneruar l\u00ebkur\u00ebn<\/strong>, p\u00ebr t\u00eb <strong data-start=\"458\" data-end=\"502\">p\u00ebrmir\u00ebsuar elasticitetin dhe rrezetimin<\/strong>, dhe p\u00ebr t\u00eb <strong data-start=\"515\" data-end=\"557\">kund\u00ebrshtuar shenjat e para t\u00eb plakjes<\/strong>.<\/p>\n<p data-start=\"598\" data-end=\"811\">Formula \u00ebsht\u00eb <strong data-start=\"612\" data-end=\"668\">me p\u00ebrqendrim t\u00eb lart\u00eb ekstrakti t\u00eb kamelias s\u00eb kuqe<\/strong>, nj\u00eb bim\u00eb q\u00eb studiuesit e CHANEL-it e konsiderojn\u00eb me veti t\u00eb fuqishme revitalizuese dhe anti-oksiduese.<\/p>\n<p data-start=\"919\" data-end=\"1021\">Serumi \u00ebsht\u00eb dizajnuar p\u00ebr t\u00eb <strong data-start=\"949\" data-end=\"1009\">parandaluar dhe korrigjuar 5 shenjat kryesore t\u00eb plakjes<\/strong> t\u00eb l\u00ebkur\u00ebs:<br \/>\n<strong data-start=\"885\" data-end=\"918\">1. Kund\u00ebr shenjave t\u00eb plakjes<\/strong>\n<\/p>\n<p data-start=\"919\" data-end=\"1021\">Serumi \u00ebsht\u00eb dizajnuar p\u00ebr t\u00eb <strong data-start=\"949\" data-end=\"1009\">parandaluar dhe korrigjuar 5 shenjat kryesore t\u00eb plakjes<\/strong> t\u00eb l\u00ebkur\u00ebs:<\/p>\n<ul data-start=\"1022\" data-end=\"1236\">\n<li data-start=\"1022\" data-end=\"1048\">\n<p data-start=\"1024\" data-end=\"1048\">ul dukshm\u00ebrin\u00eb e poreve,<\/p>\n<\/li>\n<li data-start=\"1049\" data-end=\"1070\">\n<p data-start=\"1051\" data-end=\"1070\">rrit elasticitetin,<\/p>\n<\/li>\n<li data-start=\"1071\" data-end=\"1100\">\n<p data-start=\"1073\" data-end=\"1100\">zvog\u00eblon dukjen e rrudhave,<\/p>\n<\/li>\n<li data-start=\"1101\" data-end=\"1146\">\n<p data-start=\"1103\" data-end=\"1146\">rrit komoditetin dhe lag\u00ebshtir\u00ebn e l\u00ebkur\u00ebs,<\/p>\n<\/li>\n<li data-start=\"1147\" data-end=\"1236\">\n<p data-start=\"1149\" data-end=\"1236\">shton rrezetim dhe shk\u00eblqim t\u00eb fresk\u00ebt n\u00eb l\u00ebkur\u00eb.<\/p>\n<\/li>\n<\/ul>\n<h3 data-start=\"1238\" data-end=\"1293\">\ud83d\udd39 <strong data-start=\"1245\" data-end=\"1293\">2. Rrit elasticitetin dhe rehatin\u00eb e l\u00ebkur\u00ebs<\/strong><\/h3>\n<p data-start=\"1294\" data-end=\"1463\">Pas nj\u00eb muaji p\u00ebrdorimi, <strong data-start=\"1319\" data-end=\"1346\">rrudhat duket se zbeh\u00ebn<\/strong>, <strong data-start=\"1348\" data-end=\"1387\">elasticiteti i l\u00ebkur\u00ebs p\u00ebrmir\u00ebsohet<\/strong>, dhe l\u00ebkura duket m\u00eb e rrez\u00ebllitshme.<\/p>\n<h3 data-start=\"1465\" data-end=\"1507\">\ud83d\udd39 <strong data-start=\"1472\" data-end=\"1507\">3. Mbron nga agjent\u00eb t\u00eb jasht\u00ebm<\/strong><\/h3>\n<p data-start=\"1508\" data-end=\"1691\">Serumi ndihmon n\u00eb <strong data-start=\"1526\" data-end=\"1591\">mbrojtjen e l\u00ebkur\u00ebs ndaj stresit oksidativ dhe ndotjes urbane<\/strong>, duke p\u00ebrmir\u00ebsuar k\u00ebshtu sh\u00ebndetin e p\u00ebrgjithsh\u00ebm t\u00eb l\u00ebkur\u00ebs.<\/p>\n<h3 data-start=\"1693\" data-end=\"1752\">\ud83d\udd39 <strong data-start=\"1700\" data-end=\"1752\">4. I p\u00ebrshtatsh\u00ebm p\u00ebr t\u00eb gjitha llojet e l\u00ebkur\u00ebs<\/strong><\/h3>\n<p data-start=\"1753\" data-end=\"1880\">Formulimi \u00ebsht\u00eb dermatologjikisht testuar dhe i p\u00ebrshtatsh\u00ebm edhe p\u00ebr l\u00ebkur\u00eb t\u00eb ndjeshme.<\/p>\n<p data-start=\"1925\" data-end=\"1993\">Serumi ka nj\u00eb <strong data-start=\"1939\" data-end=\"1992\">formulim t\u00eb pasur me p\u00ebrb\u00ebr\u00ebs natyral\u00eb dhe aktiv\u00eb<\/strong>:<\/p>\n<h3 data-start=\"1995\" data-end=\"2023\">\ud83c\udf3f <strong data-start=\"2002\" data-end=\"2023\">P\u00ebrb\u00ebr\u00ebsi kryesor<\/strong><\/h3>\n<ul data-start=\"2024\" data-end=\"2280\">\n<li data-start=\"2024\" data-end=\"2280\">\n<p data-start=\"2026\" data-end=\"2280\"><strong data-start=\"2026\" data-end=\"2085\">Ekstrakt i kamelias s\u00eb kuqe \/ Camellia Japonica Extract<\/strong><br data-start=\"2085\" data-end=\"2088\" \/>\u2013 nj\u00eb p\u00ebrb\u00ebr\u00ebs anti-oksidant q\u00eb ndihmon n\u00eb mbrojtjen e l\u00ebkur\u00ebs nga radikalet e lira dhe stresit oksidativ; promovon rrezetim t\u00eb fresk\u00ebt dhe elasticitet.<\/p>\n<\/li>\n<\/ul>\n<h3 data-start=\"2282\" data-end=\"2310\">\ud83d\udca7 <strong data-start=\"2289\" data-end=\"2310\">P\u00ebrb\u00ebr\u00ebs hidrant\u00eb<\/strong><\/h3>\n<ul data-start=\"2311\" data-end=\"2718\">\n<li data-start=\"2311\" data-end=\"2411\">\n<p data-start=\"2313\" data-end=\"2411\"><strong data-start=\"2313\" data-end=\"2325\">Glycerin<\/strong> \u2013 ndihmon n\u00eb ruajtjen e lag\u00ebshtis\u00eb n\u00eb l\u00ebkur\u00eb.<\/p>\n<\/li>\n<li data-start=\"2412\" data-end=\"2582\">\n<p data-start=\"2414\" data-end=\"2582\"><strong data-start=\"2414\" data-end=\"2436\">Sodium Hyaluronate<\/strong> \u2013 form\u00eb e acidit hialuronik, q\u00eb ndihmon n\u00eb mbajtjen e lag\u00ebshtis\u00eb dhe b\u00ebn l\u00ebkur\u00ebn m\u00eb t\u00eb but\u00eb dhe t\u00eb mbushur.<\/p>\n<\/li>\n<li data-start=\"2583\" data-end=\"2718\">\n<p data-start=\"2585\" data-end=\"2718\"><strong data-start=\"2585\" data-end=\"2609\">Saccharide Isomerate<\/strong> \u2013 hidratues q\u00eb ndihmon n\u00eb mbajtjen e lag\u00ebshtis\u00eb n\u00eb shtresat e l\u00ebkur\u00ebs.<\/p>\n<\/li>\n<\/ul>\n<h3 data-start=\"2720\" data-end=\"2765\">\ud83c\udf1f <strong data-start=\"2727\" data-end=\"2765\">P\u00ebrb\u00ebr\u00ebs anti-aging dhe mb\u00ebshtet\u00ebs<\/strong><\/h3>\n<ul data-start=\"2766\" data-end=\"3198\">\n<li data-start=\"2766\" data-end=\"2920\">\n<p data-start=\"2768\" data-end=\"2920\"><strong data-start=\"2768\" data-end=\"2796\">Palmitoyl Tetrapeptide-7<\/strong> \u2013 peptide q\u00eb ndihmojn\u00eb n\u00eb p\u00ebrmir\u00ebsimin e elasticitetit dhe reduktimin e rrudhave.<\/p>\n<\/li>\n<li data-start=\"2921\" data-end=\"3052\">\n<p data-start=\"2923\" data-end=\"3052\"><strong data-start=\"2923\" data-end=\"2959\">Coffea Arabica (Coffee) Seed Oil<\/strong> \u2013 anti-oksidant q\u00eb ndihmon n\u00eb mbrojtjen e l\u00ebkur\u00ebs.<\/p>\n<\/li>\n<li data-start=\"3053\" data-end=\"3198\">\n<p data-start=\"3055\" data-end=\"3198\"><strong data-start=\"3055\" data-end=\"3079\">Faex (Yeast Extract)<\/strong> \u2013 ekstrakt i majas\u00eb q\u00eb ndihmon n\u00eb mb\u00ebshtetjen e barrier\u00ebs natyrale t\u00eb l\u00ebkur\u00ebs.<\/p>\n<\/li>\n<\/ul>\n<h3 data-start=\"3200\" data-end=\"3228\">\ud83c\udf4b <strong data-start=\"3207\" data-end=\"3228\">T\u00eb tjer\u00eb p\u00ebrb\u00ebr\u00ebs<\/strong><\/h3>\n<ul data-start=\"3229\" data-end=\"3592\">\n<li data-start=\"3229\" data-end=\"3321\">\n<p data-start=\"3231\" data-end=\"3321\"><strong data-start=\"3231\" data-end=\"3246\">Citric Acid<\/strong> \u2013 ndihmon n\u00eb balancimin e pH-s\u00eb.<\/p>\n<\/li>\n<li data-start=\"3322\" data-end=\"3439\">\n<p data-start=\"3324\" data-end=\"3439\"><strong data-start=\"3324\" data-end=\"3343\">Caprylyl Glycol<\/strong> \u2013 humektant q\u00eb ndihmon n\u00eb ruajtjen e ujit n\u00eb formul\u00eb.<\/p>\n<\/li>\n<li data-start=\"3440\" data-end=\"3592\">\n<p data-start=\"3442\" data-end=\"3592\"><strong data-start=\"3442\" data-end=\"3464\">Parfum (Fragrance)<\/strong> \u2013 arom\u00eb d\u00ebshmuese luksoziteti (mund t\u00eb shkaktoj\u00eb irritim p\u00ebr l\u00ebkur\u00eb shum\u00eb t\u00eb ndjeshme).<\/p>\n<\/li>\n<\/ul>\n<hr data-start=\"3594\" data-end=\"3597\" \/>\n<h2 data-start=\"3599\" data-end=\"3631\">\ud83e\uddf4 <strong data-start=\"3605\" data-end=\"3631\">Si funksionon formula?<\/strong><\/h2>\n<p data-start=\"3633\" data-end=\"3983\">\u2714\ufe0f <strong data-start=\"3636\" data-end=\"3667\">96% \u2013 97% p\u00ebrb\u00ebr\u00ebs natyral\u00eb<\/strong>, me nj\u00eb pjes\u00eb t\u00eb madhe prej tyre t\u00eb nxjerr\u00eb nga <strong data-start=\"3716\" data-end=\"3734\">kamelia e kuqe<\/strong>. <br data-start=\"3775\" data-end=\"3778\" \/>\u2714\ufe0f <strong data-start=\"3781\" data-end=\"3846\">Cil\u00ebsuar si anti-aging serum q\u00eb synon fazat e para t\u00eb plakjes<\/strong>. <br data-start=\"3887\" data-end=\"3890\" \/>\u2714\ufe0f <strong data-start=\"3893\" data-end=\"3914\">Thithje e shpejt\u00eb<\/strong> dhe ndjesi e but\u00eb n\u00eb l\u00ebkur\u00eb.<\/p>\n<h2 data-start=\"3990\" data-end=\"4013\"><strong data-start=\"3997\" data-end=\"4013\">Si p\u00ebrdoret?<\/strong><\/h2>\n<ul data-start=\"4014\" data-end=\"4302\">\n<li data-start=\"4014\" data-end=\"4118\">\n<p data-start=\"4016\" data-end=\"4118\">Aplikoje serumin n\u00eb l\u00ebkur\u00eb t\u00eb past\u00ebr (fytyr\u00eb dhe qaf\u00eb \/ dekolte), m\u00eb mir\u00eb n\u00eb m\u00ebngjes dhe n\u00eb mbr\u00ebmje.<\/p>\n<\/li>\n<li data-start=\"4119\" data-end=\"4183\">\n<p data-start=\"4121\" data-end=\"4183\">Masazho me l\u00ebvizje t\u00eb lehta derisa t\u00eb absorbohet plot\u00ebsisht.<\/p>\n<\/li>\n<li data-start=\"4184\" data-end=\"4302\">\n<p data-start=\"4186\" data-end=\"4302\">Mund t\u00eb p\u00ebrdoret para kremit t\u00eb fytyr\u00ebs si hap i par\u00eb i kujdesit t\u00eb l\u00ebkur\u00ebs.<\/p>\n<\/li>\n<\/ul>\n<hr data-start=\"4304\" data-end=\"4307\" \/>\n<p data-start=\"4351\" data-end=\"4825\">","protected":false},"excerpt":{"rendered":"<p>ZBUT DHE OFRON SHK\u00cbLQIM, P\u00cbR NJ\u00cb L\u00cbKUR\u00cb ME PAMJE M\u00cb T\u00cb RE<\/p>","protected":false},"featured_media":8212,"comment_status":"open","ping_status":"closed","template":"","meta":[],"product_brand":[112],"product_cat":[105],"product_tag":[],"class_list":{"0":"post-8207","1":"product","2":"type-product","3":"status-publish","4":"has-post-thumbnail","6":"product_brand-chanel","7":"product_cat-skincare","10":"instock","11":"sale","12":"shipping-taxable","13":"purchasable","14":"product-type-simple"},"_links":{"self":[{"href":"https:\/\/perleibeauty.com\/sq\/wp-json\/wp\/v2\/product\/8207","targetHints":{"allow":["GET"]}}],"collection":[{"href":"https:\/\/perleibeauty.com\/sq\/wp-json\/wp\/v2\/product"}],"about":[{"href":"https:\/\/perleibeauty.com\/sq\/wp-json\/wp\/v2\/types\/product"}],"replies":[{"embeddable":true,"href":"https:\/\/perleibeauty.com\/sq\/wp-json\/wp\/v2\/comments?post=8207"}],"version-history":[{"count":1,"href":"https:\/\/perleibeauty.com\/sq\/wp-json\/wp\/v2\/product\/8207\/revisions"}],"predecessor-version":[{"id":10065,"href":"https:\/\/perleibeauty.com\/sq\/wp-json\/wp\/v2\/product\/8207\/revisions\/10065"}],"wp:featuredmedia":[{"embeddable":true,"href":"https:\/\/perleibeauty.com\/sq\/wp-json\/wp\/v2\/media\/8212"}],"wp:attachment":[{"href":"https:\/\/perleibeauty.com\/sq\/wp-json\/wp\/v2\/media?parent=8207"}],"wp:term":[{"taxonomy":"product_brand","embeddable":true,"href":"https:\/\/perleibeauty.com\/sq\/wp-json\/wp\/v2\/product_brand?post=8207"},{"taxonomy":"product_cat","embeddable":true,"href":"https:\/\/perleibeauty.com\/sq\/wp-json\/wp\/v2\/product_cat?post=8207"},{"taxonomy":"product_tag","embeddable":true,"href":"https:\/\/perleibeauty.com\/sq\/wp-json\/wp\/v2\/product_tag?post=8207"}],"curies":[{"name":"wp","href":"https:\/\/api.w.org\/{rel}","templated":true}]}}