{"id":7862,"date":"2025-12-19T12:29:33","date_gmt":"2025-12-19T12:29:33","guid":{"rendered":"https:\/\/perleibeauty.com\/?post_type=product&#038;p=7862"},"modified":"2026-04-01T09:40:25","modified_gmt":"2026-04-01T09:40:25","slug":"chanel-le-crayon-khol","status":"publish","type":"product","link":"https:\/\/perleibeauty.com\/sq\/produkt\/chanel-le-crayon-khol\/","title":{"rendered":"CHANEL LE CRAYON KH\u00d4L"},"content":{"rendered":"<h3>CHANEL LE CRAYON KH\u00d4L<\/h3>\n<p>NUANCA: 64 &#8211; GRAPHITE<\/p>\n<p>I p\u00ebrsosur p\u00ebr nj\u00eb efekt t\u00eb tymosur, ky laps i but\u00eb k\u00f4hl intensifikon syt\u00eb p\u00ebr nj\u00eb pamje dramatike.<\/p>\n<p>Nj\u00eb p\u00ebrzierje e ve\u00e7ant\u00eb ngjyrash dhe pigmentesh perlash ofron nj\u00eb vij\u00eb t\u00eb pasur me nj\u00eb p\u00ebrfundim gjysm\u00eb-mat, nd\u00ebrsa dyll\u00ebt me baz\u00eb bimore p\u00ebrmir\u00ebsojn\u00eb fiksimin. I formuluar posa\u00e7\u00ebrisht p\u00ebr t\u00eb rr\u00ebshqitur but\u00ebsisht mbi qepall\u00eb, lapsi \u00ebsht\u00eb gjithashtu i rehatsh\u00ebm p\u00ebr t\u2019u p\u00ebrdorur n\u00eb buz\u00eb t\u00eb syrit. Nj\u00eb mpreh\u00ebs shoq\u00ebrues siguron q\u00eb lapsi t\u00eb jet\u00eb gjithmon\u00eb gati p\u00ebr rreshtim.<\/p>\n<p>Testuar nga oftalmolog\u00ebt dhe i p\u00ebrshtatsh\u00ebm p\u00ebr ata q\u00eb mbajn\u00eb lente kontakti.<\/p>\n<p>Si t\u00eb aplikohet:<br \/>\nAplikoni p\u00ebrgjat\u00eb vijave t\u00eb sip\u00ebrme dhe t\u00eb poshtme t\u00eb qerpik\u00ebve.<\/p>\n<p>Lista e p\u00ebrb\u00ebr\u00ebsve:<\/p>\n<p>VAJ JOJOBA I HIDROGJENUAR | TRIGLICERIDE KAPRILIKE\/KAPRIKE | VAJ FARASH SIMMONDSIA CHINENSIS (JOJOBA) | VAJ PERIMESH I HIDROGJENUAR | GJALP\u00cb BUTYROSPERMUM PARKII (SHEA) | VAJ FARASH SCLEROCARYA BIRREA | VAJ KANOLA | CANDELILLA CERA (EDUHORBIA CERIFERA (CANDELILLA) DYLL) | GLICERIL KAPRILAT | CERA CARNAUBA (COPERNICIA CERIFERA (CARNAUBA) DYLL) | SILICA | TOKOFEROL | VAJ FARASH LULEDIJELLI (HELIANTHUS ANNUUS) | ASKORPIL PALMITAT | ACID CITRIK | [+ \/ &#8211; (MUND T\u00cb P\u00cbRMBAN\u00cb) | CI 75470 (KARMIN\u00cb) | CI 77000 (PLUHUR ALUMINI) | CI 77007 (ULTRAMARINA) | CI 77163 (OKSIKLORUR BIZMUTI) | CI 77288 (OKSID KROMIUMI I GJELB\u00cbR) | CI 77491, | CI 77492, | CI 77499 (OKSIDE HEKURI) | CI 77510 (FEROCIANIDI I FERRIT AMONIUM) | CI 77510 (FEROCIANIDI I FERRIT) | CI 77742 (VIOLETA MANGANEZI) | CI 77891 (DIOKSID TITANIUM) | MIKE] | IL61A-III<\/p>\n","protected":false},"excerpt":{"rendered":"<h3>CHANEL LE CRAYON KH\u00d4L<\/h3>\n<p>NUANCA: 64 &#8211; GRAPHITE<\/p>\n<p>I p\u00ebrsosur p\u00ebr nj\u00eb efekt t\u00eb tymosur, ky laps i but\u00eb k\u00f4hl intensifikon syt\u00eb p\u00ebr nj\u00eb pamje dramatike.<\/p>\n<p>Nj\u00eb p\u00ebrzierje e ve\u00e7ant\u00eb ngjyrash dhe pigmentesh perlash ofron nj\u00eb vij\u00eb t\u00eb pasur me nj\u00eb p\u00ebrfundim gjysm\u00eb-mat, nd\u00ebrsa dyll\u00ebt me baz\u00eb bimore p\u00ebrmir\u00ebsojn\u00eb fiksimin. I formuluar posa\u00e7\u00ebrisht p\u00ebr t\u00eb rr\u00ebshqitur but\u00ebsisht mbi qepall\u00eb, lapsi \u00ebsht\u00eb gjithashtu i rehatsh\u00ebm p\u00ebr t\u2019u p\u00ebrdorur n\u00eb buz\u00eb t\u00eb syrit. Nj\u00eb mpreh\u00ebs shoq\u00ebrues siguron q\u00eb lapsi t\u00eb jet\u00eb gjithmon\u00eb gati p\u00ebr rreshtim.<\/p>","protected":false},"featured_media":7865,"comment_status":"open","ping_status":"closed","template":"","meta":[],"product_brand":[112],"product_cat":[162,96],"product_tag":[],"class_list":{"0":"post-7862","1":"product","2":"type-product","3":"status-publish","4":"has-post-thumbnail","6":"product_brand-chanel","7":"product_cat-eye-liner","8":"product_cat-makeup","11":"instock","12":"shipping-taxable","13":"purchasable","14":"product-type-simple"},"_links":{"self":[{"href":"https:\/\/perleibeauty.com\/sq\/wp-json\/wp\/v2\/product\/7862","targetHints":{"allow":["GET"]}}],"collection":[{"href":"https:\/\/perleibeauty.com\/sq\/wp-json\/wp\/v2\/product"}],"about":[{"href":"https:\/\/perleibeauty.com\/sq\/wp-json\/wp\/v2\/types\/product"}],"replies":[{"embeddable":true,"href":"https:\/\/perleibeauty.com\/sq\/wp-json\/wp\/v2\/comments?post=7862"}],"version-history":[{"count":1,"href":"https:\/\/perleibeauty.com\/sq\/wp-json\/wp\/v2\/product\/7862\/revisions"}],"predecessor-version":[{"id":9865,"href":"https:\/\/perleibeauty.com\/sq\/wp-json\/wp\/v2\/product\/7862\/revisions\/9865"}],"wp:featuredmedia":[{"embeddable":true,"href":"https:\/\/perleibeauty.com\/sq\/wp-json\/wp\/v2\/media\/7865"}],"wp:attachment":[{"href":"https:\/\/perleibeauty.com\/sq\/wp-json\/wp\/v2\/media?parent=7862"}],"wp:term":[{"taxonomy":"product_brand","embeddable":true,"href":"https:\/\/perleibeauty.com\/sq\/wp-json\/wp\/v2\/product_brand?post=7862"},{"taxonomy":"product_cat","embeddable":true,"href":"https:\/\/perleibeauty.com\/sq\/wp-json\/wp\/v2\/product_cat?post=7862"},{"taxonomy":"product_tag","embeddable":true,"href":"https:\/\/perleibeauty.com\/sq\/wp-json\/wp\/v2\/product_tag?post=7862"}],"curies":[{"name":"wp","href":"https:\/\/api.w.org\/{rel}","templated":true}]}}