{"id":7821,"date":"2025-12-19T11:01:39","date_gmt":"2025-12-19T11:01:39","guid":{"rendered":"https:\/\/perleibeauty.com\/?post_type=product&#038;p=7821"},"modified":"2026-04-01T09:40:52","modified_gmt":"2026-04-01T09:40:52","slug":"charlotte-tilbury-luxury-palette-pillow-talk","status":"publish","type":"product","link":"https:\/\/perleibeauty.com\/sq\/produkt\/charlotte-tilbury-luxury-palette-pillow-talk\/","title":{"rendered":"CHARLOTTE TILBURY LUXURY PALETTE PILLOW TALK DREAMS"},"content":{"rendered":"<h3>CHARLOTTE TILBURY<\/h3>\n<h3>LUXURY PALETTE PILLOW TALK DREAMS<\/h3>\n<p>NUANCA: PILLOW TALK DREAMS<\/p>\n<p>Paleta IKONE Luksoze n\u00eb Pillow Talk, nj\u00eb palet\u00eb hijesh sysh universalisht t\u00ebrheq\u00ebse e frym\u00ebzuar nga lapsi im i buz\u00ebve Pillow Talk Original Lip Cheat, i FAMSH\u00cbM N\u00cb BOT\u00cb, M\u00cb I SHITUR, dhe buz\u00ebkuqi Matte Revolution!<\/p>\n<p>Kjo palet\u00eb\u00a0 sysh ngjyre roz\u00eb nude, e leht\u00eb p\u00ebr t\u2019u zgjedhur dhe p\u00ebrdorur, p\u00ebrmban kat\u00ebr nuanca t\u00eb koduara me ngjyra, nga roz\u00eb perle dhe roz\u00eb e err\u00ebt mat deri te kafe e but\u00eb mat dhe ari roz\u00eb i shndritsh\u00ebm p\u00ebr t&#8217;u dh\u00ebn\u00eb syve EFEKTIN tim karakteristik PILLOW TALK! \u00cbsht\u00eb sekreti p\u00ebr nj\u00eb shikim \u00cbND\u00cbRRAR dhe t\u00eb BUKUR Pillow Talk!<\/p>\n<p>\u00cbSHT\u00cb IKONE! Nuk \u00ebsht\u00eb vet\u00ebm nj\u00eb ngjyr\u00eb, Pillow Talk \u00ebsht\u00eb nj\u00eb BOT\u00cb ZBUKURUESE p\u00ebr t\u00eb b\u00ebr\u00eb \u00ebndrrat tuaja t\u00eb bukuris\u00eb REALITET! \u00cbsht\u00eb NUANCA PERFEKTE E GJITH\u00cbVE p\u00ebr \u00e7do moment &#8211; nga nj\u00eb pamje e but\u00eb dhe \u00ebnd\u00ebrrimtare p\u00ebr dit\u00ebn ose e p\u00ebrgatitur p\u00ebr diskotek\u00eb! Bleni koleksionin e plot\u00eb k\u00ebtu, t\u00eb dashura!<br \/>\n\u00c7do nuanc\u00eb me tekstur\u00eb t\u00eb pasur n\u00eb k\u00ebt\u00eb Palet\u00eb Luksoze Hijesh Syri \u00ebsht\u00eb formuluar p\u00ebr t\u00eb rr\u00ebshqitur bukur, duke kapur drit\u00ebn p\u00ebr t\u00eb krijuar shk\u00eblqimin ikonik Tilbury Glow.<br \/>\nNuanca mat SMOKE kombinon intensitet t\u00eb thell\u00eb me but\u00ebsi ekstreme. E bluar im\u00ebt p\u00ebr nj\u00eb ndjesi prej kadifeje, si l\u00ebng, ajo p\u00ebrzihet bukur p\u00ebr nj\u00eb kontur josh\u00ebs.<br \/>\nNuancat metalike t\u00eb shndritshme PRIME dhe ENHANCE p\u00ebrdorin teknologjin\u00eb magjike t\u00eb veshjes s\u00eb dyfisht\u00eb p\u00ebr t\u00eb krijuar nj\u00eb shk\u00eblqim t\u00eb shndritsh\u00ebm q\u00eb shkrihet si krem, duke ofruar shk\u00eblqim ngjyre vet\u00ebm me nj\u00eb l\u00ebvizje.<br \/>\nNuanca e gjall\u00eb POP me perla shum\u00eb-reflektuese jep nj\u00eb shk\u00eblqim josh\u00ebs dhe nj\u00eb ndjesi luksoze t\u00eb l\u00ebkur\u00ebs.<br \/>\nParaqitur n\u00eb m\u00ebnyr\u00eb perfekte n\u00eb paketimin Pillow Talk t\u00eb LEHT\u00cb P\u00cbR T&#8217;U DHURATUR, t\u00eb koleksionuesh\u00ebm, t\u00eb shtypur me modelin ikonik, \u00cbND\u00cbRRAR, t\u00eb qepur me ngjyr\u00eb roz\u00eb!<\/p>\n<p>\u00c7do nuanc\u00eb me tekstur\u00eb t\u00eb pasur n\u00eb k\u00ebt\u00eb Palet\u00eb Luksoze Hijesh Syri \u00ebsht\u00eb formuluar p\u00ebr t\u00eb rr\u00ebshqitur bukur, duke kapur drit\u00ebn p\u00ebr t\u00eb krijuar shk\u00eblqimin ikonik Tilbury Glow.<br \/>\nNuanca mat SMOKE kombinon intensitet t\u00eb thell\u00eb me but\u00ebsi ekstreme. E bluar im\u00ebt p\u00ebr nj\u00eb efekt shqisor prej kadifeje, si l\u00ebng, ajo p\u00ebrzihet bukur p\u00ebr nj\u00eb kontur josh\u00ebs.<br \/>\nNuancat metalike t\u00eb shndritshme PRIME dhe ENHANCE p\u00ebrdorin teknologjin\u00eb magjike t\u00eb veshjes s\u00eb dyfisht\u00eb p\u00ebr t\u00eb krijuar nj\u00eb shk\u00eblqim t\u00eb shndritsh\u00ebm q\u00eb shkrihet si krem, duke ofruar shk\u00eblqim ngjyre vet\u00ebm me nj\u00eb l\u00ebvizje.<br \/>\nNuanca e gjall\u00eb POP me perla shum\u00eb-reflektuese jep nj\u00eb shk\u00eblqim josh\u00ebs dhe nj\u00eb ndjesi luksoze t\u00eb l\u00ebkur\u00ebs.<br \/>\nT\u00eb paraqitura n\u00eb m\u00ebnyr\u00eb perfekte n\u00eb paketimin Pillow Talk t\u00eb koleksionuesh\u00ebm, t\u00eb LEHT\u00cb P\u00cbR T&#8217;U DHURATUR, t\u00eb shtypur me modelin ikonik, \u00cbND\u00cbRRAR, t\u00eb qepur me kupol\u00eb roz\u00eb!<br \/>\nPerla shum\u00eb-reflektuese &#8211; t\u00eb p\u00ebrzgjedhura p\u00ebr efektet e tyre t\u00eb jasht\u00ebzakonshme t\u00eb shk\u00eblqimit, ato i japin hijes s\u00eb syve jet\u00eb duke ofruar efekte t\u00ebrheq\u00ebse p\u00ebr syrin fal\u00eb reflektimit t\u00eb tyre t\u00eb shk\u00eblqyer shum\u00ebfaq\u00ebsh si pasqyr\u00eb.<br \/>\nEsteri me shk\u00eblqim shton nj\u00eb shk\u00eblqim magjik n\u00eb pigmente dhe nj\u00eb ndjesi t\u00eb but\u00eb dhe t\u00eb m\u00ebndafsht\u00eb.<br \/>\nPigmente t\u00eb veshura &#8211; p\u00ebr nj\u00eb shk\u00eblqim ngjyre kremoze dhe intensive dhe nj\u00eb efekt mat 3D!!<\/p>\n<p>LISTA E PLOT\u00cb E P\u00cbRB\u00cbR\u00cbSVE:<\/p>\n<p>P\u00cbRB\u00cbR\u00cbSIT KRYESOR\u00cb: TALK, MIK\u00cb, DIMETIKON, STEARAT OKTILDODECIL STEAROIL, STEARAT ZINKU, NISESHTE MISRI (ZEA MAYS), SILICA, PENTAERITRITIL TETRAIZOSTEARAT, SORBAT KALIUMI, KLORFENEZIN\u00cb, EDTA TETRASODIUMI, OKSID KALLAJI, DIOKSID TITANIUMI (CI 77891), OKSIDE HEKURI (CI 77491, CI 77492, CI 77499), ULTRAMARINA (CI 77007), KARMIN\u00cb (CI 75470).<\/p>\n<p>P\u00cbRB\u00cbR\u00cbS P\u00cbR P\u00cbRMIR\u00cbSIMIN DHE TYMOJN\u00cb: TALK, STEARAT ZINKU, DIMETIKON, MIK\u00cb, NISESHTE MISRI (ZEA MAYS), SILICA, PENTAERITRITIL TETRAIZOSTEARAT, STEARAT OKTILDODECIL STEAROIL, SORBAT KALIUMI, KLORFENEZIN\u00cb, TETRASODIUM EDTA, BOROSILIKAT ALUMINI KALCIUMI, OKSID KLAJI, [MUND T\u00cb P\u00cbRMBAN\u00cb\/MUND T\u00cb P\u00cbRMBAN\u00cb (+\/-): DIOKSID TITANIUMI (CI 77891), OKSIDE HEKURI (CI 77491, CI 77492, CI 77499), KARMIN\u00cb (CI 75470), ULTRAMARINA (CI 77007)]. P\u00cbRB\u00cbR\u00cbSIT POP: BOROSILIKAT KALCIUMI DHE NATRIUMI, TALK, MALATI DIZOSTEARIL, TRIGLICERID KAPRILIK\/KAPRIK, MIKE, HIDROKSISTEARAT I HIDROCIS\u00cb S\u00cb VAJIT T\u00cb KASTORIT T\u00cb HIDROGJENUAR, 1,2-HEKSANDIOLI, KAPRILIL GLIKOL, KLORFENEZIN\u00cb, SORBAT KALIUMI, EDTA TETRASODIUMI, SILICA, OKSID KALLAJI, DIOKSID TITANIUMI (CI 77891), OKSIDET E HEKURIT (CI 77491, CI 77492), KARMIN\u00cb (CI 75470), PLUHUR BAKRI (CI 77400).<\/p>\n<p>\u00c7do nuanc\u00eb me tekstur\u00eb t\u00eb pasur n\u00eb k\u00ebt\u00eb Palet\u00eb Luksoze Hijesh Sysh \u00ebsht\u00eb formuluar p\u00ebr t\u00eb rr\u00ebshqitur bukur, duke kapur drit\u00ebn p\u00ebr t\u00eb krijuar shk\u00eblqimin ikonik Tilbury Glow.<br \/>\nNuanca mat SMOKE kombinon intensitetin e thell\u00eb me but\u00ebsi ekstreme. E bluar im\u00ebt p\u00ebr nj\u00eb efekt shqisor prej kadifeje, si l\u00ebng, ajo p\u00ebrzihet bukur p\u00ebr nj\u00eb kontur josh\u00ebs.<br \/>\nNuancat metalike t\u00eb shndritshme PRIME dhe ENHANCE p\u00ebrdorin teknologjin\u00eb magjike t\u00eb veshjes s\u00eb dyfisht\u00eb p\u00ebr t\u00eb krijuar nj\u00eb shk\u00eblqim t\u00eb shndritsh\u00ebm q\u00eb shkrihet si krem, duke ofruar shk\u00eblqim ngjyre vet\u00ebm me nj\u00eb l\u00ebvizje.<br \/>\nNuanca e gjall\u00eb POP me perla shum\u00eb-reflektuese jep nj\u00eb shk\u00eblqim josh\u00ebs dhe nj\u00eb ndjesi luksoze t\u00eb l\u00ebkur\u00ebs.<br \/>\nT\u00eb paraqitura n\u00eb m\u00ebnyr\u00eb perfekte n\u00eb paketimin Pillow Talk t\u00eb koleksionuesh\u00ebm, t\u00eb LEHT\u00cb P\u00cbR T&#8217;U DHURATUR, t\u00eb shtypur me modelin ikonik, \u00cbND\u00cbRRAR, t\u00eb qepur me kupol\u00eb roz\u00eb!<br \/>\nPerla shum\u00eb-reflektuese &#8211; t\u00eb p\u00ebrzgjedhura p\u00ebr efektet e tyre t\u00eb jasht\u00ebzakonshme t\u00eb shk\u00eblqimit, ato i japin hijes s\u00eb syve jet\u00eb duke ofruar efekte t\u00ebrheq\u00ebse p\u00ebr syrin fal\u00eb reflektimit t\u00eb tyre t\u00eb shk\u00eblqyer shum\u00ebfaq\u00ebsh si pasqyr\u00eb.<br \/>\nEsteri me shk\u00eblqim shton nj\u00eb shk\u00eblqim magjik n\u00eb pigmente dhe nj\u00eb ndjesi t\u00eb but\u00eb dhe t\u00eb m\u00ebndafsht\u00eb.<br \/>\nPigmente t\u00eb veshura &#8211; p\u00ebr nj\u00eb shk\u00eblqim ngjyre kremoze dhe intensive dhe nj\u00eb efekt mat 3D!! LISTA E PLOT\u00cb E P\u00cbRB\u00cbR\u00cbSVE:<\/p>\n<p>P\u00cbRB\u00cbR\u00cbSIT KRYESOR\u00cb: TALK, MIK\u00cb, DIMETIKON, STEARAT OKTILDODECIL STEAROIL, STEARAT ZINKU, NISESHTE MISRI (ZEA MAYS), SILIC\u00cb, PENTAERITRITIL TETRAIZOSTE<\/p>\n","protected":false},"excerpt":{"rendered":"<h3>CHARLOTTE TILBURY<\/h3>\n<h3>LUXURY PALETTE PILLOW TALK<\/h3>\n<p>NUANCA: PILLOW TALK DREAMS<\/p>\n<p>Paleta IKONE Luksoze n\u00eb Pillow Talk, nj\u00eb palet\u00eb hijesh sysh universalisht t\u00ebrheq\u00ebse e frym\u00ebzuar nga lapsi im i buz\u00ebve Pillow Talk Original Lip Cheat, i FAMSH\u00cbM N\u00cb BOT\u00cb, M\u00cb I SHITUR, dhe buz\u00ebkuqi Matte Revolution!<\/p>","protected":false},"featured_media":9990,"comment_status":"open","ping_status":"closed","template":"","meta":[],"product_brand":[106],"product_cat":[103,149,132,96,179],"product_tag":[],"class_list":{"0":"post-7821","1":"product","2":"type-product","3":"status-publish","4":"has-post-thumbnail","6":"product_brand-charlotte-tilbury","7":"product_cat-best-seller","8":"product_cat-eyeshadow-p","9":"product_cat-gift-ideas","10":"product_cat-makeup","11":"product_cat-new-colletion","14":"instock","15":"shipping-taxable","16":"purchasable","17":"product-type-simple"},"_links":{"self":[{"href":"https:\/\/perleibeauty.com\/sq\/wp-json\/wp\/v2\/product\/7821","targetHints":{"allow":["GET"]}}],"collection":[{"href":"https:\/\/perleibeauty.com\/sq\/wp-json\/wp\/v2\/product"}],"about":[{"href":"https:\/\/perleibeauty.com\/sq\/wp-json\/wp\/v2\/types\/product"}],"replies":[{"embeddable":true,"href":"https:\/\/perleibeauty.com\/sq\/wp-json\/wp\/v2\/comments?post=7821"}],"version-history":[{"count":1,"href":"https:\/\/perleibeauty.com\/sq\/wp-json\/wp\/v2\/product\/7821\/revisions"}],"predecessor-version":[{"id":9862,"href":"https:\/\/perleibeauty.com\/sq\/wp-json\/wp\/v2\/product\/7821\/revisions\/9862"}],"wp:featuredmedia":[{"embeddable":true,"href":"https:\/\/perleibeauty.com\/sq\/wp-json\/wp\/v2\/media\/9990"}],"wp:attachment":[{"href":"https:\/\/perleibeauty.com\/sq\/wp-json\/wp\/v2\/media?parent=7821"}],"wp:term":[{"taxonomy":"product_brand","embeddable":true,"href":"https:\/\/perleibeauty.com\/sq\/wp-json\/wp\/v2\/product_brand?post=7821"},{"taxonomy":"product_cat","embeddable":true,"href":"https:\/\/perleibeauty.com\/sq\/wp-json\/wp\/v2\/product_cat?post=7821"},{"taxonomy":"product_tag","embeddable":true,"href":"https:\/\/perleibeauty.com\/sq\/wp-json\/wp\/v2\/product_tag?post=7821"}],"curies":[{"name":"wp","href":"https:\/\/api.w.org\/{rel}","templated":true}]}}