{"id":7811,"date":"2025-12-19T10:47:10","date_gmt":"2025-12-19T10:47:10","guid":{"rendered":"https:\/\/perleibeauty.com\/?post_type=product&#038;p=7811"},"modified":"2026-04-01T12:26:49","modified_gmt":"2026-04-01T12:26:49","slug":"laura-mercier-translucent-pure-setting-spray","status":"publish","type":"product","link":"https:\/\/perleibeauty.com\/sq\/produkt\/laura-mercier-translucent-pure-setting-spray\/","title":{"rendered":"LAURA MERCIER TRANSLUCENT PURE SETTING SPRAY"},"content":{"rendered":"<h3>LAURA MERCIER<\/h3>\n<h3>TRANSLUCENT PURE SETTING SPRAY<\/h3>\n<p>SASIA: 100 ML<\/p>\n<p>Mbajeni grimin t\u00eb duket i sapo aplikuar me Laura Mercier Translucent Pure Setting Spray, nj\u00eb sprej ushqyes fiksues q\u00eb funksionon pa e r\u00ebnduar ose ngjitur l\u00ebkur\u00ebn.<\/p>\n<p>Ky sprej fiksues shum\u00ebfunksional \u00ebsht\u00eb i pasuruar me p\u00ebrb\u00ebr\u00ebs p\u00ebr kujdesin e l\u00ebkur\u00ebs p\u00ebr t\u00eb ndihmuar n\u00eb ushqyerjen e l\u00ebkur\u00ebs. Formula me 12 p\u00ebrb\u00ebr\u00ebs p\u00ebrfshin nj\u00eb matric\u00eb me origjin\u00eb bimore p\u00ebr t\u00eb ndihmuar n\u00eb mbrojtjen e l\u00ebkur\u00ebs nga ndot\u00ebsit, nd\u00ebrsa ekstrakti i lules s\u00eb bardh\u00eb t\u00eb purslan\u00ebs dhe uji i mbushur me glicerin\u00eb qet\u00ebsojn\u00eb, freskojn\u00eb dhe hidratojn\u00eb l\u00ebkur\u00ebn.<\/p>\n<p>Tekstura mikro-fine e sprejit e mbulon l\u00ebkur\u00ebn me nj\u00eb prekje t\u00eb padukshme dhe t\u00eb leht\u00eb. Duke vepruar pa e shtr\u00ebnguar, ngjitur ose njollosur l\u00ebkur\u00ebn, ai siguron kontroll t\u00eb dep\u00ebrtimit t\u00eb yndyr\u00ebs gjat\u00eb gjith\u00eb dit\u00ebs p\u00ebr t\u00eb ndihmuar n\u00eb parandalimin e shk\u00eblqimit. Ai e fikson grimin deri n\u00eb 16 or\u00eb, k\u00ebshtu q\u00eb nuk k\u00ebrkohen ndryshime q\u00eb grimi t\u00eb ket\u00eb nj\u00eb pamje t\u00eb sapo aplikuar.<\/p>\n<p>&nbsp;<\/p>\n<p>P\u00cbRFITIMET KRYESORE<br \/>\nFiton grimin deri n\u00eb 16 or\u00eb<br \/>\nSprej pa pesh\u00eb, mikro-i im\u00ebt<br \/>\nNdihmon n\u00eb kontrollin e yndyr\u00ebs dhe shk\u00eblqimit<br \/>\nMban grimin t\u00eb duket i gjall\u00eb dhe i sapo aplikuar<br \/>\nHidraton dhe ushqen l\u00ebkur\u00ebn<br \/>\nPa ngusht\u00ebsi, ngjitje, njolla ose mbetje<\/p>\n<p>INGREDIENTET:<\/p>\n<p>AQUA\/WATER\/EAU, NISESHTE HIDROKSIPROPIL, BUTILENE GLIKOL, KOPOLIMER ACRYLATES AMONIUM, KAPRILIL GLIKOL, GLICERIL KAPRILAT, GLICERIN\u00cb, EKSTRAKT PORTULACA OLERACEA, ETILHEKSILGLICERIN\u00cb, DIPROPILEN GLIKOL, TRIDECETH-6 FOSFAT, FENOKSIETANOLI.<\/p>\n<p>SI TA APLIKOJME:<\/p>\n<p>P\u00ebrdoreni si hapin e fundit t\u00eb rutin\u00ebs suaj t\u00eb grimit, p\u00ebr t\u00eb fiksuar grimin deri n\u00eb 16 or\u00eb t\u00eb rehatshme. Tundeni mir\u00eb shishen dhe mbajeni 25 cm larg fytyr\u00ebs. Mbyllni syt\u00eb dhe sp\u00ebrkatni l\u00ebkur\u00ebn 1-3 her\u00eb n\u00eb nj\u00eb model oval, duke filluar nga pjesa e jashtme e fytyr\u00ebs dhe duke punuar drejt qendr\u00ebs.<\/p>\n<p>E njohur p\u00ebr krijimin e &#8216;fytyr\u00ebs pa t\u00eb meta&#8217;, Laura Mercier \u00ebsht\u00eb nj\u00eb artiste grimi me fam\u00eb bot\u00ebrore dhe krijuese e linj\u00ebs s\u00eb saj t\u00eb kozmetik\u00ebs, kujdesit p\u00ebr l\u00ebkur\u00ebn, trupit dhe banj\u00ebs, si dhe parfumeve me t\u00eb nj\u00ebjtin em\u00ebr. Koleksioni i saj \u00ebsht\u00eb krijuar p\u00ebr gra t\u00eb t\u00eb gjitha moshave dhe llojeve t\u00eb l\u00ebkur\u00ebs dhe krenohet me disa produkte t\u00eb vler\u00ebsuara me \u00e7mime, p\u00ebrfshir\u00eb pluhurin transparent Laura Mercier, i cili \u00ebsht\u00eb cil\u00ebsuar si nj\u00eb nga t\u00eb preferuarit e fansave gjat\u00eb viteve.<\/p>","protected":false},"excerpt":{"rendered":"<h3>LAURA MERCIER<\/h3>\n<h3>TRANSLUCENT PURE SETTING SPRAY<\/h3>\n<p>SASIA: 100 ML<\/p>\n<p>Mbajeni grimin t\u00eb duket i sapo aplikuar me Laura Mercier Translucent Pure Setting Spray, nj\u00eb sprej ushqyes fiksues q\u00eb funksionon pa e r\u00ebnduar ose ngjitur l\u00ebkur\u00ebn.<\/p>\n<p>Ky sprej fiksues shum\u00ebfunksional \u00ebsht\u00eb i pasuruar me p\u00ebrb\u00ebr\u00ebs p\u00ebr kujdesin e l\u00ebkur\u00ebs p\u00ebr t\u00eb ndihmuar n\u00eb ushqyerjen e l\u00ebkur\u00ebs. Formula me 12 p\u00ebrb\u00ebr\u00ebs p\u00ebrfshin nj\u00eb matric\u00eb me origjin\u00eb bimore p\u00ebr t\u00eb ndihmuar n\u00eb mbrojtjen e l\u00ebkur\u00ebs nga ndot\u00ebsit, nd\u00ebrsa ekstrakti i lules s\u00eb bardh\u00eb t\u00eb purslan\u00ebs dhe uji i mbushur me glicerin\u00eb qet\u00ebsojn\u00eb, freskojn\u00eb dhe hidratojn\u00eb l\u00ebkur\u00ebn.<\/p>","protected":false},"featured_media":7813,"comment_status":"open","ping_status":"closed","template":"","meta":[],"product_brand":[152],"product_cat":[103,96,179,147],"product_tag":[],"class_list":{"0":"post-7811","1":"product","2":"type-product","3":"status-publish","4":"has-post-thumbnail","6":"product_brand-laura-mercier","7":"product_cat-best-seller","8":"product_cat-makeup","9":"product_cat-new-colletion","10":"product_cat-setting-spray","13":"instock","14":"shipping-taxable","15":"purchasable","16":"product-type-simple"},"_links":{"self":[{"href":"https:\/\/perleibeauty.com\/sq\/wp-json\/wp\/v2\/product\/7811","targetHints":{"allow":["GET"]}}],"collection":[{"href":"https:\/\/perleibeauty.com\/sq\/wp-json\/wp\/v2\/product"}],"about":[{"href":"https:\/\/perleibeauty.com\/sq\/wp-json\/wp\/v2\/types\/product"}],"replies":[{"embeddable":true,"href":"https:\/\/perleibeauty.com\/sq\/wp-json\/wp\/v2\/comments?post=7811"}],"version-history":[{"count":1,"href":"https:\/\/perleibeauty.com\/sq\/wp-json\/wp\/v2\/product\/7811\/revisions"}],"predecessor-version":[{"id":9861,"href":"https:\/\/perleibeauty.com\/sq\/wp-json\/wp\/v2\/product\/7811\/revisions\/9861"}],"wp:featuredmedia":[{"embeddable":true,"href":"https:\/\/perleibeauty.com\/sq\/wp-json\/wp\/v2\/media\/7813"}],"wp:attachment":[{"href":"https:\/\/perleibeauty.com\/sq\/wp-json\/wp\/v2\/media?parent=7811"}],"wp:term":[{"taxonomy":"product_brand","embeddable":true,"href":"https:\/\/perleibeauty.com\/sq\/wp-json\/wp\/v2\/product_brand?post=7811"},{"taxonomy":"product_cat","embeddable":true,"href":"https:\/\/perleibeauty.com\/sq\/wp-json\/wp\/v2\/product_cat?post=7811"},{"taxonomy":"product_tag","embeddable":true,"href":"https:\/\/perleibeauty.com\/sq\/wp-json\/wp\/v2\/product_tag?post=7811"}],"curies":[{"name":"wp","href":"https:\/\/api.w.org\/{rel}","templated":true}]}}