{"id":7793,"date":"2025-12-18T11:39:42","date_gmt":"2025-12-18T11:39:42","guid":{"rendered":"https:\/\/perleibeauty.com\/?post_type=product&#038;p=7793"},"modified":"2026-04-02T10:15:03","modified_gmt":"2026-04-02T10:15:03","slug":"vichy-neovadiol-peri-menopause-plumping-day-cream","status":"publish","type":"product","link":"https:\/\/perleibeauty.com\/sq\/produkt\/vichy-neovadiol-peri-menopause-plumping-day-cream\/","title":{"rendered":"VICHY NEOVADIOL PERI-MENOPAUSE PLUMPING DAY CREAM"},"content":{"rendered":"<h3>VICHY<\/h3>\n<h3 class=\"product-info__name\"><span class=\"heading-xl\">NEOVADIOL <\/span><span class=\"heading-xl-em\">PERI-MENOPAUSE PLUMPING DAY CREAM <\/span><\/h3>\n<h3 class=\"product-info__name\"><span class=\"heading-xl-em\">FOR NORMAL TO COMBINATION SKIN\u00a0<\/span><\/h3>\n<p>SASIA: 50ML<\/p>\n<p>P\u00cbRSHKRIMI<br \/>\nM\u00eb shum\u00eb se 80% e grave p\u00ebrjetojn\u00eb afshe t\u00eb nxehta si pjes\u00eb e simptomave fizike t\u00eb shoq\u00ebruara me menopauz\u00ebn.<\/p>\n<p>I kombinuar me djersitjet e shoq\u00ebruara gjat\u00eb nat\u00ebs dhe uljen e p\u00ebrgjithshme t\u00eb prodhimit t\u00eb kolagjenit, l\u00ebkura mund t\u00eb b\u00ebhet e that\u00eb, e tendosur dhe e pak\u00ebndshme.<\/p>\n<p>Kremi i Nat\u00ebs Neovadiol Perimenopause Redensifying Revitalizing ndihmon n\u00eb qet\u00ebsim; me vetit\u00eb ftoh\u00ebse, ky krem \u200b\u200bn\u00eb form\u00eb xheli mund t\u00eb ul\u00eb temperatur\u00ebn e l\u00ebkur\u00ebs deri n\u00eb -2.7 grad\u00eb p\u00ebr t\u00eb ndihmuar n\u00eb rehatin\u00eb e l\u00ebkur\u00ebs gjat\u00eb nat\u00ebs.<br \/>\nI formuluar me p\u00ebrb\u00ebr\u00ebs aktiv\u00eb t\u00eb fuqish\u00ebm: proxylane, ekstrakt i far\u00ebs cassia dhe acid hialuronik, i kombinuar me uj\u00eb mineralizues vullkanik Vichy, ky krem \u200b\u200bfreskues zbut pamjen e l\u00ebkur\u00ebs, minimizon pamjen e vijave t\u00eb holla dhe rrit shk\u00eblqimin p\u00ebr t&#8217;u zgjuar me nj\u00eb l\u00ebkur\u00eb t\u00eb rigjall\u00ebruar dhe me pamje t\u00eb sh\u00ebndetshme.<br \/>\nHipoalergjik.<\/p>\n<p>Testuar te grat\u00eb n\u00eb menopauz\u00eb me l\u00ebkur\u00eb t\u00eb ndjeshme.<\/p>\n<p>Testuar n\u00ebn kontroll dermatologjik.<br \/>\nVichy \u00ebsht\u00eb e p\u00ebrkushtuar p\u00ebr t\u00eb mb\u00ebshtetur grat\u00eb gjat\u00eb menopauz\u00ebs, me mbi 20 vjet k\u00ebrkime shkencore mbi ndikimet e menopauz\u00ebs dhe shkenc\u00ebn e sh\u00ebndetit t\u00eb l\u00ebkur\u00ebs.<\/p>\n<p>P\u00ebrb\u00ebr\u00ebsit kryesor\u00eb dermatologjik\u00eb:<br \/>\nProxylane + Ekstrakt i farave Cassia<br \/>\nUj\u00eb vullkanik Vichy<br \/>\nAcid hialuronik<br \/>\nP\u00ebrfitimet kryesore<br \/>\n*Tekstur\u00eb freskuese xhel-krem<br \/>\n*Freskon l\u00ebkur\u00ebn deri n\u00eb -2.7 grad\u00eb p\u00ebr t\u00eb ndihmuar n\u00eb qet\u00ebsimin e saj<br \/>\n*Zvog\u00eblon shfaqjen e rrudhave<br \/>\n*Zgjohuni me nj\u00eb l\u00ebkur\u00eb m\u00eb t\u00eb l\u00ebmuar<br \/>\n*Hidraton dhe rehaton intensivisht l\u00ebkur\u00ebn<\/p>\n<p>P\u00cbRB\u00cbR\u00cbSIT KRYESOR\u00cb<br \/>\nProxylane<br \/>\nPROXYLANE<br \/>\nNiacinamide<br \/>\nNIACINAMIDE<br \/>\nAcid hialuronik<br \/>\nACID HIALURONIK<\/p>\n<p>P\u00cbRB\u00cbRJA<br \/>\nAQUA \/ UJ\u00cb \/ EAU \u2022 GLICERIN\u00cb \u2022 DIMETIKON \u2022 POLIZOBUTEN I HIDROGJENUAR \u2022 NIACINAMIDE \u2022 HIDROKSIPROPIL TETRAHIDROPIRANTRIOLI \u2022 ALKOOL DENAT. \u2022 PROPILEN GLIKOL \u2022 DYLL SINTETIK \u2022 SILIC\u00cb \u2022 PEG-10 DIMETIKON \u2022 DIMETIKON\/PEG-10\/15 KROSPOLIMER \u2022 HIDROKSIETILPIPERAZIN\u00cb ACID ETAN SULFONIK \u2022 CI 15985 \/ E VERDH\u00cb 6 \u2022 CI 77891 \/ DIOKSID TITANI \u2022 POLIAKRILAT NATRIUMI \u2022 HIALURONAT NATRIUMI \u2022 CITRAT NATRIUMI \u2022 ADENOZIN\u00cb \u2022 TOKOFEROL \u2022 KARBONAT PROPILENI \u2022 HIDROKSIACETOFENON \u2022 KAPRILIL GLIKOL \u2022 DIPROPILEN GLIKOL \u2022 POLISAKARID I FARAVE T\u00cb CASSIA ANGUSTIFOLIA \u2022 DISUKSINAT I ETILENEDIAMIN\u00cbS S\u00cb TRISODIUMIT \u2022 HEKTORIT DISTEARDIMONIUM \u2022 FLUORFLOGOPIT SINTETIK \u2022 PARFUM \/ AROM\u00cb<\/p>","protected":false},"excerpt":{"rendered":"<h3>VICHY<\/h3>\n<h3 class=\"product-info__name\"><span class=\"heading-xl\">NEOVADIOL <\/span><span class=\"heading-xl-em\">PERI-MENOPAUSE PLUMPING DAY CREAM <\/span><\/h3>\n<h3 class=\"product-info__name\"><span class=\"heading-xl-em\">FOR NORMAL TO COMBINATION SKIN\u00a0<\/span><\/h3>\n<p>SASIA: 50ML<\/p>\n<p>P\u00cbRSHKRIMI<br \/>\nM\u00eb shum\u00eb se 80% e grave p\u00ebrjetojn\u00eb afshe t\u00eb nxehta si pjes\u00eb e simptomave fizike t\u00eb shoq\u00ebruara me menopauz\u00ebn.<\/p>\n<p>I kombinuar me djersitjet e shoq\u00ebruara gjat\u00eb nat\u00ebs dhe uljen e p\u00ebrgjithshme t\u00eb prodhimit t\u00eb kolagjenit, l\u00ebkura mund t\u00eb b\u00ebhet e that\u00eb, e tendosur dhe e pak\u00ebndshme.<\/p>","protected":false},"featured_media":7802,"comment_status":"open","ping_status":"closed","template":"","meta":[],"product_brand":[173],"product_cat":[105],"product_tag":[],"class_list":{"0":"post-7793","1":"product","2":"type-product","3":"status-publish","4":"has-post-thumbnail","6":"product_brand-vichy","7":"product_cat-skincare","10":"instock","11":"shipping-taxable","12":"purchasable","13":"product-type-simple"},"_links":{"self":[{"href":"https:\/\/perleibeauty.com\/sq\/wp-json\/wp\/v2\/product\/7793","targetHints":{"allow":["GET"]}}],"collection":[{"href":"https:\/\/perleibeauty.com\/sq\/wp-json\/wp\/v2\/product"}],"about":[{"href":"https:\/\/perleibeauty.com\/sq\/wp-json\/wp\/v2\/types\/product"}],"replies":[{"embeddable":true,"href":"https:\/\/perleibeauty.com\/sq\/wp-json\/wp\/v2\/comments?post=7793"}],"version-history":[{"count":1,"href":"https:\/\/perleibeauty.com\/sq\/wp-json\/wp\/v2\/product\/7793\/revisions"}],"predecessor-version":[{"id":10099,"href":"https:\/\/perleibeauty.com\/sq\/wp-json\/wp\/v2\/product\/7793\/revisions\/10099"}],"wp:featuredmedia":[{"embeddable":true,"href":"https:\/\/perleibeauty.com\/sq\/wp-json\/wp\/v2\/media\/7802"}],"wp:attachment":[{"href":"https:\/\/perleibeauty.com\/sq\/wp-json\/wp\/v2\/media?parent=7793"}],"wp:term":[{"taxonomy":"product_brand","embeddable":true,"href":"https:\/\/perleibeauty.com\/sq\/wp-json\/wp\/v2\/product_brand?post=7793"},{"taxonomy":"product_cat","embeddable":true,"href":"https:\/\/perleibeauty.com\/sq\/wp-json\/wp\/v2\/product_cat?post=7793"},{"taxonomy":"product_tag","embeddable":true,"href":"https:\/\/perleibeauty.com\/sq\/wp-json\/wp\/v2\/product_tag?post=7793"}],"curies":[{"name":"wp","href":"https:\/\/api.w.org\/{rel}","templated":true}]}}