{"id":7775,"date":"2025-12-18T11:32:25","date_gmt":"2025-12-18T11:32:25","guid":{"rendered":"https:\/\/perleibeauty.com\/?post_type=product&#038;p=7775"},"modified":"2026-04-02T10:15:03","modified_gmt":"2026-04-02T10:15:03","slug":"vichy-neovadiol-rose-platinium-day-cream","status":"publish","type":"product","link":"https:\/\/perleibeauty.com\/sq\/produkt\/vichy-neovadiol-rose-platinium-day-cream\/","title":{"rendered":"VICHY NEOVADIOL ROSE PLATINIUM DAY CREAM"},"content":{"rendered":"<h3>VICHY<\/h3>\n<h3>NEOVADIOL ROSE PLATINIUM DAY CREAM<\/h3>\n<p>SASIA:50ML<\/p>\n<p>Liftactiv Serum 10 Eyes and Lashes \u00ebsht\u00eb serumi yn\u00eb i par\u00eb anti-plakje p\u00ebr syt\u00eb q\u00eb forcon ndjesin\u00eb e qerpik\u00ebve. Ai synon shenjat e plakjes rreth konturit t\u00eb syve, humbjen e shk\u00eblqimit dhe qerpik\u00ebt e dob\u00ebsuar. I pasuruar me ceramide Rhamnose dhe reflektues t\u00eb menj\u00ebhersh\u00ebm t\u00eb drit\u00ebs, serumi ndri\u00e7on l\u00ebkur\u00ebn p\u00ebr nj\u00eb pamje m\u00eb t\u00eb shk\u00eblqyeshme.<\/p>\n<p>P\u00ebrb\u00ebr\u00ebs kryesor\u00eb dermatologjik\u00eb:<br \/>\nRhamnose<br \/>\nCeramidet<br \/>\nUj\u00eb mineralizues Vichy<\/p>\n<p>P\u00ebrfitimet kryesore<br \/>\nSerumi yn\u00eb i par\u00eb anti-rrudh\u00eb dhe kondicionues p\u00ebr syt\u00eb<br \/>\nZbut dhe forcon pamjen e konturit t\u00eb syve<br \/>\nKonturet e syve duken t\u00eb shk\u00eblqyera dhe t\u00eb ndri\u00e7uara<br \/>\nTekstura saten e l\u00eb konturin e syve t\u00eb ndihet i fresk\u00ebt<br \/>\nHipoalergjik<\/p>\n<p>Kur t\u00eb p\u00ebrdoret:<br \/>\nP\u00ebrdorni Vichy Liftactiv Supreme Serum 10 Eye and Lash Serum \u00e7do dit\u00eb rreth konturit t\u00eb syve n\u00eb mbr\u00ebmje dhe nat\u00eb. P\u00ebr rezultate m\u00eb t\u00eb mira p\u00ebrdoreni me kremin ditor dhe kujdesin e nat\u00ebs Liftactiv Supreme.<\/p>\n<p>P\u00cbRFITIMET<br \/>\nFuqia forcuese e kalciumit \u00ebsht\u00eb e kombinuar n\u00eb nj\u00eb tekstur\u00eb kremoze t\u00eb fresk\u00ebt dhe t\u00eb rehatshme t\u00eb pasuruar me pigment rrezatues. Menj\u00ebher\u00eb, shk\u00eblqimi natyral i tr\u00ebndafilit t\u00eb l\u00ebkur\u00ebs riaktivizohet dhe l\u00ebkura rifiton forc\u00ebn me +41% tonifikim*.<br \/>\nTest instrumental pas 4 or\u00ebsh n\u00eb 40 gra<\/p>\n<p>TEKSTURA<br \/>\nNj\u00eb tekstur\u00eb kremoze e fresk\u00ebt dhe e rehatshme me nj\u00eb arom\u00eb delikate tr\u00ebndafili. Dep\u00ebrtim shum\u00eb i mir\u00eb, thithje e shpejt\u00eb, tekstur\u00eb jo ngjit\u00ebse, me nj\u00eb ndjesi t\u00eb jasht\u00ebzakonshme rehatie dhe vitaliteti.<\/p>\n<p>P\u00cbRB\u00cbR\u00cbS AKTIV\u00cb<br \/>\n&#8211; Formul\u00eb e but\u00eb e projektuar p\u00ebr l\u00ebkur\u00eb t\u00eb ndjeshme deri n\u00eb shum\u00eb t\u00eb ndjeshme.<br \/>\n&#8211; Pigmente rrezatuese: P\u00ebr t\u00eb rivendosur vitalitetin e brendsh\u00ebm, ngjyr\u00ebn dhe shk\u00eblqimin e menj\u00ebhersh\u00ebm<br \/>\n&#8211; Kalcium: P\u00ebr t\u00eb siguruar forc\u00ebn e funksionit barrier\u00eb p\u00ebr nj\u00eb l\u00ebkur\u00eb t\u00eb fortifikuar dhe m\u00eb t\u00eb fort\u00eb<\/p>\n<p>SI T\u00cb P\u00cbRDORET<br \/>\nAplikoni n\u00eb m\u00ebnyr\u00eb t\u00eb barabart\u00eb n\u00eb l\u00ebkur\u00eb t\u00eb past\u00ebr n\u00eb t\u00eb gjith\u00eb fytyr\u00ebn dhe qaf\u00ebn n\u00eb m\u00ebngjes.<\/p>","protected":false},"excerpt":{"rendered":"<h3>VICHY<\/h3>\n<h3>NEOVADIOL ROSE PLATINIUM DAY CREAM<\/h3>\n<p>SASIA:50ML<\/p>\n<p>Liftactiv Serum 10 Eyes and Lashes \u00ebsht\u00eb serumi yn\u00eb i par\u00eb anti-plakje p\u00ebr syt\u00eb q\u00eb forcon ndjesin\u00eb e qerpik\u00ebve. Ai synon shenjat e plakjes rreth konturit t\u00eb syve, humbjen e shk\u00eblqimit dhe qerpik\u00ebt e dob\u00ebsuar. I pasuruar me ceramide Rhamnose dhe reflektues t\u00eb menj\u00ebhersh\u00ebm t\u00eb drit\u00ebs, serumi ndri\u00e7on l\u00ebkur\u00ebn p\u00ebr nj\u00eb pamje m\u00eb t\u00eb shk\u00eblqyeshme.<\/p>","protected":false},"featured_media":7788,"comment_status":"open","ping_status":"closed","template":"","meta":[],"product_brand":[173],"product_cat":[105],"product_tag":[],"class_list":{"0":"post-7775","1":"product","2":"type-product","3":"status-publish","4":"has-post-thumbnail","6":"product_brand-vichy","7":"product_cat-skincare","10":"instock","11":"shipping-taxable","12":"purchasable","13":"product-type-simple"},"_links":{"self":[{"href":"https:\/\/perleibeauty.com\/sq\/wp-json\/wp\/v2\/product\/7775","targetHints":{"allow":["GET"]}}],"collection":[{"href":"https:\/\/perleibeauty.com\/sq\/wp-json\/wp\/v2\/product"}],"about":[{"href":"https:\/\/perleibeauty.com\/sq\/wp-json\/wp\/v2\/types\/product"}],"replies":[{"embeddable":true,"href":"https:\/\/perleibeauty.com\/sq\/wp-json\/wp\/v2\/comments?post=7775"}],"version-history":[{"count":1,"href":"https:\/\/perleibeauty.com\/sq\/wp-json\/wp\/v2\/product\/7775\/revisions"}],"predecessor-version":[{"id":10100,"href":"https:\/\/perleibeauty.com\/sq\/wp-json\/wp\/v2\/product\/7775\/revisions\/10100"}],"wp:featuredmedia":[{"embeddable":true,"href":"https:\/\/perleibeauty.com\/sq\/wp-json\/wp\/v2\/media\/7788"}],"wp:attachment":[{"href":"https:\/\/perleibeauty.com\/sq\/wp-json\/wp\/v2\/media?parent=7775"}],"wp:term":[{"taxonomy":"product_brand","embeddable":true,"href":"https:\/\/perleibeauty.com\/sq\/wp-json\/wp\/v2\/product_brand?post=7775"},{"taxonomy":"product_cat","embeddable":true,"href":"https:\/\/perleibeauty.com\/sq\/wp-json\/wp\/v2\/product_cat?post=7775"},{"taxonomy":"product_tag","embeddable":true,"href":"https:\/\/perleibeauty.com\/sq\/wp-json\/wp\/v2\/product_tag?post=7775"}],"curies":[{"name":"wp","href":"https:\/\/api.w.org\/{rel}","templated":true}]}}