{"id":7739,"date":"2025-12-17T11:51:01","date_gmt":"2025-12-17T11:51:01","guid":{"rendered":"https:\/\/perleibeauty.com\/?post_type=product&#038;p=7739"},"modified":"2026-04-01T09:26:35","modified_gmt":"2026-04-01T09:26:35","slug":"a23-pro-brush-large-tapered-blending-brush","status":"publish","type":"product","link":"https:\/\/perleibeauty.com\/sq\/produkt\/a23-pro-brush-large-tapered-blending-brush\/","title":{"rendered":"ANASTASIA A23 Pro Brush &#8211; Large Tapered Blending Brush"},"content":{"rendered":"<h3 class=\"product__title h5\">A23 Pro Brush &#8211; Large Tapered Blending Brush<\/h3>\n<p>Fur\u00e7\u00eb A23 Pro &#8211; Fur\u00e7\u00eb e madhe konike p\u00ebrzier\u00ebse p\u00ebr t\u00eb aplikuar produkte pudre.<\/p>\n<p>Fur\u00e7\u00eb Anastasia Beverly Hills A23 Pro &#8211; Fur\u00e7\u00eb e Madhe Konike P\u00ebrzier\u00ebse \u00ebsht\u00eb nj\u00eb fur\u00e7\u00eb difuzuese n\u00eb form\u00eb kupole me fibra natyrale t\u00eb buta, konike, ideale p\u00ebr aplikimin e pudr\u00ebs dhe shp\u00ebrndarjen e saj mbi pikat e larta t\u00eb fytyr\u00ebs dhe trupit. Forma dhe madh\u00ebsia e rrumbullak\u00ebt e k\u00ebsaj fur\u00e7e profesionale p\u00ebr grim fytyre \u00ebsht\u00eb ideale p\u00ebr vendosjen e grimit pudre me iluminues n\u00eb fytyr\u00eb dhe trup me precizion. Fibrat natyrale premium e b\u00ebjn\u00eb k\u00ebt\u00eb fur\u00e7\u00eb konike p\u00ebr grim pudre ideale p\u00ebr aplikimin e produkteve t\u00eb skuqjes, iluminuesit dhe pudr\u00ebs.<\/p>\n<p>&nbsp;<\/p>\n<p>Fur\u00e7a Anastasia Beverly Hills A23 Pro &#8211; Fur\u00e7a e Madhe Konike P\u00ebrzier\u00ebse \u00ebsht\u00eb nj\u00eb fur\u00e7\u00eb difuzuese n\u00eb form\u00eb kupole me fibra natyrale t\u00eb buta, t\u00eb ngushta, ideale p\u00ebr aplikimin e pudr\u00ebs dhe shp\u00ebrndarjen e saj mbi pikat e larta t\u00eb fytyr\u00ebs dhe trupit. Forma dhe madh\u00ebsia e rrumbullak\u00ebt e k\u00ebsaj fur\u00e7e p\u00ebr grim fytyre p\u00ebr artist\u00eb profesionist\u00eb \u00ebsht\u00eb ideale p\u00ebr vendosjen e grimit me highlighter n\u00eb fytyr\u00eb dhe trup me precizion. Fibrat natyrale premium e b\u00ebjn\u00eb k\u00ebt\u00eb fur\u00e7\u00eb grimi me pud\u00ebr konike ideale p\u00ebr aplikimin e produkteve t\u00eb skuqjes, highlighter dhe pudr\u00ebs.<\/p>\n<p>PSE DO T&#8217;JU P\u00cbLQEJ\u00cb<br \/>\nForma e rrumbullak\u00ebt e fur\u00e7\u00ebs A23 Pro \u00ebsht\u00eb ideale p\u00ebr aplikim n\u00eb pikat e larta t\u00eb fytyr\u00ebs.<br \/>\nFibrat konike e b\u00ebjn\u00eb k\u00ebt\u00eb fur\u00e7\u00eb perfekte p\u00ebr vendosjen e highlighter me precizion.<br \/>\nFibrat e buta, natyrale thithin sasin\u00eb perfekte t\u00eb produktit dhe aplikohen me leht\u00ebsi.<\/p>","protected":false},"excerpt":{"rendered":"<h3 class=\"product__title h5\">A23 Pro Brush &#8211; Large Tapered Blending Brush<\/h3>\n<p>Fur\u00e7\u00eb A23 Pro &#8211; Fur\u00e7\u00eb e madhe konike p\u00ebrzier\u00ebse p\u00ebr t\u00eb aplikuar produkte pudre.<\/p>\n<p>Fur\u00e7\u00eb Anastasia Beverly Hills A23 Pro &#8211; Fur\u00e7\u00eb e Madhe Konike P\u00ebrzier\u00ebse \u00ebsht\u00eb nj\u00eb fur\u00e7\u00eb difuzuese n\u00eb form\u00eb kupole me fibra natyrale t\u00eb buta, konike, ideale p\u00ebr aplikimin e pudr\u00ebs dhe shp\u00ebrndarjen e saj mbi pikat e larta t\u00eb fytyr\u00ebs dhe trupit.<\/p>","protected":false},"featured_media":7740,"comment_status":"open","ping_status":"closed","template":"","meta":[],"product_brand":[110],"product_cat":[165,166],"product_tag":[],"class_list":{"0":"post-7739","1":"product","2":"type-product","3":"status-publish","4":"has-post-thumbnail","6":"product_brand-anastasia-beverly-hills","7":"product_cat-brushes","8":"product_cat-sale","11":"instock","12":"shipping-taxable","13":"purchasable","14":"product-type-simple"},"_links":{"self":[{"href":"https:\/\/perleibeauty.com\/sq\/wp-json\/wp\/v2\/product\/7739","targetHints":{"allow":["GET"]}}],"collection":[{"href":"https:\/\/perleibeauty.com\/sq\/wp-json\/wp\/v2\/product"}],"about":[{"href":"https:\/\/perleibeauty.com\/sq\/wp-json\/wp\/v2\/types\/product"}],"replies":[{"embeddable":true,"href":"https:\/\/perleibeauty.com\/sq\/wp-json\/wp\/v2\/comments?post=7739"}],"version-history":[{"count":1,"href":"https:\/\/perleibeauty.com\/sq\/wp-json\/wp\/v2\/product\/7739\/revisions"}],"predecessor-version":[{"id":10054,"href":"https:\/\/perleibeauty.com\/sq\/wp-json\/wp\/v2\/product\/7739\/revisions\/10054"}],"wp:featuredmedia":[{"embeddable":true,"href":"https:\/\/perleibeauty.com\/sq\/wp-json\/wp\/v2\/media\/7740"}],"wp:attachment":[{"href":"https:\/\/perleibeauty.com\/sq\/wp-json\/wp\/v2\/media?parent=7739"}],"wp:term":[{"taxonomy":"product_brand","embeddable":true,"href":"https:\/\/perleibeauty.com\/sq\/wp-json\/wp\/v2\/product_brand?post=7739"},{"taxonomy":"product_cat","embeddable":true,"href":"https:\/\/perleibeauty.com\/sq\/wp-json\/wp\/v2\/product_cat?post=7739"},{"taxonomy":"product_tag","embeddable":true,"href":"https:\/\/perleibeauty.com\/sq\/wp-json\/wp\/v2\/product_tag?post=7739"}],"curies":[{"name":"wp","href":"https:\/\/api.w.org\/{rel}","templated":true}]}}