{"id":7735,"date":"2025-12-17T11:45:17","date_gmt":"2025-12-17T11:45:17","guid":{"rendered":"https:\/\/perleibeauty.com\/?post_type=product&#038;p=7735"},"modified":"2026-04-01T09:34:01","modified_gmt":"2026-04-01T09:34:01","slug":"bobbi-brown-dual-ended-brow-definer-groomer-brush","status":"publish","type":"product","link":"https:\/\/perleibeauty.com\/sq\/produkt\/bobbi-brown-dual-ended-brow-definer-groomer-brush\/","title":{"rendered":"BOBBI BROWN  DUAL ENDED BROW DEFINER\/GROOMER BRUSH"},"content":{"rendered":"<h3 class=\"main-product__vendor text-utility uppercase text-grey\">BOBBI BROWN<\/h3>\n<h3 class=\"main-product__title text-h4-body\">Dual Ended Brow Definer\/Groomer Brush<\/h3>\n<p>Mjeti perfekt dy-n\u00eb-nj\u00eb p\u00ebr vetulla t\u00eb p\u00ebrcaktuara. Nj\u00eb kok\u00eb fur\u00e7e e pjerr\u00ebt me fije t\u00eb forta ju lejon t\u00eb mbushni dhe p\u00ebrcaktoni vetullat me Xhelin e RI p\u00ebr Vetulla me Mbajtje t\u00eb Gjat\u00eb, nd\u00ebrsa fundi i fur\u00e7\u00ebs me rrota i rregullon qimet e vetullave n\u00eb vendin e duhur.<\/p>\n<p>I projektuar me nj\u00eb p\u00ebrzierje fijesh natyrale dhe sintetike, Brow Definer ka nj\u00eb skaj t\u00eb p\u00ebrcaktuar qart\u00eb dhe fije t\u00eb forta, duke ju dh\u00ebn\u00eb sakt\u00ebsi maksimale gjat\u00eb form\u00ebsimit dhe mbushjes s\u00eb vetullave. Fijet krehin qimet e vetullave p\u00ebr t&#8217;i veshur ato n\u00eb m\u00ebnyr\u00eb t\u00eb barabart\u00eb me pigment p\u00ebr nj\u00eb p\u00ebrcaktim me pamje tep\u00ebr natyrale. Pasi t\u00eb jen\u00eb mbushur vetullat, Brow Groomer kompakt i zbut qimet e vetullave n\u00eb vendin e duhur dhe p\u00ebrzien ngjyr\u00ebn.<\/p>\n<p>P\u00ebrdorni fundin Definer t\u00eb Fur\u00e7\u00ebs me Dy Funde p\u00ebr Definim\/Groomer t\u00eb Vetullave p\u00ebr t\u00eb marr\u00eb produktin. Filloni n\u00eb cepin e brendsh\u00ebm t\u00eb vetull\u00ebs dhe p\u00ebrdorni l\u00ebvizje t\u00eb shkurtra dhe t\u00eb barabarta p\u00ebr t\u00eb mbushur t\u00eb gjith\u00eb gjat\u00ebsin\u00eb e harkut natyror t\u00eb vetullave. Nd\u00ebrsa vetullat ngushtohen, p\u00ebrdorni skajin e ngusht\u00eb t\u00eb fur\u00e7\u00ebs p\u00ebr aplikim m\u00eb t\u00eb sakt\u00eb. Pastaj, p\u00ebrdorni fundin Groomer p\u00ebr t\u00eb formuar vetullat dhe p\u00ebr t\u00eb zbutur ngjyr\u00ebn, duke i krehur qimet e vetullave lart e posht\u00eb.<\/p>\n<p>Kthime<br \/>\nTani mund ta ktheni porosin\u00eb tuaj online n\u00eb disa hapa t\u00eb leht\u00eb.<\/p>\n<p>Zgjidhni sh\u00ebrbimin tuaj t\u00eb preferuar t\u00eb gjurmimit t\u00eb kthimeve. Ne ofrojm\u00eb opsione printimi n\u00eb sht\u00ebpi, pa let\u00ebr dhe marrjeje.<\/p>\n<p>Keni 28 dit\u00eb p\u00ebr t\u00eb kthyer porosin\u00eb tuaj nga data e dor\u00ebzimit t\u00eb saj. P\u00ebrjashtimet zbatohen, shikoni informacionin ton\u00eb t\u00eb plot\u00eb mbi Kthimet dhe Shk\u00ebmbimet k\u00ebtu.<\/p>\n<p>Politika jon\u00eb e zgjatur e kthimeve p\u00ebr Krishtlindje vlen nga 27 tetori deri m\u00eb 5 janar 2026, t\u00eb gjitha artikujt e bler\u00eb online gjat\u00eb k\u00ebsaj kohe mund t\u00eb kthehen p\u00ebr nj\u00eb rimbursim t\u00eb plot\u00eb.<\/p>","protected":false},"excerpt":{"rendered":"<p>BOBBI BROWN Dual Ended Brow Definer\/Groomer Brush Mjeti perfekt dy-n\u00eb-nj\u00eb p\u00ebr vetulla t\u00eb p\u00ebrcaktuara. Nj\u00eb kok\u00eb fur\u00e7e e pjerr\u00ebt me fije t\u00eb forta ju lejon t\u00eb mbushni dhe p\u00ebrcaktoni vetullat me Xhelin e RI p\u00ebr Vetulla me Mbajtje t\u00eb Gjat\u00eb, nd\u00ebrsa fundi i fur\u00e7\u00ebs me rrota i rregullon qimet e vetullave n\u00eb vendin e duhur. &hellip; <a href=\"https:\/\/perleibeauty.com\/sq\/produkt\/bobbi-brown-dual-ended-brow-definer-groomer-brush\/\" class=\"more-link\">Continue reading <span class=\"screen-reader-text\">BOBBI BROWN  DUAL ENDED BROW DEFINER\/GROOMER BRUSH<\/span><\/a><\/p>","protected":false},"featured_media":7736,"comment_status":"open","ping_status":"closed","template":"","meta":[],"product_brand":[121],"product_cat":[165],"product_tag":[],"class_list":{"0":"post-7735","1":"product","2":"type-product","3":"status-publish","4":"has-post-thumbnail","6":"product_brand-bobbi-brown","7":"product_cat-brushes","10":"instock","11":"shipping-taxable","12":"purchasable","13":"product-type-simple"},"_links":{"self":[{"href":"https:\/\/perleibeauty.com\/sq\/wp-json\/wp\/v2\/product\/7735","targetHints":{"allow":["GET"]}}],"collection":[{"href":"https:\/\/perleibeauty.com\/sq\/wp-json\/wp\/v2\/product"}],"about":[{"href":"https:\/\/perleibeauty.com\/sq\/wp-json\/wp\/v2\/types\/product"}],"replies":[{"embeddable":true,"href":"https:\/\/perleibeauty.com\/sq\/wp-json\/wp\/v2\/comments?post=7735"}],"version-history":[{"count":1,"href":"https:\/\/perleibeauty.com\/sq\/wp-json\/wp\/v2\/product\/7735\/revisions"}],"predecessor-version":[{"id":10062,"href":"https:\/\/perleibeauty.com\/sq\/wp-json\/wp\/v2\/product\/7735\/revisions\/10062"}],"wp:featuredmedia":[{"embeddable":true,"href":"https:\/\/perleibeauty.com\/sq\/wp-json\/wp\/v2\/media\/7736"}],"wp:attachment":[{"href":"https:\/\/perleibeauty.com\/sq\/wp-json\/wp\/v2\/media?parent=7735"}],"wp:term":[{"taxonomy":"product_brand","embeddable":true,"href":"https:\/\/perleibeauty.com\/sq\/wp-json\/wp\/v2\/product_brand?post=7735"},{"taxonomy":"product_cat","embeddable":true,"href":"https:\/\/perleibeauty.com\/sq\/wp-json\/wp\/v2\/product_cat?post=7735"},{"taxonomy":"product_tag","embeddable":true,"href":"https:\/\/perleibeauty.com\/sq\/wp-json\/wp\/v2\/product_tag?post=7735"}],"curies":[{"name":"wp","href":"https:\/\/api.w.org\/{rel}","templated":true}]}}