{"id":7729,"date":"2025-12-17T11:29:19","date_gmt":"2025-12-17T11:29:19","guid":{"rendered":"https:\/\/perleibeauty.com\/?post_type=product&#038;p=7729"},"modified":"2026-03-22T20:53:46","modified_gmt":"2026-03-22T20:53:46","slug":"bybi-beauty-bakuchiol-skin-restore-night-cream","status":"publish","type":"product","link":"https:\/\/perleibeauty.com\/sq\/produkt\/bybi-beauty-bakuchiol-skin-restore-night-cream\/","title":{"rendered":"BYBI BEAUTY- Bakuchiol Skin Restore Night Cream"},"content":{"rendered":"<h3 class=\"product-brand\">BYBI BEAUTY<\/h3>\n<div class=\"product-heading\" data-v-f039656e=\"\">\n<h3>Bakuchiol Skin Restore Night Cream<\/h3>\n<p>SASIA: 40ML<\/p>\n<p>Lloji i l\u00ebkur\u00ebs: E kombinuar, e that\u00eb, normale, e yndyrshme<\/p>\n<p>Problemet e l\u00ebkur\u00ebs: Plakja, Tharja, Zbehja, Vijat e holla dhe rrudha, Ton i pabarabart\u00eb i l\u00ebkur\u00ebs<\/p>\n<p>Formulimi: Krem<\/p>\n<p>Kujdesi p\u00ebr l\u00ebkur\u00ebn sipas mosh\u00ebs: 20, 30, 40, 50+<\/p>\n<p>Nj\u00eb krem \u200b\u200bnate rigjenerues dhe rigjenerues q\u00eb vepron n\u00eb l\u00ebkur\u00ebn tuaj nd\u00ebrsa flini, n\u00eb m\u00ebnyr\u00eb q\u00eb t\u00eb zgjoheni t\u00eb rip\u00ebrt\u00ebrir\u00eb dhe t\u00eb fresk\u00ebt.Ky krem \u200b\u200bnate rigjall\u00ebrues p\u00ebrmban Bakuchiol t\u00eb prodhuar n\u00eb m\u00ebnyr\u00eb t\u00eb q\u00ebndrueshme, i cili \u00ebsht\u00eb provuar se rrit qarkullimin qelizor dhe nxit prodhimin e kolagjenit p\u00ebr t\u00eb ndihmuar n\u00eb tonifikimin dhe zbutjen e l\u00ebkur\u00ebs. Me kalimin e koh\u00ebs, fuqit\u00eb mbush\u00ebse t\u00eb Bakuchiol do t\u00eb zvog\u00eblojn\u00eb shfaqjen e vijave t\u00eb holla dhe rrudhave, si dhe njollat \u200b\u200be err\u00ebta t\u00eb pabarabarta n\u00eb l\u00ebkur\u00eb. Vaji i far\u00ebs s\u00eb rrushit ndihmon n\u00eb rivendosjen e barrier\u00ebs s\u00eb l\u00ebkur\u00ebs dhe bllokimin e lag\u00ebshtis\u00eb, nd\u00ebrsa antioksidant\u00ebt dhe Vitamina E thithen shpejt n\u00eb l\u00ebkur\u00eb p\u00ebr t\u00eb ndihmuar n\u00eb luftimin e shenjave t\u00eb ndotjes p\u00ebr nj\u00eb l\u00ebkur\u00eb m\u00eb t\u00eb re dhe m\u00eb t\u00eb ndritshme. Gjalpi Shea punon p\u00ebr t\u00eb qet\u00ebsuar dhe zbutur l\u00ebkur\u00ebn e irrituar, nd\u00ebrsa Vitamina A dhe E hidratojn\u00eb dhe mbrojn\u00eb l\u00ebkur\u00ebn tuaj nga radikalet e lira.<\/p>\n<p>P\u00cbRB\u00cbR\u00cbSIT<br \/>\nPretendimet e produktit: Antioksidant\u00eb, Pa arom\u00eb, Pa parabene, Pa sulfate, Vitamina<br \/>\nL\u00ebng gjethesh Aloe Barbadensis, Vaj farash Vitis Vinifera (rrushi), Gjalp\u00eb Butyrospermum Parkii (shea), Alkool cetilik, Propanediol, Stearat glicerili, Uj\u00eb (Aqua), Estere poliglicerili-3 t\u00eb krundeve t\u00eb orizit\/kandelillas\/jojoba, Bakuchiol, Gom\u00eb ksantani, Alkool cetearilik, Laktilat stearoil natriumi, Alkool benzilik, Acid kaprilik, Ksilitol, Tokoferol, Vaj lulesh Lavandula Angustifolia (livando), Linalool, Acid fitik, Limonene, Geraniol.<\/p>\n<p>SI T\u00cb MUND TA APLIKOJME:<br \/>\nAplikoni nj\u00eb sasi sa nj\u00eb bizele n\u00eb fytyr\u00eb dhe qaf\u00eb t\u00eb pastruar n\u00eb mbr\u00ebmje dhe f\u00ebrkojeni but\u00ebsisht.<br \/>\nP\u00ebrdoreni si pjes\u00eb t\u00eb rutin\u00ebs suaj t\u00eb mbr\u00ebmjes para gjumit.<\/p>\n<p>&nbsp;<\/p>\n<\/div>","protected":false},"excerpt":{"rendered":"<h3 class=\"product-brand\">BYBI BEAUTY<\/h3>\n<div class=\"product-heading\" data-v-f039656e=\"\">\n<h3>Bakuchiol Skin Restore Night Cream<\/h3>\n<p>SASIA: 40ML<\/p>\n<p>Lloji i l\u00ebkur\u00ebs: E kombinuar, e that\u00eb, normale, e yndyrshme<\/p>\n<p>Problemet e l\u00ebkur\u00ebs: Plakja, Tharja, Zbehja, Vijat e holla dhe rrudha, Ton i pabarabart\u00eb i l\u00ebkur\u00ebs<\/p>\n<p>Formulimi: Krem<\/p>\n<p>Kujdesi p\u00ebr l\u00ebkur\u00ebn sipas mosh\u00ebs: 20, 30, 40, 50+<\/p>\n<\/div>","protected":false},"featured_media":7731,"comment_status":"open","ping_status":"closed","template":"","meta":[],"product_brand":[],"product_cat":[105],"product_tag":[],"class_list":{"0":"post-7729","1":"product","2":"type-product","3":"status-publish","4":"has-post-thumbnail","6":"product_cat-skincare","9":"instock","10":"sale","11":"shipping-taxable","12":"purchasable","13":"product-type-simple"},"_links":{"self":[{"href":"https:\/\/perleibeauty.com\/sq\/wp-json\/wp\/v2\/product\/7729","targetHints":{"allow":["GET"]}}],"collection":[{"href":"https:\/\/perleibeauty.com\/sq\/wp-json\/wp\/v2\/product"}],"about":[{"href":"https:\/\/perleibeauty.com\/sq\/wp-json\/wp\/v2\/types\/product"}],"replies":[{"embeddable":true,"href":"https:\/\/perleibeauty.com\/sq\/wp-json\/wp\/v2\/comments?post=7729"}],"version-history":[{"count":1,"href":"https:\/\/perleibeauty.com\/sq\/wp-json\/wp\/v2\/product\/7729\/revisions"}],"predecessor-version":[{"id":10105,"href":"https:\/\/perleibeauty.com\/sq\/wp-json\/wp\/v2\/product\/7729\/revisions\/10105"}],"wp:featuredmedia":[{"embeddable":true,"href":"https:\/\/perleibeauty.com\/sq\/wp-json\/wp\/v2\/media\/7731"}],"wp:attachment":[{"href":"https:\/\/perleibeauty.com\/sq\/wp-json\/wp\/v2\/media?parent=7729"}],"wp:term":[{"taxonomy":"product_brand","embeddable":true,"href":"https:\/\/perleibeauty.com\/sq\/wp-json\/wp\/v2\/product_brand?post=7729"},{"taxonomy":"product_cat","embeddable":true,"href":"https:\/\/perleibeauty.com\/sq\/wp-json\/wp\/v2\/product_cat?post=7729"},{"taxonomy":"product_tag","embeddable":true,"href":"https:\/\/perleibeauty.com\/sq\/wp-json\/wp\/v2\/product_tag?post=7729"}],"curies":[{"name":"wp","href":"https:\/\/api.w.org\/{rel}","templated":true}]}}