{"id":7721,"date":"2025-12-17T11:10:44","date_gmt":"2025-12-17T11:10:44","guid":{"rendered":"https:\/\/perleibeauty.com\/?post_type=product&#038;p=7721"},"modified":"2026-04-08T03:47:08","modified_gmt":"2026-04-08T03:47:08","slug":"benefit-porefessional-tight-n-toned","status":"publish","type":"product","link":"https:\/\/perleibeauty.com\/sq\/produkt\/benefit-porefessional-tight-n-toned\/","title":{"rendered":"BENEFIT POREfessional Tight \u2018N Toned"},"content":{"rendered":"<h3>BENEFIT<\/h3>\n<h3>POREfessional Tight \u2018N Toned<\/h3>\n<p>SASIA: 60ML<\/p>\n<p>Toniku p\u00ebr p\u00ebrsosjen e poreve POREfessional Tight \u2018n Toned \u00ebsht\u00eb nj\u00eb shtes\u00eb super e leht\u00eb n\u00eb rutin\u00ebn tuaj. Duke filluar menj\u00ebher\u00eb (dhe akoma m\u00eb shum\u00eb me \u00e7do p\u00ebrdorim), poret tuaja do t\u00eb duken m\u00eb t\u00eb vogla dhe m\u00eb t\u00eb rafinuara. Formula e but\u00eb me shkum\u00eb mund t\u00eb aplikohet leht\u00ebsisht me gishtat tuaj, dhe ekuilibri i saj i AHA-ve dhe PHA-ve eksfolion pa i zhveshur ose thar\u00eb. Pasi t\u00eb shihni rezultatet, nuk do ta humbisni dit\u00ebn e poreve s\u00eb shpejti.<\/p>\n<p>\u00c7FAR\u00cb P\u00cbRMBAN?<\/p>\n<p>Acidet Alfa Hidroksi (AHA) dhe Acidet Polihidroksi (PHA) ndihmojn\u00eb n\u00eb eksfolimin dhe ngushtimin e duksh\u00ebm t\u00eb poreve.<br \/>\nEkstrakti i Limonit ndihmon q\u00eb poret t\u00eb duken m\u00eb t\u00eb vogla.<br \/>\nEkstrakti Yuzu ndihmon q\u00eb l\u00ebkura t\u00eb ndihet m\u00eb e l\u00ebmuar.<\/p>\n<p>UJ\u00cb (AQUA), GLUKONOLAKTON, ACID GLIKOLIK, GLICERIN\u00cb, HIDROKSID NATRIUMI, VAJ RICINI I HIDROGJENUAR PEG-60, ACID CITRIK, 1,2-HEKSANDIOLI, BUTILEN GLIKOL, KLORFENEZIN\u00cb, DECIL GLUKOZID, BISABOLOL, MENTOKSIPROPANEDIOLI, CITRAT NATRIUMI, PENTILEN GLIKOL, EKSTRAKT FRUTI LIMONI (LIMON), SPHINGOLIPIDE, EKSTRAKT I FERMENTUAR I SPHINGOMONAS, EKSTRAKT FRUTI CITRUS JUNOS. Nr. 16420<\/p>\n<p>LISTA E P\u00cbRB\u00cbR\u00cbSVE T\u00cb PRODUKTIT P\u00cbRDIT\u00cbSOHET PERIODIKISHT. PARA SE T\u00cb P\u00cbRDORNI NJ\u00cb PRODUKT BENEFIT, JU LUTEM LEXONI LIST\u00cbN E P\u00cbRB\u00cbR\u00cbSVE N\u00cb PAKETIMIN E PRODUKTIT TUAJ P\u00cbR T&#8217;U SIGURUAR Q\u00cb P\u00cbRB\u00cbR\u00cbSIT JAN\u00cb T\u00cb P\u00cbRSHTATSH\u00cbM P\u00cbR P\u00cbRDORIMIN TUAJ PERSONAL.<\/p>\n<p>I but\u00eb<br \/>\n93% than\u00eb se ngushton duksh\u00ebm poret<br \/>\n90% than\u00eb se l\u00ebkura duket e tonifikuar<br \/>\n96% than\u00eb se l\u00ebkura ndihet e fresk\u00ebt<br \/>\n91% than\u00eb se poret duken m\u00eb t\u00eb vogla<br \/>\n97% than\u00eb se l\u00ebkura duket m\u00eb e l\u00ebmuar<br \/>\n94% than\u00eb se p\u00ebrmir\u00ebson duksh\u00ebm struktur\u00ebn e l\u00ebkur\u00ebs<\/p>","protected":false},"excerpt":{"rendered":"<h3>BENEFIT<\/h3>\n<h3>POREfessional Tight \u2018N Toned<\/h3>\n<p>SASIA: 60ML\u00a0 \u00a0 \u00a0 \u00a0 \u00a0 \u00a0 \u00a0 \u00a0 \u00a0 \u00a0 \u00a0 \u00a0 \u00a0 \u00a0 \u00a0 \u00a0 \u00a0 \u00a0 \u00a0 \u00a0 \u00a0 \u00a0 \u00a0 \u00a0 \u00a0 \u00a0 \u00a0 \u00a0 \u00a0 \u00a0 \u00a0 \u00a0 \u00a0 \u00a0 \u00a0 \u00a0 \u00a0 \u00a0 \u00a0 \u00a0 \u00a0 \u00a0 \u00a0 \u00a0 \u00a0 \u00a0 \u00a0 \u00a0 \u00a0 \u00a0 \u00a0 \u00a0 \u00a0 \u00a0 \u00a0 \u00a0 \u00a0 \u00a0 \u00a0 \u00a0 \u00a0 \u00a0 \u00a0 \u00a0 \u00a0 \u00a0 \u00a0 \u00a0 \u00a0 \u00a0 \u00a0 \u00a0 \u00a0 \u00a0 \u00a0 \u00a0 \u00a0 \u00a0 \u00a0 \u00a0 \u00a0 \u00a0 \u00a0 \u00a0 \u00a0 \u00a0 \u00a0 \u00a0 \u00a0 \u00a0 \u00a0 \u00a0 \u00a0 \u00a0 \u00a0 \u00a0 \u00a0Toniku p\u00ebr p\u00ebrsosjen e poreve POREfessional Tight \u2018n Toned \u00ebsht\u00eb nj\u00eb shtes\u00eb super e leht\u00eb n\u00eb rutin\u00ebn tuaj.\u00a0 \u00a0 \u00a0 \u00a0 \u00a0 \u00a0 \u00a0 \u00a0 \u00a0 \u00a0 \u00a0 \u00a0 \u00a0 \u00a0 Duke filluar menj\u00ebher\u00eb (dhe akoma m\u00eb shum\u00eb me \u00e7do p\u00ebrdorim), poret tuaja do t\u00eb duken m\u00eb t\u00eb vogla dhe m\u00eb t\u00eb rafinuara.<\/p>","protected":false},"featured_media":7723,"comment_status":"open","ping_status":"closed","template":"","meta":[],"product_brand":[109],"product_cat":[132,105],"product_tag":[],"class_list":{"0":"post-7721","1":"product","2":"type-product","3":"status-publish","4":"has-post-thumbnail","6":"product_brand-benefit","7":"product_cat-gift-ideas","8":"product_cat-skincare","11":"outofstock","12":"shipping-taxable","13":"purchasable","14":"product-type-simple"},"_links":{"self":[{"href":"https:\/\/perleibeauty.com\/sq\/wp-json\/wp\/v2\/product\/7721","targetHints":{"allow":["GET"]}}],"collection":[{"href":"https:\/\/perleibeauty.com\/sq\/wp-json\/wp\/v2\/product"}],"about":[{"href":"https:\/\/perleibeauty.com\/sq\/wp-json\/wp\/v2\/types\/product"}],"replies":[{"embeddable":true,"href":"https:\/\/perleibeauty.com\/sq\/wp-json\/wp\/v2\/comments?post=7721"}],"version-history":[{"count":1,"href":"https:\/\/perleibeauty.com\/sq\/wp-json\/wp\/v2\/product\/7721\/revisions"}],"predecessor-version":[{"id":10055,"href":"https:\/\/perleibeauty.com\/sq\/wp-json\/wp\/v2\/product\/7721\/revisions\/10055"}],"wp:featuredmedia":[{"embeddable":true,"href":"https:\/\/perleibeauty.com\/sq\/wp-json\/wp\/v2\/media\/7723"}],"wp:attachment":[{"href":"https:\/\/perleibeauty.com\/sq\/wp-json\/wp\/v2\/media?parent=7721"}],"wp:term":[{"taxonomy":"product_brand","embeddable":true,"href":"https:\/\/perleibeauty.com\/sq\/wp-json\/wp\/v2\/product_brand?post=7721"},{"taxonomy":"product_cat","embeddable":true,"href":"https:\/\/perleibeauty.com\/sq\/wp-json\/wp\/v2\/product_cat?post=7721"},{"taxonomy":"product_tag","embeddable":true,"href":"https:\/\/perleibeauty.com\/sq\/wp-json\/wp\/v2\/product_tag?post=7721"}],"curies":[{"name":"wp","href":"https:\/\/api.w.org\/{rel}","templated":true}]}}