{"id":7715,"date":"2025-12-17T11:01:11","date_gmt":"2025-12-17T11:01:11","guid":{"rendered":"https:\/\/perleibeauty.com\/?post_type=product&#038;p=7715"},"modified":"2026-04-01T11:49:07","modified_gmt":"2026-04-01T11:49:07","slug":"lancome-soleil-bronzer-spf-50-bb-cream","status":"publish","type":"product","link":"https:\/\/perleibeauty.com\/sq\/produkt\/lancome-soleil-bronzer-spf-50-bb-cream\/","title":{"rendered":"LANCOME SOLEIL BRONZER SPF 50 BB CREAM"},"content":{"rendered":"<h3>LANCOME<\/h3>\n<h3>SOLEIL BRONZER SPF 50 BB CREAM<\/h3>\n<p>SASIA: 50ML<\/p>\n<p>Kremi BB Soleil Bronzer SPF 50 ndihmon n\u00eb mbrojtjen e l\u00ebkur\u00ebs nga shenjat e dukshme t\u00eb plakjes s\u00eb parakohshme dhe nj\u00eb nxirjeje t\u00eb zbeht\u00eb.<\/p>\n<p>Tekstura e tij me nuanc\u00eb t\u00eb holl\u00eb fsheh pap\u00ebrsosm\u00ebrit\u00eb dhe zbulon nj\u00eb pamje t\u00eb nj\u00ebtrajtshme.<\/p>\n<p>Fal\u00eb performanc\u00ebs s\u00eb formul\u00ebs s\u00eb saj t\u00eb leht\u00eb q\u00eb shkrihet dhe t\u00eb parfumuar delikat, l\u00ebkura ndihet e mb\u00ebshtjell\u00eb menj\u00ebher\u00eb me nj\u00eb film mbrojt\u00ebs dhe zbukurues.<\/p>\n<p>Dit\u00eb pas dite, e ushqyer me lag\u00ebshti, e l\u00ebmuar dhe e mbrojtur, l\u00ebkura zbulon nj\u00eb nxirje t\u00eb ndritshme dhe t\u00eb nj\u00ebtrajtshme, me nj\u00eb p\u00ebrfundim sateni dhe nj\u00eb shk\u00eblqim t\u00eb jasht\u00ebzakonsh\u00ebm.<\/p>\n<p>Duke kombinuar funksionet e avancuara mbrojt\u00ebse t\u00eb nj\u00eb kremi mbrojt\u00ebs nga dielli me efektin perfekt t\u00eb fondatin\u00ebs s\u00eb leht\u00eb, Lanc\u00f4me krijon kremin e saj t\u00eb par\u00eb BB kund\u00ebr diellit.<\/p>\n<p>I lindur nga kombinimi ekskluziv i nj\u00eb sistemi t\u00eb gjer\u00eb filtri t\u00eb avancuar UVA-UVB, vitamin\u00ebs E, nj\u00eb trilogji luksoze vajrash dhe pigmenteve korrigjuese, ai i jep l\u00ebkur\u00ebs nj\u00eb veprim t\u00eb dyfisht\u00eb.<\/p>\n<p>M\u00cb SHUM\u00cb RRETH PRODUKTIT<\/p>\n<p>\u2022 L\u00ebkura ndihet e mb\u00ebshtjell\u00eb me nj\u00eb film mbrojt\u00ebs<br \/>\n\u2022 Zbukurojeni me nj\u00eb produkt p\u00ebrsos\u00ebs t\u00eb l\u00ebkur\u00ebs<br \/>\n\u2022 Dit\u00eb pas dite, l\u00ebkura ushqehet me lag\u00ebshti, zbutet dhe mbrohet<br \/>\n\u2022 L\u00ebkura zbulon nj\u00eb nxirje t\u00eb shk\u00eblqyeshme dhe t\u00eb nj\u00ebtrajtshme, me nj\u00eb p\u00ebrfundim sateni dhe nj\u00eb shk\u00eblqim t\u00eb jasht\u00ebzakonsh\u00ebm<\/p>\n<p>TEKSTURA:<br \/>\nKrem<\/p>\n<p>P\u00cbRB\u00cbR\u00cbSIT:<\/p>\n<p>UJ\u00cb \/ UJ\u00cb \u2022 GLICERIN\u00cb \u2022 OKTOKRILENE \u2022 BUTIL METOKSIDIBENZOILMETANI \u2022 DIOKSID TITANI [NANO] \/ DIOKSID TITANI \u2022 ALKOOL DENAT. \u2022 SEBAKAT DISOPROPIL \u2022 SALICILAT ETILHEKSILI \u2022 OCTENILSUKSINAT ALUMINI \u2022 DIMETIKON \u2022 DROMETRIZOL TRISILOKSAN \u2022 CI 77891 \/ DIOKSID TITANIUMI \u2022 BENZOAT C12-15 ALKIL \u2022 TRIAZON ETILHEKSILI \u2022 CI 77491, CI 77492, CI 77499 \/ OKSIDE HEKURI \u2022 ACID STEARIK \u2022 BIS-ETILHEKSILOKSIFENOL METOKSIFENIL TRIAZIN\u00cb \u2022 FOSFAT CETIL KALIUMI \u2022 TOKOFEROL \u2022 VAJ COCOS NUCIFERA \/ VAJ KOKOSINATI \u2022 KOKOIL SARKOZINAT NATRIUMI \u2022 HIALURONATI NATRIUMI \u2022 FENOKSIETANOLI \u2022 STEARAT PEG-100 \u2022 VAJ ARGANIA SPINOSA \/ VAJ B\u00cbRTHAME ARGANIA SPINOSA \u2022 EUGENOL \u2022 ETILPARABEN \u2022 TRIETANOLAMIN\u00cb \u2022 ACID PALMITIK \u2022 LIMONENE \u2022 GOM\u00cb KSANTANIKE \u2022 BENZIL SALICILAT \u2022 ALKOOL BENZIL \u2022 LINALOOL \u2022 TROMETAMIN\u00cb \u2022 KAPRILIL GLIKOL \u2022 TEREFTALILIDEN ACID DIKAMPHOR SULFONIK \u2022 KARBOMER \u2022 EKSTRAKT LULESH GARDENIA TAHITENSIS \u2022 GERANIOL \u2022 VAJ FRUTI ROSA CANINA \u2022 EDTA DISODIUM \u2022 ALKOOL CETIL \u2022 METILPARABEN \u2022 CITRAL \u2022 HIDROKSIDE ALUMINI \u2022 STEARAT GLICERIL \u2022 PARFUM \/ AROM\u00cb (F.I.L. C163796\/2).<\/p>\n","protected":false},"excerpt":{"rendered":"<h3>LANCOME<\/h3>\n<h3>SOLEIL BRONZER SPF 50 BB CREAM<\/h3>\n<p>SASIA: 50ML<\/p>\n<p>Kremi BB Soleil Bronzer SPF 50 ndihmon n\u00eb mbrojtjen e l\u00ebkur\u00ebs nga shenjat e dukshme t\u00eb plakjes s\u00eb parakohshme dhe nj\u00eb nxirjeje t\u00eb zbeht\u00eb.<\/p>\n<p>Tekstura e tij me nuanc\u00eb t\u00eb holl\u00eb fsheh pap\u00ebrsosm\u00ebrit\u00eb dhe zbulon nj\u00eb pamje t\u00eb nj\u00ebtrajtshme.<\/p>\n<p>Fal\u00eb performanc\u00ebs s\u00eb formul\u00ebs s\u00eb saj t\u00eb leht\u00eb q\u00eb shkrihet dhe t\u00eb parfumuar delikat, l\u00ebkura ndihet e mb\u00ebshtjell\u00eb menj\u00ebher\u00eb me nj\u00eb film mbrojt\u00ebs dhe zbukurues.<\/p>","protected":false},"featured_media":7719,"comment_status":"open","ping_status":"closed","template":"","meta":[],"product_brand":[116],"product_cat":[96,105],"product_tag":[],"class_list":{"0":"post-7715","1":"product","2":"type-product","3":"status-publish","4":"has-post-thumbnail","6":"product_brand-lancome","7":"product_cat-makeup","8":"product_cat-skincare","11":"instock","12":"shipping-taxable","13":"purchasable","14":"product-type-simple"},"_links":{"self":[{"href":"https:\/\/perleibeauty.com\/sq\/wp-json\/wp\/v2\/product\/7715","targetHints":{"allow":["GET"]}}],"collection":[{"href":"https:\/\/perleibeauty.com\/sq\/wp-json\/wp\/v2\/product"}],"about":[{"href":"https:\/\/perleibeauty.com\/sq\/wp-json\/wp\/v2\/types\/product"}],"replies":[{"embeddable":true,"href":"https:\/\/perleibeauty.com\/sq\/wp-json\/wp\/v2\/comments?post=7715"}],"version-history":[{"count":1,"href":"https:\/\/perleibeauty.com\/sq\/wp-json\/wp\/v2\/product\/7715\/revisions"}],"predecessor-version":[{"id":10091,"href":"https:\/\/perleibeauty.com\/sq\/wp-json\/wp\/v2\/product\/7715\/revisions\/10091"}],"wp:featuredmedia":[{"embeddable":true,"href":"https:\/\/perleibeauty.com\/sq\/wp-json\/wp\/v2\/media\/7719"}],"wp:attachment":[{"href":"https:\/\/perleibeauty.com\/sq\/wp-json\/wp\/v2\/media?parent=7715"}],"wp:term":[{"taxonomy":"product_brand","embeddable":true,"href":"https:\/\/perleibeauty.com\/sq\/wp-json\/wp\/v2\/product_brand?post=7715"},{"taxonomy":"product_cat","embeddable":true,"href":"https:\/\/perleibeauty.com\/sq\/wp-json\/wp\/v2\/product_cat?post=7715"},{"taxonomy":"product_tag","embeddable":true,"href":"https:\/\/perleibeauty.com\/sq\/wp-json\/wp\/v2\/product_tag?post=7715"}],"curies":[{"name":"wp","href":"https:\/\/api.w.org\/{rel}","templated":true}]}}