{"id":7702,"date":"2025-12-17T10:30:01","date_gmt":"2025-12-17T10:30:01","guid":{"rendered":"https:\/\/perleibeauty.com\/?post_type=product&#038;p=7702"},"modified":"2026-03-22T20:53:48","modified_gmt":"2026-03-22T20:53:48","slug":"eucerin-replenishing-skin-relief-face-cream-with-5-urea","status":"publish","type":"product","link":"https:\/\/perleibeauty.com\/sq\/produkt\/eucerin-replenishing-skin-relief-face-cream-with-5-urea\/","title":{"rendered":"EUCERIN REPLENISHING SKIN RELIEF FACE CREAM (WITH 5% UREA)"},"content":{"rendered":"<h3 id=\"title\" class=\"a-size-large a-spacing-none\"><span id=\"productTitle\" class=\"a-size-large product-title-word-break\">Eucerin <\/span><\/h3>\n<h3 class=\"a-size-large a-spacing-none\"><span id=\"productTitle\" class=\"a-size-large product-title-word-break\">Replenishing Skin Relief Face Cream (with 5% Urea)<\/span><\/h3>\n<p>SASIA: 50ML<\/p>\n<p>Thith dhe ruan lag\u00ebshtin\u00eb<br \/>\nMARKA E REKOMANDUAR NGA DERMATOLOG\u00cbT:\u00a0 \u00a0 \u00a0 \u00a0 \u00a0 \u00a0 \u00a0 \u00a0 \u00a0 \u00a0 \u00a0 \u00a0 \u00a0 \u00a0 \u00a0 \u00a0 \u00a0 \u00a0 \u00a0 \u00a0 \u00a0 \u00a0 \u00a0 \u00a0 \u00a0 \u00a0 \u00a0 \u00a0 \u00a0 \u00a0 \u00a0 \u00a0 \u00a0 \u00a0 \u00a0 \u00a0 \u00a0 \u00a0 \u00a0 \u00a0 \u00a0 \u00a0 \u00a0 \u00a0 \u00a0 \u00a0 \u00a0 \u00a0 \u00a0 \u00a0 \u00a0 \u00a0 \u00a0 \u00a0 \u00a0 \u00a0 \u00a0 Produktet Eucerin jan\u00eb zhvilluar me dermatolog\u00eb p\u00ebr t\u00eb ndihmuar nevojat specifike t\u00eb l\u00ebkur\u00ebs, duke p\u00ebrfshir\u00eb l\u00ebkur\u00ebn e that\u00eb, t\u00eb \u00e7ar\u00eb, t\u00eb ndjeshme, t\u00eb kruar dhe t\u00eb prirur ndaj ekzem\u00ebs<br \/>\nP\u00cbR FYTYR\u00cbN: Krem hidratues i pasur, jo i yndyrsh\u00ebm dhe q\u00eb thith shpejt, pa arom\u00eb, pa parabene, pa ngjyrues,\u00a0 \u00a0 \u00a0 \u00a0 \u00a0 \u00a0 \u00a0 \u00a0 \u00a0 \u00a0 \u00a0 jo-komedogjenik dhe hipoalergjik<br \/>\nCERAMIDET: Ndihmon n\u00eb forcimin e barrier\u00ebs natyrore t\u00eb l\u00ebkur\u00ebs<\/p>\n<p>I p\u00ebrshtatsh\u00ebm p\u00ebr l\u00ebkur\u00eb t\u00eb pjekur dhe l\u00ebkur\u00eb diabetike<br \/>\nPlot\u00ebson l\u00ebkur\u00ebn shum\u00eb t\u00eb that\u00eb<br \/>\nOfron lag\u00ebshti t\u00eb menj\u00ebhershme dhe zvog\u00eblon ndjesin\u00eb e ngusht\u00ebsis\u00eb s\u00eb l\u00ebkur\u00ebs<br \/>\nL\u00ebkura ndihet e l\u00ebmuar dhe elastike<br \/>\nJo-komedogjenik<\/p>\n<p>Studime Klinike<\/p>\n<p>Efikasiteti i Kremit t\u00eb Fytyr\u00ebs Eucerin Smoothing 5% Urea, i aplikuar dy her\u00eb n\u00eb dit\u00eb n\u00eb pjes\u00ebn e brendshme t\u00eb parakrahut, u testua nga 24 persona me l\u00ebkur\u00eb t\u00eb sh\u00ebndetshme. Hidratimi dhe ashp\u00ebrsia e l\u00ebkur\u00ebs u vler\u00ebsuan n\u00eb fillim, pas 1 jave dhe 2 jav\u00ebsh trajtimi, si dhe pas 3 dhe 7 dit\u00ebsh pas aplikimit t\u00eb fundit. Kremi p\u00ebr fytyr\u00ebn Eucerin Smoothing 5% Urea \u00ebsht\u00eb nj\u00eb hidratues i leht\u00eb dhe i but\u00eb p\u00ebr p\u00ebrdorim t\u00eb p\u00ebrditsh\u00ebm p\u00ebr l\u00ebkur\u00eb t\u00eb that\u00eb deri n\u00eb shum\u00eb t\u00eb that\u00eb dhe t\u00eb tendosur. I pasuruar me ure dhe laktat, dy p\u00ebrb\u00ebr\u00ebs natyral\u00eb q\u00eb lidhen me lag\u00ebshtin\u00eb, ai hidraton menj\u00ebher\u00eb l\u00ebkur\u00ebn e that\u00eb t\u00eb fytyr\u00ebs, duke zvog\u00ebluar ndjesin\u00eb e ngusht\u00ebsis\u00eb p\u00ebr t&#8217;i dh\u00ebn\u00eb asaj nj\u00eb ndjesi t\u00eb l\u00ebmuar dhe elastike. L\u00ebkura e ashp\u00ebr zakonisht shkaktohet gjithashtu nga mungesa e lag\u00ebshtis\u00eb, dhe Kremi p\u00ebr fytyr\u00ebn Eucerin Smoothing 5% Urea zvog\u00eblon ashp\u00ebrsin\u00eb duke ruajtur hidratimin e l\u00ebkur\u00ebs. \u00cbsht\u00eb ideal p\u00ebr p\u00ebrdorim n\u00ebn grim ose pas rroj\u00ebs.<\/p>\n<p>pa ngjyrues<br \/>\npa arom\u00eb<br \/>\njokomedogjenik<br \/>\nV\u00ebmendje<\/p>\n<p>N\u00ebse pritet ekspozim intensiv n\u00eb diell, aplikoni kremin p\u00ebr diell Eucerin SPF 30 ose 50+ p\u00ebr ta mbrojtur nga d\u00ebmtimet e m\u00ebtejshme t\u00eb shkaktuara nga rrezet e diellit pas aplikimit t\u00eb kujdesit. \u00c7far\u00eb duhet dhe \u00e7far\u00eb nuk duhet b\u00ebr\u00eb<\/p>\n<p>P\u00ebrdorni Eucerin Smoothing Face Creme 5% Urea n\u00ebse&#8230;<\/p>\n<p>Keni l\u00ebkur\u00eb t\u00eb that\u00eb deri shum\u00eb t\u00eb that\u00eb q\u00eb shpesh ndihet e tendosur:<\/p>\n<p>Eucerin Smoothing Face Creme 5% Urea \u00ebsht\u00eb projektuar p\u00ebr k\u00ebt\u00eb lloj l\u00ebkure t\u00eb that\u00eb t\u00eb fytyr\u00ebs.<\/p>\n<p>Keni Psoriaz\u00eb:<\/p>\n<p>Eucerin Smoothing Face Creme 5% Urea \u00ebsht\u00eb ideal p\u00ebr leht\u00ebsimin e simptomave t\u00eb l\u00ebkur\u00ebs s\u00eb that\u00eb t\u00eb Psoriaz\u00ebs.<\/p>\n<p>Po k\u00ebrkoni nj\u00eb krem \u200b\u200bt\u00eb leht\u00eb p\u00ebr fytyr\u00ebn q\u00eb \u00ebsht\u00eb i p\u00ebrshtatsh\u00ebm p\u00ebr l\u00ebkur\u00eb t\u00eb that\u00eb deri shum\u00eb t\u00eb that\u00eb:<\/p>\n<p>Ky hidratues i but\u00eb, jo i yndyrsh\u00ebm, thithet leht\u00eb, nd\u00ebrsa i jep l\u00ebkur\u00ebs s\u00eb that\u00eb deri shum\u00eb t\u00eb that\u00eb t\u00eb fytyr\u00ebs kujdesin ushqyes q\u00eb i nevojitet.<\/p>\n<p>Udh\u00ebzime<\/p>\n<p>Filloni duke pastruar fytyr\u00ebn tuaj, pastaj thajeni leht\u00eb.<br \/>\nMasazhoni but\u00ebsisht kremin n\u00eb fytyr\u00eb dhe qaf\u00eb.<\/p>\n<p>Si funksionon<\/p>\n<p>L\u00ebkura e that\u00eb jo vet\u00ebm q\u00eb ka munges\u00eb lag\u00ebshtie, por ka edhe munges\u00eb substancash q\u00eb lidhin lag\u00ebshtin\u00eb, t\u00eb tilla si Urea dhe Laktati. Mbushja e l\u00ebkur\u00ebs s\u00eb that\u00eb me k\u00ebta faktor\u00eb natyral\u00eb hidratues rikthen sistemin e saj natyror t\u00eb kontrollit t\u00eb lag\u00ebshtis\u00eb, duke zvog\u00ebluar that\u00ebsin\u00eb dhe tendosjen p\u00ebr ta mbajtur at\u00eb t\u00eb but\u00eb, t\u00eb l\u00ebmuar dhe t\u00eb sh\u00ebndetshme.<\/p>\n<p>T\u00eb gjith\u00eb p\u00ebrb\u00ebr\u00ebsit<\/p>\n<p>Uj\u00eb, Ure, Glicerin\u00eb, Triglicerid Kaprilik-Kaprik, Ciklometikon, Dimetikon, Pentaeritritil Tetraizostearat, Triizostearin\u00eb, Alkool Cetilik, Laktat Natriumi, Stearat Gliceril, Alkool Benzilik, Stearat PEG-40, Biosakarid Gum-1, Metilparaben, Acid Laktik, Fenoksietanol<\/p>\n<p>&nbsp;<\/p>","protected":false},"excerpt":{"rendered":"<h3 id=\"title\" class=\"a-size-large a-spacing-none\"><span id=\"productTitle\" class=\"a-size-large product-title-word-break\">Eucerin <\/span><\/h3>\n<h3 class=\"a-size-large a-spacing-none\"><span id=\"productTitle\" class=\"a-size-large product-title-word-break\">Replenishing Skin Relief Face Cream (with 5% Urea)<\/span><\/h3>\n<p>SASIA: 50ML<\/p>\n<p>MARKA E REKOMANDUAR NGA DERMATOLOG\u00cbT:\u00a0 \u00a0 \u00a0 \u00a0 \u00a0 \u00a0 \u00a0 \u00a0 \u00a0 \u00a0 \u00a0 \u00a0 \u00a0 \u00a0 \u00a0 \u00a0 \u00a0 \u00a0 \u00a0 \u00a0 \u00a0 \u00a0 \u00a0 \u00a0 \u00a0 \u00a0 \u00a0 \u00a0 \u00a0 \u00a0 \u00a0 \u00a0 \u00a0 \u00a0 \u00a0 \u00a0 \u00a0 \u00a0 \u00a0 \u00a0 \u00a0 \u00a0 \u00a0 \u00a0 \u00a0 \u00a0 \u00a0 \u00a0 \u00a0 \u00a0 \u00a0 \u00a0 \u00a0 \u00a0 \u00a0 \u00a0 \u00a0 Produktet Eucerin jan\u00eb zhvilluar me dermatolog\u00eb p\u00ebr t\u00eb ndihmuar nevojat specifike t\u00eb l\u00ebkur\u00ebs, duke p\u00ebrfshir\u00eb l\u00ebkur\u00ebn e that\u00eb, t\u00eb \u00e7ar\u00eb, t\u00eb ndjeshme, t\u00eb kruar dhe t\u00eb prirur ndaj ekzem\u00ebs<br \/>\nP\u00cbR FYTYR\u00cbN: Krem hidratues i pasur, jo i yndyrsh\u00ebm dhe q\u00eb thith shpejt, pa arom\u00eb, pa parabene, pa ngjyrues,\u00a0 \u00a0 \u00a0 \u00a0 \u00a0 \u00a0 \u00a0 \u00a0 \u00a0 \u00a0 \u00a0 jo-komedogjenik dhe hipoalergjik<br \/>\nCERAMIDET: Ndihmon n\u00eb forcimin e barrier\u00ebs natyrore t\u00eb l\u00ebkur\u00ebs<\/p>","protected":false},"featured_media":7706,"comment_status":"open","ping_status":"closed","template":"","meta":[],"product_brand":[170],"product_cat":[166,105],"product_tag":[],"class_list":{"0":"post-7702","1":"product","2":"type-product","3":"status-publish","4":"has-post-thumbnail","6":"product_brand-eucerin","7":"product_cat-sale","8":"product_cat-skincare","11":"instock","12":"sale","13":"shipping-taxable","14":"purchasable","15":"product-type-simple"},"_links":{"self":[{"href":"https:\/\/perleibeauty.com\/sq\/wp-json\/wp\/v2\/product\/7702","targetHints":{"allow":["GET"]}}],"collection":[{"href":"https:\/\/perleibeauty.com\/sq\/wp-json\/wp\/v2\/product"}],"about":[{"href":"https:\/\/perleibeauty.com\/sq\/wp-json\/wp\/v2\/types\/product"}],"replies":[{"embeddable":true,"href":"https:\/\/perleibeauty.com\/sq\/wp-json\/wp\/v2\/comments?post=7702"}],"version-history":[{"count":1,"href":"https:\/\/perleibeauty.com\/sq\/wp-json\/wp\/v2\/product\/7702\/revisions"}],"predecessor-version":[{"id":10086,"href":"https:\/\/perleibeauty.com\/sq\/wp-json\/wp\/v2\/product\/7702\/revisions\/10086"}],"wp:featuredmedia":[{"embeddable":true,"href":"https:\/\/perleibeauty.com\/sq\/wp-json\/wp\/v2\/media\/7706"}],"wp:attachment":[{"href":"https:\/\/perleibeauty.com\/sq\/wp-json\/wp\/v2\/media?parent=7702"}],"wp:term":[{"taxonomy":"product_brand","embeddable":true,"href":"https:\/\/perleibeauty.com\/sq\/wp-json\/wp\/v2\/product_brand?post=7702"},{"taxonomy":"product_cat","embeddable":true,"href":"https:\/\/perleibeauty.com\/sq\/wp-json\/wp\/v2\/product_cat?post=7702"},{"taxonomy":"product_tag","embeddable":true,"href":"https:\/\/perleibeauty.com\/sq\/wp-json\/wp\/v2\/product_tag?post=7702"}],"curies":[{"name":"wp","href":"https:\/\/api.w.org\/{rel}","templated":true}]}}