{"id":7694,"date":"2025-12-17T10:15:05","date_gmt":"2025-12-17T10:15:05","guid":{"rendered":"https:\/\/perleibeauty.com\/?post_type=product&#038;p=7694"},"modified":"2026-04-01T11:49:07","modified_gmt":"2026-04-01T11:49:07","slug":"la-roche-posay-cicaplast-hand-cream-for-dry-hands-damaged-hands","status":"publish","type":"product","link":"https:\/\/perleibeauty.com\/sq\/produkt\/la-roche-posay-cicaplast-hand-cream-for-dry-hands-damaged-hands\/","title":{"rendered":"LA ROCHE- POSAY CICAPLAST HAND CREAM FOR DRY HANDS &#038; DAMAGED HANDS"},"content":{"rendered":"<h3>LA ROCHE- POSAY<\/h3>\n<h3>CICAPLAST HAND CREAM FOR DRY HANDS &amp; DAMAGED HANDS<\/h3>\n<p>Kremi i duarve p\u00ebr duar t\u00eb thata deri shum\u00eb t\u00eb thata e l\u00eb l\u00ebkur\u00ebn t\u00eb but\u00eb, t\u00eb l\u00ebmuar dhe t\u00eb hidratuar. Ky krem \u200b\u200bduarsh me gjalp\u00eb shea qet\u00ebson menj\u00ebher\u00eb duart dhe ndihmon n\u00eb rimbushjen e humbjes s\u00eb lag\u00ebshtis\u00eb. Kremi jo-yndyror ofron hidratim deri n\u00eb 48 or\u00eb p\u00ebr duar t\u00eb thata t\u00eb d\u00ebmtuara nga agresionet n\u00eb sht\u00ebpi dhe pun\u00eb, si\u00e7 \u00ebsht\u00eb moti i ftoht\u00eb dhe larja e shpesht\u00eb e duarve.<\/p>\n<p>P\u00cbRFITIMET<\/p>\n<p>Qet\u00ebson menj\u00ebher\u00eb duart e d\u00ebmtuara, t\u00eb thata deri shum\u00eb t\u00eb thata<br \/>\nRezistent ndaj larjes s\u00eb duarve<br \/>\nHidraton deri n\u00eb 48 or\u00eb<br \/>\nNdihmon n\u00eb rimbushjen e lag\u00ebshtis\u00eb s\u00eb humbur<br \/>\nKrem duarsh q\u00eb thith shpejt dhe jo-yndyror<br \/>\nProbleme me l\u00ebkur\u00ebn:<\/p>\n<p>Duar t\u00eb thata dhe shum\u00eb t\u00eb thata<br \/>\nDuar t\u00eb d\u00ebmtuara<br \/>\nDuar t\u00eb d\u00ebmtuara nga agresionet n\u00eb sht\u00ebpi dhe pun\u00eb, si\u00e7 jan\u00eb ajri i that\u00eb, moti i ftoht\u00eb, larja e shpesht\u00eb e duarve dhe ekspozimi ndaj kimikateve<br \/>\nIdeal per l\u00ebkurat e ndjeshme<\/p>\n<p>P\u00cbRB\u00cbR\u00cbSIT KY\u00c7\u00cb:<br \/>\nNiacinamida: Nj\u00eb form\u00eb e vitamin\u00ebs B3, niacinamida \u00ebsht\u00eb nj\u00eb vitamin\u00eb e tretshme n\u00eb uj\u00eb. P\u00ebrdoret gjer\u00ebsisht n\u00eb dermatologji p\u00ebr vetit\u00eb e saj qet\u00ebsuese, duke ndihmuar n\u00eb rivendosjen e barrier\u00ebs s\u00eb lag\u00ebshtis\u00eb s\u00eb l\u00ebkur\u00ebs dhe duke zbehur duksh\u00ebm njollat \u200b\u200be l\u00ebkur\u00ebs. Gjalp\u00eb Shea: Me burim t\u00eb q\u00ebndruesh\u00ebm n\u00eb Burkina Faso. Formulat me gjalp\u00eb shea ndihmojn\u00eb n\u00eb rivendosjen e filmit hidrolipidik t\u00eb l\u00ebkur\u00ebs dhe e ndihmojn\u00eb l\u00ebkur\u00ebn t\u00eb ndihet e qet\u00ebsuar.<\/p>\n<p>Glicerina: E nxjerr\u00eb nga burime bimore, \u00ebsht\u00eb nj\u00eb hidratues i shk\u00eblqyer. Ndihmon n\u00eb hidratimin e l\u00ebkur\u00ebs duke thithur ujin nga mjedisi p\u00ebrreth.<br \/>\nDimetikon: Nj\u00eb polimer me baz\u00eb silikoni q\u00eb p\u00ebrdoret si mbrojt\u00ebs i l\u00ebkur\u00ebs p\u00ebr t\u00eb ndihmuar n\u00eb uljen e humbjes s\u00eb ujit.<br \/>\nUj\u00eb Termal La Roche-Posay: Nj\u00eb uj\u00eb qet\u00ebsues me burim n\u00eb qytetin La Roche-Posay n\u00eb Franc\u00eb dhe nj\u00eb p\u00ebrb\u00ebr\u00ebs kryesor n\u00eb shumic\u00ebn e produkteve tona. Ai p\u00ebrmban nj\u00eb kombinim unik t\u00eb mineraleve, element\u00ebve gjurm\u00eb dhe nj\u00eb p\u00ebrqendrim t\u00eb lart\u00eb t\u00eb selenit, nj\u00eb antioksidant natyral.<\/p>\n<p>LISTA E PLOT\u00cb E P\u00cbRB\u00cbR\u00cbSVE:<br \/>\nUJ\u00cb\/ UJ\u00cb \u2219 GLICERIN\u00cb \u2219 BUTILENE GLIKOL \u2219 CETEARIL ALKOOL \u2219 NIACINAMIDE \u2219 GLICERIL STEARAT \u2219 GJALP\u00cb BUTYROSPERMUM PARKII \/ GJALP\u00cb SHEA \u2219 DIMETIKON \u2219 PEG \/ PPG-18\/18 DIMETIKON \u2219 GLICERIL STEARAT SE \u2219 POLIAKRILAT NATRIUMI \u2219 KAPRILIL GLIKOL \u2219 FENOKSIETANOLI<\/p>\n<p>SI T\u00cb P\u00cbRDORET<br \/>\nHapi 1: P\u00ebrdorni nj\u00eb sasi sa nj\u00eb monedh\u00eb 10 cent\u00ebshe.<\/p>\n<p>Hapi 2: Aplikoni dhe masazhoni n\u00eb duar \u00e7do dit\u00eb sipas nevoj\u00ebs.<\/p>","protected":false},"excerpt":{"rendered":"<h3>LA ROCHE- POSAY<\/h3>\n<h3>CICAPLAST HAND CREAM FOR DRY HANDS &amp; DAMAGED HANDS<\/h3>\n<p>Kremi i duarve p\u00ebr duar t\u00eb thata deri shum\u00eb t\u00eb thata e l\u00eb l\u00ebkur\u00ebn t\u00eb but\u00eb, t\u00eb l\u00ebmuar dhe t\u00eb hidratuar. Ky krem \u200b\u200bduarsh me gjalp\u00eb shea qet\u00ebson menj\u00ebher\u00eb duart dhe ndihmon n\u00eb rimbushjen e humbjes s\u00eb lag\u00ebshtis\u00eb. Kremi jo-yndyror ofron hidratim deri n\u00eb 48 or\u00eb p\u00ebr duar t\u00eb thata t\u00eb d\u00ebmtuara nga agresionet n\u00eb sht\u00ebpi dhe pun\u00eb, si\u00e7 \u00ebsht\u00eb moti i ftoht\u00eb dhe larja e shpesht\u00eb e duarve.<\/p>","protected":false},"featured_media":7699,"comment_status":"open","ping_status":"closed","template":"","meta":[],"product_brand":[116],"product_cat":[105],"product_tag":[],"class_list":{"0":"post-7694","1":"product","2":"type-product","3":"status-publish","4":"has-post-thumbnail","6":"product_brand-lancome","7":"product_cat-skincare","10":"outofstock","11":"shipping-taxable","12":"purchasable","13":"product-type-simple"},"_links":{"self":[{"href":"https:\/\/perleibeauty.com\/sq\/wp-json\/wp\/v2\/product\/7694","targetHints":{"allow":["GET"]}}],"collection":[{"href":"https:\/\/perleibeauty.com\/sq\/wp-json\/wp\/v2\/product"}],"about":[{"href":"https:\/\/perleibeauty.com\/sq\/wp-json\/wp\/v2\/types\/product"}],"replies":[{"embeddable":true,"href":"https:\/\/perleibeauty.com\/sq\/wp-json\/wp\/v2\/comments?post=7694"}],"version-history":[{"count":1,"href":"https:\/\/perleibeauty.com\/sq\/wp-json\/wp\/v2\/product\/7694\/revisions"}],"predecessor-version":[{"id":10092,"href":"https:\/\/perleibeauty.com\/sq\/wp-json\/wp\/v2\/product\/7694\/revisions\/10092"}],"wp:featuredmedia":[{"embeddable":true,"href":"https:\/\/perleibeauty.com\/sq\/wp-json\/wp\/v2\/media\/7699"}],"wp:attachment":[{"href":"https:\/\/perleibeauty.com\/sq\/wp-json\/wp\/v2\/media?parent=7694"}],"wp:term":[{"taxonomy":"product_brand","embeddable":true,"href":"https:\/\/perleibeauty.com\/sq\/wp-json\/wp\/v2\/product_brand?post=7694"},{"taxonomy":"product_cat","embeddable":true,"href":"https:\/\/perleibeauty.com\/sq\/wp-json\/wp\/v2\/product_cat?post=7694"},{"taxonomy":"product_tag","embeddable":true,"href":"https:\/\/perleibeauty.com\/sq\/wp-json\/wp\/v2\/product_tag?post=7694"}],"curies":[{"name":"wp","href":"https:\/\/api.w.org\/{rel}","templated":true}]}}