{"id":7685,"date":"2025-12-17T09:48:29","date_gmt":"2025-12-17T09:48:29","guid":{"rendered":"https:\/\/perleibeauty.com\/?post_type=product&#038;p=7685"},"modified":"2026-04-01T11:48:45","modified_gmt":"2026-04-01T11:48:45","slug":"loccitane-immortelle-divine-serum","status":"publish","type":"product","link":"https:\/\/perleibeauty.com\/sq\/produkt\/loccitane-immortelle-divine-serum\/","title":{"rendered":"L&#8217;OCCITANE IMMORTELLE DIVINE SERUM"},"content":{"rendered":"<h3>L&#8217;OCCITANE<\/h3>\n<h3>IMMORTELLE DIVINE SERUM<\/h3>\n<p>SASIA: 30ML<\/p>\n<p>L\u00ebkur\u00eb duksh\u00ebm m\u00eb e fort\u00eb me Super Ekstraktin Immortelle : alternativa natyrore ndaj retinolit.<\/p>\n<p>Serumi yn\u00eb thelb\u00ebsor kund\u00ebr plakjes q\u00eb synon fort\u00ebsin\u00eb dhe vijat e holla. Me ekstraktin Immortelle Super, nj\u00eb alternativ\u00eb natyrale ndaj Retinolit, ndihmon n\u00eb zbutjen e dukshme t\u00eb pamjes s\u00eb rrudhave.<\/p>\n<p>Formula e leht\u00eb vepron p\u00ebr t\u00eb synuar shenjat e dukshme t\u00eb mosh\u00ebs si fort\u00ebsia, rrudhat, nj\u00ebtrajt\u00ebsia dhe gjall\u00ebria &#8211; p\u00ebr t\u00eb ndihmuar l\u00ebkur\u00ebn t\u00eb ndihet e hidratuar, duksh\u00ebm m\u00eb e dendur dhe m\u00eb e shk\u00eblqyeshme. Me nj\u00eb ekstrakt botanik q\u00eb ndihmon n\u00eb ofrimin e nj\u00eb veprimi zbut\u00ebs.<\/p>\n<p>Kur aplikohet, l\u00ebkura thith shpejt serumin e leht\u00eb shqisor, duke e mb\u00ebshtjell\u00eb l\u00ebkur\u00ebn me hidratim t\u00eb menj\u00ebhersh\u00ebm me nj\u00eb p\u00ebrfundim kadifeje.<\/p>\n<p><strong>P\u00cbRFITIMET\u00a0 \u00a0 \u00a0<\/strong> \u00a0 \u00a0 \u00a0 \u00a0 \u00a0 \u00a0 \u00a0 \u00a0 \u00a0 \u00a0 \u00a0 \u00a0 \u00a0 \u00a0 \u00a0 \u00a0 \u00a0 \u00a0 \u00a0 \u00a0 \u00a0 \u00a0 \u00a0 \u00a0 \u00a0 \u00a0 \u00a0 \u00a0 \u00a0 \u00a0 \u00a0 \u00a0 \u00a0 \u00a0 \u00a0 \u00a0 \u00a0 \u00a0 \u00a0 \u00a0 \u00a0 \u00a0 \u00a0 \u00a0 \u00a0 \u00a0 \u00a0 \u00a0 \u00a0 \u00a0 \u00a0 \u00a0 \u00a0 \u00a0 \u00a0 \u00a0 \u00a0 \u00a0 \u00a0 \u00a0 \u00a0 \u00a0 \u00a0 \u00a0 \u00a0 \u00a0 \u00a0 \u00a0 \u00a0 \u00a0 \u00a0 \u00a0 \u00a0 \u00a0 \u00a0 \u00a0 \u00a0 \u00a0 \u00a0 \u00a0 \u00a0 \u00a0 \u00a0 \u00a0 \u00a0 \u00a0 \u00a0 \u00a0 \u00a0 \u00a0 \u00a0 \u00a0 \u00a0 \u00a0 \u00a0 L\u00ebkur\u00eb duksh\u00ebm e fort\u00eb<\/p>\n<p>L\u00ebkur\u00eb e l\u00ebmuar<\/p>\n<p>Zbulon gjall\u00ebri<\/p>\n<p>P\u00ebrmir\u00ebson pamjen e rrudhave<\/p>","protected":false},"excerpt":{"rendered":"<h3>L&#8217;OCCITANE<\/h3>\n<h3>IMMORTELLE DIVINE SERUM<\/h3>\n<p>SASIA: 30ML<\/p>\n<p>L\u00ebkur\u00eb duksh\u00ebm m\u00eb e fort\u00eb me Super Ekstraktin Immortelle : alternativa natyrore ndaj retinolit.<\/p>\n<p>Serumi yn\u00eb thelb\u00ebsor kund\u00ebr plakjes q\u00eb synon fort\u00ebsin\u00eb dhe vijat e holla. Me ekstraktin Immortelle Super, nj\u00eb alternativ\u00eb natyrale ndaj Retinolit, ndihmon n\u00eb zbutjen e dukshme t\u00eb pamjes s\u00eb rrudhave.<\/p>","protected":false},"featured_media":7692,"comment_status":"open","ping_status":"closed","template":"","meta":[],"product_brand":[169],"product_cat":[166,105],"product_tag":[],"class_list":{"0":"post-7685","1":"product","2":"type-product","3":"status-publish","4":"has-post-thumbnail","6":"product_brand-loccitane","7":"product_cat-sale","8":"product_cat-skincare","11":"instock","12":"shipping-taxable","13":"purchasable","14":"product-type-simple"},"_links":{"self":[{"href":"https:\/\/perleibeauty.com\/sq\/wp-json\/wp\/v2\/product\/7685","targetHints":{"allow":["GET"]}}],"collection":[{"href":"https:\/\/perleibeauty.com\/sq\/wp-json\/wp\/v2\/product"}],"about":[{"href":"https:\/\/perleibeauty.com\/sq\/wp-json\/wp\/v2\/types\/product"}],"replies":[{"embeddable":true,"href":"https:\/\/perleibeauty.com\/sq\/wp-json\/wp\/v2\/comments?post=7685"}],"version-history":[{"count":1,"href":"https:\/\/perleibeauty.com\/sq\/wp-json\/wp\/v2\/product\/7685\/revisions"}],"predecessor-version":[{"id":10089,"href":"https:\/\/perleibeauty.com\/sq\/wp-json\/wp\/v2\/product\/7685\/revisions\/10089"}],"wp:featuredmedia":[{"embeddable":true,"href":"https:\/\/perleibeauty.com\/sq\/wp-json\/wp\/v2\/media\/7692"}],"wp:attachment":[{"href":"https:\/\/perleibeauty.com\/sq\/wp-json\/wp\/v2\/media?parent=7685"}],"wp:term":[{"taxonomy":"product_brand","embeddable":true,"href":"https:\/\/perleibeauty.com\/sq\/wp-json\/wp\/v2\/product_brand?post=7685"},{"taxonomy":"product_cat","embeddable":true,"href":"https:\/\/perleibeauty.com\/sq\/wp-json\/wp\/v2\/product_cat?post=7685"},{"taxonomy":"product_tag","embeddable":true,"href":"https:\/\/perleibeauty.com\/sq\/wp-json\/wp\/v2\/product_tag?post=7685"}],"curies":[{"name":"wp","href":"https:\/\/api.w.org\/{rel}","templated":true}]}}