{"id":7663,"date":"2025-12-16T15:38:17","date_gmt":"2025-12-16T15:38:17","guid":{"rendered":"https:\/\/perleibeauty.com\/?post_type=product&#038;p=7663"},"modified":"2026-03-22T20:53:48","modified_gmt":"2026-03-22T20:53:48","slug":"fresh-umbriana-clay-pore-purifying-face-mask","status":"publish","type":"product","link":"https:\/\/perleibeauty.com\/sq\/produkt\/fresh-umbriana-clay-pore-purifying-face-mask\/","title":{"rendered":"FRESH UMBRIANA CLAY PORE-PURIFYING FACE MASK"},"content":{"rendered":"<h3>FRESH UMBRIANA CLAY PORE-PURIFYING FACE MASK<\/h3>\n<p>Nj\u00eb esenc\u00eb ushqyese e avancuar n\u00eb locion.<br \/>\nDep\u00ebrton shpejt p\u00ebr t\u00eb forcuar l\u00ebkur\u00ebn me mikro-fuqi.<br \/>\nP\u00ebrmir\u00ebson rinovimin qelizor p\u00ebr ta b\u00ebr\u00eb l\u00ebkur\u00ebn transparente dhe rrezatuese nga brenda.\u00a0 \u00a0 \u00a0 \u00a0 \u00a0 \u00a0 \u00a0 \u00a0 \u00a0 \u00a0 \u00a0 \u00a0 \u00a0 \u00a0 \u00a0 \u00a0 \u00a0 \u00a0 \u00a0 \u00a0 \u00a0 \u00a0 \u00a0 \u00a0 Parandalon shfaqjen e shenjave t\u00eb plakjes.<br \/>\nOfron hidratim t\u00eb thell\u00eb p\u00ebr l\u00ebkur\u00ebn.<br \/>\nL\u00eb l\u00ebkur\u00ebn t\u00eb but\u00eb, t\u00eb l\u00ebmuar dhe me pamje rinore.<br \/>\nI p\u00ebrshtatsh\u00ebm p\u00ebr t\u00eb gjitha llojet e l\u00ebkur\u00ebs.<\/p>\n<p>\u00c7far\u00eb \u00ebsht\u00eb?<br \/>\nNj\u00eb mask\u00eb argjile dhe lar\u00ebs fytyre jokomedogjenike, e pasur me minerale, p\u00ebr t\u00eb gjitha llojet e l\u00ebkur\u00ebs q\u00eb pastron thell\u00ebsisht dhe minimizon poret dhe shk\u00eblqimin &#8211; pa e thar\u00eb shum\u00eb.<\/p>\n<p>Pse ju nevojitet?<br \/>\nKeni nevoj\u00eb p\u00ebr nj\u00eb detoksifikim t\u00eb l\u00ebkur\u00ebs? Kjo mask\u00eb fytyre 3-n\u00eb-1 mund t\u00eb p\u00ebrdoret p\u00ebr t\u00eb hequr menj\u00ebher\u00eb papast\u00ebrtit\u00eb q\u00eb mund t\u00eb bllokojn\u00eb poret, si dhe nj\u00eb pastrues i thell\u00eb ditor ose p\u00ebr t\u00eb trajtuar pap\u00ebrsosm\u00ebrit\u00eb. P\u00ebrb\u00ebr\u00ebsi q\u00eb ndryshon jet\u00ebn \u00ebsht\u00eb argjila shekullore Umbriane, ekskluzive p\u00ebr Fresh, q\u00eb balancon dhe sqaron pa e thar\u00eb shum\u00eb.<\/p>\n<p>Pastron dhe pastron thell\u00ebsisht l\u00ebkur\u00ebn<br \/>\nBalancon dhe minimizon pamjen e poreve<br \/>\nKontrollon yndyr\u00ebn dhe shk\u00eblqimin<\/p>\n<p>Rezultate t\u00eb provuara:<br \/>\nMask\u00eb p\u00ebr fytyr\u00ebn me argjil\u00eb Umbrian p\u00ebr pastrimin e poreve<br \/>\n94% ndjen\u00eb se l\u00ebkura e tyre ishte m\u00eb e but\u00eb dhe m\u00eb elastike<br \/>\n90% vun\u00eb re se tekstura e l\u00ebkur\u00ebs s\u00eb tyre ishte m\u00eb e l\u00ebmuar<br \/>\n90% raportuan se ekuilibroi dhe qet\u00ebsoi l\u00ebkur\u00ebn e tyre<br \/>\n87% than\u00eb se po pastronte dhe l\u00ebkura e tyre dukej m\u00eb e sh\u00ebndetshme<br \/>\n84% raportuan se pamja e poreve t\u00eb tyre ishte minimizuar<\/p>","protected":false},"excerpt":{"rendered":"<h3>FRESH UMBRIANA CLAY PORE-PURIFYING FACE MASK<\/h3>\n<p>Nj\u00eb esenc\u00eb ushqyese e avancuar n\u00eb locion.<br \/>\nDep\u00ebrton shpejt p\u00ebr t\u00eb forcuar l\u00ebkur\u00ebn me mikro-fuqi.<br \/>\nP\u00ebrmir\u00ebson rinovimin qelizor p\u00ebr ta b\u00ebr\u00eb l\u00ebkur\u00ebn transparente dhe rrezatuese nga brenda.\u00a0 \u00a0 \u00a0 \u00a0 \u00a0 \u00a0 \u00a0 \u00a0 \u00a0 \u00a0 \u00a0 \u00a0 \u00a0 \u00a0 \u00a0 \u00a0 \u00a0 \u00a0 \u00a0 \u00a0 \u00a0 \u00a0 \u00a0 \u00a0 Parandalon shfaqjen e shenjave t\u00eb plakjes. Ofron hidratim t\u00eb thell\u00eb p\u00ebr l\u00ebkur\u00ebn.<br \/>\nL\u00eb l\u00ebkur\u00ebn t\u00eb but\u00eb, t\u00eb l\u00ebmuar dhe me pamje rinore. I p\u00ebrshtatsh\u00ebm p\u00ebr t\u00eb gjitha llojet e l\u00ebkur\u00ebs.<\/p>","protected":false},"featured_media":7664,"comment_status":"open","ping_status":"closed","template":"","meta":[],"product_brand":[],"product_cat":[166,105],"product_tag":[],"class_list":{"0":"post-7663","1":"product","2":"type-product","3":"status-publish","4":"has-post-thumbnail","6":"product_cat-sale","7":"product_cat-skincare","10":"instock","11":"sale","12":"shipping-taxable","13":"purchasable","14":"product-type-simple"},"_links":{"self":[{"href":"https:\/\/perleibeauty.com\/sq\/wp-json\/wp\/v2\/product\/7663","targetHints":{"allow":["GET"]}}],"collection":[{"href":"https:\/\/perleibeauty.com\/sq\/wp-json\/wp\/v2\/product"}],"about":[{"href":"https:\/\/perleibeauty.com\/sq\/wp-json\/wp\/v2\/types\/product"}],"replies":[{"embeddable":true,"href":"https:\/\/perleibeauty.com\/sq\/wp-json\/wp\/v2\/comments?post=7663"}],"version-history":[{"count":1,"href":"https:\/\/perleibeauty.com\/sq\/wp-json\/wp\/v2\/product\/7663\/revisions"}],"predecessor-version":[{"id":10107,"href":"https:\/\/perleibeauty.com\/sq\/wp-json\/wp\/v2\/product\/7663\/revisions\/10107"}],"wp:featuredmedia":[{"embeddable":true,"href":"https:\/\/perleibeauty.com\/sq\/wp-json\/wp\/v2\/media\/7664"}],"wp:attachment":[{"href":"https:\/\/perleibeauty.com\/sq\/wp-json\/wp\/v2\/media?parent=7663"}],"wp:term":[{"taxonomy":"product_brand","embeddable":true,"href":"https:\/\/perleibeauty.com\/sq\/wp-json\/wp\/v2\/product_brand?post=7663"},{"taxonomy":"product_cat","embeddable":true,"href":"https:\/\/perleibeauty.com\/sq\/wp-json\/wp\/v2\/product_cat?post=7663"},{"taxonomy":"product_tag","embeddable":true,"href":"https:\/\/perleibeauty.com\/sq\/wp-json\/wp\/v2\/product_tag?post=7663"}],"curies":[{"name":"wp","href":"https:\/\/api.w.org\/{rel}","templated":true}]}}