{"id":7657,"date":"2025-12-16T15:27:27","date_gmt":"2025-12-16T15:27:27","guid":{"rendered":"https:\/\/perleibeauty.com\/?post_type=product&#038;p=7657"},"modified":"2026-04-01T11:18:13","modified_gmt":"2026-04-01T11:18:13","slug":"estee-lauder-micro-essence-skin-activationg-treatment-lotion","status":"publish","type":"product","link":"https:\/\/perleibeauty.com\/sq\/produkt\/estee-lauder-micro-essence-skin-activationg-treatment-lotion\/","title":{"rendered":"ESTEE LAUDER MICRO ESSENCE SKIN ACTIVATIONG TREATMENT LOTION"},"content":{"rendered":"<h3>ESTEE LAUDER MICRO ESSENCE SKIN ACTIVATIONG TREATMENT LOTION<\/h3>\n<p>SASIA: 75 ML<\/p>\n<p>Nj\u00eb esenc\u00eb ushqyese e avancuar n\u00eb locion.<br \/>\nDep\u00ebrton shpejt p\u00ebr t\u00eb forcuar l\u00ebkur\u00ebn me mikro-fuqi.<br \/>\nP\u00ebrmir\u00ebson rinovimin qelizor p\u00ebr ta b\u00ebr\u00eb l\u00ebkur\u00ebn transparente dhe t\u00eb shk\u00eblqyeshme nga brenda. Parandalon shfaqjen e shenjave t\u00eb plakjes.<br \/>\nOfron hidratim t\u00eb thell\u00eb p\u00ebr l\u00ebkur\u00ebn.<br \/>\nL\u00eb l\u00ebkur\u00ebn t\u00eb but\u00eb, t\u00eb l\u00ebmuar dhe me pamje rinore.<br \/>\nI p\u00ebrshtatsh\u00ebm p\u00ebr t\u00eb gjitha llojet e l\u00ebkur\u00ebs.<\/p>","protected":false},"excerpt":{"rendered":"<h3>ESTEE LAUDER MICRO ESSENCE SKIN ACTIVATIONG TREATMENT LOTION<\/h3>\n<p>SASIA: 75 ML<\/p>\n<p>Nj\u00eb esenc\u00eb ushqyese e avancuar n\u00eb locion.<br \/>\nDep\u00ebrton shpejt p\u00ebr t\u00eb forcuar l\u00ebkur\u00ebn me mikro-fuqi.<br \/>\nP\u00ebrmir\u00ebson rinovimin qelizor p\u00ebr ta b\u00ebr\u00eb l\u00ebkur\u00ebn transparente dhe t\u00eb shk\u00eblqyeshme nga brenda. Parandalon shfaqjen e shenjave t\u00eb plakjes.<\/p>","protected":false},"featured_media":7658,"comment_status":"open","ping_status":"closed","template":"","meta":[],"product_brand":[98],"product_cat":[103,166,105],"product_tag":[],"class_list":{"0":"post-7657","1":"product","2":"type-product","3":"status-publish","4":"has-post-thumbnail","6":"product_brand-estee-lauder","7":"product_cat-best-seller","8":"product_cat-sale","9":"product_cat-skincare","12":"instock","13":"shipping-taxable","14":"purchasable","15":"product-type-simple"},"_links":{"self":[{"href":"https:\/\/perleibeauty.com\/sq\/wp-json\/wp\/v2\/product\/7657","targetHints":{"allow":["GET"]}}],"collection":[{"href":"https:\/\/perleibeauty.com\/sq\/wp-json\/wp\/v2\/product"}],"about":[{"href":"https:\/\/perleibeauty.com\/sq\/wp-json\/wp\/v2\/types\/product"}],"replies":[{"embeddable":true,"href":"https:\/\/perleibeauty.com\/sq\/wp-json\/wp\/v2\/comments?post=7657"}],"version-history":[{"count":1,"href":"https:\/\/perleibeauty.com\/sq\/wp-json\/wp\/v2\/product\/7657\/revisions"}],"predecessor-version":[{"id":10108,"href":"https:\/\/perleibeauty.com\/sq\/wp-json\/wp\/v2\/product\/7657\/revisions\/10108"}],"wp:featuredmedia":[{"embeddable":true,"href":"https:\/\/perleibeauty.com\/sq\/wp-json\/wp\/v2\/media\/7658"}],"wp:attachment":[{"href":"https:\/\/perleibeauty.com\/sq\/wp-json\/wp\/v2\/media?parent=7657"}],"wp:term":[{"taxonomy":"product_brand","embeddable":true,"href":"https:\/\/perleibeauty.com\/sq\/wp-json\/wp\/v2\/product_brand?post=7657"},{"taxonomy":"product_cat","embeddable":true,"href":"https:\/\/perleibeauty.com\/sq\/wp-json\/wp\/v2\/product_cat?post=7657"},{"taxonomy":"product_tag","embeddable":true,"href":"https:\/\/perleibeauty.com\/sq\/wp-json\/wp\/v2\/product_tag?post=7657"}],"curies":[{"name":"wp","href":"https:\/\/api.w.org\/{rel}","templated":true}]}}