{"id":7601,"date":"2025-12-16T12:21:52","date_gmt":"2025-12-16T12:21:52","guid":{"rendered":"https:\/\/perleibeauty.com\/?post_type=product&#038;p=7601"},"modified":"2026-04-01T11:49:07","modified_gmt":"2026-04-01T11:49:07","slug":"lancome-advanced-genifique-eye-cream","status":"publish","type":"product","link":"https:\/\/perleibeauty.com\/sq\/produkt\/lancome-advanced-genifique-eye-cream\/","title":{"rendered":"LANCOME ADVANCED G\u00c9NIFIQUE EYE CREAM"},"content":{"rendered":"<div class=\"c-product-main__name-wrapper\">\n<h4 class=\"c-product-main__name h-text-uppercase\">LANCOME<\/h4>\n<h4 class=\"c-product-main__name h-text-uppercase\">ADVANCED G\u00c9NIFIQUE EYE CREAM<\/h4>\n<\/div>\n<p class=\"c-product-main__subtitle\">Hydrating &amp; Brightening<\/p>\n<p>SASIA: 15ML<\/p>\n<p class=\"c-product-main__subtitle\">Nj\u00eb krem \u200b\u200bhidratues p\u00ebr syt\u00eb q\u00eb zbut menj\u00ebher\u00eb vijat e holla dhe synon rrudhat dhe rrath\u00ebt e err\u00ebt me kalimin e koh\u00ebs p\u00ebr sy duksh\u00ebm m\u00eb t\u00eb ndritsh\u00ebm. Syt\u00eb ndihen t\u00eb hidratuar gjat\u00eb gjith\u00eb dit\u00ebs, vijat e holla rreth syve jan\u00eb duksh\u00ebm m\u00eb t\u00eb l\u00ebmuara<br \/>\nN\u00eb nj\u00eb kavanoz t\u00eb vet\u00ebm: Shfaqja e rrudhave n\u00ebn sy dhe rrath\u00ebve t\u00eb err\u00ebt zvog\u00eblohet duksh\u00ebm<\/p>\n<p>Advanced G\u00e9nifique \u00ebsht\u00eb kremi hidratues p\u00ebr syt\u00eb p\u00ebr t\u00eb gjitha moshat: ndihmon n\u00eb mbrojtjen dhe korrigjimin e shenjave t\u00eb shumta t\u00eb plakjes rreth zon\u00ebs s\u00eb syve.<br \/>\nMbrojtja: I formuluar me Bifidus Prebiotic dhe Acid Hialuronik, Advanced G\u00e9nifique Brightening &amp; Hydrating Eye Cream ndihmon n\u00eb p\u00ebrshpejtimin e rikuperimit t\u00eb barrier\u00ebs s\u00eb lag\u00ebshtis\u00eb s\u00eb l\u00ebkur\u00ebs*. Nj\u00eb barrier\u00eb e fort\u00eb e l\u00ebkur\u00ebs ndihmon n\u00eb bllokimin e hidratimit dhe mbrojtjen nga agresor\u00ebt e jasht\u00ebm, duke p\u00ebrfshir\u00eb ndotjen, t\u00eb ftohtin dhe motin e that\u00eb. Advanced G\u00e9nifique gjithashtu ndihmon n\u00eb p\u00ebrmir\u00ebsimin e pamjes s\u00eb vijave t\u00eb holla t\u00eb shkaktuara nga dehidratimi ose p\u00ebr shkak t\u00eb hollimit t\u00eb l\u00ebkur\u00ebs, t\u00eb cilat p\u00ebrfundimisht mund t\u00eb thellohen n\u00eb rrudha. Korrigjim i Duksh\u00ebm: L\u00ebkura rreth zon\u00ebs s\u00eb syve \u00ebsht\u00eb m\u00eb delikate dhe m\u00eb e holl\u00eb se l\u00ebkura n\u00eb pjes\u00ebn tjet\u00ebr t\u00eb fytyr\u00ebs, duke e b\u00ebr\u00eb at\u00eb m\u00eb t\u00eb ndjeshme ndaj rrudhave dhe rrath\u00ebve t\u00eb err\u00ebt. Kremi i Syve Advanced G\u00e9nifique Brightening &amp; Hydrating \u00ebsht\u00eb formuluar posa\u00e7\u00ebrisht p\u00ebr t\u00eb synuar l\u00ebkur\u00ebn unike rreth syve tuaj dhe \u00ebsht\u00eb testuar klinikisht p\u00ebr t\u00eb zvog\u00ebluar duksh\u00ebm rrath\u00ebt e err\u00ebt dhe rrudhat n\u00ebn sy me kalimin e koh\u00ebs**.<\/p>\n<p>SHQET\u00cbSIMET ME L\u00cbKUR\u00cbN: Rrudhat e syve, rrath\u00ebt e err\u00ebt, k\u00ebmb\u00ebt e sorr\u00ebs, that\u00ebsia<br \/>\nMASAT E SIGURIS\u00cb: Testuar p\u00ebr toleranc\u00eb n\u00ebn kontroll dermatologjik dhe oftalmologjik. I p\u00ebrshtatsh\u00ebm p\u00ebr sy dhe l\u00ebkur\u00eb t\u00eb ndjeshme. I sigurt p\u00ebr p\u00ebrdoruesit e lenteve t\u00eb kontaktit. TEKSTURA: Tekstur\u00eb e leht\u00eb, e but\u00eb, si xhel<br \/>\nMenj\u00ebher\u00eb, do t\u00eb shihni*:<br \/>\n\u2022 L\u00ebmim<br \/>\n\u2022 Shk\u00eblqim<br \/>\n\u2022 Pamje e reduktuar e vijave t\u00eb holla<\/p>\n<p>N\u00eb nj\u00eb kavanoz t\u00eb vet\u00ebm, ky krem \u200b\u200bp\u00ebr syt\u00eb p\u00ebrmir\u00ebson:<br \/>\n\u2022 Rrudhat n\u00ebn sy<br \/>\n\u2022 K\u00ebmb\u00ebt e sorr\u00ebs<br \/>\n\u2022 Rrath\u00ebt e err\u00ebt<\/p>\n<p>Rezultatet:<br \/>\n\u2022 98% pajtohen se l\u00ebkura rreth syrit ndihet e but\u00eb n\u00eb prekje<br \/>\n\u2022 94% pajtohen se l\u00ebkura rreth syrit ndihet e mbushur me lag\u00ebshti<br \/>\n\u2022 92% pajtohen se l\u00ebkura rreth syrit duket m\u00eb e shk\u00eblqyeshme<br \/>\n\u2022 92% pajtohen se l\u00ebkura rreth syrit duket m\u00eb e l\u00ebmuar<br \/>\n\u2022 96% e grave pajtohen se ky produkt \u00ebsht\u00eb i p\u00ebrshtatsh\u00ebm p\u00ebr llojin e l\u00ebkur\u00ebs s\u00eb tyre<br \/>\n\u2022 98% e grave pajtohen se ky produkt p\u00ebrzihet n\u00eb m\u00ebnyr\u00eb t\u00eb p\u00ebrsosur me ngjyr\u00ebn e l\u00ebkur\u00ebs s\u00eb tyre<br \/>\nP\u00ebrdoreni k\u00ebt\u00eb krem \u200b\u200bhidratues p\u00ebr syt\u00eb \u00e7do dit\u00eb, n\u00eb m\u00ebngjes dhe n\u00eb dark\u00eb<br \/>\nHapi 1: Vendosni nj\u00eb sasi kremi sa nj\u00eb bizele n\u00ebn sy dhe n\u00eb kock\u00ebn e vetullave me nj\u00eb prekje t\u00eb leht\u00eb.<br \/>\nHapi 2: Zbutni pamjen e vijave t\u00eb holla duke p\u00ebrdorur dy gishta p\u00ebr t\u00eb masazhuar kremin nga jasht\u00eb, drejt vesh\u00ebve tuaj.\u00a0 \u00a0 \u00a0 Hapi 3: P\u00ebrk\u00ebdhelni konturin e syve me majat e gishtave p\u00ebr t\u00eb zvog\u00ebluar shfaqjen e rrath\u00ebve t\u00eb err\u00ebt.<\/p>\n<p>INGREDIENTET:<br \/>\nPrebiotiku Bifidus: Ndihmon n\u00eb krijimin e nj\u00eb mjedisi t\u00eb favorsh\u00ebm p\u00ebr bakteret e mira q\u00eb jan\u00eb t\u00eb pranishme n\u00eb sip\u00ebrfaqen e l\u00ebkur\u00ebs, duke nxitur nj\u00eb barrier\u00eb m\u00eb t\u00eb ekuilibruar t\u00eb l\u00ebkur\u00ebs.<br \/>\nAcidi Hialuronik: Nj\u00eb polisakarid natyral q\u00eb gjendet n\u00eb t\u00eb gjith\u00eb l\u00ebkur\u00ebn, i njohur p\u00ebr aft\u00ebsin\u00eb e tij p\u00ebr t\u00eb rritur mbajtjen e lag\u00ebshtis\u00eb dhe hidratimin e l\u00ebkur\u00ebs.<br \/>\nVitamina C: Nj\u00eb antioksidant i njohur p\u00ebr t\u00eb ndihmuar n\u00eb neutralizimin e radikaleve t\u00eb lira, shk\u00eblqimin dhe zbutjen e l\u00ebkur\u00ebs. Kjo formul\u00eb p\u00ebrdor Vitamin\u00ebn Cg, nj\u00eb derivat t\u00eb q\u00ebndruesh\u00ebm t\u00eb Vitamin\u00ebs C t\u00eb tretsh\u00ebm n\u00eb uj\u00eb, i cili njihet se \u00ebsht\u00eb i but\u00eb p\u00ebr l\u00ebkur\u00ebn dhe q\u00eb nuk do t\u00eb degradohet kur ekspozohet ndaj ajrit, nxeht\u00ebsis\u00eb ose drit\u00ebs.<br \/>\n*P\u00ebrfitimet e produktit bazohen n\u00eb testimin e formul\u00ebs s\u00eb produktit, jo n\u00eb p\u00ebrb\u00ebr\u00ebsit individual\u00eb.<\/p>\n<p>AQUA \/ UJ\u00cb \/ EAU \u2022 DIMETIKON \u2022 LIZAT I FERMENTIT BIFIDA \u2022 GLICERIN\u00cb \u2022 PROPANEDIOL \u2022 ALKOOL DENAT. \u2022 POLISILIKON-11 \u2022 SILIC\u00cb \u2022 KROSPOLIMER DIMETIKON\/PEG-10\/15 \u2022 PEG-10 DIMETIKON \u2022 DI-C12-13 ALKIL MALAT \u2022 TAURAT POLIAKRILOILDIMETILI I AMONIT \u2022 CI 77891 \/DIOKSID TITANI \u2022 GLUKOZID ASKORBIL \u2022 ACID LAKTIK \u2022 LAKTOBACILE \u2022 TOKOFEROL \u2022 VAJ BIMORI I HIDROGJENUAR \u2022 HIDROKSID NATRIUMI \u2022 BENZOAT NATRIUMI \u2022 HIALURONAT NATRIUMI \u2022 CITRAT NATRIUMI \u2022 ADENOZIN\u00cb \u2022 EKSTRAKT FAEX \/ EKSTRAKT MAJAJE \/ EKSTRAKT DE LEVURE \u2022 ACID ACETIK \u2022 DISUKSINAT ETILENEDIAMINE TRISODIUM \u2022 KLORFENEZIN\u00cb \u2022 L\u00cbNG RR\u00cbNJESH POLYMNIA SONCHIFOLIA \u2022 DIGLUKONAT KLORHEKSIDINE \u2022 EKSTRAKT I FARAVE T\u00cb POLYGONUM FAGOPYRUM \/ EKSTRAKT I FARAVE T\u00cb HIRR\u00cbS \u2022 MALTODEKSTRIN\u00cb \u2022 SALICILOIL FITOSFINGOZIN\u00cb \u2022 EKSTRAKT I CHLORELLA VULGARIS \u2022 DIMETIKONOL \u2022 LIMONEN \u2022 MANOZ\u00cb \u2022 PENTILEN GLIKOL \u2022 FLUORFLOGOPIT SINTETIK \u2022 LINALOOL \u2022 PENTAERITRITIL TETRA-DI-T-BUTIL HIDROKSHIDROCINAMAT \u2022 GOM\u00cb BIOSAKARIDE-1 \u2022 TRIGLICERID KAPRILIK\/KAPRIK \u2022 OLIGOSAKARID ALPHA-GLUKAN \u2022 KAPRILIL GLIKOL \u2022 DIPROPILEN GLIKOL \u2022 KARBOMER \u2022 NITRID BOR \u2022 ACRILATE\/ C10-30 ALKIL ACRILATE KROSPOLIMER \u2022 GERANIOL \u2022 BIS-PEG\/PPG-16\/16 PEG\/PPG- 16\/16 DIMETIKON \u2022 CETEARETH-20 \u2022 FOSFAT CETIL KALIUMI \u2022 CITRONELOLI \u2022 ALUMINA \u2022 PARFUM \/ AROM\u00cb \u2022 (F.I.L. : B257052\/2)<\/p>","protected":false},"excerpt":{"rendered":"<div class=\"c-product-main__name-wrapper\">\n<h4 class=\"c-product-main__name h-text-uppercase\">LANCOME<\/h4>\n<h4 class=\"c-product-main__name h-text-uppercase\">ADVANCED G\u00c9NIFIQUE EYE CREAM<\/h4>\n<\/div>\n<p class=\"c-product-main__subtitle\">Hydrating &amp; Brightening<\/p>\n<p>SASIA: 15ML<\/p>\n<p class=\"c-product-main__subtitle\">Nj\u00eb krem \u200b\u200bhidratues p\u00ebr syt\u00eb q\u00eb zbut menj\u00ebher\u00eb vijat e holla dhe synon rrudhat dhe rrath\u00ebt e err\u00ebt me kalimin e koh\u00ebs p\u00ebr sy duksh\u00ebm m\u00eb t\u00eb ndritsh\u00ebm. Syt\u00eb ndihen t\u00eb hidratuar gjat\u00eb gjith\u00eb dit\u00ebs, vijat e holla rreth syve jan\u00eb duksh\u00ebm m\u00eb t\u00eb l\u00ebmuara<br \/>\nN\u00eb nj\u00eb kavanoz t\u00eb vet\u00ebm: Shfaqja e rrudhave n\u00ebn sy dhe rrath\u00ebve t\u00eb err\u00ebt zvog\u00eblohet duksh\u00ebm<\/p>","protected":false},"featured_media":7605,"comment_status":"open","ping_status":"closed","template":"","meta":[],"product_brand":[116],"product_cat":[103,132,105],"product_tag":[],"class_list":{"0":"post-7601","1":"product","2":"type-product","3":"status-publish","4":"has-post-thumbnail","6":"product_brand-lancome","7":"product_cat-best-seller","8":"product_cat-gift-ideas","9":"product_cat-skincare","12":"instock","13":"shipping-taxable","14":"purchasable","15":"product-type-simple"},"_links":{"self":[{"href":"https:\/\/perleibeauty.com\/sq\/wp-json\/wp\/v2\/product\/7601","targetHints":{"allow":["GET"]}}],"collection":[{"href":"https:\/\/perleibeauty.com\/sq\/wp-json\/wp\/v2\/product"}],"about":[{"href":"https:\/\/perleibeauty.com\/sq\/wp-json\/wp\/v2\/types\/product"}],"replies":[{"embeddable":true,"href":"https:\/\/perleibeauty.com\/sq\/wp-json\/wp\/v2\/comments?post=7601"}],"version-history":[{"count":1,"href":"https:\/\/perleibeauty.com\/sq\/wp-json\/wp\/v2\/product\/7601\/revisions"}],"predecessor-version":[{"id":10093,"href":"https:\/\/perleibeauty.com\/sq\/wp-json\/wp\/v2\/product\/7601\/revisions\/10093"}],"wp:featuredmedia":[{"embeddable":true,"href":"https:\/\/perleibeauty.com\/sq\/wp-json\/wp\/v2\/media\/7605"}],"wp:attachment":[{"href":"https:\/\/perleibeauty.com\/sq\/wp-json\/wp\/v2\/media?parent=7601"}],"wp:term":[{"taxonomy":"product_brand","embeddable":true,"href":"https:\/\/perleibeauty.com\/sq\/wp-json\/wp\/v2\/product_brand?post=7601"},{"taxonomy":"product_cat","embeddable":true,"href":"https:\/\/perleibeauty.com\/sq\/wp-json\/wp\/v2\/product_cat?post=7601"},{"taxonomy":"product_tag","embeddable":true,"href":"https:\/\/perleibeauty.com\/sq\/wp-json\/wp\/v2\/product_tag?post=7601"}],"curies":[{"name":"wp","href":"https:\/\/api.w.org\/{rel}","templated":true}]}}