{"id":7589,"date":"2025-12-16T12:12:16","date_gmt":"2025-12-16T12:12:16","guid":{"rendered":"https:\/\/perleibeauty.com\/?post_type=product&#038;p=7589"},"modified":"2026-04-01T11:18:13","modified_gmt":"2026-04-01T11:18:13","slug":"estee-lauder-perfectionist-pro-rapid-brightening-serum-mini-size","status":"publish","type":"product","link":"https:\/\/perleibeauty.com\/sq\/produkt\/estee-lauder-perfectionist-pro-rapid-brightening-serum-mini-size\/","title":{"rendered":"ESTEE LAUDER PERFECTIONIST PRO RAPID BRIGHTENING SERUM MINI SIZE"},"content":{"rendered":"<h3>ESTEE LAUDER<\/h3>\n<h3>Perfectionist Pro Rapid Brightening Treatment Serum with Ferment\u00b3 + Vitamin C<\/h3>\n<p>Fuqi e trefisht\u00eb aktive. I frym\u00ebzuar nga trajtimet profesionale, ky serum i fuqizuar nga Vitamina C ndez me shpejt\u00ebsi shk\u00eblqimin e l\u00ebkur\u00ebs dhe synon lloje t\u00eb shumta njollash t\u00eb err\u00ebta p\u00ebr t\u00eb zbuluar nj\u00eb pamje m\u00eb t\u00eb nj\u00ebtrajtshme.<\/p>\n<p>1 JAV\u00cb<br \/>\n96% than\u00eb se l\u00ebkura ndihej m\u00eb e l\u00ebmuar.<br \/>\n93% than\u00eb se pamja e tyre dukej e sh\u00ebndetshme.<br \/>\n87% than\u00eb se l\u00ebkura dukej m\u00eb e ndritshme me qart\u00ebsi t\u00eb rip\u00ebrt\u00ebrir\u00eb.<br \/>\nP\u00ebrmir\u00ebsim i duksh\u00ebm n\u00eb shk\u00eblqim, ton t\u00eb nj\u00ebtrajtsh\u00ebm, but\u00ebsi dhe tekstur\u00eb.<\/p>\n<p>2 JAV\u00cb<br \/>\nNjollat \u200b\u200be err\u00ebta duken t\u00eb reduktuara &#8211; si n\u00eb intensitet ashtu edhe n\u00eb kontrast.<br \/>\n84% e grave than\u00eb se l\u00ebkura e tyre dukej m\u00eb e nj\u00ebtrajtshme.<\/p>\n<p>1 SHISHE<br \/>\nMe nj\u00eb shishe 1.7oz.\/50ml, shihni nj\u00eb reduktim t\u00eb ndjesh\u00ebm n\u00eb pamjen e:<br \/>\nNjollave t\u00eb err\u00ebta, njollave t\u00eb diellit, njollave t\u00eb mosh\u00ebs<br \/>\nZbardhjes, tonit t\u00eb pabarabart\u00eb<br \/>\nShenjave pas akneve<br \/>\nPoreve<br \/>\nI frym\u00ebzuar nga trajtimet profesionale, ai sjell me shpejt\u00ebsi shk\u00eblqim dhe shk\u00eblqim n\u00eb l\u00ebkur\u00ebn e zbeht\u00eb dhe t\u00eb zbeht\u00eb. Synon shfaqjen e llojeve t\u00eb shumta njollash dhe tonit t\u00eb pabarabart\u00eb t\u00eb l\u00ebkur\u00ebs. Antioksidant\u00ebt ndihmojn\u00eb n\u00eb mbrojtjen kund\u00ebr d\u00ebmtimeve mjedisore dhe formimit t\u00eb njollave t\u00eb reja t\u00eb l\u00ebkur\u00ebs. Zbulon pamjen e nj\u00eb l\u00ebkure m\u00eb t\u00eb nj\u00ebtrajtshme, t\u00eb fresk\u00ebt dhe t\u00eb shk\u00eblqyeshme.<\/p>\n<p>3 FERMENTE FUQIE + VITAMINA C<\/p>\n<p>Me kompleksin e tij ekskluziv t\u00eb p\u00ebrb\u00ebr\u00ebsve aktiv\u00eb q\u00eb rrisin shk\u00eblqimin, ky serum Ferment\u00b3 plus Vitamina C ndihmon n\u00eb QET\u00cbSIMIN e l\u00ebkur\u00ebs n\u00eb m\u00ebnyr\u00eb q\u00eb t\u00eb ndihmoj\u00eb n\u00eb rezistenc\u00ebn ndaj njollave t\u00eb err\u00ebta t\u00eb shkaktuara nga acarimi. Ndihmon n\u00eb THYERJEN e ciklit t\u00eb zbehjes. Ndihmon n\u00eb BLLOKIMIN e shfaqjes s\u00eb njollave t\u00eb err\u00ebta n\u00eb t\u00eb ardhmen me antioksidant\u00eb t\u00eb fuqish\u00ebm. Dhe ndihmon n\u00eb FORCIMIN e nj\u00eb qart\u00ebsie t\u00eb pamohueshme.<\/p>\n<p>\u00c7far\u00eb \u00ebsht\u00eb Ferment\u00b3? Nj\u00eb ferment i trefisht\u00eb i fuqish\u00ebm q\u00eb kombinon nj\u00eb p\u00ebrqendrim t\u00eb lart\u00eb t\u00eb Fermentit ton\u00eb ekskluziv t\u00eb Majas\u00eb me nj\u00eb Ferment Melas\u00eb q\u00eb synon njollat \u200b\u200bplus nj\u00eb Ferment Algash t\u00eb patentuar me aktivitet t\u00eb fuqish\u00ebm qet\u00ebsues. T\u00eb tre fermentet punojn\u00eb p\u00ebr t\u00eb ndihmuar n\u00eb zvog\u00eblimin e shfaqjes s\u00eb njollave t\u00eb err\u00ebta dhe p\u00ebr t\u00eb rritur qart\u00ebsin\u00eb dhe qet\u00ebsin\u00eb p\u00ebr nj\u00eb l\u00ebkur\u00eb t\u00eb shk\u00eblqyeshme. Shkenc\u00ebtar\u00ebt e Est\u00e9e Lauder jan\u00eb ekspert\u00eb n\u00eb fermentim, nj\u00eb proces q\u00eb p\u00ebrqendron dhe amplifikon nj\u00eb p\u00ebrb\u00ebr\u00ebs. Kompleksi yn\u00eb i fermentimit \u00ebsht\u00eb 98% me origjin\u00eb natyrale.<\/p>\n<p>\u00c7far\u00eb \u00ebsht\u00eb Vitamina C? \u00cbsht\u00eb nj\u00eb p\u00ebrb\u00ebr\u00ebs aktiv i njohur q\u00eb rrit shk\u00eblqimin, \u00ebsht\u00eb kund\u00ebr plakjes dhe q\u00eb forcon l\u00ebkur\u00ebn. N\u00eb k\u00ebt\u00eb serum Rapid Brightening Ferment\u00b3 + Vitamin\u00eb C, ai synon njollat \u200b\u200be err\u00ebta n\u00eb shtres\u00ebn m\u00eb t\u00eb thell\u00eb t\u00eb sip\u00ebrfaqes s\u00eb l\u00ebkur\u00ebs p\u00ebr t\u00eb ndihmuar n\u00eb zvog\u00eblimin e pamjes s\u00eb njollave t\u00eb l\u00ebkur\u00ebs. Dhe me vetit\u00eb e tij antioksiduese, ndihmon n\u00eb parandalimin e shfaqjes s\u00eb njollave dhe njollave t\u00eb reja t\u00eb l\u00ebkur\u00ebs.<\/p>\n<p>VAZHDON I LEHT\u00cb. NDJEHET I FRESK\u00cbT. ULTRA HIDRATUES.<\/p>\n<p>Formula q\u00eb thith shpejt e Trajtimit Rapid Brightening ndihmon n\u00eb zbutjen e struktur\u00ebs s\u00eb l\u00ebkur\u00ebs dhe n\u00eb rritjen e shk\u00eblqimit natyror t\u00eb l\u00ebkur\u00ebs suaj t\u00eb shk\u00eblqyeshme. Me anti-irritues dhe nj\u00eb doz\u00eb t\u00eb fuqishme t\u00eb Acidit Hialuronik, ky serum Ferment\u00b3 + Vitamin\u00eb C i jep l\u00ebkur\u00ebs lag\u00ebshti 48-or\u00ebshe, t\u00eb mbushur dhe qet\u00ebsuese. Antioksidant\u00ebt ndihmojn\u00eb n\u00eb mbrojtjen kund\u00ebr d\u00ebmtimeve mjedisore dhe formimit t\u00eb njollave t\u00eb reja t\u00eb l\u00ebkur\u00ebs. Pa vaj. I but\u00eb p\u00ebr t\u00eb gjitha llojet e l\u00ebkur\u00ebs.<\/p>","protected":false},"excerpt":{"rendered":"<h3>ESTEE LAUDER<\/h3>\n<h3>Perfectionist Pro Rapid Brightening Treatment Serum with Ferment\u00b3 + Vitamin C<\/h3>\n<p>Fuqi e trefisht\u00eb aktive. I frym\u00ebzuar nga trajtimet profesionale, ky serum i fuqizuar nga Vitamina C ndez me shpejt\u00ebsi shk\u00eblqimin e l\u00ebkur\u00ebs dhe synon lloje t\u00eb shumta njollash t\u00eb err\u00ebta p\u00ebr t\u00eb zbuluar nj\u00eb pamje m\u00eb t\u00eb nj\u00ebtrajtshme.<\/p>\n<p>&nbsp;<\/p>","protected":false},"featured_media":7595,"comment_status":"open","ping_status":"closed","template":"","meta":[],"product_brand":[98],"product_cat":[105],"product_tag":[],"class_list":{"0":"post-7589","1":"product","2":"type-product","3":"status-publish","4":"has-post-thumbnail","6":"product_brand-estee-lauder","7":"product_cat-skincare","10":"instock","11":"sale","12":"shipping-taxable","13":"purchasable","14":"product-type-variable"},"_links":{"self":[{"href":"https:\/\/perleibeauty.com\/sq\/wp-json\/wp\/v2\/product\/7589","targetHints":{"allow":["GET"]}}],"collection":[{"href":"https:\/\/perleibeauty.com\/sq\/wp-json\/wp\/v2\/product"}],"about":[{"href":"https:\/\/perleibeauty.com\/sq\/wp-json\/wp\/v2\/types\/product"}],"replies":[{"embeddable":true,"href":"https:\/\/perleibeauty.com\/sq\/wp-json\/wp\/v2\/comments?post=7589"}],"version-history":[{"count":1,"href":"https:\/\/perleibeauty.com\/sq\/wp-json\/wp\/v2\/product\/7589\/revisions"}],"predecessor-version":[{"id":10109,"href":"https:\/\/perleibeauty.com\/sq\/wp-json\/wp\/v2\/product\/7589\/revisions\/10109"}],"wp:featuredmedia":[{"embeddable":true,"href":"https:\/\/perleibeauty.com\/sq\/wp-json\/wp\/v2\/media\/7595"}],"wp:attachment":[{"href":"https:\/\/perleibeauty.com\/sq\/wp-json\/wp\/v2\/media?parent=7589"}],"wp:term":[{"taxonomy":"product_brand","embeddable":true,"href":"https:\/\/perleibeauty.com\/sq\/wp-json\/wp\/v2\/product_brand?post=7589"},{"taxonomy":"product_cat","embeddable":true,"href":"https:\/\/perleibeauty.com\/sq\/wp-json\/wp\/v2\/product_cat?post=7589"},{"taxonomy":"product_tag","embeddable":true,"href":"https:\/\/perleibeauty.com\/sq\/wp-json\/wp\/v2\/product_tag?post=7589"}],"curies":[{"name":"wp","href":"https:\/\/api.w.org\/{rel}","templated":true}]}}