{"id":7560,"date":"2025-12-16T11:36:56","date_gmt":"2025-12-16T11:36:56","guid":{"rendered":"https:\/\/perleibeauty.com\/?post_type=product&#038;p=7560"},"modified":"2026-04-01T11:49:07","modified_gmt":"2026-04-01T11:49:07","slug":"lancome-advanced-genifique-yeux-light-pearl-eye-serum","status":"publish","type":"product","link":"https:\/\/perleibeauty.com\/sq\/produkt\/lancome-advanced-genifique-yeux-light-pearl-eye-serum\/","title":{"rendered":"Lanc\u00f4me  Advanced G\u00e9nifique Yeux Light-Pearl\u2122 Eye Serum"},"content":{"rendered":"<h3 class=\"css-181u9pf e15t7owz0\" data-comp=\"DisplayName BaseComponent \">LANCOME<br \/>\n<span class=\"css-wkag1e e15t7owz0\" data-at=\"product_name\" data-comp=\"BaseComponent \">Advanced G\u00e9nifique Yeux Light-Pearl\u2122 Eye Serum<\/span><\/h3>\n<p>SASIA: 20ML<\/p>\n<p>Nj\u00eb serum p\u00ebr syt\u00eb dhe qerpik\u00ebt pa vaj, q\u00eb ndri\u00e7on duksh\u00ebm, i cili hidraton dhe ushqen p\u00ebr sy m\u00eb t\u00eb l\u00ebmuar, m\u00eb t\u00eb shndritsh\u00ebm dhe me pamje m\u00eb t\u00eb re.<\/p>\n<p>Lloji i l\u00ebkur\u00ebs: Normale, e that\u00eb, e kombinuar dhe me yndyr\u00eb<\/p>\n<p>Shqet\u00ebsime p\u00ebr kujdesin e l\u00ebkur\u00ebs: Vija t\u00eb holla dhe rrudha, rrath\u00eb t\u00eb err\u00ebt dhe \u00ebnjtje<br \/>\n-Bifidus Prebiotic: Mb\u00ebshtet nj\u00eb mjedis t\u00eb favorsh\u00ebm p\u00ebr bakteret e mira t\u00eb pranishme n\u00eb l\u00ebkur\u00eb.<br \/>\n-Kafeina: Zvog\u00eblon pamjen e \u00ebnjtjes.<br \/>\n-Arginina: \u00cbsht\u00eb nj\u00eb aminoacid i njohur p\u00ebr forcimin dhe zbutjen e l\u00ebkur\u00ebs.<\/p>\n<p>Uj\u00eb\/Uj\u00eb\/Eau, Lizat Fermenti Bifida, Propanediol, Glicerin\u00eb, Alkool Denat, Dimetikon, Metil Gluceth-20, Ci 77891\/Dioksid Titaniumi, Alkool T-Butil, Glukozid Askorbil, Mik\u00eb, Escin, Acetat Tokoferil, Acid Laktik, Laktobacillus, Madecassoside, Benzoat Natriumi, Hialuronat Natriumi, Hidroksid Natriumi, Adenozin\u00eb, Ekstrakt Faex\/Ekstrakt Majaje\/Ekstrakt De Levure, Acid Acetik, Kafein\u00eb, Arginin\u00eb, Klorfenesin\u00eb, Poliakrilamid, Celuloz\u00eb, Silice, L\u00ebng Rr\u00ebnje Polymnia Sonchifolia, Maltodekstrin\u00eb, Saliciloil Fitosfingozin\u00eb, Ekstrakt Chlorella Vulgaris, Krospolimer Dimetikon\/Vinil Dimetikon, Kopolimer Akriloildimetiltaurati i Amonit\/Vp, Dimetikonol, Pentaeritritil Tetraetilheksanoat, Manoz\u00eb \u2022 Gom\u00eb ksantani, Pentilen glikol, Pentaeritritil, Tetra-Di-T-Butil hidroksihidrocinamat, Oligosakarid alfa-glukan, Kaprili glikol, Triglicerid kaprilik\/kaprik, Bis-Peg\/Ppg-16\/16 Peg\/Ppg-16\/16 Dimetikon, Acid citrik, Alumin, Oktenilsuksinat niseshteje, Laureth-7, C13-14, Izoparafin\u00eb, (F.I.L.: N283738\/1).<\/p>\n<p>P\u00ebrdorim i sugjeruar:<br \/>\n-Rrotulloni aplikuesin me ngjyr\u00eb perle t\u00eb \u00e7el\u00ebt p\u00ebrgjat\u00eb qaf\u00ebs s\u00eb shishes p\u00ebr t\u00eb hequr \u00e7do serum t\u00eb tep\u00ebrt para se ta aplikoni.<br \/>\n-L\u00ebvizni para dhe mbrapa rreth konturit t\u00eb syve, duke p\u00ebrdorur aplikuesin fleksib\u00ebl p\u00ebr t\u00eb zvog\u00ebluar pamjen e fryrjes posht\u00eb syve.<br \/>\n-Masazhoni me l\u00ebvizje t\u00eb vogla rrethore, duke p\u00ebrdorur aplikuesin p\u00ebr t\u00eb ndri\u00e7uar dhe hidratuar.<br \/>\nVendosni aplikuesin p\u00ebrgjat\u00eb vij\u00ebs s\u00eb qerpik\u00ebve p\u00ebr p\u00ebrfitime ushqyese.<br \/>\n-K\u00ebshill\u00eb: Ruajeni serumin n\u00eb frigorifer p\u00ebr nj\u00eb aplikues edhe m\u00eb t\u00eb fresk\u00ebt.<br \/>\n-Ky produkt \u00ebsht\u00eb i sigurt p\u00ebr p\u00ebrdorim n\u00eb zgjatjet e qerpik\u00ebve, l\u00ebkur\u00ebn e ndjeshme dhe syt\u00eb e ndjesh\u00ebm, dhe \u00ebsht\u00eb testuar p\u00ebr alergji n\u00ebn kontrollin oftalmologjik dhe dermatologjik.<\/p>\n<p>&nbsp;<\/p>","protected":false},"excerpt":{"rendered":"<h3 class=\"css-181u9pf e15t7owz0\" data-comp=\"DisplayName BaseComponent \">LANCOME<br \/>\n<span class=\"css-wkag1e e15t7owz0\" data-at=\"product_name\" data-comp=\"BaseComponent \">Advanced G\u00e9nifique Yeux Light-Pearl\u2122 Eye Serum<\/span><\/h3>\n<p>SASIA: 20ML<\/p>\n<p>Nj\u00eb serum p\u00ebr syt\u00eb dhe qerpik\u00ebt pa vaj, q\u00eb ndri\u00e7on duksh\u00ebm, i cili hidraton dhe ushqen p\u00ebr sy m\u00eb t\u00eb l\u00ebmuar, m\u00eb t\u00eb shndritsh\u00ebm dhe me pamje m\u00eb t\u00eb re.<\/p>\n<p>Lloji i l\u00ebkur\u00ebs: Normale, e that\u00eb, e kombinuar dhe me yndyr\u00eb<\/p>","protected":false},"featured_media":7574,"comment_status":"open","ping_status":"closed","template":"","meta":[],"product_brand":[116],"product_cat":[103,105],"product_tag":[],"class_list":{"0":"post-7560","1":"product","2":"type-product","3":"status-publish","4":"has-post-thumbnail","6":"product_brand-lancome","7":"product_cat-best-seller","8":"product_cat-skincare","11":"instock","12":"shipping-taxable","13":"purchasable","14":"product-type-simple"},"_links":{"self":[{"href":"https:\/\/perleibeauty.com\/sq\/wp-json\/wp\/v2\/product\/7560","targetHints":{"allow":["GET"]}}],"collection":[{"href":"https:\/\/perleibeauty.com\/sq\/wp-json\/wp\/v2\/product"}],"about":[{"href":"https:\/\/perleibeauty.com\/sq\/wp-json\/wp\/v2\/types\/product"}],"replies":[{"embeddable":true,"href":"https:\/\/perleibeauty.com\/sq\/wp-json\/wp\/v2\/comments?post=7560"}],"version-history":[{"count":1,"href":"https:\/\/perleibeauty.com\/sq\/wp-json\/wp\/v2\/product\/7560\/revisions"}],"predecessor-version":[{"id":10094,"href":"https:\/\/perleibeauty.com\/sq\/wp-json\/wp\/v2\/product\/7560\/revisions\/10094"}],"wp:featuredmedia":[{"embeddable":true,"href":"https:\/\/perleibeauty.com\/sq\/wp-json\/wp\/v2\/media\/7574"}],"wp:attachment":[{"href":"https:\/\/perleibeauty.com\/sq\/wp-json\/wp\/v2\/media?parent=7560"}],"wp:term":[{"taxonomy":"product_brand","embeddable":true,"href":"https:\/\/perleibeauty.com\/sq\/wp-json\/wp\/v2\/product_brand?post=7560"},{"taxonomy":"product_cat","embeddable":true,"href":"https:\/\/perleibeauty.com\/sq\/wp-json\/wp\/v2\/product_cat?post=7560"},{"taxonomy":"product_tag","embeddable":true,"href":"https:\/\/perleibeauty.com\/sq\/wp-json\/wp\/v2\/product_tag?post=7560"}],"curies":[{"name":"wp","href":"https:\/\/api.w.org\/{rel}","templated":true}]}}