{"id":7545,"date":"2025-12-16T11:14:25","date_gmt":"2025-12-16T11:14:25","guid":{"rendered":"https:\/\/perleibeauty.com\/?post_type=product&#038;p=7545"},"modified":"2026-03-22T20:53:49","modified_gmt":"2026-03-22T20:53:49","slug":"clinique-moisture-surge-100h-auto-replenishing-hydrator","status":"publish","type":"product","link":"https:\/\/perleibeauty.com\/sq\/produkt\/clinique-moisture-surge-100h-auto-replenishing-hydrator\/","title":{"rendered":"CLINIQUE MOISTURE SURGE\u2122 100H AUTO-REPLENISHING HYDRATOR"},"content":{"rendered":"<h3>CLINIQUE MOISTURE SURGE\u2122 100H AUTO-REPLENISHING HYDRATOR<\/h3>\n<p>SASIA: 50ML<\/p>\n<p>Kremi yn\u00eb m\u00eb i dashur hidratues xhel i leht\u00eb. I formuluar me aloe bioferment dhe acid hialuronik, ai e mbush l\u00ebkur\u00ebn me hidratim t\u00eb menj\u00ebhersh\u00ebm dhe afatgjat\u00eb. Shfaq menj\u00ebher\u00eb 100% nj\u00eb rritje t\u00eb hidratimit dhe shk\u00eblqimit.<\/p>\n<p>Klinikisht i provuar.<\/p>\n<p>Testuar dermatologjikisht. I sigurt p\u00ebr l\u00ebkur\u00eb t\u00eb ndjeshme. Testuar p\u00ebr alergji. 100% pa arom\u00eb.<\/p>\n<p>Hidraton thell\u00eb<br \/>\nKlinikisht i provuar t\u00eb ofroj\u00eb hidratim t\u00eb menj\u00ebhersh\u00ebm dhe afatgjat\u00eb q\u00eb dep\u00ebrton thell\u00eb n\u00eb sip\u00ebrfaqen e l\u00ebkur\u00ebs.<\/p>\n<p>Rrit shk\u00eblqimin<br \/>\nOfron menj\u00ebher\u00eb nj\u00eb shk\u00eblqim t\u00eb plot\u00eb dhe t\u00eb sh\u00ebndetsh\u00ebm.<\/p>\n<p>Tekstur\u00eb freskuese pa vaj<br \/>\nN\u00eb vet\u00ebm 3 sekonda, kremi xhel i leht\u00eb p\u00ebrthithet shpejt n\u00eb l\u00ebkur\u00eb dhe ofron hidratim qet\u00ebsues.<\/p>\n<p>P\u00ebrgatit p\u00ebr grim<br \/>\nHidratuesi i leht\u00eb dhe freskues ofron nj\u00eb kanavac\u00eb t\u00eb l\u00ebmuar p\u00ebr aplikimin e grimit.<\/p>\n<p>P\u00ebrdoreni n\u00eb m\u00ebngjes dhe n\u00eb dark\u00eb n\u00eb l\u00ebkur\u00eb t\u00eb past\u00ebr.<br \/>\nMund t\u00eb aplikohet edhe mbi grim si nj\u00eb highlighter i fresk\u00ebt.<br \/>\nMask\u00eb fytyre 5-minut\u00ebshe: Aplikoni me boll\u00ebk mbi l\u00ebkur\u00eb. Hiqeni me pecet\u00eb.<\/p>\n<p>Pas nj\u00eb p\u00ebrdorimi:<br \/>\n100% tregojn\u00eb nj\u00eb rritje t\u00eb hidratimit* dhe shk\u00eblqimit.<br \/>\nRrit lag\u00ebshtin\u00eb menj\u00ebher\u00eb me +174%.<br \/>\nOfron 100 or\u00eb hidratim stabilizues.<br \/>\nTestim klinik n\u00eb 19 gra.<br \/>\nTestim klinik n\u00eb 27 gra.<\/p>\n<p>Pas nj\u00eb jave:<br \/>\n99% thon\u00eb se l\u00ebkura ndihet thell\u00ebsisht e hidratuar.<br \/>\n95% thon\u00eb se l\u00ebkura duket e plot\u00eb.<br \/>\n91% thon\u00eb se l\u00ebkura duket e shk\u00eblqyeshme.<br \/>\n98% thon\u00eb se l\u00ebkura ndihet m\u00eb elastike.<br \/>\n95% thon\u00eb se l\u00ebkura ndihet m\u00eb e sh\u00ebndetshme.<br \/>\nTestim konsumator\u00ebsh n\u00eb 110 gra.<\/p>\n<p>Biofermenti i aloe ver\u00ebs<br \/>\nBima e aloe ver\u00ebs p\u00ebrqendrohet mbi 500 her\u00eb, pastaj transformohet m\u00eb tej n\u00eb nj\u00eb bioferment p\u00ebrmes nj\u00eb procesi t\u00eb kujdessh\u00ebm fermentimi me 10 hapa gjat\u00eb 5+ dit\u00ebve. Rezultati \u00ebsht\u00eb nj\u00eb p\u00ebrb\u00ebr\u00ebs i pasur me l\u00ebnd\u00eb ushqyese q\u00eb ndihmon l\u00ebkur\u00ebn t\u00eb ruaj\u00eb lag\u00ebshtin\u00eb.<\/p>\n<p>Acidi hialuronik<br \/>\nKy p\u00ebrb\u00ebr\u00ebs q\u00eb lidh lag\u00ebshtin\u00eb ndihmon n\u00eb krijimin e nj\u00eb &#8220;rezervuari lag\u00ebshtie&#8221; p\u00ebr hidratim ideal. Formula jon\u00eb \u00ebsht\u00eb p\u00ebrzier me ekspertiz\u00eb me dy pesha t\u00eb ndryshme molekulare t\u00eb acidit hialuronik.<\/p>\n<p>P\u00ebrzierje e vitaminave C dhe E<br \/>\nNdihmon n\u00eb ofrimin e mbrojtjes antioksiduese kund\u00ebr dehidratuesve t\u00eb p\u00ebrditsh\u00ebm.<\/p>\n<p>Fakte mbi Formul\u00ebn<br \/>\nEkspertiz\u00eb Klinike<br \/>\nTestuar dermatologjikisht<br \/>\nI sigurt p\u00ebr l\u00ebkur\u00eb t\u00eb ndjeshme<br \/>\nTestuar p\u00ebr alergji<br \/>\nPa arom\u00eb<\/p>\n<p>Pa Arom\u00eb<br \/>\nPa parabene<br \/>\nFtalate, Vaj, Alkool thar\u00ebs<\/p>\n<p>P\u00ebrb\u00ebr\u00ebsit: Uj\u00eb\\Aqua\\Eau, Dimetikon, Butilen Glikol, Glicerin\u00eb, Trisiloksan, Trehaloz\u00eb, Sukroz\u00eb, Kopolimer Amoniumi Akriloildimetiltaurati\/Vp, Hidroksietil Urea, Ekstrakt Gjethe Camellia Sinensis (\u00c7aj Jeshil), Ekstrakt Silybum Marianum (Gj\u00ebmbadh\u00ebs Zonje), Ekstrakt L\u00ebvore Betula Alba (Methun\u00eb), Ekstrakt Saccharomyces Lysate, Uj\u00eb Gjethe Aloe Barbadensis, Ekstrakt Gjethe Aloe Barbadensis, Ferment Thermus Thermophillus, Kafein\u00eb, Sorbitol, Palmitoil Hexapeptid-12, Hialuronat Natriumi, Kaprilil Glikol, Oleth-10, Poliaspartat Natriumi, Polisakaride Gjethe Aloe Barbadensis, Lizat i Fermentimit t\u00eb Lactobacillus, Izomerat Sakaridi, Lecitin\u00eb e Hidrogjenizuar, Acetat Tokoferili, Krospolimer Akrilate\/C10-30 Alkil Akrilat, Polimetakrilat Glicerili, Trometamin\u00eb, Peg-8, Heksil Glikol, Fosfat Magnezi Askorbil, Acid Citrik, Bht, Edta Disodiumi, Citrat Natriumi, Sorbat Kaliumi, Benzoat Natriumi, Fenoksietanol, E Kuqe 4 (Ci 14700).<\/p>","protected":false},"excerpt":{"rendered":"<h3>CLINIQUE MOISTURE SURGE\u2122 100H AUTO-REPLENISHING HYDRATOR<\/h3>\n<p>SASIA: 50ML<\/p>\n<p>Kremi yn\u00eb m\u00eb i dashur hidratues xhel i leht\u00eb. I formuluar me aloe bioferment dhe acid hialuronik, ai e mbush l\u00ebkur\u00ebn me hidratim t\u00eb menj\u00ebhersh\u00ebm dhe afatgjat\u00eb. Shfaq menj\u00ebher\u00eb 100% nj\u00eb rritje t\u00eb hidratimit dhe shk\u00eblqimit.<\/p>","protected":false},"featured_media":7557,"comment_status":"open","ping_status":"closed","template":"","meta":[],"product_brand":[117],"product_cat":[103,166,105],"product_tag":[],"class_list":{"0":"post-7545","1":"product","2":"type-product","3":"status-publish","4":"has-post-thumbnail","6":"product_brand-clinique","7":"product_cat-best-seller","8":"product_cat-sale","9":"product_cat-skincare","12":"outofstock","13":"sale","14":"shipping-taxable","15":"purchasable","16":"product-type-simple"},"_links":{"self":[{"href":"https:\/\/perleibeauty.com\/sq\/wp-json\/wp\/v2\/product\/7545","targetHints":{"allow":["GET"]}}],"collection":[{"href":"https:\/\/perleibeauty.com\/sq\/wp-json\/wp\/v2\/product"}],"about":[{"href":"https:\/\/perleibeauty.com\/sq\/wp-json\/wp\/v2\/types\/product"}],"replies":[{"embeddable":true,"href":"https:\/\/perleibeauty.com\/sq\/wp-json\/wp\/v2\/comments?post=7545"}],"version-history":[{"count":1,"href":"https:\/\/perleibeauty.com\/sq\/wp-json\/wp\/v2\/product\/7545\/revisions"}],"predecessor-version":[{"id":10499,"href":"https:\/\/perleibeauty.com\/sq\/wp-json\/wp\/v2\/product\/7545\/revisions\/10499"}],"wp:featuredmedia":[{"embeddable":true,"href":"https:\/\/perleibeauty.com\/sq\/wp-json\/wp\/v2\/media\/7557"}],"wp:attachment":[{"href":"https:\/\/perleibeauty.com\/sq\/wp-json\/wp\/v2\/media?parent=7545"}],"wp:term":[{"taxonomy":"product_brand","embeddable":true,"href":"https:\/\/perleibeauty.com\/sq\/wp-json\/wp\/v2\/product_brand?post=7545"},{"taxonomy":"product_cat","embeddable":true,"href":"https:\/\/perleibeauty.com\/sq\/wp-json\/wp\/v2\/product_cat?post=7545"},{"taxonomy":"product_tag","embeddable":true,"href":"https:\/\/perleibeauty.com\/sq\/wp-json\/wp\/v2\/product_tag?post=7545"}],"curies":[{"name":"wp","href":"https:\/\/api.w.org\/{rel}","templated":true}]}}