{"id":7528,"date":"2025-12-16T10:32:39","date_gmt":"2025-12-16T10:32:39","guid":{"rendered":"https:\/\/perleibeauty.com\/?post_type=product&#038;p=7528"},"modified":"2026-03-22T20:53:50","modified_gmt":"2026-03-22T20:53:50","slug":"kiehls-super-multi-corrective-anti-aging-cream-for-face-and-neck","status":"publish","type":"product","link":"https:\/\/perleibeauty.com\/sq\/produkt\/kiehls-super-multi-corrective-anti-aging-cream-for-face-and-neck\/","title":{"rendered":"KIEHL&#8217;S SUPER MULTI-CORRECTIVE ANTI-AGING CREAM FOR FACE AND NECK"},"content":{"rendered":"<h3>KIEHL&#8217;S<\/h3>\n<h3>Super Multi-Corrective Anti-Aging Cream for Face and Neck<\/h3>\n<p>SASIA: 50 ML<\/p>\n<p>\u00c7far\u00eb \u00ebsht\u00eb?<br \/>\nKy krem \u200b\u200bhidratues i leht\u00eb dhe me thithje t\u00eb shpejt\u00eb ndjek nj\u00eb qasje shum\u00ebplan\u00ebshe p\u00ebr t\u00eb adresuar shenjat m\u00eb t\u00eb dukshme t\u00eb plakjes n\u00eb fytyr\u00eb dhe qaf\u00eb. I fuqizuar nga Vitamina A PhytoMimetic, K\u00ebrpudha Chaga dhe Acidi Hialuronik, k\u00ebta tre p\u00ebrb\u00ebr\u00ebs punojn\u00eb s\u00eb bashku p\u00ebr t&#8217;u b\u00ebr\u00eb nj\u00eb zgjidhje super e fuqishme kund\u00ebr plakjes p\u00ebr rrudhat, tonin dhe tekstur\u00ebn.<\/p>\n<p>Konsumator\u00ebt ran\u00eb dakord se gjat\u00eb p\u00ebrdorimit t\u00eb kremit ton\u00eb super t\u00eb fuqish\u00ebm kund\u00ebr plakjes:<br \/>\n93% pan\u00eb rrudha t\u00eb reduktuara<br \/>\n91% pan\u00eb nj\u00eb ton m\u00eb t\u00eb nj\u00ebtrajtsh\u00ebm t\u00eb l\u00ebkur\u00ebs<br \/>\n93% than\u00eb se l\u00ebkura e tyre dukej dhe ndihej m\u00eb e l\u00ebmuar<br \/>\n94% pan\u00eb vija n\u00eb qaf\u00eb t\u00eb reduktuara<br \/>\nPa parabene, pa vajra minerale ose pa ngjyrues.<\/p>\n<p>P\u00ebr \u00e7far\u00eb \u00ebsht\u00eb i mir\u00eb?<br \/>\nKlinikisht i provuar p\u00ebr t\u00eb zvog\u00ebluar rrudhat, p\u00ebr t\u00eb nj\u00ebtrajtsh\u00ebm tonin e l\u00ebkur\u00ebs dhe p\u00ebr t\u00eb zbutur struktur\u00ebn e l\u00ebkur\u00ebs n\u00eb vet\u00ebm 4 jav\u00eb.<br \/>\nAdreson shenjat m\u00eb t\u00eb dukshme t\u00eb plakjes n\u00eb fytyr\u00eb dhe qaf\u00eb<br \/>\nKrem i leht\u00eb dhe me thithje t\u00eb shpejt\u00eb<br \/>\nP\u00ebr t\u00eb gjitha llojet e l\u00ebkur\u00ebs, p\u00ebrfshir\u00eb l\u00ebkur\u00ebn e ndjeshme<br \/>\nI prodhuar me paketim t\u00eb ricikluesh\u00ebm<br \/>\nI miratuar nga TSA<\/p>\n<p>Para &amp; Pas<br \/>\nPas p\u00ebrdorimit t\u00eb vazhduesh\u00ebm t\u00eb kremit ton\u00eb t\u00eb fytyr\u00ebs dhe qaf\u00ebs p\u00ebr reduktimin e rrudhave, 96% pan\u00eb rezultate t\u00eb dukshme kund\u00ebr plakjes me kalimin e koh\u00ebs kur aplikuan kremin ton\u00eb kund\u00ebr plakjes n\u00eb fytyr\u00eb* dhe 92% pan\u00eb p\u00ebrmir\u00ebsim t\u00eb duksh\u00ebm n\u00eb zon\u00ebn e qaf\u00ebs.<br \/>\nFormula jon\u00eb 7-n\u00eb-1 kund\u00ebr plakjes \u00ebsht\u00eb klinikisht e demonstruar p\u00ebr t\u00eb ngritur, forcuar, zbutur, rafinuar duksh\u00ebm struktur\u00ebn, p\u00ebr t\u00eb nj\u00ebtrajtsh\u00ebm tonin dhe p\u00ebr t\u00eb rritur elasticitetin dhe shk\u00eblqimin.<\/p>\n<p>Me p\u00ebrdorim t\u00eb vazhduesh\u00ebm, p\u00ebrdoruesit ran\u00eb dakord:<\/p>\n<p>96% ndjen\u00eb nj\u00eb tekstur\u00eb m\u00eb t\u00eb p\u00ebrmir\u00ebsuar<br \/>\n94% ndjen\u00eb nj\u00eb l\u00ebkur\u00eb m\u00eb t\u00eb fort\u00eb<br \/>\n94% ndjen\u00eb m\u00eb shum\u00eb elasticitet<br \/>\n92% pan\u00eb rrudha m\u00eb t\u00eb reduktuara<br \/>\n92% pan\u00eb nj\u00eb ton m\u00eb t\u00eb nj\u00ebtrajtsh\u00ebm<br \/>\n90% pan\u00eb nj\u00eb pamje m\u00eb t\u00eb ngritur<br \/>\n90% pan\u00eb m\u00eb shum\u00eb shk\u00eblqim<br \/>\nBazuar n\u00eb nj\u00eb marr\u00ebveshje prej 96% pas p\u00ebrdorimit t\u00eb vazhduesh\u00ebm n\u00eb nj\u00eb studim t\u00eb konsumator\u00ebve.<br \/>\nBazuar n\u00eb marr\u00ebveshjen n\u00eb nj\u00eb studim 12-javor t\u00eb p\u00ebrdorimit t\u00eb konsumator\u00ebve me nj\u00eb panel prej 53 grash. Rezultatet individuale mund t\u00eb ndryshojn\u00eb.<\/p>\n<p>Si t\u00eb p\u00ebrdoret?<\/p>\n<p>Aplikoni kremin anti-plakje n\u00eb m\u00ebnyr\u00eb t\u00eb barabart\u00eb n\u00eb l\u00ebkur\u00ebn e pastruar dhe masazhojeni n\u00eb zon\u00ebn e fytyr\u00ebs dhe qaf\u00ebs<br \/>\nMund t\u00eb p\u00ebrdoret si dit\u00ebn ashtu edhe nat\u00ebn; p\u00ebr mbrojtje SPF gjat\u00eb dit\u00ebs, provoni kremin ton\u00eb hidratues anti-plakje me SPF 30<br \/>\nZbuloni serumin ton\u00eb anti-plakje p\u00ebr syt\u00eb p\u00ebr t\u00eb ngritur, ndri\u00e7uar dhe zbutur l\u00ebkur\u00ebn<\/p>","protected":false},"excerpt":{"rendered":"<h3>KIEHL&#8217;S<\/h3>\n<h3>Super Multi-Corrective Anti-Aging Cream for Face and Neck 50 ML<\/h3>\n<p>\u00c7far\u00eb \u00ebsht\u00eb?<br \/>\nKy krem \u200b\u200bhidratues i leht\u00eb dhe me thithje t\u00eb shpejt\u00eb ndjek nj\u00eb qasje shum\u00ebplan\u00ebshe p\u00ebr t\u00eb adresuar shenjat m\u00eb t\u00eb dukshme t\u00eb plakjes n\u00eb fytyr\u00eb dhe qaf\u00eb. I fuqizuar nga Vitamina A PhytoMimetic, K\u00ebrpudha Chaga dhe Acidi Hialuronik, k\u00ebta tre p\u00ebrb\u00ebr\u00ebs punojn\u00eb s\u00eb bashku p\u00ebr t&#8217;u b\u00ebr\u00eb nj\u00eb zgjidhje super e fuqishme kund\u00ebr plakjes p\u00ebr rrudhat, tonin dhe tekstur\u00ebn.<\/p>","protected":false},"featured_media":7535,"comment_status":"open","ping_status":"closed","template":"","meta":[],"product_brand":[],"product_cat":[166,105],"product_tag":[],"class_list":{"0":"post-7528","1":"product","2":"type-product","3":"status-publish","4":"has-post-thumbnail","6":"product_cat-sale","7":"product_cat-skincare","10":"outofstock","11":"sale","12":"shipping-taxable","13":"purchasable","14":"product-type-simple"},"_links":{"self":[{"href":"https:\/\/perleibeauty.com\/sq\/wp-json\/wp\/v2\/product\/7528","targetHints":{"allow":["GET"]}}],"collection":[{"href":"https:\/\/perleibeauty.com\/sq\/wp-json\/wp\/v2\/product"}],"about":[{"href":"https:\/\/perleibeauty.com\/sq\/wp-json\/wp\/v2\/types\/product"}],"replies":[{"embeddable":true,"href":"https:\/\/perleibeauty.com\/sq\/wp-json\/wp\/v2\/comments?post=7528"}],"version-history":[{"count":1,"href":"https:\/\/perleibeauty.com\/sq\/wp-json\/wp\/v2\/product\/7528\/revisions"}],"predecessor-version":[{"id":10501,"href":"https:\/\/perleibeauty.com\/sq\/wp-json\/wp\/v2\/product\/7528\/revisions\/10501"}],"wp:featuredmedia":[{"embeddable":true,"href":"https:\/\/perleibeauty.com\/sq\/wp-json\/wp\/v2\/media\/7535"}],"wp:attachment":[{"href":"https:\/\/perleibeauty.com\/sq\/wp-json\/wp\/v2\/media?parent=7528"}],"wp:term":[{"taxonomy":"product_brand","embeddable":true,"href":"https:\/\/perleibeauty.com\/sq\/wp-json\/wp\/v2\/product_brand?post=7528"},{"taxonomy":"product_cat","embeddable":true,"href":"https:\/\/perleibeauty.com\/sq\/wp-json\/wp\/v2\/product_cat?post=7528"},{"taxonomy":"product_tag","embeddable":true,"href":"https:\/\/perleibeauty.com\/sq\/wp-json\/wp\/v2\/product_tag?post=7528"}],"curies":[{"name":"wp","href":"https:\/\/api.w.org\/{rel}","templated":true}]}}