{"id":7519,"date":"2025-12-16T10:09:06","date_gmt":"2025-12-16T10:09:06","guid":{"rendered":"https:\/\/perleibeauty.com\/?post_type=product&#038;p=7519"},"modified":"2026-03-22T20:53:50","modified_gmt":"2026-03-22T20:53:50","slug":"kiehls-super-multi-corrective-soft-cream","status":"publish","type":"product","link":"https:\/\/perleibeauty.com\/sq\/produkt\/kiehls-super-multi-corrective-soft-cream\/","title":{"rendered":"KIEHL&#8217;S SUPER MULTI CORRECTIVE SOFT CREAM"},"content":{"rendered":"<h3>KIEHL&#8217;S<\/h3>\n<h3>Super Multi Corrective Soft Cream<\/h3>\n<p>SASIA: 50 ML<\/p>\n<p>Kremi yn\u00eb hidratues korrigjues kund\u00ebr plakjes e forcon dhe e ngre l\u00ebkur\u00ebn n\u00eb m\u00ebnyr\u00eb t\u00eb dukshme, nd\u00ebrkoh\u00eb q\u00eb zvog\u00eblon shfaqjen e rrudhave, rrit shk\u00eblqimin dhe p\u00ebrmir\u00ebson elasticitetin e l\u00ebkur\u00ebs p\u00ebr t\u00eb krijuar nj\u00eb struktur\u00eb m\u00eb t\u00eb l\u00ebmuar dhe nj\u00eb ton m\u00eb t\u00eb nj\u00ebtrajtsh\u00ebm. I mbingarkuar me Proxylane dhe Adenosine, kjo formul\u00eb e leht\u00eb dhe e but\u00eb p\u00ebrforcon dhe mb\u00ebshtet struktur\u00ebn e l\u00ebkur\u00ebs p\u00ebr nj\u00eb pamje m\u00eb t\u00eb ngrehur dhe nj\u00eb l\u00ebkur\u00eb t\u00eb sh\u00ebndetshme.<\/p>\n<p>P\u00ebr \u00e7far\u00eb \u00ebsht\u00eb i mir\u00eb?<\/p>\n<p>Korrigjon 7 shenjat kryesore t\u00eb plakjes:<br \/>\nTekstur\u00eb e leht\u00eb dhe freskuese<br \/>\nForcon, ngre, zbut dhe rrit duksh\u00ebm shk\u00eblqimin e l\u00ebkur\u00ebs<br \/>\nHidraton l\u00ebkur\u00ebn dhe e barazon tekstur\u00ebn<br \/>\nP\u00ebrmir\u00ebson pamjen e sh\u00ebndetshme t\u00eb l\u00ebkur\u00ebs<br \/>\nNdihmon n\u00eb p\u00ebrmir\u00ebsimin e duksh\u00ebm t\u00eb elasticitetit me Adenozin\u00eb<br \/>\nNdihmon n\u00eb rivendosjen e fort\u00ebsis\u00eb me Proxylane<br \/>\nNdihmon n\u00eb zvog\u00eblimin e yndyr\u00ebs sip\u00ebrfaq\u00ebsore me Capryloyl Glycine<br \/>\nP\u00ebr llojet e l\u00ebkur\u00ebs me yndyr\u00eb, t\u00eb kombinuar dhe t\u00eb ndjeshme<\/p>\n<p>Si t\u00eb p\u00ebrdoret?<br \/>\nAplikoni kremin ton\u00eb t\u00eb leht\u00eb anti-plakje n\u00eb m\u00ebnyr\u00eb t\u00eb barabart\u00eb n\u00eb l\u00ebkur\u00ebn e pastruar dhe masazhojeni n\u00eb zon\u00ebn e fytyr\u00ebs dhe qaf\u00ebs<br \/>\nMund t\u00eb p\u00ebrdoret si dit\u00ebn ashtu edhe nat\u00ebn<br \/>\nP\u00ebr mb\u00ebshtetje shtes\u00eb, provoni kremin ton\u00eb anti-plakje p\u00ebr syt\u00eb q\u00eb ngre, zbut, heq \u00ebnjtjen dhe ndri\u00e7on duksh\u00ebm zon\u00ebn e syve<\/p>\n<p>Para &amp; Pas<\/p>\n<p>Hidratuesi yn\u00eb i leht\u00eb anti-plakje zvog\u00eblon duksh\u00ebm shenjat e plakjes dhe p\u00ebrmir\u00ebson elasticitetin e l\u00ebkur\u00ebs dhe pamjen e p\u00ebrgjithshme t\u00eb sh\u00ebndetshme t\u00eb l\u00ebkur\u00ebs.<\/p>\n<p>99% Pan\u00eb P\u00ebrmir\u00ebsim t\u00eb Tekstur\u00ebs<br \/>\n98% Pan\u00eb Shk\u00eblqim t\u00eb Rritur<br \/>\n96% Pan\u00eb L\u00ebkur\u00eb m\u00eb t\u00eb Fort\u00eb<br \/>\n96% Pan\u00eb M\u00eb Shum\u00eb Elasticitet<br \/>\n96% Pan\u00eb Rezultate t\u00eb Dukshme Anti-Plakje<br \/>\n95% Pan\u00eb Tonin M\u00eb t\u00eb Nj\u00ebtrajtsh\u00ebm t\u00eb L\u00ebkur\u00ebs<br \/>\n95% Pan\u00eb Rrudha t\u00eb Ulura t\u00eb Holla<br \/>\n94% Pan\u00eb Nj\u00eb Pamje M\u00eb t\u00eb Liftuar<br \/>\n89% Pan\u00eb Pore t\u00eb Ulura<\/p>\n<p>&nbsp;<\/p>","protected":false},"excerpt":{"rendered":"<h3>KIEHL&#8217;S<\/h3>\n<h3>Super Multi Corrective Soft Cream 50 ML<\/h3>\n<p>Kremi yn\u00eb hidratues korrigjues kund\u00ebr plakjes e forcon dhe e ngre l\u00ebkur\u00ebn n\u00eb m\u00ebnyr\u00eb t\u00eb dukshme, nd\u00ebrkoh\u00eb q\u00eb zvog\u00eblon shfaqjen e rrudhave, rrit shk\u00eblqimin dhe p\u00ebrmir\u00ebson elasticitetin e l\u00ebkur\u00ebs p\u00ebr t\u00eb krijuar nj\u00eb struktur\u00eb m\u00eb t\u00eb l\u00ebmuar dhe nj\u00eb ton m\u00eb t\u00eb nj\u00ebtrajtsh\u00ebm. I mbingarkuar me Proxylane dhe Adenosine, kjo formul\u00eb e leht\u00eb dhe e but\u00eb p\u00ebrforcon dhe mb\u00ebshtet struktur\u00ebn e l\u00ebkur\u00ebs p\u00ebr nj\u00eb pamje m\u00eb t\u00eb ngrehur dhe nj\u00eb l\u00ebkur\u00eb t\u00eb sh\u00ebndetshme.<\/p>","protected":false},"featured_media":7526,"comment_status":"open","ping_status":"closed","template":"","meta":[],"product_brand":[],"product_cat":[166,105],"product_tag":[],"class_list":{"0":"post-7519","1":"product","2":"type-product","3":"status-publish","4":"has-post-thumbnail","6":"product_cat-sale","7":"product_cat-skincare","10":"outofstock","11":"sale","12":"shipping-taxable","13":"purchasable","14":"product-type-simple"},"_links":{"self":[{"href":"https:\/\/perleibeauty.com\/sq\/wp-json\/wp\/v2\/product\/7519","targetHints":{"allow":["GET"]}}],"collection":[{"href":"https:\/\/perleibeauty.com\/sq\/wp-json\/wp\/v2\/product"}],"about":[{"href":"https:\/\/perleibeauty.com\/sq\/wp-json\/wp\/v2\/types\/product"}],"replies":[{"embeddable":true,"href":"https:\/\/perleibeauty.com\/sq\/wp-json\/wp\/v2\/comments?post=7519"}],"version-history":[{"count":1,"href":"https:\/\/perleibeauty.com\/sq\/wp-json\/wp\/v2\/product\/7519\/revisions"}],"predecessor-version":[{"id":10502,"href":"https:\/\/perleibeauty.com\/sq\/wp-json\/wp\/v2\/product\/7519\/revisions\/10502"}],"wp:featuredmedia":[{"embeddable":true,"href":"https:\/\/perleibeauty.com\/sq\/wp-json\/wp\/v2\/media\/7526"}],"wp:attachment":[{"href":"https:\/\/perleibeauty.com\/sq\/wp-json\/wp\/v2\/media?parent=7519"}],"wp:term":[{"taxonomy":"product_brand","embeddable":true,"href":"https:\/\/perleibeauty.com\/sq\/wp-json\/wp\/v2\/product_brand?post=7519"},{"taxonomy":"product_cat","embeddable":true,"href":"https:\/\/perleibeauty.com\/sq\/wp-json\/wp\/v2\/product_cat?post=7519"},{"taxonomy":"product_tag","embeddable":true,"href":"https:\/\/perleibeauty.com\/sq\/wp-json\/wp\/v2\/product_tag?post=7519"}],"curies":[{"name":"wp","href":"https:\/\/api.w.org\/{rel}","templated":true}]}}