{"id":7511,"date":"2025-12-16T09:54:06","date_gmt":"2025-12-16T09:54:06","guid":{"rendered":"https:\/\/perleibeauty.com\/?post_type=product&#038;p=7511"},"modified":"2026-04-08T03:47:08","modified_gmt":"2026-04-08T03:47:08","slug":"pixi-glow-tonic","status":"publish","type":"product","link":"https:\/\/perleibeauty.com\/sq\/produkt\/pixi-glow-tonic\/","title":{"rendered":"PIXI GLOW TONIC"},"content":{"rendered":"<h3>PIXI GLOW TONIC<\/h3>\n<p>ORIGINAL SIZE<\/p>\n<p>P\u00ebrjetoni PixiGlow ikonike! Tonik yn\u00eb i vler\u00ebsuar me \u00e7mime, q\u00eb p\u00ebrmban 5% Acid Glikolik, p\u00ebrshpejton but\u00ebsisht rinovimin e qelizave p\u00ebr t\u00eb zbuluar nj\u00eb l\u00ebkur\u00eb m\u00eb t\u00eb ndritshme dhe t\u00eb shk\u00eblqyeshme. Ky tonik pa alkool p\u00ebrpunon poret dhe qet\u00ebson p\u00ebr nj\u00eb l\u00ebkur\u00eb t\u00eb shk\u00eblqyeshme dhe me pamje m\u00eb t\u00eb sh\u00ebndetshme.<\/p>\n<p>\u2022 &#8220;Toniku yn\u00eb ikonik Glow, i cili p\u00ebrgatit sken\u00ebn p\u00ebr l\u00ebkur\u00ebn karakteristike t\u00eb shk\u00eblqyer t\u00eb Pixi-t.&#8221; &#8211; Petra<\/p>\n<p>\u2022 Eksfolion dhe pastron me 5% Acid Glikolik<br \/>\n\u2022 Xhenseni p\u00ebrmir\u00ebson qarkullimin dhe jep energji<br \/>\n\u2022 Largon vajrat dhe papast\u00ebrtit\u00eb e tep\u00ebrta<br \/>\n\u2022 Aloe Vera qet\u00ebson dhe hidraton<br \/>\n\u2022 P\u00ebrpunon poret dhe balancon l\u00ebkur\u00ebn<br \/>\n\u2022 P\u00ebrshpejton rinovimin e qelizave p\u00ebr nj\u00eb l\u00ebkur\u00eb t\u00eb shk\u00eblqyeshme<br \/>\n\u2022 Pa alkool, pa parabene dhe i p\u00ebrshtatsh\u00ebm p\u00ebr t\u00eb gjitha llojet e l\u00ebkur\u00ebs<br \/>\n\u2022 Nuk \u00ebsht\u00eb testuar n\u00eb kafsh\u00eb<\/p>\n<p>\u2022 V\u00ebllimi: 250 ml \/ 8.5 fl oz<\/p>\n<p>Si t\u00eb Aplikohet<br \/>\n\u2022 P\u00ebrdorimi: Ose n\u00eb m\u00ebngjes dhe n\u00eb mbr\u00ebmje ose kur \u00ebsht\u00eb e nevojshme.<br \/>\n\u2022 Hapi 1: Pastroni fytyr\u00ebn tuaj.\u00a0 \u00a0 \u00a0 \u00a0 \u00a0 \u00a0 \u00a0 \u00a0 \u00a0 \u00a0 \u00a0 \u00a0 \u00a0 \u00a0 \u00a0 \u00a0 \u00a0 \u00a0 \u00a0 \u00a0 \u00a0 \u00a0 \u00a0 \u00a0 \u00a0 \u00a0 \u00a0 \u00a0 \u00a0 \u00a0 \u00a0 \u00a0 \u00a0 \u00a0 \u00a0 \u00a0 \u00a0 \u00a0 \u00a0 \u00a0 \u00a0 \u00a0 \u00a0 \u00a0 \u00a0 \u00a0 \u00a0 \u00a0 \u00a0 \u00a0 \u00a0 \u00a0 \u00a0 \u00a0 \u00a0 \u00a0 \u00a0 \u00a0 \u00a0 \u00a0 \u00a0 \u00a0 \u00a0 \u00a0 \u00a0 \u00a0 \u00a0 \u00a0 \u00a0 \u00a0 \u00a0 \u00a0 \u00a0 \u00a0 \u00a0 \u00a0 \u00a0 \u00a0 \u00a0 \u00a0 \u00a0 \u00a0 \u00a0 \u00a0 \u00a0 \u00a0 \u00a0 \u00a0\u2022 Hapi 2: Lagni nj\u00eb pambuk me Glow Tonic\u2122 dhe f\u00ebrkojeni n\u00eb fytyr\u00eb, qaf\u00eb dhe dekolte (duke shmangur zon\u00ebn e syve).<br \/>\n\u2022 Hapi 3: M\u00eb pas aplikoni nj\u00eb serum ose krem \u200b\u200bhidratues.<\/p>\n<p>P\u00ebrb\u00ebr\u00ebsit<br \/>\n\u2022 Acidi glikolik (5%) b\u00ebn eksfoliim<br \/>\n\u2022 Xhenseni p\u00ebrmir\u00ebson qarkullimin dhe jep energji<br \/>\n\u2022 Aloe vera qet\u00ebson dhe hidraton but\u00ebsisht<br \/>\n\u2022 Fruktoza dhe saharoza ndri\u00e7ojn\u00eb<\/p>","protected":false},"excerpt":{"rendered":"<h3>PIXI GLOW TONIC<\/h3>\n<p>ORIGINAL SIZE<\/p>\n<p>P\u00ebrjetoni PixiGlow ikonike! Tonik yn\u00eb i vler\u00ebsuar me \u00e7mime, q\u00eb p\u00ebrmban 5% Acid Glikolik, p\u00ebrshpejton but\u00ebsisht rinovimin e qelizave p\u00ebr t\u00eb zbuluar nj\u00eb l\u00ebkur\u00eb m\u00eb t\u00eb ndritshme dhe t\u00eb shk\u00eblqyeshme. Ky tonik pa alkool p\u00ebrpunon poret dhe qet\u00ebson p\u00ebr nj\u00eb l\u00ebkur\u00eb t\u00eb shk\u00eblqyeshme dhe me pamje m\u00eb t\u00eb sh\u00ebndetshme.<\/p>","protected":false},"featured_media":7517,"comment_status":"open","ping_status":"closed","template":"","meta":[],"product_brand":[167],"product_cat":[105],"product_tag":[],"class_list":{"0":"post-7511","1":"product","2":"type-product","3":"status-publish","4":"has-post-thumbnail","6":"product_brand-pixi","7":"product_cat-skincare","10":"outofstock","11":"sale","12":"shipping-taxable","13":"purchasable","14":"product-type-simple"},"_links":{"self":[{"href":"https:\/\/perleibeauty.com\/sq\/wp-json\/wp\/v2\/product\/7511","targetHints":{"allow":["GET"]}}],"collection":[{"href":"https:\/\/perleibeauty.com\/sq\/wp-json\/wp\/v2\/product"}],"about":[{"href":"https:\/\/perleibeauty.com\/sq\/wp-json\/wp\/v2\/types\/product"}],"replies":[{"embeddable":true,"href":"https:\/\/perleibeauty.com\/sq\/wp-json\/wp\/v2\/comments?post=7511"}],"version-history":[{"count":1,"href":"https:\/\/perleibeauty.com\/sq\/wp-json\/wp\/v2\/product\/7511\/revisions"}],"predecessor-version":[{"id":10503,"href":"https:\/\/perleibeauty.com\/sq\/wp-json\/wp\/v2\/product\/7511\/revisions\/10503"}],"wp:featuredmedia":[{"embeddable":true,"href":"https:\/\/perleibeauty.com\/sq\/wp-json\/wp\/v2\/media\/7517"}],"wp:attachment":[{"href":"https:\/\/perleibeauty.com\/sq\/wp-json\/wp\/v2\/media?parent=7511"}],"wp:term":[{"taxonomy":"product_brand","embeddable":true,"href":"https:\/\/perleibeauty.com\/sq\/wp-json\/wp\/v2\/product_brand?post=7511"},{"taxonomy":"product_cat","embeddable":true,"href":"https:\/\/perleibeauty.com\/sq\/wp-json\/wp\/v2\/product_cat?post=7511"},{"taxonomy":"product_tag","embeddable":true,"href":"https:\/\/perleibeauty.com\/sq\/wp-json\/wp\/v2\/product_tag?post=7511"}],"curies":[{"name":"wp","href":"https:\/\/api.w.org\/{rel}","templated":true}]}}