{"id":7468,"date":"2025-12-15T15:22:17","date_gmt":"2025-12-15T15:22:17","guid":{"rendered":"https:\/\/perleibeauty.com\/?post_type=product&#038;p=7468"},"modified":"2026-04-01T09:40:52","modified_gmt":"2026-04-01T09:40:52","slug":"charlotte-tilburys-magic-cream-moisturiser","status":"publish","type":"product","link":"https:\/\/perleibeauty.com\/sq\/produkt\/charlotte-tilburys-magic-cream-moisturiser\/","title":{"rendered":"CHARLOTTE TILBURY&#8217;S MAGIC CREAM MOISTURISER"},"content":{"rendered":"<h3>CHARLOTTE TILBURY&#8217;S MAGIC CREAM<\/h3>\n<div class=\"PDPHeading\">\n<div class=\"PDPHeading__heading-wrapper PDPHeading__heading-wrapper--with-wishlist\">\n<p class=\"Heading Heading--h1 PDPHeading__heading\" tabindex=\"0\" data-test=\"heading\"><span class=\"Heading Heading--h2 Heading--light PDPHeading__subtitle\" tabindex=\"-1\" data-test=\"heading\">50 ML MOISTURISER<\/span><\/p>\n<p>A d\u00ebshironi nj\u00eb RIGJENERIM T\u00cb MENJ\u00cbHERSH\u00cbM T\u00cb L\u00cbKUR\u00cbS?<\/p>\n<p>Kremi hidratues ikonik Charlotte\u2019s Magic Cream \u00ebsht\u00eb LEGJENDAR p\u00ebr nj\u00eb arsye!<\/p>\n<p>I mund\u00ebsuar nga teknologjia karakteristike Cushion + Lift Mesh Technology\u2122 q\u00eb e mbush l\u00ebkur\u00ebn me p\u00ebrb\u00ebr\u00ebs t\u00eb fuqish\u00ebm, ky hidratues FITUES I \u00c7MIMEVE \u00ebsht\u00eb i provuar klinikisht p\u00ebr nj\u00eb L\u00cbKUR\u00cb ME PAMJE M\u00cb T\u00cb FORT\u00cb DHE M\u00cb T\u00cb L\u00cbMUESHME q\u00eb shk\u00eblqen me nj\u00eb SHK\u00cbLQIM t\u00eb mrekulluesh\u00ebm!<\/p>\n<p>L\u00cbKURA \u00cbSHT\u00cb MENJ\u00cbHER\u00cb\u00a0 M\u00cb E HIDRATUAR<\/p>\n<p>97% L\u00cbKURA DUKET M\u00cb E L\u00cbMUESHME<\/p>\n<p>E lindur pas sken\u00ebs p\u00ebr t\u00eb ringjallur menj\u00ebher\u00eb l\u00ebkur\u00ebn e zbeht\u00eb, t\u00eb that\u00eb dhe t\u00eb lodhur t\u00eb supermodeleve dhe yjeve t\u00eb mia, krijova Kremin tim ikonik Magjik p\u00ebr t\u00eb p\u00ebrgatitur edhe l\u00ebkur\u00ebn, n\u00eb m\u00ebnyr\u00eb q\u00eb grimi t\u00eb rr\u00ebshqas\u00eb pa probleme, t\u00eb duket m\u00eb i bukur dhe t\u00eb zgjas\u00eb m\u00eb shum\u00eb &#8211; Un\u00eb kurr\u00eb nuk b\u00ebj grim pa t\u00eb!<\/p>\n<p>94% GRIME ZGJAT M\u00cb SHUM\u00cb!<\/p>\n<p>Un\u00eb e quaj VESA MAGJIKE e RINIS\u00cb dhe SHK\u00cbLQIMIT n\u00eb nj\u00eb kavanoz; \u00cbsht\u00eb BESIM N\u00cb L\u00cbKUR\u00cb p\u00ebr t\u00eb gjith\u00eb, kudo!<\/p>\n<p>Testuar n\u00eb 33 persona.<\/p>\n<p>Testuar n\u00eb mbi 129 persona gjat\u00eb 4 jav\u00ebve.<\/p>\n<p>Prov\u00eb e pavarur p\u00ebrdoruesish n\u00eb mbi 120 persona 12 or\u00eb pas aplikimit t\u00eb Kremit Magjik dhe fondatin\u00ebs.<\/p>\n<p>&nbsp;<\/p>\n<p>Kremi Magjik i Charlotte p\u00ebrmban nj\u00eb matric\u00eb magjike p\u00ebrb\u00ebr\u00ebsish t\u00eb mbingarkuar q\u00eb jan\u00eb p\u00ebrzier me ekspertiz\u00eb dhe jan\u00eb testuar klinikisht p\u00ebr t\u00eb punuar n\u00eb sinergji p\u00ebr rezultate t\u00eb dukshme!<\/p>\n<p>\u00b7 TEKNOLOGJIA E RRJET\u00cbS CUSHION &amp; LIFT: nj\u00eb p\u00ebrzierje 4% e vajit t\u00eb tr\u00ebndafilit t\u00eb eg\u00ebr i cili \u00ebsht\u00eb i pasur me vitamin\u00eb F antioksiduese plus zbut\u00ebs t\u00eb l\u00ebkur\u00ebs + Ekstrakt t\u00ebrsh\u00ebre i cili \u00ebsht\u00eb i pasur me alfa-glukane. S\u00eb bashku ato zbutin dhe l\u00ebmojn\u00eb ndjesin\u00eb e l\u00ebkur\u00ebs dhe ngren\u00eb pamjen e kontureve t\u00eb fytyr\u00ebs, duke krijuar baz\u00ebn perfekte p\u00ebr grim. Kjo teknologji ka qen\u00eb sekreti im m\u00eb i mir\u00ebmbajtur n\u00eb kremin tim magjik t\u00eb famsh\u00ebm bot\u00ebror, deri m\u00eb tani! \u00b7 VITAMINA C &amp; E: p\u00ebr t\u00eb ndri\u00e7uar + uniformizuar pamjen e l\u00ebkur\u00ebs. \u00b7 KOMPLEKSI I PEPTIDEVE ME EFEKT T\u00cb PLOTE: p\u00ebr t\u00eb zbutur + mbushur pamjen e l\u00ebkur\u00ebs dhe p\u00ebr t\u00eb zvog\u00ebluar shfaqjen e vijave t\u00eb holla dhe rrudhave. \u00b7 ACID HIALURONIK: p\u00ebr t\u00eb mbajtur l\u00ebkur\u00ebn t\u00eb hidratuar deri n\u00eb 24 or\u00eb. \u00b7 ALOE VERA: p\u00ebr t\u00eb ndihmuar n\u00eb qet\u00ebsimin, zbutjen dhe hidratimin e pamjes s\u00eb l\u00ebkur\u00ebs \u00b7 EKSTRAKTI I LULEVE FRANGIPANI: kombinon p\u00ebrfitimet hidratuese me nj\u00eb arom\u00eb delikate dhe qet\u00ebsuese. \u00b7 VAJ KAMELIE: hidraton p\u00ebr nj\u00eb pamje t\u00eb fresk\u00ebt. \u00b7 GJALP SHEA: ushqen dhe zbut l\u00ebkur\u00ebn. UJ\u00cb\/UJ\u00cb\/EAU, HOMOSALAT, GLICERIL STEARAT SE, ETILHEKSIL SALICILAT, BUTILENE GLIKOL, GLICERIN\u00cb, BUTIL METOKSIDIBENZOILMETANI, OKTOKRILEN, ALKOOL CETIL, C12-15 ALKIL BENZOAT, CIKLOPENTASILOKSAN, DIMETIKON, FENOKSIETANOLI, GJALP\u00cb BUTYROSPERMUM PARKII (SHEA), STEARETH-21, EKSTRAKT B\u00cbRTHAME T\u00cbRSH\u00cbRE (AVENA SATIVA), KARBOMER, DIMETIKONOL, FOSFAT CETIL KALIUMI, KLORFENEZIN\u00cb, KAPRILIL GLIKOL, GOM\u00cb KSANTAN, EKSTRAKT VIOLA TRICOLOR I HIDROLIZUAR, ALANTOIN\u00cb, L\u00cbNG GJETHEJE ALOE BARBADENSIS, DISODIUM EDTA, ACETAT TOKOFERIL, VAJ FARASH CAMELLIA OLEIFERA, VAJ FRUTI ROSA CANINA, EKSTRAKT ROSA DAMASCENA, HIDROKSID NATRIUMI, VAJ FARASH HELIANTHUS ANNUUS (LULEDIELLI), VAJ GJETHESH MICHELIA ALBA, LAKTAT NATRIUMI, KOKO-GLUKOZID, PEG-8, ETILHEKSILGLICERIN\u00cb, HIALURONAT NATRIUMI, TOKOFEROL, PALMITOIL TETRAPEPTID-7, PALMITOIL TRIPEPTID-1, PALMITAT ASKORBIL, EKSTRAKT LULESH PLUMERIA RUBRA, ACID ASKORPIK, ACID CITRIK, KULTUR\u00cb QELIZASH GJETHESH NICOTIANA SYLVESTRIS, LINALOOL, CITRONELLOL, GERANIOL. E PROVUAR KLINIKISHT, E DASHUR NGA JU<\/p>\n<p>N\u00eb 28 sekonda\u2026<\/p>\n<p>L\u00cbKURA \u00cbSHT\u00cb MENJ\u00cbHER\u00cb\u00a0 M\u00cb E HIDRATUAR<\/p>\n<p>N\u00eb 28 dit\u00eb\u2026<\/p>\n<p>97% DAKORD SE L\u00cbKURA DUKET M\u00cb E L\u00cbMUAR<br \/>\n72%L\u00cbKURA DUKET\u00a0 M\u00cb ELASTIKE<br \/>\nN\u00eb 8 jav\u00eb:<\/p>\n<p>L\u00ebkura DUKET\u00a0 M\u00cb E FORT\u00cb<br \/>\n54% RRUDHA DUKEN T\u00cb REDUKTUARA<br \/>\n42%BARIERA E L\u00cbKUR\u00cbS \u00cbSHT\u00cb P\u00cbRFORCUAR DERI N\u00cb<br \/>\nTESTUAR ME GRIM GJAT\u00cb 12 OR\u00cbVE T\u00cb PLOT\u00cb T\u00cb MB\u00cbSHTETJES\u2026.<\/p>\n<p>94% DAKORD GRIMI ZGJAT M\u00cb SHUM\u00cb\u2020<br \/>\n98% DAKORD RRUKTAT U REDUKTUAN\u2020<br \/>\n93% DAKORD GRIMI Q\u00cbNDROI I SHK\u00cbLQYER GJAT\u00cb GJITH\u00cb DIT\u00cbS<br \/>\n92% DAKORD PORE DUKEN T\u00cb REDUKTUARA\u2020<br \/>\n95% DAKORD GRIMI \u00cbSHT\u00cb M\u00cb PAK I SHK\u00cbLQYER\u2020<br \/>\nTestuar n\u00eb 33 persona.<\/p>\n<p>Testuar n\u00eb mbi 129 persona gjat\u00eb 4 jav\u00ebve.<\/p>\n<p>Testuar n\u00eb mbi 29 persona gjat\u00eb 4 jav\u00ebve.<\/p>\n<p>Testuar n\u00eb mbi 29 persona gjat\u00eb 8 jav\u00ebve.<\/p>\n<p>Prov\u00eb e pavarur p\u00ebrdoruesish n\u00eb mbi 120 persona 12 or\u00eb pas aplikimit t\u00eb Kremit Magjik dhe fondatin\u00ebs.<\/p>\n<\/div>\n<\/div>","protected":false},"excerpt":{"rendered":"<h3>CHARLOTTE TILBURY&#8217;S MAGIC CREAM<\/h3>\n<div class=\"PDPHeading\">\n<div class=\"PDPHeading__heading-wrapper PDPHeading__heading-wrapper--with-wishlist\">\n<p class=\"Heading Heading--h1 PDPHeading__heading\" tabindex=\"0\" data-test=\"heading\"><span class=\"Heading Heading--h2 Heading--light PDPHeading__subtitle\" tabindex=\"-1\" data-test=\"heading\">50 ML MOISTURISER<\/span><\/p>\n<p>A d\u00ebshironi nj\u00eb RIGJENERIM T\u00cb MENJ\u00cbHERSH\u00cbM T\u00cb L\u00cbKUR\u00cbS?<\/p>\n<p>Kremi hidratues ikonik Charlotte\u2019s Magic Cream \u00ebsht\u00eb LEGJENDAR p\u00ebr nj\u00eb arsye!<\/p>\n<p>I mund\u00ebsuar nga teknologjia karakteristike Cushion + Lift Mesh Technology\u2122 q\u00eb e mbush l\u00ebkur\u00ebn me p\u00ebrb\u00ebr\u00ebs t\u00eb fuqish\u00ebm, ky hidratues FITUES I \u00c7MIMEVE \u00ebsht\u00eb i provuar klinikisht p\u00ebr nj\u00eb L\u00cbKUR\u00cb ME PAMJE M\u00cb T\u00cb FORT\u00cb DHE M\u00cb T\u00cb L\u00cbMUESHME q\u00eb shk\u00eblqen me nj\u00eb SHK\u00cbLQIM t\u00eb mrekulluesh\u00ebm!<\/p>\n<\/div>\n<\/div>","protected":false},"featured_media":7479,"comment_status":"open","ping_status":"closed","template":"","meta":[],"product_brand":[106],"product_cat":[103,132,166,105],"product_tag":[],"class_list":{"0":"post-7468","1":"product","2":"type-product","3":"status-publish","4":"has-post-thumbnail","6":"product_brand-charlotte-tilbury","7":"product_cat-best-seller","8":"product_cat-gift-ideas","9":"product_cat-sale","10":"product_cat-skincare","13":"instock","14":"shipping-taxable","15":"purchasable","16":"product-type-simple"},"_links":{"self":[{"href":"https:\/\/perleibeauty.com\/sq\/wp-json\/wp\/v2\/product\/7468","targetHints":{"allow":["GET"]}}],"collection":[{"href":"https:\/\/perleibeauty.com\/sq\/wp-json\/wp\/v2\/product"}],"about":[{"href":"https:\/\/perleibeauty.com\/sq\/wp-json\/wp\/v2\/types\/product"}],"replies":[{"embeddable":true,"href":"https:\/\/perleibeauty.com\/sq\/wp-json\/wp\/v2\/comments?post=7468"}],"version-history":[{"count":1,"href":"https:\/\/perleibeauty.com\/sq\/wp-json\/wp\/v2\/product\/7468\/revisions"}],"predecessor-version":[{"id":9860,"href":"https:\/\/perleibeauty.com\/sq\/wp-json\/wp\/v2\/product\/7468\/revisions\/9860"}],"wp:featuredmedia":[{"embeddable":true,"href":"https:\/\/perleibeauty.com\/sq\/wp-json\/wp\/v2\/media\/7479"}],"wp:attachment":[{"href":"https:\/\/perleibeauty.com\/sq\/wp-json\/wp\/v2\/media?parent=7468"}],"wp:term":[{"taxonomy":"product_brand","embeddable":true,"href":"https:\/\/perleibeauty.com\/sq\/wp-json\/wp\/v2\/product_brand?post=7468"},{"taxonomy":"product_cat","embeddable":true,"href":"https:\/\/perleibeauty.com\/sq\/wp-json\/wp\/v2\/product_cat?post=7468"},{"taxonomy":"product_tag","embeddable":true,"href":"https:\/\/perleibeauty.com\/sq\/wp-json\/wp\/v2\/product_tag?post=7468"}],"curies":[{"name":"wp","href":"https:\/\/api.w.org\/{rel}","templated":true}]}}