{"id":7372,"date":"2025-12-02T09:43:06","date_gmt":"2025-12-02T09:43:06","guid":{"rendered":"https:\/\/perleibeauty.com\/?post_type=product&#038;p=7372"},"modified":"2026-04-07T11:52:38","modified_gmt":"2026-04-07T11:52:38","slug":"bobbi-brown-vitamin-c-enriched-face-base-moisturizer-primer","status":"publish","type":"product","link":"https:\/\/perleibeauty.com\/sq\/produkt\/bobbi-brown-vitamin-c-enriched-face-base-moisturizer-primer\/","title":{"rendered":"BOBBI BROWN VITAMIN C+ ENRICHED FACE BASE MOISTURIZER &#038; PRIMER"},"content":{"rendered":"<h3>Bobbi Brown\u00a0\u2028Vitamin Enriched Face Base Moisturizer &amp; Primer with Vitamin C + Hyaluronic Acid<\/h3>\n<p>Pesh\u00eb: 1.7 oz \/ 50 mL<br \/>\nFinish: Natyral \u2013 Madh\u00ebsi standarde<br \/>\nNj\u00eb primer dhe hidratues bestseller q\u00eb ushqen, mbush dhe p\u00ebrgatit l\u00ebkur\u00ebn, duke p\u00ebrmir\u00ebsuar pamjen e fondatin\u00ebs dhe efektin e saj.<\/p>\n<p>&nbsp;<\/p>\n<p><strong>P\u00ebrb\u00ebr\u00ebs t\u00eb theksuar:<\/strong><br \/>\n\u2022 Vitaminat B, C dhe E: Ndihmojn\u00eb n\u00eb rip\u00ebrt\u00ebritjen e l\u00ebkur\u00ebs, duke ofruar ushqim thelb\u00ebsor.<br \/>\n\u2022 Acid Hialuronik dhe Gjalp\u00eb Shea: Ndihmojn\u00eb n\u00eb hidratim t\u00eb shpejt\u00eb, t\u00eb duksh\u00ebm dhe p\u00ebrgatitje t\u00eb l\u00ebkur\u00ebs p\u00ebr nj\u00eb shk\u00eblqim t\u00eb fresk\u00ebt dhe t\u00eb sh\u00ebndetsh\u00ebm.<br \/>\n\u2022 Grapefrut dhe Geranium: L\u00ebn\u00eb nj\u00eb arom\u00eb t\u00eb leht\u00eb dhe freskuese n\u00eb l\u00ebkur\u00eb.<\/p>\n<p><strong>Pika t\u00eb tjera p\u00ebrb\u00ebr\u00ebsish:<\/strong><br \/>\n\u2022 Pa parabene, ftalate dhe sulfates SLS &amp; SLES<br \/>\n\u2022 Pa gluten<\/p>\n<p>&nbsp;<\/p>\n<p><strong>\u00c7far\u00eb duhet t\u00eb dini:<\/strong><\/p>\n<p>Ky produkt bashkon performanc\u00ebn e nj\u00eb primer-i me t\u00eb nj\u00eb hidratuesi.<br \/>\n\u2022 Tekstura e pasur, por e leht\u00eb dhe me p\u00ebrthithje t\u00eb shpejt\u00eb, bashkohet leht\u00ebsisht me make-up dhe produkte t\u00eb tjera t\u00eb kujdesit t\u00eb l\u00ebkur\u00ebs.<br \/>\n\u2022 Siguron q\u00eb fondatina t\u00eb aplikohet n\u00eb m\u00ebnyr\u00eb t\u00eb l\u00ebmuar dhe pa pengesa, duke ofruar nj\u00eb sip\u00ebrfaqe t\u00eb nj\u00ebtrajtshme dhe t\u00eb q\u00ebndrueshme.<\/p>\n<p>&nbsp;<\/p>\n<p><strong>Rezultate Klinike<\/strong><\/p>\n<p>N\u00eb testime t\u00eb kryera mbi 123 gra pas 1 jave p\u00ebrdorimi:<br \/>\n\u2022 98% than\u00eb se l\u00ebkura dukej e rigjeneruar<br \/>\n\u2022 96% than\u00eb se l\u00ebkura dukej e ushqyer dhe tekstur\u00eb e p\u00ebrmir\u00ebsuar<br \/>\n\u2022 96% than\u00eb se l\u00ebkura ndihej e hidratuar gjat\u00eb gjith\u00eb dit\u00ebs<br \/>\n\u2022 96% than\u00eb se l\u00ebkura dukej e sh\u00ebndetshme<br \/>\n\u2022 95% than\u00eb se produkti e b\u00ebnte fondatin\u00ebn t\u00eb kishte nj\u00eb aplikim t\u00eb p\u00ebrsosur<br \/>\n\u2022 95% than\u00eb se aplikohet mir\u00eb mbi make-up, duke e b\u00ebr\u00eb at\u00eb t\u00eb aplikohejleht\u00eb dhe nj\u00ebtrajtsisht<br \/>\n\u2022 93% than\u00eb se l\u00ebkura ndjeu rigjenerim dhe volum<br \/>\n\u2022 91% than\u00eb se p\u00ebrmir\u00ebsoi pamjen e fondatin\u00ebs dhe q\u00ebndrueshm\u00ebrin\u00eb.<\/p>\n<p>Ky produkt \u00ebsht\u00eb fitues i Allure Best of Beauty Award.<\/p>\n<p>&nbsp;<\/p>\n<p><strong>P\u00ebrb\u00ebr\u00ebs Kryesor\u00eb<\/strong><br \/>\n\u2022 Vitaminat B, C dhe E: Ushqejn\u00eb dhe p\u00ebrmir\u00ebsojn\u00eb l\u00ebkur\u00ebn<br \/>\n\u2022 Acid Hialuronik, Skualan dhe Gjalp\u00eb Shea: Hidratim dhe shk\u00eblqim i sh\u00ebndetsh\u00ebm<br \/>\n\u2022 Grepfrut dhe Geranium: Arom\u00eb e fresk\u00ebt dhe e leht\u00eb<\/p>\n<p>P\u00ebrb\u00ebr\u00ebs t\u00eb tjer\u00eb: Water\/Aqua\/Eau, Cyclopentasiloxane, Bis-Diglyceryl Polyacyladipate-2, Butylene Glycol, PPG-2 Myristyl Ether Propionate, Cetyl Alcohol, PEG-40 Stearate, Butyrospermum Parkii (Shea Butter), Squalane, Glyceryl Stearate, Sorbitan Stearate, Epilobium Angustifolium Extract, Yeast Extract\/Faex\/Extrait De Levure, Beta-Carotene, Sodium Hyaluronate, Citrus Grandis (Grapefruit) Peel Oil, Tocopheryl Acetate, Methyl Glucose Sesquistearate, Pelargonium Graveolens (Geranium) Flower Oil, Dimethicone Crosspolymer, Acrylates\/C10-30 Alkyl Acrylate Crosspolymer, Carbomer, PEG-20 Methyl Glucose Sesquistearate, C12-15 Alkyl Ethylhexanoate, Tetrasodium EDTA, Sodium Hydroxide, Panthenol, Magnesium Ascorbyl Phosphate, Limonene, Citronellol, Geraniol, Linalool, Chlorphenesin, Phenoxyethanol.<br \/>\nSh\u00ebnim: Lista e p\u00ebrb\u00ebr\u00ebsve mund t\u00eb ndryshoj\u00eb, gjithmon\u00eb kontrolloni list\u00ebn e p\u00ebrb\u00ebr\u00ebsve n\u00eb paketimin e produktit q\u00eb merrni.<\/p>\n<p><strong>Udh\u00ebzime t\u00eb Sugjeruara:<\/strong><br \/>\n\u2022 Apliko primerin\/hidratuesin mbi l\u00ebkur\u00eb t\u00eb pastruar, duke shmangur zon\u00ebn e syve, si pjes\u00eb e rutin\u00ebs s\u00eb p\u00ebrditshme t\u00eb kujdesit t\u00eb l\u00ebkur\u00ebs.<br \/>\n\u2022 Mund t\u00eb p\u00ebrdoret bashk\u00eb me nj\u00eb primer p\u00ebr syt\u00eb p\u00ebr t\u00eb arritur nj\u00eb baz\u00eb hidratimi dhe p\u00ebrgatitjeje p\u00ebr make-up-in.<\/p>","protected":false},"excerpt":{"rendered":"<h3>Bobbi Brown\u00a0\u2028Vitamin Enriched Face Base Moisturizer &amp; Primer with Vitamin C + Hyaluronic Acid<\/h3>\n<p>Pesh\u00eb: 1.7 oz \/ 50 mL<br \/>\nFinish: Natyral \u2013 Madh\u00ebsi standarde<br \/>\nNj\u00eb primer dhe hidratues bestseller q\u00eb ushqen, mbush dhe p\u00ebrgatit l\u00ebkur\u00ebn, duke p\u00ebrmir\u00ebsuar pamjen e fondatin\u00ebs dhe efektin e saj.<\/p>","protected":false},"featured_media":7382,"comment_status":"open","ping_status":"closed","template":"","meta":[],"product_brand":[121],"product_cat":[103,96,148],"product_tag":[],"class_list":{"0":"post-7372","1":"product","2":"type-product","3":"status-publish","4":"has-post-thumbnail","6":"product_brand-bobbi-brown","7":"product_cat-best-seller","8":"product_cat-makeup","9":"product_cat-primer","12":"instock","13":"shipping-taxable","14":"purchasable","15":"product-type-simple"},"_links":{"self":[{"href":"https:\/\/perleibeauty.com\/sq\/wp-json\/wp\/v2\/product\/7372","targetHints":{"allow":["GET"]}}],"collection":[{"href":"https:\/\/perleibeauty.com\/sq\/wp-json\/wp\/v2\/product"}],"about":[{"href":"https:\/\/perleibeauty.com\/sq\/wp-json\/wp\/v2\/types\/product"}],"replies":[{"embeddable":true,"href":"https:\/\/perleibeauty.com\/sq\/wp-json\/wp\/v2\/comments?post=7372"}],"version-history":[{"count":1,"href":"https:\/\/perleibeauty.com\/sq\/wp-json\/wp\/v2\/product\/7372\/revisions"}],"predecessor-version":[{"id":10504,"href":"https:\/\/perleibeauty.com\/sq\/wp-json\/wp\/v2\/product\/7372\/revisions\/10504"}],"wp:featuredmedia":[{"embeddable":true,"href":"https:\/\/perleibeauty.com\/sq\/wp-json\/wp\/v2\/media\/7382"}],"wp:attachment":[{"href":"https:\/\/perleibeauty.com\/sq\/wp-json\/wp\/v2\/media?parent=7372"}],"wp:term":[{"taxonomy":"product_brand","embeddable":true,"href":"https:\/\/perleibeauty.com\/sq\/wp-json\/wp\/v2\/product_brand?post=7372"},{"taxonomy":"product_cat","embeddable":true,"href":"https:\/\/perleibeauty.com\/sq\/wp-json\/wp\/v2\/product_cat?post=7372"},{"taxonomy":"product_tag","embeddable":true,"href":"https:\/\/perleibeauty.com\/sq\/wp-json\/wp\/v2\/product_tag?post=7372"}],"curies":[{"name":"wp","href":"https:\/\/api.w.org\/{rel}","templated":true}]}}