{"id":7359,"date":"2025-12-01T15:43:41","date_gmt":"2025-12-01T15:43:41","guid":{"rendered":"https:\/\/perleibeauty.com\/?post_type=product&#038;p=7359"},"modified":"2026-04-01T09:41:22","modified_gmt":"2026-04-01T09:41:22","slug":"charlottes-magic-serum-crystal-elixir","status":"publish","type":"product","link":"https:\/\/perleibeauty.com\/sq\/produkt\/charlottes-magic-serum-crystal-elixir\/","title":{"rendered":"CHARLOTTE&#8217;S MAGIC SERUM CRYSTAL ELIXIR"},"content":{"rendered":"<h3><strong>CHARLOTTE&#8217;S MAGIC SERUM CRYSTAL ELIXIR<\/strong><\/h3>\n<p>SASIA: 100 ML<\/p>\n<p>Nj\u00eb serum anti-plakje me vitamin\u00eb C dhe acid poliglutamik q\u00eb zvog\u00eblon shfaqjen e njollave t\u00eb err\u00ebta, vijave t\u00eb holla dhe rrudhave, ndri\u00e7on duksh\u00ebm dhe mbush l\u00ebkur\u00ebn p\u00ebr aplikim t\u00eb p\u00ebrsosur t\u00eb make-up-in.<\/p>\n<p>Lloji i l\u00ebkur\u00ebs: Normale, e that\u00eb, e kombinuar dhe me yndyr\u00eb<\/p>\n<p>Shqet\u00ebsime p\u00ebr kujdesin e l\u00ebkur\u00ebs: Njolla t\u00eb err\u00ebta, pore dhe humbje e fort\u00ebsis\u00eb dhe elasticitetit<\/p>\n<p>Formulimi: Serum i leht\u00eb<\/p>\n<p><strong>P\u00ebrb\u00ebr\u00ebsit e theksuar:<\/strong><\/p>\n<p>&#8211; Vitamina C e art\u00eb: Kjo form\u00eb m\u00eb e q\u00ebndrueshme e vitamin\u00ebs C e nj\u00ebtrajton dhe e ndri\u00e7on tonin e l\u00ebkur\u00ebs m\u00eb plot\u00ebsisht sesa vitamina C tradicionale.<\/p>\n<p>&#8211; Acidi poliglutamik: Kat\u00ebr her\u00eb m\u00eb hidratues se acidi hialuronik, vepron si nj\u00eb filt\u00ebr l\u00ebkure q\u00eb duket m\u00eb e mbushur p\u00ebr t\u00eb zvog\u00ebluar shfaqjen e vijave t\u00eb holla.<\/p>\n<p>&#8211; Niacinamide 5%: Minimizon shfaqjen e poreve, p\u00ebrmir\u00ebson struktur\u00ebn dhe tonin e duksh\u00ebm t\u00eb l\u00ebkur\u00ebs.<\/p>\n<p><strong>P\u00ebrb\u00ebr\u00ebsit<\/strong>: Pa sulfate SLS dhe SLES, parabene, formaldehide, agjent\u00eb q\u00eb \u00e7lirojn\u00eb formaldehid, ftalate, vaj mineral, retinil palmitat, oksibenzon, katran qymyri, hidrokinon, triklosan dhe triklokarban, dhe p\u00ebrmban m\u00eb pak se nj\u00eb p\u00ebrqind aroma sintetike. Ky produkt \u00ebsht\u00eb gjithashtu vegan, pa mizori dhe pa gluten.<\/p>\n<p><strong>Rezultatet Klinike:<\/strong> N\u00eb nj\u00eb studim klinik me 209 persona gjat\u00eb 4 jav\u00ebve:<\/p>\n<p>&#8211; 92% pajtohen se skuqja e l\u00ebkur\u00ebs s\u00eb tyre zvog\u00eblohet<\/p>\n<p>&#8211; 91% pajtohen se poret duken m\u00eb t\u00eb ngushta dhe m\u00eb t\u00eb rafinuara<\/p>\n<p>&#8211; 94% pajtohen se l\u00ebkura duket dhe ndihet m\u00eb e fort\u00eb<\/p>\n<p>&nbsp;<\/p>\n<p><strong>P\u00ebrb\u00ebr\u00ebsit:<\/strong><br \/>\n-Vitamina C e Art\u00eb: Kjo form\u00eb m\u00eb e q\u00ebndrueshme e vitamin\u00ebs C e nj\u00ebtrajton dhe e ndri\u00e7on tonin e l\u00ebkur\u00ebs m\u00eb plot\u00ebsisht sesa vitamina C tradicionale.<br \/>\n-Acidi Poliglutamik: Kat\u00ebr her\u00eb m\u00eb hidratues se acidi hialuronik, vepron si nj\u00eb filt\u00ebr l\u00ebkure q\u00eb duket m\u00eb e plot\u00eb p\u00ebr t\u00eb zvog\u00ebluar shfaqjen e rrudhave t\u00eb holla.<br \/>\n-Niacinamide 5%: Minimizon shfaqjen e poreve, p\u00ebrmir\u00ebson struktur\u00ebn dhe tonin e duksh\u00ebm t\u00eb l\u00ebkur\u00ebs.<\/p>\n<p>Uj\u00eb\/Uj\u00eb\/Eau, Niacinamid\u00eb, Glicereth-26, Triheptanoin\u00eb, Glicerin\u00eb, Metil Gluceth-20, Silice, Vaj Farash Camellia Oleifera, Pluhur Kuarci, Pluhur Ametisti, Pluhur Rubini, Ar, Vaj Butyrospermum Parkii (Shea), Fenoksietanol, Dimetil Izosorbid, Polisorbat 20, Gliceril Stearat, Butilen Glikol, Oktildodecil Oleat, Alkool Benzilik, Ekstrakt Gjethe Myrothamnus Flabellifolia, Peg-100 Stearat, Oktildodecil Stearoil Stearat, Ekstrakt Fruti Schisandra Chinensis (Magnolia), Karbomer, Glukonat Natriumi, Hialuronat Natriumi, Ekstrakt Chondrus Crispus (Karagenan), Hidroksid Natriumi, Ekstrakt Kallusi Saussurea Involucrata, Acetat Tokoferil, L\u00ebng Gjethe Aloe Barbadensis, Acid Poliglutamik, Pentilen Glikol, Sorbitol, Magnez Aspartat, Glukonat Zinku, Ekstrakt Fruti Rosa Canina, Acid Polihidroksistearik, Oktildodekanol, Benzoat Natriumi, Propanediol, Gom\u00eb Biosakaride-4, Gom\u00eb Ksantan, Parfum (Arom\u00eb), Ekstrakt Luleje Plumeria Alba, Ekstrakt Luleje Plumeria Rubra, Ekstrakt Lithothamnion Calcareum, Acid Laktik, Sorbat Kaliumi, Kaprilil Glikol, Glukonat Bakri, Silice e Hidratuar, 1,2-Heksanediol, Acid Citrik, Ekstrakt Tul Patatesh Solanum Tuberosum, Acetil Tetrapeptid-11, Acetil Tetrapeptid-9, Acid Dehidroacetik, Acid Askorbik, Glutation, Limonene, Geraniol, Citronellol, Linalool, Citral.<\/p>\n<p><strong>Si t\u00eb P\u00ebrdoret:<\/strong><br \/>\nP\u00ebrdorimi i Sugjeruar:<br \/>\n-P\u00ebrdoret \u00e7do dit\u00eb dhe \u00e7do nat\u00eb.<br \/>\n-Aplikoni kat\u00ebr deri n\u00eb gjasht\u00eb pika n\u00eb l\u00ebkur\u00eb t\u00eb past\u00ebr n\u00eb m\u00ebngjes dhe n\u00eb mbr\u00ebmje para kremit tuaj hidratues Magic Cream<\/p>","protected":false},"excerpt":{"rendered":"<h3>CHARLOTTE&#8217;S MAGIC SERUM CRYSTAL ELIXIR<\/h3>\n<p>SASIA: 100 ML<\/p>\n<p>Nj\u00eb serum anti-plakje me vitamin\u00eb C dhe acid poliglutamik q\u00eb zvog\u00eblon shfaqjen e njollave t\u00eb err\u00ebta, vijave t\u00eb holla dhe rrudhave, ndri\u00e7on duksh\u00ebm dhe mbush l\u00ebkur\u00ebn p\u00ebr aplikim t\u00eb p\u00ebrsosur t\u00eb make-up-in.<\/p>\n<p>Lloji i l\u00ebkur\u00ebs: Normale, e that\u00eb, e kombinuar dhe me yndyr\u00eb<\/p>\n<p>Shqet\u00ebsime p\u00ebr kujdesin e l\u00ebkur\u00ebs: Njolla t\u00eb err\u00ebta, pore dhe humbje e fort\u00ebsis\u00eb dhe elasticitetit<\/p>\n<p>Formulimi: Serum i leht\u00eb<\/p>","protected":false},"featured_media":7367,"comment_status":"open","ping_status":"closed","template":"","meta":[],"product_brand":[106],"product_cat":[103,179,166,105],"product_tag":[],"class_list":{"0":"post-7359","1":"product","2":"type-product","3":"status-publish","4":"has-post-thumbnail","6":"product_brand-charlotte-tilbury","7":"product_cat-best-seller","8":"product_cat-new-colletion","9":"product_cat-sale","10":"product_cat-skincare","13":"instock","14":"shipping-taxable","15":"purchasable","16":"product-type-variable"},"_links":{"self":[{"href":"https:\/\/perleibeauty.com\/sq\/wp-json\/wp\/v2\/product\/7359","targetHints":{"allow":["GET"]}}],"collection":[{"href":"https:\/\/perleibeauty.com\/sq\/wp-json\/wp\/v2\/product"}],"about":[{"href":"https:\/\/perleibeauty.com\/sq\/wp-json\/wp\/v2\/types\/product"}],"replies":[{"embeddable":true,"href":"https:\/\/perleibeauty.com\/sq\/wp-json\/wp\/v2\/comments?post=7359"}],"version-history":[{"count":1,"href":"https:\/\/perleibeauty.com\/sq\/wp-json\/wp\/v2\/product\/7359\/revisions"}],"predecessor-version":[{"id":9933,"href":"https:\/\/perleibeauty.com\/sq\/wp-json\/wp\/v2\/product\/7359\/revisions\/9933"}],"wp:featuredmedia":[{"embeddable":true,"href":"https:\/\/perleibeauty.com\/sq\/wp-json\/wp\/v2\/media\/7367"}],"wp:attachment":[{"href":"https:\/\/perleibeauty.com\/sq\/wp-json\/wp\/v2\/media?parent=7359"}],"wp:term":[{"taxonomy":"product_brand","embeddable":true,"href":"https:\/\/perleibeauty.com\/sq\/wp-json\/wp\/v2\/product_brand?post=7359"},{"taxonomy":"product_cat","embeddable":true,"href":"https:\/\/perleibeauty.com\/sq\/wp-json\/wp\/v2\/product_cat?post=7359"},{"taxonomy":"product_tag","embeddable":true,"href":"https:\/\/perleibeauty.com\/sq\/wp-json\/wp\/v2\/product_tag?post=7359"}],"curies":[{"name":"wp","href":"https:\/\/api.w.org\/{rel}","templated":true}]}}