{"id":7354,"date":"2025-12-01T14:56:16","date_gmt":"2025-12-01T14:56:16","guid":{"rendered":"https:\/\/perleibeauty.com\/?post_type=product&#038;p=7354"},"modified":"2026-04-02T10:04:04","modified_gmt":"2026-04-02T10:04:04","slug":"7354","status":"publish","type":"product","link":"https:\/\/perleibeauty.com\/sq\/produkt\/7354\/","title":{"rendered":"MORPHE VEGAN PRO 5 PIECE EYE BRUSH SET"},"content":{"rendered":"<h3 tabindex=\"0\"><strong>MORPHE<\/strong><\/h3>\n<h3 class=\"tvg_product_details_DNznPq_ProductDetails__title\" tabindex=\"0\"><strong>VEGAN PRO 5 PIECE EYE BRUSH SET<\/strong><\/h3>\n<p>Ngjyrosni, p\u00ebrzieni, l\u00ebmoni dhe p\u00ebrcaktoni pamje natyrale deri n\u00eb t\u00eb plota nga fillimi n\u00eb fund. K\u00ebto pes\u00eb fur\u00e7a syri premium jan\u00eb zgjedhur me dor\u00eb p\u00ebr t\u00eb p\u00ebrmbushur t\u00eb gjitha nevojat tuaja p\u00ebr aplikimin e paletes per syte. T\u00eb krijuara me fije sintetike antimikrobike t\u00eb teknologjis\u00eb s\u00eb fundit p\u00ebr kapje dhe shtrim superior t\u00eb produktit dhe t\u00eb projektuara p\u00ebr t\u00eb minimizuar humbjen e qimeve, \u00e7do fur\u00e7\u00eb n\u00eb k\u00ebt\u00eb set thelb\u00ebsor lart\u00ebson artin e p\u00ebrditsh\u00ebm &#8211; p\u00ebr artist\u00eb n\u00eb \u00e7do nivel.<\/p>\n<p><strong>KARAKTERISTIKAT E FUR\u00c7\u00cbS<\/strong><\/p>\n<p>Qime sintetike t\u00eb teknologjis\u00eb s\u00eb fundit p\u00ebr marrje dhe vendosje superiore t\u00eb produkteve<br \/>\nQepa t\u00eb q\u00ebndrueshme dhe rezistente ndaj korrozionit<br \/>\nDoreza stiletto prej druri t\u00eb certifikuara nga FSC<br \/>\nMaja t\u00eb mprehta shum\u00ebfunksionale<br \/>\nDizajn i l\u00ebmuar, gjysm\u00eb-mat me logon Morphe t\u00eb stampuar<br \/>\nTestuar p\u00ebr t\u00ebrheqje p\u00ebr t\u00eb minimizuar humbjen e qimeve dhe p\u00ebr t\u00eb maksimizuar jet\u00ebgjat\u00ebsin\u00eb<br \/>\n100% vegan<br \/>\n<strong>SETI P\u00cbRFSHIN<\/strong><\/p>\n<p>V202 \u2013 Fur\u00e7\u00eb shum\u00ebfunksionale p\u00ebr hijen e syve<br \/>\nV203 \u2013 Fur\u00e7\u00eb p\u00ebr hijen e syve me precizion<br \/>\nV204 \u2013 Fur\u00e7\u00eb me maj\u00eb t\u00eb but\u00eb p\u00ebr hijen e syve<br \/>\nV205 \u2013 Fur\u00e7\u00eb me kupol\u00eb t\u00eb shesht\u00eb p\u00ebr hijen e syve<br \/>\nV305 \u2013 Fur\u00e7\u00eb p\u00ebr detaje me maj\u00eb mesatare<br \/>\nKuti fur\u00e7e e zez\u00eb mat e rip\u00ebrdorshme<br \/>\n<strong>RRETH SERIS\u00cb VEGAN PRO<\/strong><\/p>\n<p>Teknologji sintetike. Performanc\u00eb e v\u00ebrtet\u00eb. Fur\u00e7at, mjetet dhe setet e seris\u00eb Vegan Pro jan\u00eb t\u00eb dizajnuara profesionalisht, thelb\u00ebsore t\u00eb nivelit profesional p\u00ebr t\u00eb rritur artin e p\u00ebrditsh\u00ebm p\u00ebr artist\u00ebt n\u00eb \u00e7do nivel. Me burim 100% vegan, \u00e7do cop\u00eb \u00ebsht\u00eb projektuar me precizion nga materiale premium &#8211; duke p\u00ebrfshir\u00eb fije sintetike t\u00eb teknologjis\u00eb s\u00eb fundit &#8211; p\u00ebr aplikim pa probleme me \u00e7do p\u00ebrdorim.<\/p>\n<p><strong>SI T\u00cb PASTRONI FUR\u00c7AT TUAJA T\u00cb SERIS\u00cb VEGAN PRO<\/strong><\/p>\n<p>Me p\u00ebrdorim t\u00eb rregullt, rekomandohet pastrimi i fur\u00e7\u00ebs suaj t\u00eb Seris\u00eb Vegan Pro \u00e7do jav\u00eb. P\u00ebrziejeni but\u00ebsisht fur\u00e7\u00ebn tuaj t\u00eb lagur n\u00eb Balsamin Pastrues + Pastrues Morphe Brush ose n\u00eb sapunin tuaj t\u00eb preferuar transparent, duke pasur kujdes q\u00eb t\u00eb mos i p\u00ebrkulni fijet. Shp\u00eblajeni me uj\u00eb dhe l\u00ebreni t\u00eb thahet.<\/p>","protected":false},"excerpt":{"rendered":"<h3 tabindex=\"0\"><strong>MORPHE<\/strong><\/h3>\n<h3 class=\"tvg_product_details_DNznPq_ProductDetails__title\" tabindex=\"0\"><strong>VEGAN PRO 5 PIECE EYE BRUSH SET<\/strong><\/h3>\n<p>Ngjyrosni, p\u00ebrzieni, l\u00ebmoni dhe p\u00ebrcaktoni pamje natyrale deri n\u00eb t\u00eb plota nga fillimi n\u00eb fund. K\u00ebto pes\u00eb fur\u00e7a syri premium jan\u00eb zgjedhur me dor\u00eb p\u00ebr t\u00eb p\u00ebrmbushur t\u00eb gjitha nevojat tuaja p\u00ebr aplikimin e paletes se syve. T\u00eb krijuara me fije sintetike antimikrobike t\u00eb teknologjis\u00eb s\u00eb fundit p\u00ebr kapje dhe shtrim superior t\u00eb produktit dhe t\u00eb projektuara p\u00ebr t\u00eb minimizuar humbjen e qimeve, \u00e7do fur\u00e7\u00eb n\u00eb k\u00ebt\u00eb set thelb\u00ebsor lart\u00ebson artin e p\u00ebrditsh\u00ebm &#8211; p\u00ebr artist\u00eb n\u00eb \u00e7do nivel.<\/p>","protected":false},"featured_media":7355,"comment_status":"open","ping_status":"closed","template":"","meta":[],"product_brand":[164],"product_cat":[165,166],"product_tag":[],"class_list":{"0":"post-7354","1":"product","2":"type-product","3":"status-publish","4":"has-post-thumbnail","6":"product_brand-morphe","7":"product_cat-brushes","8":"product_cat-sale","11":"instock","12":"shipping-taxable","13":"purchasable","14":"product-type-simple"},"_links":{"self":[{"href":"https:\/\/perleibeauty.com\/sq\/wp-json\/wp\/v2\/product\/7354","targetHints":{"allow":["GET"]}}],"collection":[{"href":"https:\/\/perleibeauty.com\/sq\/wp-json\/wp\/v2\/product"}],"about":[{"href":"https:\/\/perleibeauty.com\/sq\/wp-json\/wp\/v2\/types\/product"}],"replies":[{"embeddable":true,"href":"https:\/\/perleibeauty.com\/sq\/wp-json\/wp\/v2\/comments?post=7354"}],"version-history":[{"count":1,"href":"https:\/\/perleibeauty.com\/sq\/wp-json\/wp\/v2\/product\/7354\/revisions"}],"predecessor-version":[{"id":10098,"href":"https:\/\/perleibeauty.com\/sq\/wp-json\/wp\/v2\/product\/7354\/revisions\/10098"}],"wp:featuredmedia":[{"embeddable":true,"href":"https:\/\/perleibeauty.com\/sq\/wp-json\/wp\/v2\/media\/7355"}],"wp:attachment":[{"href":"https:\/\/perleibeauty.com\/sq\/wp-json\/wp\/v2\/media?parent=7354"}],"wp:term":[{"taxonomy":"product_brand","embeddable":true,"href":"https:\/\/perleibeauty.com\/sq\/wp-json\/wp\/v2\/product_brand?post=7354"},{"taxonomy":"product_cat","embeddable":true,"href":"https:\/\/perleibeauty.com\/sq\/wp-json\/wp\/v2\/product_cat?post=7354"},{"taxonomy":"product_tag","embeddable":true,"href":"https:\/\/perleibeauty.com\/sq\/wp-json\/wp\/v2\/product_tag?post=7354"}],"curies":[{"name":"wp","href":"https:\/\/api.w.org\/{rel}","templated":true}]}}