{"id":7342,"date":"2025-12-01T14:46:39","date_gmt":"2025-12-01T14:46:39","guid":{"rendered":"https:\/\/perleibeauty.com\/?post_type=product&#038;p=7342"},"modified":"2026-03-22T20:53:52","modified_gmt":"2026-03-22T20:53:52","slug":"sol-de-janeiro-beija-flor-body-cream-collagen-boosting","status":"publish","type":"product","link":"https:\/\/perleibeauty.com\/sq\/produkt\/sol-de-janeiro-beija-flor-body-cream-collagen-boosting\/","title":{"rendered":"SOL DE JANEIRO BEIJA FLOR BODY CREAM COLLAGEN-BOOSTING"},"content":{"rendered":"<h3 class=\"css-181u9pf e15t7owz0\" data-comp=\"DisplayName BaseComponent \">SOL DE JANEIRO<br \/>\n<span class=\"css-wkag1e e15t7owz0\" data-at=\"product_name\" data-comp=\"BaseComponent \">Beija Flor Body Collagen-Boosting Elasti-Cream with Polypeptides and Bio-Retinol<\/span><\/h3>\n<p>Nj\u00eb krem \u200b\u200btrupi q\u00eb mb\u00ebshtet kolagjenin, i pasuruar me arom\u00ebn frutore-lulesore Cheirosa &#8217;68, q\u00eb e mbush l\u00ebkur\u00ebn duksh\u00ebm me skualan vegan dhe vaj kakao, nj\u00eb bio-retinol.<\/p>\n<p>Familja e aromave: Lule<\/p>\n<p>Lloji i arom\u00ebs: Lule frutore<\/p>\n<p>Sh\u00ebnime kryesore: Jasemin brazilian, Frut roz\u00eb dragoi, Vanilje e past\u00ebr<\/p>\n<p>P\u00ebrshkrimi i arom\u00ebs: N\u00eb Brazil, nj\u00eb sekret thelb\u00ebsor bukurie \u00ebsht\u00eb t\u00eb jesh &#8220;cheirosa&#8221; (sheh-ro-zah), q\u00eb do t\u00eb thot\u00eb t\u00eb kesh gjithmon\u00eb arom\u00eb t\u00eb mrekullueshme. E gjall\u00eb dhe e papritur, kjo arom\u00eb frutore-lulesore ofron nj\u00eb tundim transportues p\u00ebrmes kopshteve t\u00eb bollshme t\u00eb sp\u00ebrkatura nga dielli t\u00eb Rios. Kjo arom\u00eb zhyt\u00ebse te dhuron g\u00ebzim dhe gjithmon\u00eb mikprit\u00ebse.<\/p>\n<p>Rreth arom\u00ebs: Kjo arom\u00eb e fresk\u00ebt dhe e ndritshme lulesh ju fton n\u00eb kopshtin e harlisur t\u00eb Sol de Janeiro pran\u00eb detit &#8211; nj\u00eb oaz i sp\u00ebrkatur nga dielli, plot me flor\u00eb t\u00eb gjall\u00eb dhe q\u00eb vall\u00ebzon me ajrin e oqeanit.<\/p>\n<p><strong>P\u00ebrb\u00ebr\u00ebs t\u00eb theksuar:<\/strong><\/p>\n<p>&#8211; Vaj kakaoje: Vepron si nj\u00eb alternativ\u00eb natyrale e retinolit.<\/p>\n<p>&#8211; Squalane Vegan: Hidraton intensivisht dhe parandalon humbjen e lag\u00ebshtis\u00eb.<\/p>\n<p>&#8211; Polipeptid: Mban l\u00ebkur\u00ebn duksh\u00ebm t\u00eb plot\u00eb dhe elastike.<\/p>\n<p>\u00c7far\u00eb tjet\u00ebr duhet t\u00eb dini: Ky krem \u200b\u200btrupi i p\u00ebrditsh\u00ebm \u00ebsht\u00eb treguar klinikisht se p\u00ebrmir\u00ebson pamjen e kolagjenit. Vaji i kakaos (nj\u00eb bio-retinol) dhe polipeptidi formojn\u00eb nj\u00eb rrjet rigjenerues q\u00eb mb\u00ebshtet rigjenerimin qelizor p\u00ebr nj\u00eb l\u00ebkur\u00eb duksh\u00ebm t\u00eb l\u00ebmuar dhe t\u00eb plot\u00eb. Aroma e tij frutore-lulesore Cheirosa &#8217;68 p\u00ebrmban nota t\u00eb jaseminit brazilian dhe frutave roz\u00eb t\u00eb dragoit.<\/p>\n<p><strong>Rezultatet Klinike:<\/strong> N\u00eb nj\u00eb studim klinik laboratorik t\u00eb ekstrakteve t\u00eb l\u00ebkur\u00ebs njer\u00ebzore, 3 aplikime gjat\u00eb 9 dit\u00ebve treguan:<\/p>\n<p>&#8211; Nj\u00eb rritje statistikisht t\u00eb r\u00ebnd\u00ebsishme t\u00eb kolagjenit krahasuar me kontrollin<\/p>\n<p>N\u00eb nj\u00eb studim paneli t\u00eb pal\u00ebs s\u00eb tret\u00eb me 100 konsumator\u00eb, pjes\u00ebmarr\u00ebsit ran\u00eb dakord:<\/p>\n<p>&#8211; L\u00ebkura ndihej thell\u00ebsisht e hidratuar dhe dukej m\u00eb e plot\u00eb, m\u00eb e l\u00ebmuar dhe duksh\u00ebm m\u00eb pak e hirit pas vet\u00ebm 1 p\u00ebrdorimi<\/p>\n<p>&#8211; L\u00ebkura ndihej duksh\u00ebm m\u00eb e but\u00eb dhe m\u00eb elastike ndaj shenjave t\u00eb plakjes, nd\u00ebrsa dukej se kishte elasticitet m\u00eb t\u00eb mir\u00eb me shk\u00eblqim t\u00eb rip\u00ebrt\u00ebrir\u00eb pas 2 jav\u00ebsh p\u00ebrdorimi<\/p>\n<p>&#8211; Shfaqja e skuqjes n\u00eb gjoks u p\u00ebrmir\u00ebsua gjithashtu n\u00eb 2 jav\u00eb<\/p>\n<p>&#8211; L\u00ebkura nuk ishte dukur ose ndjer\u00eb kurr\u00eb kaq mir\u00eb, pas 2 muajsh p\u00ebrdorimi t\u00eb p\u00ebrditsh\u00ebm<\/p>\n<p>&nbsp;<\/p>\n<p><strong>P\u00ebrb\u00ebr\u00ebsit<\/strong><br \/>\n&#8211; Vaj kakaoje: Vepron si nj\u00eb alternativ\u00eb natyrale e retinolit.<br \/>\n&#8211; Squalane vegane: Hidraton intensivisht dhe parandalon humbjen e lag\u00ebshtis\u00eb.<br \/>\n&#8211; Kolagjen vegan: Mban l\u00ebkur\u00ebn duksh\u00ebm t\u00eb plot\u00eb dhe elastike.<\/p>\n<p>Uj\u00eb (Uj\u00eb, Eau), Alkool Cetearil, Parfum (Arom\u00eb), Triglicerid Kaprilik\/Kaprik, Izopentildiol, Stearat Glicerili, Izoparafin\u00eb C13-16, Glicerin\u00eb, Ekstrakt Fruti Pyrus Malus (Moll\u00eb), Alkool Cetilik, Vaj Kokosi (Cocos Nucifera), Vaj Farash Caryodendron Orinocense (Cacay), Gjalp\u00eb Shea (Butyrospermum Parkii), Alkool Behenil, Skualan, Aminoacid Kolagjeni, Gjalp\u00eb Farash Theobroma Grandiflorum (Cupua\u00e7u), Rr\u00ebshir\u00eb Copaifera Officinalis (Balsam Copaiba), Vaj B\u00ebrthamash Astrocaryum Vulgare (Tucum\u00e3), Gjalp\u00eb Farash Astrocaryum Murumuru, Ekstrakt Rr\u00ebnjesh Karrote (Daucus Carota Sativa), Tokoferol, Ekstrakt Krunde Orizi (Oryza Sativa), Ekstrakt Gjethe Rosmarinus Officinalis (Rozmarin), Helianthus Vaj farash Annuus (luledielli), ekstrakt Helianthus Annuus (luledielli), etilheksilglicerin\u00eb, pentilen glikol, heptil undecilenat, cetil fosfat kaliumi, diacetat glutamati tetranatriumi, gom\u00eb ksantani, acid citrik, hidroksid natriumi, fenoksietanol, mik\u00eb, alfa-izometil jonon, salicilat benzili, CI 77891 (dioksid titaniumi).<\/p>\n<p><strong>Si t\u00eb p\u00ebrdoret?<\/strong><br \/>\nUdh\u00ebzime p\u00ebr riciklim:<br \/>\n-T\u00eb gjitha madh\u00ebsit\u00eb jan\u00eb 100 p\u00ebr qind t\u00eb riciklueshme.<br \/>\n-Shp\u00eblajini p\u00ebrb\u00ebr\u00ebsit para riciklimit.<br \/>\n-Kutit\u00eb e kremit t\u00eb trupit me madh\u00ebsi t\u00eb plot\u00eb (240 mL) jan\u00eb b\u00ebr\u00eb me 80 p\u00ebr qind p\u00ebrmbajtje PCR (t\u00eb riciklueshme pas konsumit) dhe prodhohen 100 p\u00ebr qind me energji elektrike t\u00eb rinovueshme nga era, duke i b\u00ebr\u00eb ato neutrale ndaj karbonit.<\/p>","protected":false},"excerpt":{"rendered":"<h3 class=\"css-181u9pf e15t7owz0\" data-comp=\"DisplayName BaseComponent \">SOL DE JANEIRO<br \/>\n<span class=\"css-wkag1e e15t7owz0\" data-at=\"product_name\" data-comp=\"BaseComponent \">Beija Flor Body Collagen-Boosting Elasti-Cream with Polypeptides and Bio-Retinol<\/span><\/h3>\n<p>Nj\u00eb krem \u200b\u200btrupi q\u00eb mb\u00ebshtet kolagjenin, i pasuruar me arom\u00ebn frutore-lulesore Cheirosa &#8217;68, q\u00eb e mbush l\u00ebkur\u00ebn duksh\u00ebm me skualan vegan dhe vaj kakao, nj\u00eb bio-retinol.<\/p>\n<p>Familja e aromave: Lule<\/p>\n<p>Lloji i arom\u00ebs: Lule frutore<\/p>\n<p>Sh\u00ebnime kryesore: Jasemin brazilian, Frut roz\u00eb dragoi, Vanilje e past\u00ebr<\/p>","protected":false},"featured_media":7346,"comment_status":"open","ping_status":"closed","template":"","meta":[],"product_brand":[124],"product_cat":[132,105],"product_tag":[],"class_list":{"0":"post-7342","1":"product","2":"type-product","3":"status-publish","4":"has-post-thumbnail","6":"product_brand-sol-de-janeiro","7":"product_cat-gift-ideas","8":"product_cat-skincare","11":"outofstock","12":"sale","13":"shipping-taxable","14":"purchasable","15":"product-type-simple"},"_links":{"self":[{"href":"https:\/\/perleibeauty.com\/sq\/wp-json\/wp\/v2\/product\/7342","targetHints":{"allow":["GET"]}}],"collection":[{"href":"https:\/\/perleibeauty.com\/sq\/wp-json\/wp\/v2\/product"}],"about":[{"href":"https:\/\/perleibeauty.com\/sq\/wp-json\/wp\/v2\/types\/product"}],"replies":[{"embeddable":true,"href":"https:\/\/perleibeauty.com\/sq\/wp-json\/wp\/v2\/comments?post=7342"}],"version-history":[{"count":1,"href":"https:\/\/perleibeauty.com\/sq\/wp-json\/wp\/v2\/product\/7342\/revisions"}],"predecessor-version":[{"id":10505,"href":"https:\/\/perleibeauty.com\/sq\/wp-json\/wp\/v2\/product\/7342\/revisions\/10505"}],"wp:featuredmedia":[{"embeddable":true,"href":"https:\/\/perleibeauty.com\/sq\/wp-json\/wp\/v2\/media\/7346"}],"wp:attachment":[{"href":"https:\/\/perleibeauty.com\/sq\/wp-json\/wp\/v2\/media?parent=7342"}],"wp:term":[{"taxonomy":"product_brand","embeddable":true,"href":"https:\/\/perleibeauty.com\/sq\/wp-json\/wp\/v2\/product_brand?post=7342"},{"taxonomy":"product_cat","embeddable":true,"href":"https:\/\/perleibeauty.com\/sq\/wp-json\/wp\/v2\/product_cat?post=7342"},{"taxonomy":"product_tag","embeddable":true,"href":"https:\/\/perleibeauty.com\/sq\/wp-json\/wp\/v2\/product_tag?post=7342"}],"curies":[{"name":"wp","href":"https:\/\/api.w.org\/{rel}","templated":true}]}}