{"id":7315,"date":"2025-12-01T13:34:45","date_gmt":"2025-12-01T13:34:45","guid":{"rendered":"https:\/\/perleibeauty.com\/?post_type=product&#038;p=7315"},"modified":"2026-04-01T11:22:40","modified_gmt":"2026-04-01T11:22:40","slug":"estee-lauder-advanced-night-repair-serum-synchronized-multi-recovery-complex","status":"publish","type":"product","link":"https:\/\/perleibeauty.com\/sq\/produkt\/estee-lauder-advanced-night-repair-serum-synchronized-multi-recovery-complex\/","title":{"rendered":"ESTEE LAUDER Advanced Night Repair Serum Synchronized Multi-Recovery Complex"},"content":{"rendered":"<h3 aria-label=\"advanced night repair serum synchronized multi-recovery complex\" data-test-id=\"product_name\">ESTEE LAUDER<\/h3>\n<h3 class=\"sc-pReKu eehIqb elc-product-display-name-link js-product-display-name-link elc-heading--3\" aria-label=\"advanced night repair serum synchronized multi-recovery complex\" data-test-id=\"product_name\">Advanced Night Repair Serum<span class=\"elc-product-display-name-link-subheader\">Synchronized Multi-Recovery Complex<\/span><\/h3>\n<p>Super serumi p\u00ebr rip\u00ebrt\u00ebritje t\u00eb thell\u00eb \u00e7do nat\u00eb dhe shk\u00eblqim t\u00eb pafiltruar n\u00eb m\u00ebngjes &#8211; edhe kur nuk flini mir\u00eb. Zvog\u00eblon duksh\u00ebm shenjat e shumta t\u00eb plakjes p\u00ebr nj\u00eb pamje m\u00eb t\u00eb l\u00ebmuar, m\u00eb t\u00eb re dhe m\u00eb t\u00eb shk\u00eblqyeshme.<\/p>\n<p>Ky serum p\u00ebr fytyr\u00ebn q\u00eb dep\u00ebrton thell\u00eb dhe shpejt, me Peptidin ton\u00eb ekskluziv t\u00eb Nat\u00ebs 1 n\u00eb 60 milion, shfryt\u00ebzon 40 vjet k\u00ebrkime pioniere t\u00eb Shkenc\u00ebs s\u00eb Nat\u00ebs.<br \/>\nL\u00ebkura ndihet m\u00eb e fort\u00eb. Duket m\u00eb e l\u00ebmuar dhe m\u00eb pak e rrudhur, m\u00eb e re dhe m\u00eb e sh\u00ebndetshme &#8211; m\u00eb e shk\u00eblqyeshme dhe madje e tonifikuar.<\/p>\n<p><strong>REZULTATE T\u00cb PROVUARA<\/strong><\/p>\n<p>VET\u00cbM N\u00cb NJ\u00cb GJUM\u00cb &#8211; REZULTATET E M\u00cbNGJESIT TJET\u00cbR<br \/>\n+128% rritje e menj\u00ebhershme e lag\u00ebshtis\u00eb.<br \/>\n\u201314% ulje e rrudhave t\u00eb holla.<br \/>\n+10% p\u00ebrmir\u00ebsim n\u00eb elasticitet.<br \/>\n8 nga 10 kishin shk\u00eblqim t\u00eb shtuar pas zgjimit.<\/p>\n<p>RIPARON DUKSH\u00cbM L\u00cbKUR\u00cbN E PRIVUAR NGA GJUMI DUKE FILLUAR VET\u00cbM N\u00cb 3 NET\u00cb<br \/>\nRrudhat duken t\u00eb reduktuara.<br \/>\nShk\u00eblqimi p\u00ebrmir\u00ebsohet duksh\u00ebm.<br \/>\nDhe rezultatet b\u00ebhen gjithnj\u00eb e m\u00eb t\u00eb mira me kalimin e koh\u00ebs.<\/p>\n<p>Testime klinike n\u00eb 148 gra pas 1 aplikimi t\u00eb produktit.\u00a0 \u00a0 \u00a0 \u00a0 \u00a0 \u00a0 \u00a0 \u00a0 \u00a0 \u00a0 \u00a0 \u00a0 \u00a0 \u00a0 \u00a0 \u00a0 \u00a0 \u00a0 \u00a0 \u00a0 \u00a0 \u00a0 \u00a0 \u00a0 \u00a0 \u00a0 \u00a0 \u00a0 \u00a0 \u00a0 \u00a0 \u00a0 \u00a0 \u00a0 \u00a0 \u00a0 \u00a0 \u00a0 \u00a0 \u00a0 \u00a0 \u00a0 \u00a0 \u00a0 \u00a0 \u00a0 \u00a0 \u00a0 \u00a0 \u00a0 \u00a0 \u00a0 \u00a0 \u00a0 \u00a0 \u00a0 \u00a0 \u00a0 \u00a0 \u00a0 \u00a0 \u00a0 \u00a0 \u00a0 \u00a0 \u00a0 \u00a0 \u00a0 \u00a0 \u00a0 \u00a0 \u00a0 \u00a0 \u00a0 \u00a0 \u00a0 \u00a0 \u00a0 \u00a0 \u00a0 \u00a0 \u00a0 Testime klinike n\u00eb 26 gra, 12 or\u00eb pas nj\u00eb aplikimi t\u00eb vet\u00ebm t\u00eb produktit gjat\u00eb nat\u00ebs.<br \/>\nTestime klinike n\u00eb 29 gra, 12 or\u00eb pas nj\u00eb aplikimi t\u00eb vet\u00ebm t\u00eb produktit gjat\u00eb nat\u00ebs.<br \/>\nTestime klinike n\u00eb 42 gra, t\u00eb cilat nuk flen\u00eb mir\u00eb, pas 3 dit\u00ebsh p\u00ebrdorimi.<\/p>\n<p>N\u00eb studimin ton\u00eb t\u00eb fundit klinik pionier, ne testuam serumin ton\u00eb num\u00ebr 1 t\u00eb fytyr\u00ebs tek ato q\u00eb nuk flen\u00eb mir\u00eb. Ne e dim\u00eb q\u00eb gjumi i dob\u00ebt mund t\u00eb d\u00ebmtoj\u00eb l\u00ebkur\u00ebn, duke \u00e7uar n\u00eb nj\u00eb barrier\u00eb m\u00eb t\u00eb dob\u00ebt, humbje t\u00eb fort\u00ebsis\u00eb dhe m\u00eb keq. Tani kemi prova se serumi Advanced Night Repair jep rezultate t\u00eb dukshme &#8211; edhe kur nuk flini mir\u00eb.<\/p>\n<p>EDHE M\u00cb SHUM\u00cb ARSYE P\u00cbR TA DASHURUAR KETE SERUM<br \/>\n91% than\u00eb se l\u00ebkura duket m\u00eb e relaksuar.<br \/>\n89% than\u00eb se l\u00ebkura ndihet m\u00eb e fort\u00eb.<br \/>\nHidratim 72-or\u00ebsh me Acid Hialuronik dhe p\u00ebrforcues t\u00eb tjer\u00eb t\u00eb p\u00ebrparuar t\u00eb lag\u00ebshtis\u00eb.<br \/>\nMbrojtje antioksiduese 8-or\u00ebshe.<br \/>\nPoret duken t\u00eb ngushta me kalimin e koh\u00ebs.<br \/>\nTekstur\u00eb pa vaj. 90% than\u00eb se p\u00ebrthithet shpejt.<\/p>\n<p>Serumi yn\u00eb Little Brown Bottle\u2122 \u00ebsht\u00eb p\u00ebr t\u00eb gjitha moshat, t\u00eb gjitha nuancat e l\u00ebkur\u00ebs, t\u00eb gjitha llojet e l\u00ebkur\u00ebs. I patentuar deri n\u00eb vitin 2033.<\/p>\n<p>I provuar n\u00eb l\u00ebkur\u00eb t\u00eb privuar nga gjumi.<br \/>\nI testuar dhe i p\u00ebrshtatsh\u00ebm p\u00ebr l\u00ebkur\u00eb t\u00eb ndjeshme.<br \/>\nI p\u00ebrshtatsh\u00ebm p\u00ebr l\u00ebkur\u00eb pas procedur\u00ebs.<\/p>\n<p><strong>FUQI NAT\u00cb &amp; DIT\u00cb<\/strong><\/p>\n<p>Advanced Night Repair \u00ebsht\u00eb formuluar me teknologji t\u00eb frym\u00ebzuar nga hulumtimet fituese t\u00eb \u00c7mimit Nobel n\u00eb fush\u00ebn e Ritmit Cirkadian.<\/p>\n<p>Serumi Advanced Night Repair vepron nat\u00eb e dit\u00eb p\u00ebr t\u00eb ndihmuar n\u00eb optimizimin e ritmit natyror t\u00eb riparimit dhe mbrojtjes s\u00eb l\u00ebkur\u00ebs. Nat\u00ebn, me Peptidin ton\u00eb ekskluziv t\u00eb Nat\u00ebs 1 n\u00eb 60 milion, ai ndihmon n\u00eb mb\u00ebshtetjen e rinovimit dhe forcimit t\u00eb duksh\u00ebm t\u00eb l\u00ebkur\u00ebs. Acidi hialuronik ndihmon n\u00eb bllokimin e lag\u00ebshtis\u00eb. Gjat\u00eb dit\u00ebs, ky serum me mbrojtje antioksiduese 8-or\u00ebshe ndihmon n\u00eb mbrojtjen e l\u00ebkur\u00ebs kund\u00ebr efekteve t\u00eb dukshme t\u00eb d\u00ebmtimit nga radikalet e lira nga burimet mjedisore si ndotja.<\/p>\n<p>Testime nga konsumator\u00ebt te 543 gra pas p\u00ebrdorimit t\u00eb produktit p\u00ebr 3 jav\u00eb.<br \/>\nTestime nga konsumator\u00ebt te 543 gra pas p\u00ebrdorimit t\u00eb produktit p\u00ebr 4 jav\u00eb.<br \/>\nTestime nga konsumator\u00ebt te 543 gra, menj\u00ebher\u00eb pas p\u00ebrdorimit t\u00eb produktit.\u00a0 \u00a0 \u00a0 \u00a0 \u00a0 \u00a0 \u00a0 \u00a0 \u00a0 \u00a0 \u00a0 \u00a0 \u00a0 \u00a0 \u00a0 \u00a0 \u00a0 \u00a0 \u00a0 \u00a0 \u00a0 \u00a0 \u00a0 \u00a0 \u00a0 \u00a0 \u00a0 \u00a0 \u00a0 \u00a0 \u00a0 \u00a0 \u00a0 \u00a0 \u00a0 \u00a0 \u00a0 \u00a0 \u00a0 \u00a0 \u00a0 \u00a0 \u00a0 \u00a0 \u00a0 \u00a0 \u00a0 \u00a0 \u00a0 \u00a0 \u00a0 \u00a0 \u00a0 \u00a0 \u00a0 \u00a0 \u00a0 \u00a0 \u00a0 \u00a0 \u00a0Pas nj\u00eb trajtimi me drit\u00eb intensive t\u00eb pulsuar (IPL).<\/p>\n<p>\u00cbsht\u00eb treguar i sigurt p\u00ebr p\u00ebrdorim kur aplikohet duke filluar 24 or\u00eb pas IPL n\u00eb nj\u00eb test klinik 2-javor t\u00eb p\u00ebrdorimit te 32 panelist\u00eb.<\/p>\n<p><strong>P\u00cbRFITIMET<\/strong><br \/>\nZgjohuni t\u00eb ndritsh\u00ebm. Zvog\u00ebloni duksh\u00ebm shenjat e plakjes.<\/p>\n<p><strong>LLOJI I L\u00cbKUR\u00cbS<\/strong><br \/>\nSerum p\u00ebr t\u00eb gjitha llojet e l\u00ebkur\u00ebs, p\u00ebrfshir\u00eb l\u00ebkur\u00ebn e ndjeshme.<\/p>\n<p><strong>IDEAL P\u00cbR<\/strong><br \/>\nShenja t\u00eb shumta t\u00eb plakjes<br \/>\nParandalim i duksh\u00ebm i mosh\u00ebs me mbrojtje antioksiduese<br \/>\nHumbje e fort\u00ebsis\u00eb, tonit, vijave, rrudhave, tonit t\u00eb pabarabart\u00eb t\u00eb l\u00ebkur\u00ebs<br \/>\nShum\u00eb i zbeht\u00eb, dehidratim &#8211; p\u00ebrfshin Acid Hialuronik<\/p>\n<p><strong>FAKTE T\u00cb FORMUL\u00cbS<\/strong><br \/>\nSerum p\u00ebr fytyr\u00ebn me Peptid Nate ekskluziv, Acid Hialuronik dhe fuqi antioksiduese<br \/>\nPa vaj<br \/>\nShishe dhe kuti qelqi t\u00eb riciklueshme<br \/>\nTestuar nga dermatolog\u00ebt<br \/>\nTestuar nga oftalmolog\u00ebt<br \/>\nNuk shkakton pu\u00e7rra, nuk bllokon poret (jo-aknegjenike)<br \/>\nPa vaj mineral, arom\u00eb sintetike, ftalat, sulfat, sulfit, paraben, alkool thar\u00ebs dhe parafin\u00eb<\/p>\n<p>Aplikoni k\u00ebt\u00eb serum p\u00ebr fytyr\u00ebn n\u00eb l\u00ebkur\u00eb t\u00eb past\u00ebr para kremit tuaj hidratues, n\u00eb m\u00ebngjes dhe n\u00eb mbr\u00ebmje. P\u00ebrdorni nj\u00eb pikatore. Shp\u00ebrndajeni but\u00ebsisht n\u00eb t\u00eb gjith\u00eb fytyr\u00ebn dhe qaf\u00ebn.<\/p>\n<p><strong>Provoni Ritualin Ton\u00eb t\u00eb Zemr\u00ebs<\/strong><\/p>\n<p>Hapi 1. Vendosni nj\u00eb sasi t\u00eb plot\u00eb t\u00eb serumit Advanced Night Repair n\u00eb p\u00ebll\u00ebmb\u00ebn e dor\u00ebs.<\/p>\n<p>Hapi 2. Masazhoni n\u00eb fytyr\u00eb n\u00eb form\u00eb zemre: Duke p\u00ebrdorur t\u00eb gjith\u00eb gishtat e t\u00eb dyja duarve, filloni nga qendra e fytyr\u00ebs dhe l\u00ebvizni drejt vesh\u00ebve. Rr\u00ebshqisni duart nga an\u00ebt e fytyr\u00ebs posht\u00eb n\u00ebn mjek\u00ebr.<\/p>\n<p>Hapi 3. Pastaj, vizatoni nj\u00eb zem\u00ebr m\u00eb t\u00eb madhe nga mesi i ballit deri n\u00eb t\u00ebmtha. Rr\u00ebshqisni posht\u00eb an\u00ebt e fytyr\u00ebs dhe mbylleni p\u00ebrs\u00ebri zemr\u00ebn n\u00ebn mjek\u00ebr.<\/p>\n<p>Hapi 4. P\u00ebrfundoni Ritualin e Zemr\u00ebs duke masazhuar but\u00ebsisht n\u00eb qaf\u00eb me nj\u00eb l\u00ebvizje posht\u00eb.<\/p>\n<p><strong>P\u00ebrb\u00ebr\u00ebsit<\/strong>: Uj\u00eb\\Aqua\\Eau, Lizat i Fermentit Bifida, Peg-8, Propanediol, Bis-Peg-18 Metil Eter Dimetil Silan, Metil Gluceth-20, Glicereth-26, Peg-75, Butilen Glikol, Ekstrakt i Far\u00ebs Adansonia Digitata, Tripeptid-32, Hialuronat Natriumi, Ekstrakt Majaje\\Faex\\Ekstrakt De Levure, Ferment Lactobacillus, Ekstrakt i Far\u00ebs Cola Acuminata (Kola), Ekstrakt i Lules Anthemis Nobilis (Kamomil), Algin i Hidrolizuar, Pantetin\u00eb, Kafein\u00eb, Lecitin\u00eb, ARN Natriumi, Bisabolol, Skualan, Glicerin\u00eb, Fosfat Oleth-3, Kaprilil Glikol, Oleth-3, Oleth-5, Choleth-24, Lecitin\u00eb e Hidrogjenizuar, Estere Peg-120 t\u00eb Dyllit t\u00eb Jojob\u00ebs, Ceteth-24, Acetat Tokoferil, Karbomer, Trietanolamin\u00eb, Tetrasodium Edta, Bht, Gom\u00eb Ksantan, Sorbat Kaliumi, Disodium Edta, Fenoksietanol, E Kuqe 4 (Ci 14700), E Verdh\u00eb 5 (Ci 19140) &lt;ILN47580&gt;<\/p>\n<p>Ju lutemi t\u00eb keni parasysh se listat e p\u00ebrb\u00ebr\u00ebsve mund t\u00eb ndryshojn\u00eb ose t\u00eb ndryshojn\u00eb her\u00eb pas here. Ju lutemi referojuni list\u00ebs s\u00eb p\u00ebrb\u00ebr\u00ebsve n\u00eb paketimin e produktit q\u00eb merrni p\u00ebr list\u00ebn m\u00eb t\u00eb azhurnuar t\u00eb p\u00ebrb\u00ebr\u00ebsve.<\/p>","protected":false},"excerpt":{"rendered":"<h3 aria-label=\"advanced night repair serum synchronized multi-recovery complex\" data-test-id=\"product_name\">ESTEE LAUDER<\/h3>\n<h3 class=\"sc-pReKu eehIqb elc-product-display-name-link js-product-display-name-link elc-heading--3\" aria-label=\"advanced night repair serum synchronized multi-recovery complex\" data-test-id=\"product_name\">Advanced Night Repair Serum<span class=\"elc-product-display-name-link-subheader\">Synchronized Multi-Recovery Complex<\/span><\/h3>\n<p>Super serumi p\u00ebr rip\u00ebrt\u00ebritje t\u00eb thell\u00eb \u00e7do nat\u00eb dhe shk\u00eblqim t\u00eb pafiltruar n\u00eb m\u00ebngjes &#8211; edhe kur nuk flini mir\u00eb. Zvog\u00eblon duksh\u00ebm shenjat e shumta t\u00eb plakjes p\u00ebr nj\u00eb pamje m\u00eb t\u00eb l\u00ebmuar, m\u00eb t\u00eb re dhe m\u00eb t\u00eb shk\u00eblqyeshme.<\/p>","protected":false},"featured_media":7323,"comment_status":"open","ping_status":"closed","template":"","meta":[],"product_brand":[98],"product_cat":[132,166,105],"product_tag":[],"class_list":{"0":"post-7315","1":"product","2":"type-product","3":"status-publish","4":"has-post-thumbnail","6":"product_brand-estee-lauder","7":"product_cat-gift-ideas","8":"product_cat-sale","9":"product_cat-skincare","12":"instock","13":"shipping-taxable","14":"purchasable","15":"product-type-variable"},"_links":{"self":[{"href":"https:\/\/perleibeauty.com\/sq\/wp-json\/wp\/v2\/product\/7315","targetHints":{"allow":["GET"]}}],"collection":[{"href":"https:\/\/perleibeauty.com\/sq\/wp-json\/wp\/v2\/product"}],"about":[{"href":"https:\/\/perleibeauty.com\/sq\/wp-json\/wp\/v2\/types\/product"}],"replies":[{"embeddable":true,"href":"https:\/\/perleibeauty.com\/sq\/wp-json\/wp\/v2\/comments?post=7315"}],"version-history":[{"count":1,"href":"https:\/\/perleibeauty.com\/sq\/wp-json\/wp\/v2\/product\/7315\/revisions"}],"predecessor-version":[{"id":9928,"href":"https:\/\/perleibeauty.com\/sq\/wp-json\/wp\/v2\/product\/7315\/revisions\/9928"}],"wp:featuredmedia":[{"embeddable":true,"href":"https:\/\/perleibeauty.com\/sq\/wp-json\/wp\/v2\/media\/7323"}],"wp:attachment":[{"href":"https:\/\/perleibeauty.com\/sq\/wp-json\/wp\/v2\/media?parent=7315"}],"wp:term":[{"taxonomy":"product_brand","embeddable":true,"href":"https:\/\/perleibeauty.com\/sq\/wp-json\/wp\/v2\/product_brand?post=7315"},{"taxonomy":"product_cat","embeddable":true,"href":"https:\/\/perleibeauty.com\/sq\/wp-json\/wp\/v2\/product_cat?post=7315"},{"taxonomy":"product_tag","embeddable":true,"href":"https:\/\/perleibeauty.com\/sq\/wp-json\/wp\/v2\/product_tag?post=7315"}],"curies":[{"name":"wp","href":"https:\/\/api.w.org\/{rel}","templated":true}]}}