{"id":7260,"date":"2025-11-27T13:20:06","date_gmt":"2025-11-27T13:20:06","guid":{"rendered":"https:\/\/perleibeauty.com\/?post_type=product&#038;p=7260"},"modified":"2026-04-15T13:38:51","modified_gmt":"2026-04-15T13:38:51","slug":"kylie-jenner-kybrow-kit","status":"publish","type":"product","link":"https:\/\/perleibeauty.com\/sq\/produkt\/kylie-jenner-kybrow-kit\/","title":{"rendered":"KYLIE JENNER KYBROW KIT"},"content":{"rendered":"<h3>Kylie Jenner kybrow kit<br \/>\nShade 006 Ebony<\/h3>\n<p>KyBrow Kit \u00ebsht\u00eb rutina ime e preferuar p\u00ebr vetullat, e p\u00ebrgatitur n\u00eb nj\u00eb set t\u00eb gatsh\u00ebm p\u00ebr p\u00ebrdorim.\u00a0 \u00a0 \u00a0 \u00a0 \u00a0 \u00a0 \u00a0 \u00a0 \u00a0 \u00a0 \u00a0 \u00a0 \u00a0 \u00a0 \u00a0 \u00a0 \u00a0 \u00a0 \u00a0 Lapsi p\u00ebr vetulla ju lejon t\u2019i formoni, stiloni dhe mbushni, nd\u00ebrsa xheli transparent p\u00ebr vetulla ndihmon n\u00eb fiksimin e ngjyr\u00ebs dhe vendosjen e qimeve t\u00eb vetullave n\u00eb vend.<br \/>\nKy set \u00ebsht\u00eb pa testime n\u00eb kafsh\u00eb (cruelty free) dhe vegane.<\/p>\n<p>&nbsp;<\/p>\n<p><strong>P\u00ebrb\u00ebr\u00ebsit<\/strong><\/p>\n<p>Xhel p\u00ebr vetulla:<br \/>\nAqua\/Water\/Eau, Acrylates Copolymer, Alcohol, PVP, Polyacrylate Crosspolymer-6, Butylene Glycol, Ethylhexylglycerin, Chlorphenesin, Caprylyl Glycol.<\/p>\n<p><strong>Laps p\u00ebr vetulla:<\/strong><br \/>\nDiisostearyl Malate, Caprylic\/Capric Triglyceride, C20-40 Acid, C20-40 Alcohols, Polyethylene, Synthetic Wax, Isoamyl Laurate, Glyceryl Behenate\/Eicosadioate, Ethylcellulose, Boron Nitride, Mica, Butyrospermum Parkii (Shea) Butter, Tocopherol, Ascorbyl Palmitate, Propanediol, Panax Ginseng Root Extract,<br \/>\n[Mund t\u00eb p\u00ebrmbaj\u00eb \/ Peut contenir \/ +\/- : Iron Oxides (CI 77491, CI 77492, CI 77499), Titanium Dioxide (CI 77891)].<\/p>\n","protected":false},"excerpt":{"rendered":"<h3>Kylie Jenner kybrow kit<br \/>\nShade 006 Ebony<\/h3>\n<p>KyBrow Kit \u00ebsht\u00eb rutina ime e preferuar p\u00ebr vetullat, e p\u00ebrgatitur n\u00eb nj\u00eb set t\u00eb gatsh\u00ebm p\u00ebr p\u00ebrdorim.\u00a0 \u00a0 \u00a0 \u00a0 \u00a0 \u00a0 \u00a0 \u00a0 Lapsi p\u00ebr vetulla ju lejon t\u2019i formoni, stiloni dhe mbushni, nd\u00ebrsa xheli transparent p\u00ebr vetulla ndihmon n\u00eb fiksimin e ngjyr\u00ebs dhe vendosjen e qimeve t\u00eb vetullave n\u00eb vend.<\/p>","protected":false},"featured_media":7265,"comment_status":"open","ping_status":"closed","template":"","meta":[],"product_brand":[136],"product_cat":[163,96],"product_tag":[],"class_list":{"0":"post-7260","1":"product","2":"type-product","3":"status-publish","4":"has-post-thumbnail","6":"product_brand-kylie-jenner","7":"product_cat-brow-pencil","8":"product_cat-makeup","11":"outofstock","12":"sale","13":"shipping-taxable","14":"purchasable","15":"product-type-simple"},"_links":{"self":[{"href":"https:\/\/perleibeauty.com\/sq\/wp-json\/wp\/v2\/product\/7260","targetHints":{"allow":["GET"]}}],"collection":[{"href":"https:\/\/perleibeauty.com\/sq\/wp-json\/wp\/v2\/product"}],"about":[{"href":"https:\/\/perleibeauty.com\/sq\/wp-json\/wp\/v2\/types\/product"}],"replies":[{"embeddable":true,"href":"https:\/\/perleibeauty.com\/sq\/wp-json\/wp\/v2\/comments?post=7260"}],"version-history":[{"count":1,"href":"https:\/\/perleibeauty.com\/sq\/wp-json\/wp\/v2\/product\/7260\/revisions"}],"predecessor-version":[{"id":9908,"href":"https:\/\/perleibeauty.com\/sq\/wp-json\/wp\/v2\/product\/7260\/revisions\/9908"}],"wp:featuredmedia":[{"embeddable":true,"href":"https:\/\/perleibeauty.com\/sq\/wp-json\/wp\/v2\/media\/7265"}],"wp:attachment":[{"href":"https:\/\/perleibeauty.com\/sq\/wp-json\/wp\/v2\/media?parent=7260"}],"wp:term":[{"taxonomy":"product_brand","embeddable":true,"href":"https:\/\/perleibeauty.com\/sq\/wp-json\/wp\/v2\/product_brand?post=7260"},{"taxonomy":"product_cat","embeddable":true,"href":"https:\/\/perleibeauty.com\/sq\/wp-json\/wp\/v2\/product_cat?post=7260"},{"taxonomy":"product_tag","embeddable":true,"href":"https:\/\/perleibeauty.com\/sq\/wp-json\/wp\/v2\/product_tag?post=7260"}],"curies":[{"name":"wp","href":"https:\/\/api.w.org\/{rel}","templated":true}]}}