{"id":7226,"date":"2025-11-27T13:08:53","date_gmt":"2025-11-27T13:08:53","guid":{"rendered":"https:\/\/perleibeauty.com\/?post_type=product&#038;p=7226"},"modified":"2026-04-15T13:38:52","modified_gmt":"2026-04-15T13:38:52","slug":"kylie-jenner-kybrow-highlighter","status":"publish","type":"product","link":"https:\/\/perleibeauty.com\/sq\/produkt\/kylie-jenner-kybrow-highlighter\/","title":{"rendered":"KYLIE JENNER KYBROW HIGHLIGHTER"},"content":{"rendered":"<h3>Kylie Jenner<br \/>\nkybrow highlighter<br \/>\n0.02 oz | brighten + redefine<\/h3>\n<p>KyBrow Highlighter im shton prekjen p\u00ebrfundimtare \u00e7do pamjeje t\u00eb syve.<br \/>\nAplikohet n\u00ebn harkun e vetull\u00ebs p\u00ebr t\u00eb dh\u00ebn\u00eb dimension ose n\u00eb cepin e brendsh\u00ebm t\u00eb syve p\u00ebr nj\u00eb shk\u00eblqim t\u00eb ndritsh\u00ebm dhe jet\u00ebgjat\u00eb.<br \/>\nFormula e tij pa rrudha, \u00ebsht\u00eb pa testime n\u00eb kafsh\u00eb (cruelty free) dhe vegane.<\/p>\n<p>&nbsp;<\/p>\n<p><strong>P\u00ebrb\u00ebr\u00ebsit<\/strong><\/p>\n<p>Dimethicone, Trimethylsiloxysilicate, Mica, Synthetic Wax, Lauroyl Lysine, Caprylyl Methicone, Stearoxymethicone\/Dimethicone Copolymer, Octyldodecanol, Polyethylene, Polyhydroxystearic Acid, Pentaerythrityl Tetra-di-t-Butyl Hydroxyhydrocinnamate, Dicalcium Phosphate, Disteardimonium Hectorite, Propylene Carbonate, Tin Oxide, Titanium Dioxide (CI 77891), Iron Oxides (CI 77491, CI 77492), Blue 1 Lake (CI 42090).<\/p>\n<p>Nuanca: deep matte<\/p>","protected":false},"excerpt":{"rendered":"<p>Kylie Jenner kybrow highlighter 0.02 oz | brighten + redefine KyBrow Highlighter im shton prekjen p\u00ebrfundimtare \u00e7do pamjeje t\u00eb syve. Aplikohet n\u00ebn harkun e vetull\u00ebs p\u00ebr t\u00eb dh\u00ebn\u00eb dimension ose n\u00eb cepin e brendsh\u00ebm t\u00eb syve p\u00ebr nj\u00eb shk\u00eblqim t\u00eb ndritsh\u00ebm dhe jet\u00ebgjat\u00eb. Formula e tij pa rrudha, \u00ebsht\u00eb pa testime n\u00eb kafsh\u00eb (cruelty free) &hellip; <a href=\"https:\/\/perleibeauty.com\/sq\/produkt\/kylie-jenner-kybrow-highlighter\/\" class=\"more-link\">Continue reading <span class=\"screen-reader-text\">KYLIE JENNER KYBROW HIGHLIGHTER<\/span><\/a><\/p>","protected":false},"featured_media":7232,"comment_status":"open","ping_status":"closed","template":"","meta":[],"product_brand":[136],"product_cat":[163,96],"product_tag":[],"class_list":{"0":"post-7226","1":"product","2":"type-product","3":"status-publish","4":"has-post-thumbnail","6":"product_brand-kylie-jenner","7":"product_cat-brow-pencil","8":"product_cat-makeup","11":"instock","12":"sale","13":"shipping-taxable","14":"purchasable","15":"product-type-variable"},"_links":{"self":[{"href":"https:\/\/perleibeauty.com\/sq\/wp-json\/wp\/v2\/product\/7226","targetHints":{"allow":["GET"]}}],"collection":[{"href":"https:\/\/perleibeauty.com\/sq\/wp-json\/wp\/v2\/product"}],"about":[{"href":"https:\/\/perleibeauty.com\/sq\/wp-json\/wp\/v2\/types\/product"}],"replies":[{"embeddable":true,"href":"https:\/\/perleibeauty.com\/sq\/wp-json\/wp\/v2\/comments?post=7226"}],"version-history":[{"count":1,"href":"https:\/\/perleibeauty.com\/sq\/wp-json\/wp\/v2\/product\/7226\/revisions"}],"predecessor-version":[{"id":9910,"href":"https:\/\/perleibeauty.com\/sq\/wp-json\/wp\/v2\/product\/7226\/revisions\/9910"}],"wp:featuredmedia":[{"embeddable":true,"href":"https:\/\/perleibeauty.com\/sq\/wp-json\/wp\/v2\/media\/7232"}],"wp:attachment":[{"href":"https:\/\/perleibeauty.com\/sq\/wp-json\/wp\/v2\/media?parent=7226"}],"wp:term":[{"taxonomy":"product_brand","embeddable":true,"href":"https:\/\/perleibeauty.com\/sq\/wp-json\/wp\/v2\/product_brand?post=7226"},{"taxonomy":"product_cat","embeddable":true,"href":"https:\/\/perleibeauty.com\/sq\/wp-json\/wp\/v2\/product_cat?post=7226"},{"taxonomy":"product_tag","embeddable":true,"href":"https:\/\/perleibeauty.com\/sq\/wp-json\/wp\/v2\/product_tag?post=7226"}],"curies":[{"name":"wp","href":"https:\/\/api.w.org\/{rel}","templated":true}]}}