{"id":7210,"date":"2025-11-27T12:26:42","date_gmt":"2025-11-27T12:26:42","guid":{"rendered":"https:\/\/perleibeauty.com\/?post_type=product&#038;p=7210"},"modified":"2026-04-15T13:38:52","modified_gmt":"2026-04-15T13:38:52","slug":"anastasia-beverly-hills-brow-definer-3-in-1-easy-define-fill-detail-eyebrow-pencil","status":"publish","type":"product","link":"https:\/\/perleibeauty.com\/sq\/produkt\/anastasia-beverly-hills-brow-definer-3-in-1-easy-define-fill-detail-eyebrow-pencil\/","title":{"rendered":"Anastasia Beverly Hills\u00a0\u2028Brow Definer 3-in-1 Easy Define, Fill, &#038; Detail Eyebrow Pencil"},"content":{"rendered":"<h3>Anastasia Beverly Hills<\/h3>\n<h3>Brow Definer 3-in-1 Easy Define, Fill, &amp; Detail Eyebrow Pencil<\/h3>\n<p>Nj\u00eb laps p\u00ebr vetulla me maj\u00eb trek\u00ebndore t\u00ebrheq\u00ebse (retraktabile) \u2013 nj\u00eb mjet gjith\u00ebp\u00ebrfshir\u00ebs p\u00ebr t\u00eb p\u00ebrkufizuar, detajuar dhe mbushur vetullat tuaja me sakt\u00ebsi.<\/p>\n<p>\u2e3b<\/p>\n<p>\u274c <strong>Formul\u00eb pa p\u00ebrb\u00ebr\u00ebs t\u00eb d\u00ebmsh\u00ebm<\/strong><\/p>\n<p>Nuk p\u00ebrmban:<br \/>\n\u2022 Parabene<br \/>\n\u2022 Sulfate<br \/>\n\u2022 Ftalate<\/p>\n<p>\u2e3b<\/p>\n<p>\ud83d\udca1<strong> \u00c7far\u00eb duhet t\u00eb dini gjithashtu:<\/strong><\/p>\n<p>Ky laps unik ka tre an\u00eb me madh\u00ebsi t\u00eb ndryshme, ideale p\u00ebr aplikim t\u00eb shum\u00ebllojsh\u00ebm dhe nj\u00eb fur\u00e7\u00eb (spoolie) t\u00eb but\u00eb, t\u00eb personalizuar, p\u00ebr shkrirje perfekte dhe pamje natyrale.<\/p>\n<p>Me vet\u00ebm nj\u00eb mjet multifunksional p\u00ebr vetulla, mund t\u00eb:<br \/>\n\u2022 Krijoni detaje si qime natyrale,<br \/>\n\u2022 B\u00ebni hijezim,<br \/>\n\u2022 P\u00ebrkufizoni form\u00ebn,<br \/>\n\u2022 Mbushni boshll\u00ebqet,<br \/>\n\u2022 Dhe theksoni bukurin\u00eb natyrale t\u00eb vetullave tuaja.<\/p>\n<p>\u2e3b<\/p>\n<p>\ud83e\uddea<strong> P\u00ebrb\u00ebrja<\/strong><\/p>\n<p>Behenic Acid, Mica, Rhus Succedanea Fruit Wax\/Cera, Lanolin, Triethylhexanoin, Sucrose Tetrastearate Triacetate, Hydrogenated Castor Oil, Sorbitan Sesquiisostearate, Hydrogen Dimethicone, Caprylyl Glycol, Hexylene Glycol, Phenoxyethanol, Tocopherol.<br \/>\nMund t\u00eb p\u00ebrmbaj\u00eb \/ Peut Contenir: (+\/-) Iron Oxides (CI 77491, CI 77492, CI 77499), Titanium Dioxide (CI 77891), Ferric Ferrocyanide (CI 77510).<\/p>\n<p>\u2e3b<\/p>\n<p>\u270d\ufe0f <strong>Si t\u00eb p\u00ebrdoret?<\/strong><\/p>\n<p>P\u00ebrdorimi i sugjeruar:<br \/>\n1. Nxirrni vet\u00ebm nj\u00eb sasi t\u00eb vog\u00ebl t\u00eb produktit (rreth 2\u20133 milimetra). Kjo ju jep kontroll maksimal dhe parandalon thyerjen ose mbingarkimin e produktit gjat\u00eb aplikimit.<br \/>\nKujtoni: t\u00eb gjith\u00eb produktet Anastasia Beverly Hills jan\u00eb shum\u00eb t\u00eb pigmentuara, k\u00ebshtu q\u00eb nevojitet vet\u00ebm presion i leht\u00eb.<br \/>\n2. P\u00ebrkufizoni form\u00ebn e vetull\u00ebs:<br \/>\n\u2022 P\u00ebrdorni an\u00ebn e fur\u00e7\u00ebs (spoolie) p\u00ebr t\u00eb krehur qimet lart.<br \/>\n\u2022 Me an\u00ebn e shesht\u00eb t\u00eb lapsit, vizatoni vij\u00ebn e poshtme t\u00eb vetull\u00ebs nga harku deri te bishti.<br \/>\n\u2022 Pastaj krehni qimet posht\u00eb dhe vizatoni vij\u00ebn e sip\u00ebrme nga harku deri te bishti.<br \/>\n3. Kthejini qimet n\u00eb vend dhe p\u00ebrdorni an\u00ebn e mesme t\u00eb lapsit p\u00ebr t\u00eb mbushur vetull\u00ebn nga harku n\u00eb bisht.<br \/>\n\u2022 P\u00ebrdorni fur\u00e7\u00ebn p\u00ebr ta shkrir\u00eb dhe zbutur ngjyr\u00ebn.<br \/>\n4. P\u00ebr detajim:<br \/>\n\u2022 Me majen e holl\u00eb t\u00eb lapsit, krijoni vija t\u00eb holla si qime natyrale n\u00eb pjes\u00ebn e p\u00ebrparme t\u00eb vetull\u00ebs.<br \/>\n\u2022 Vendosni maj\u00ebn n\u00eb baz\u00eb t\u00eb qimeve dhe ngriteni leht\u00eb n\u00eb drejtimin e rritjes natyrale t\u00eb qimeve.<br \/>\n\u2022 P\u00ebrs\u00ebriteni k\u00ebt\u00eb teknik\u00eb n\u00eb zonat ku ka munges\u00eb qimesh.<br \/>\n\u2022 Shkrini produktin gjat\u00eb aplikimit p\u00ebr nj\u00eb pamje natyrale dhe harmonike.<\/p>","protected":false},"excerpt":{"rendered":"<h3>Anastasia Beverly Hills<\/h3>\n<h3>Brow Definer 3-in-1 Easy Define, Fill, &amp; Detail Eyebrow Pencil<\/h3>\n<p>Nj\u00eb laps p\u00ebr vetulla me maj\u00eb trek\u00ebndore t\u00ebrheq\u00ebse (retraktabile) \u2013 nj\u00eb mjet gjith\u00ebp\u00ebrfshir\u00ebs p\u00ebr t\u00eb p\u00ebrkufizuar, detajuar dhe mbushur vetullat tuaja me sakt\u00ebsi.<\/p>","protected":false},"featured_media":7223,"comment_status":"open","ping_status":"closed","template":"","meta":[],"product_brand":[110],"product_cat":[163,96],"product_tag":[],"class_list":{"0":"post-7210","1":"product","2":"type-product","3":"status-publish","4":"has-post-thumbnail","6":"product_brand-anastasia-beverly-hills","7":"product_cat-brow-pencil","8":"product_cat-makeup","11":"instock","12":"sale","13":"shipping-taxable","14":"purchasable","15":"product-type-variable"},"_links":{"self":[{"href":"https:\/\/perleibeauty.com\/sq\/wp-json\/wp\/v2\/product\/7210","targetHints":{"allow":["GET"]}}],"collection":[{"href":"https:\/\/perleibeauty.com\/sq\/wp-json\/wp\/v2\/product"}],"about":[{"href":"https:\/\/perleibeauty.com\/sq\/wp-json\/wp\/v2\/types\/product"}],"replies":[{"embeddable":true,"href":"https:\/\/perleibeauty.com\/sq\/wp-json\/wp\/v2\/comments?post=7210"}],"version-history":[{"count":1,"href":"https:\/\/perleibeauty.com\/sq\/wp-json\/wp\/v2\/product\/7210\/revisions"}],"predecessor-version":[{"id":9939,"href":"https:\/\/perleibeauty.com\/sq\/wp-json\/wp\/v2\/product\/7210\/revisions\/9939"}],"wp:featuredmedia":[{"embeddable":true,"href":"https:\/\/perleibeauty.com\/sq\/wp-json\/wp\/v2\/media\/7223"}],"wp:attachment":[{"href":"https:\/\/perleibeauty.com\/sq\/wp-json\/wp\/v2\/media?parent=7210"}],"wp:term":[{"taxonomy":"product_brand","embeddable":true,"href":"https:\/\/perleibeauty.com\/sq\/wp-json\/wp\/v2\/product_brand?post=7210"},{"taxonomy":"product_cat","embeddable":true,"href":"https:\/\/perleibeauty.com\/sq\/wp-json\/wp\/v2\/product_cat?post=7210"},{"taxonomy":"product_tag","embeddable":true,"href":"https:\/\/perleibeauty.com\/sq\/wp-json\/wp\/v2\/product_tag?post=7210"}],"curies":[{"name":"wp","href":"https:\/\/api.w.org\/{rel}","templated":true}]}}