{"id":7199,"date":"2025-11-27T11:55:42","date_gmt":"2025-11-27T11:55:42","guid":{"rendered":"https:\/\/perleibeauty.com\/?post_type=product&#038;p=7199"},"modified":"2026-04-15T13:38:52","modified_gmt":"2026-04-15T13:38:52","slug":"7199","status":"publish","type":"product","link":"https:\/\/perleibeauty.com\/sq\/produkt\/7199\/","title":{"rendered":"Benefit Brow Microfilling Pen"},"content":{"rendered":"<h3><strong>Benefit <\/strong><br \/>\n<strong>Brow Microfilling Pen<\/strong><br \/>\nBrow Pen For Microfine, Hair-Like Strokes<br \/>\n<strong>0.77 g Net wt. 0.02 oz.<\/strong><\/h3>\n<p>Laps p\u00ebr vetulla p\u00ebr vij\u00ebzime ultra t\u00eb holla, si qime natyrale<\/p>\n<p>T\u00eb mbush\u00ebsh boshll\u00ebqet e vetullave p\u00ebr t\u2019u dukur si origjinalet mund t\u00eb jet\u00eb sfiduese \u2014 por disa produkte arrijn\u00eb ta b\u00ebjn\u00eb edhe m\u00eb mir\u00eb se vet\u00eb natyra.<br \/>\nMe Brow Microfilling Pen, mjeshtrin q\u00eb imiton pamjen e vetullave me microblading, mund t\u00eb shtosh nj\u00eb tjet\u00ebr produkt t\u00eb mrekulluesh\u00ebm n\u00eb list\u00ebn t\u00ebnde t\u00eb preferuar.<\/p>\n<p>Ky laps me 3 maja krijon vija ultra t\u00eb holla, q\u00eb duken si qime natyrale, nd\u00ebrsa formula e tij rezistente ndaj djers\u00ebs, ujit dhe lag\u00ebshtis\u00eb nuk p\u00ebrhapet dhe q\u00ebndron deri n\u00eb 24 or\u00eb.<br \/>\nThjesht aplikojeni me levizje t\u00eb lehta dhe p\u00ebrgatituni p\u00ebr v\u00ebshtrime&#8230; \ud83d\udc40<\/p>\n<p>BEST SELLER!! Bazuar n\u00eb vler\u00ebsimin e shitjeve globale t\u00eb produkteve prestigjioze p\u00ebr vetulla, janar \u2013 dhjetor 2022<\/p>\n<p>\u2e3b<\/p>\n<p>\ud83e\uddea <strong>P\u00ebrb\u00ebrja<\/strong><\/p>\n<p>AQUA (UJI), DIPROPYLENE GLYCOL, BUTYLENE GLYCOL, ALCOHOL, ACRYLATES\/ETHYLHEXL ACRYLATE COPOLYMER, PVP, SODIUM POLYASPARTATE, PHENOXYETHANOL, SODIUM DEHYDROACETATE, MALTODEXTRIN, BEHENETH-30, LAURETH-21, PEG-11 METHYL ETHER DIMETHICONE, CITRIC ACID, XANTHAN GUM, AMINOMETHYL PROPANOL, PEG-60 GLYCERYL ISOSTEARATE, SILICA, DISODIUM EDTA, SODIUM METAPHOSPHATE.<br \/>\n[+\/-: CI 19140 (YELLOW 5, YELLOW 5 LAKE), CI 42090 (BLUE 1 LAKE), CI 75470 (CARMINE), CI 77007 (ULTRAMARINES), CI 77163 (BISMUTH OXYCHLORIDE), CI 77266 [NANO] (BLACK 2), CI 77288 (CHROMIUM OXIDE GREENS), CI 77289 (CHROMIUM HYDROXIDE GREEN), CI 77491, CI 77492, CI 77499 (IRON OXIDES), CI 77510 (FERRIC FERROCYANIDE, FERRIC AMMONIUM FERROCYANIDE), CI 77742 (MANGANESE VIOLET), CI 77891 (TITANIUM DIOXIDE)].<br \/>\nNr. 14380\/B<\/p>\n<p>Listat e p\u00ebrb\u00ebr\u00ebsve t\u00eb produkteve p\u00ebrdit\u00ebsohen periodikisht. Para p\u00ebrdorimit t\u00eb \u00e7do produkti Benefit, lexoni gjithmon\u00eb list\u00ebn e p\u00ebrb\u00ebr\u00ebsve n\u00eb paketim p\u00ebr t\u2019u siguruar q\u00eb p\u00ebrb\u00ebr\u00ebsit jan\u00eb t\u00eb p\u00ebrshtatsh\u00ebm p\u00ebr l\u00ebkur\u00ebn tuaj.<\/p>\n<p>\u2e3b<\/p>\n<p>\u2705 <strong>Rezultate t\u00eb testuara<\/strong><br \/>\n\u2022 Efekt microblading 24-or\u00ebsh*<br \/>\n\u2022 92% than\u00eb se \u00ebsht\u00eb i leht\u00eb p\u00ebr t\u2019u aplikuar<br \/>\n\u2022 96% than\u00eb se vetullat dukeshin m\u00eb t\u00eb dendura<br \/>\n\u2022 91% than\u00eb se krijon vija si qime natyrale<\/p>\n<p>* Test instrumental me 22 pjes\u00ebmarr\u00ebs<br \/>\n** Vet\u00ebvler\u00ebsim nga 104 pjes\u00ebmarr\u00ebs pas 1 jave p\u00ebrdorimi<\/p>\n<p>Nuanca Blonde<\/p>\n","protected":false},"excerpt":{"rendered":"<h3><strong>Benefit <\/strong><br \/>\n<strong>Brow Microfilling Pen<\/strong><br \/>\nBrow Pen For Microfine, Hair-Like Strokes<br \/>\n0.77 g Net wt. 0.02 oz.<\/h3>\n<p>Laps p\u00ebr vetulla p\u00ebr vij\u00ebzime ultra t\u00eb holla, si qime natyrale<\/p>","protected":false},"featured_media":7206,"comment_status":"open","ping_status":"closed","template":"","meta":[],"product_brand":[109],"product_cat":[163,96],"product_tag":[],"class_list":{"0":"post-7199","1":"product","2":"type-product","3":"status-publish","4":"has-post-thumbnail","6":"product_brand-benefit","7":"product_cat-brow-pencil","8":"product_cat-makeup","11":"instock","12":"shipping-taxable","13":"purchasable","14":"product-type-variable"},"_links":{"self":[{"href":"https:\/\/perleibeauty.com\/sq\/wp-json\/wp\/v2\/product\/7199","targetHints":{"allow":["GET"]}}],"collection":[{"href":"https:\/\/perleibeauty.com\/sq\/wp-json\/wp\/v2\/product"}],"about":[{"href":"https:\/\/perleibeauty.com\/sq\/wp-json\/wp\/v2\/types\/product"}],"replies":[{"embeddable":true,"href":"https:\/\/perleibeauty.com\/sq\/wp-json\/wp\/v2\/comments?post=7199"}],"version-history":[{"count":1,"href":"https:\/\/perleibeauty.com\/sq\/wp-json\/wp\/v2\/product\/7199\/revisions"}],"predecessor-version":[{"id":10508,"href":"https:\/\/perleibeauty.com\/sq\/wp-json\/wp\/v2\/product\/7199\/revisions\/10508"}],"wp:featuredmedia":[{"embeddable":true,"href":"https:\/\/perleibeauty.com\/sq\/wp-json\/wp\/v2\/media\/7206"}],"wp:attachment":[{"href":"https:\/\/perleibeauty.com\/sq\/wp-json\/wp\/v2\/media?parent=7199"}],"wp:term":[{"taxonomy":"product_brand","embeddable":true,"href":"https:\/\/perleibeauty.com\/sq\/wp-json\/wp\/v2\/product_brand?post=7199"},{"taxonomy":"product_cat","embeddable":true,"href":"https:\/\/perleibeauty.com\/sq\/wp-json\/wp\/v2\/product_cat?post=7199"},{"taxonomy":"product_tag","embeddable":true,"href":"https:\/\/perleibeauty.com\/sq\/wp-json\/wp\/v2\/product_tag?post=7199"}],"curies":[{"name":"wp","href":"https:\/\/api.w.org\/{rel}","templated":true}]}}