{"id":7194,"date":"2025-11-27T11:44:19","date_gmt":"2025-11-27T11:44:19","guid":{"rendered":"https:\/\/perleibeauty.com\/?post_type=product&#038;p=7194"},"modified":"2026-04-15T13:38:52","modified_gmt":"2026-04-15T13:38:52","slug":"mac-liquidlast-24-hour-waterproof-liner","status":"publish","type":"product","link":"https:\/\/perleibeauty.com\/sq\/produkt\/mac-liquidlast-24-hour-waterproof-liner\/","title":{"rendered":"MAC LIQUIDLAST 24-HOUR WATERPROOF LINER"},"content":{"rendered":"<h3><strong>MAC<\/strong><br \/>\n<strong>LIQUIDLAST 24-HOUR WATERPROOF LINER<\/strong><\/h3>\n<p>2.5 ML \/ 0.084 OZ<\/p>\n<p>NGJYR\u00cb E PASUR, Q\u00cbNDRUESHM\u00cbRI E GJAT\u00cb, PRECIZION I LART\u00cb<\/p>\n<p>Nj\u00eb eyeliner l\u00ebng n\u00eb ngjyr\u00eb t\u00eb zez\u00eb t\u00eb thell\u00eb q\u00eb kombinon q\u00ebndrueshm\u00ebri afatgjat\u00eb me vij\u00eb precize. Aplikohet leht\u00eb\u00a0 pa mundim, me fur\u00e7\u00ebn e vet t\u00eb integruar, p\u00ebr t\u00eb krijuar nj\u00eb vij\u00eb t\u00eb p\u00ebrsosur dhe t\u00eb definuar.<\/p>\n<p>\u2e3b<\/p>\n<p>\u2705 <strong>P\u00ebrfitimet kryesore<\/strong><br \/>\n\u2022 Testuar nga okulist\u00ebt (oftalmolog\u00ebt)<br \/>\n\u2022 Q\u00ebndrueshm\u00ebri afatgjat\u00eb<br \/>\n\u2022 Rezistent ndaj transferimit (i qendrueshem)<br \/>\n\u2022 I pap\u00ebrshkuesh\u00ebm nga uji (waterproof)<\/p>\n<p>\u2e3b<\/p>\n<p>\ud83e\uddea <strong>P\u00ebrb\u00ebrja<\/strong><\/p>\n<p>P\u00ebrb\u00ebr\u00ebsit: Isododecane, Trimethylsiloxysilicate, Dimethicone, Calcium Aluminum Borosilicate, Disteardimonium Hectorite, Sorbitan Tristearate, Silica, Propylene Carbonate, Ascorbyl Palmitate, Tin Oxide, Caprylyl Glycol, Hexylene Glycol, Phytosteryl Isostearate, Hydrogenated Palm Kernel Glycerides, Hydrogenated Palm Glycerides, Pentaerythrityl Tetra-Di-T-Butyl Hydroxyhydrocinnamate, Phenoxyethanol, [+\/- Mica, Titanium Dioxide (CI 77891), Iron Oxides (CI 77491, CI 77492, CI 77499), Bismuth Oxychloride (CI 77163), Blue 1 Lake (CI 42090), Carmine (CI 75470), Chromium Hydroxide Green (CI 77289), Chromium Oxide Greens (CI 77288), Ferric Ammonium Ferrocyanide (CI 77510), Ferric Ferrocyanide (CI 77510), Manganese Violet (CI 77742), Ultramarines (CI 77007), Yellow 5 Lake (CI 19140)].<br \/>\nILN41202<\/p>\n<p>Ju lutemi kini parasysh se lista e p\u00ebrb\u00ebr\u00ebsve mund t\u00eb ndryshoj\u00eb me kalimin e koh\u00ebs. P\u00ebr list\u00ebn m\u00eb t\u00eb p\u00ebrdit\u00ebsuar t\u00eb p\u00ebrb\u00ebr\u00ebsve, referojuni gjithmon\u00eb paketimit t\u00eb produktit q\u00eb merrni.<\/p>\n<p>\u2e3b<\/p>\n<p>\ud83d\udeab <strong>PA P\u00cbRB\u00cbR\u00cbS T\u00cb D\u00cbMSH\u00cbM<\/strong><\/p>\n<p>Ky produkt NUK p\u00ebrmban:<br \/>\n\u2022 Ftalate<br \/>\n\u2022 Parabene<br \/>\n\u2022 Donator\u00eb formaldehidi<br \/>\n\u2022 Sodium Lauryl Sulfate (SLS)<br \/>\n\u2022 Sodium Laureth Sulfate (SLES)<br \/>\n\u2022 Triclosan<br \/>\n\u2022 Ngjyruesin D&amp;C Yellow Nr. 11<br \/>\n\u2022 Oxybenzone<br \/>\n\u2022 Mikrogrimca sintetike \u2264 5 mm<\/p>\n","protected":false},"excerpt":{"rendered":"<h3><strong>MAC<\/strong><br \/>\n<strong>LIQUIDLAST 24-HOUR WATERPROOF LINER<\/strong><\/h3>\n<p>2.5 ML \/ 0.084 OZ<\/p>\n<p>NGJYR\u00cb E PASUR, Q\u00cbNDRUESHM\u00cbRI E GJAT\u00cb, PRECIZION I LART\u00cb<\/p>\n<p>Nj\u00eb eyeliner l\u00ebng n\u00eb ngjyr\u00eb t\u00eb zez\u00eb t\u00eb thell\u00eb q\u00eb kombinon q\u00ebndrueshm\u00ebri afatgjat\u00eb me vij\u00eb precize.<\/p>","protected":false},"featured_media":7197,"comment_status":"open","ping_status":"closed","template":"","meta":[],"product_brand":[161],"product_cat":[103,162,96],"product_tag":[],"class_list":{"0":"post-7194","1":"product","2":"type-product","3":"status-publish","4":"has-post-thumbnail","6":"product_brand-mac","7":"product_cat-best-seller","8":"product_cat-eye-liner","9":"product_cat-makeup","12":"outofstock","13":"sale","14":"shipping-taxable","15":"purchasable","16":"product-type-simple"},"_links":{"self":[{"href":"https:\/\/perleibeauty.com\/sq\/wp-json\/wp\/v2\/product\/7194","targetHints":{"allow":["GET"]}}],"collection":[{"href":"https:\/\/perleibeauty.com\/sq\/wp-json\/wp\/v2\/product"}],"about":[{"href":"https:\/\/perleibeauty.com\/sq\/wp-json\/wp\/v2\/types\/product"}],"replies":[{"embeddable":true,"href":"https:\/\/perleibeauty.com\/sq\/wp-json\/wp\/v2\/comments?post=7194"}],"version-history":[{"count":1,"href":"https:\/\/perleibeauty.com\/sq\/wp-json\/wp\/v2\/product\/7194\/revisions"}],"predecessor-version":[{"id":10509,"href":"https:\/\/perleibeauty.com\/sq\/wp-json\/wp\/v2\/product\/7194\/revisions\/10509"}],"wp:featuredmedia":[{"embeddable":true,"href":"https:\/\/perleibeauty.com\/sq\/wp-json\/wp\/v2\/media\/7197"}],"wp:attachment":[{"href":"https:\/\/perleibeauty.com\/sq\/wp-json\/wp\/v2\/media?parent=7194"}],"wp:term":[{"taxonomy":"product_brand","embeddable":true,"href":"https:\/\/perleibeauty.com\/sq\/wp-json\/wp\/v2\/product_brand?post=7194"},{"taxonomy":"product_cat","embeddable":true,"href":"https:\/\/perleibeauty.com\/sq\/wp-json\/wp\/v2\/product_cat?post=7194"},{"taxonomy":"product_tag","embeddable":true,"href":"https:\/\/perleibeauty.com\/sq\/wp-json\/wp\/v2\/product_tag?post=7194"}],"curies":[{"name":"wp","href":"https:\/\/api.w.org\/{rel}","templated":true}]}}