{"id":7184,"date":"2025-11-27T11:36:17","date_gmt":"2025-11-27T11:36:17","guid":{"rendered":"https:\/\/perleibeauty.com\/?post_type=product&#038;p=7184"},"modified":"2026-04-15T13:38:52","modified_gmt":"2026-04-15T13:38:52","slug":"diorshow-stylo-24h-wear-eyeliner-waterproof-eyeliner","status":"publish","type":"product","link":"https:\/\/perleibeauty.com\/sq\/produkt\/diorshow-stylo-24h-wear-eyeliner-waterproof-eyeliner\/","title":{"rendered":"DIORSHOW STYLO 24H-WEAR EYELINER- WATERPROOF EYELINER"},"content":{"rendered":"<h3>Diorshow Stylo<br \/>\n24H-Wear Eyeliner &#8211; Waterproof Eyeliner<\/h3>\n<p>Eyeliner rezistent 24-or\u00ebsh \u2013 eyeliner i pap\u00ebrshkuesh\u00ebm nga uji \u2013 ngjyr\u00eb intensive \u2013 tekstur\u00eb kremoze dhe l\u00ebvizje e leht\u00eb n\u00eb l\u00ebkur\u00eb.<\/p>\n<p>Firma e pamjeve ikonike Dior couture, pamja \u201csmoky eye\u201d, merr nj\u00eb teknik\u00eb t\u00eb re grimi me Diorshow Stylo, eyeliner-i i pap\u00ebrshkuesh\u00ebm nga uji q\u00eb i jep syve ngjyr\u00eb intensive dhe q\u00ebndrueshm\u00ebri 24-or\u00ebshe, pa u transferuar.<\/p>\n<p>Ky eyeliner, rezistent ndaj ujit dhe shum\u00eb i pigmentuar q\u00eb nga aplikimi i par\u00eb, q\u00ebndron perfekt gjat\u00eb gjith\u00eb dit\u00ebs pa pasur nevoj\u00eb p\u00ebr korrigjime. Diorshow Stylo aplikohet leht\u00eb mbi l\u00ebkur\u00eb, duke i veshur syt\u00eb me ngjyr\u00eb t\u00eb thell\u00eb dhe elegante. Mund t\u00eb p\u00ebrdoret si vij\u00eb precize eyeliner-i ose i p\u00ebrhapur leht\u00eb p\u00ebr efekt \u201csmoky\u201d, duke p\u00ebrmbushur \u00e7do d\u00ebshir\u00eb grimi me nj\u00eb gam\u00eb ngjyrash n\u00eb dy p\u00ebrfundime spektakolare: mat dhe me shk\u00eblqim.<\/p>\n<p>I leht\u00eb p\u00ebr t\u2019u p\u00ebrdorur, Diorshow Stylo \u00ebsht\u00eb i pajisur me maj\u00eb t\u00ebrheq\u00ebse ultra-precize dhe sfumues (smudger) p\u00ebr efektin q\u00eb d\u00ebshiron.<br \/>\nN\u00eb paketim p\u00ebrfshihet edhe mpreh\u00ebsja.<\/p>\n<p>&nbsp;<\/p>","protected":false},"excerpt":{"rendered":"<h3>Diorshow Stylo<br \/>\n24H-Wear Eyeliner &#8211; Waterproof Eyeliner<\/h3>\n<p>Eyeliner rezistent 24-or\u00ebsh \u2013 eyeliner i pap\u00ebrshkuesh\u00ebm nga uji \u2013 ngjyr\u00eb intensive \u2013 tekstur\u00eb kremoze dhe l\u00ebvizje e leht\u00eb n\u00eb l\u00ebkur\u00eb.<\/p>\n<p>Firma e pamjeve ikonike Dior couture, pamja \u201csmoky eye\u201d, merr nj\u00eb teknik\u00eb t\u00eb re grimi me Diorshow Stylo, eyeliner-i i pap\u00ebrshkuesh\u00ebm nga uji q\u00eb i jep syve ngjyr\u00eb intensive dhe q\u00ebndrueshm\u00ebri 24-or\u00ebshe, pa u transferuar.<\/p>","protected":false},"featured_media":7188,"comment_status":"open","ping_status":"closed","template":"","meta":[],"product_brand":[111],"product_cat":[162,96],"product_tag":[],"class_list":{"0":"post-7184","1":"product","2":"type-product","3":"status-publish","4":"has-post-thumbnail","6":"product_brand-dior","7":"product_cat-eye-liner","8":"product_cat-makeup","11":"instock","12":"sale","13":"shipping-taxable","14":"purchasable","15":"product-type-variable"},"_links":{"self":[{"href":"https:\/\/perleibeauty.com\/sq\/wp-json\/wp\/v2\/product\/7184","targetHints":{"allow":["GET"]}}],"collection":[{"href":"https:\/\/perleibeauty.com\/sq\/wp-json\/wp\/v2\/product"}],"about":[{"href":"https:\/\/perleibeauty.com\/sq\/wp-json\/wp\/v2\/types\/product"}],"replies":[{"embeddable":true,"href":"https:\/\/perleibeauty.com\/sq\/wp-json\/wp\/v2\/comments?post=7184"}],"version-history":[{"count":1,"href":"https:\/\/perleibeauty.com\/sq\/wp-json\/wp\/v2\/product\/7184\/revisions"}],"predecessor-version":[{"id":9929,"href":"https:\/\/perleibeauty.com\/sq\/wp-json\/wp\/v2\/product\/7184\/revisions\/9929"}],"wp:featuredmedia":[{"embeddable":true,"href":"https:\/\/perleibeauty.com\/sq\/wp-json\/wp\/v2\/media\/7188"}],"wp:attachment":[{"href":"https:\/\/perleibeauty.com\/sq\/wp-json\/wp\/v2\/media?parent=7184"}],"wp:term":[{"taxonomy":"product_brand","embeddable":true,"href":"https:\/\/perleibeauty.com\/sq\/wp-json\/wp\/v2\/product_brand?post=7184"},{"taxonomy":"product_cat","embeddable":true,"href":"https:\/\/perleibeauty.com\/sq\/wp-json\/wp\/v2\/product_cat?post=7184"},{"taxonomy":"product_tag","embeddable":true,"href":"https:\/\/perleibeauty.com\/sq\/wp-json\/wp\/v2\/product_tag?post=7184"}],"curies":[{"name":"wp","href":"https:\/\/api.w.org\/{rel}","templated":true}]}}