{"id":6988,"date":"2025-11-26T12:00:29","date_gmt":"2025-11-26T12:00:29","guid":{"rendered":"https:\/\/perleibeauty.com\/?post_type=product&#038;p=6988"},"modified":"2026-04-15T13:38:54","modified_gmt":"2026-04-15T13:38:54","slug":"charlottes-4-magic-steps-to-hydrated-glowing-skin-skincare-kit","status":"publish","type":"product","link":"https:\/\/perleibeauty.com\/sq\/produkt\/charlottes-4-magic-steps-to-hydrated-glowing-skin-skincare-kit\/","title":{"rendered":"CHARLOTTE&#8217;S 4 MAGIC STEPS TO HYDRATED, GLOWING SKIN SKINCARE KIT"},"content":{"rendered":"<p>&nbsp;<\/p>\n<div class=\"flex flex-col text-sm\">\n<article class=\"text-token-text-primary w-full focus:outline-none [--shadow-height:45px] has-data-writing-block:pointer-events-none has-data-writing-block:-mt-(--shadow-height) has-data-writing-block:pt-(--shadow-height) [&amp;:has([data-writing-block])&gt;*]:pointer-events-auto scroll-mt-[calc(var(--header-height)+min(200px,max(70px,20svh)))]\" dir=\"auto\" tabindex=\"-1\" data-turn-id=\"request-WEB:cd568316-43e5-44aa-8b67-bf795c2402b0-0\" data-testid=\"conversation-turn-2\" data-scroll-anchor=\"true\" data-turn=\"assistant\">\n<div class=\"text-base my-auto mx-auto pb-10 [--thread-content-margin:--spacing(4)] @w-sm\/main:[--thread-content-margin:--spacing(6)] @w-lg\/main:[--thread-content-margin:--spacing(16)] px-(--thread-content-margin)\">\n<div class=\"[--thread-content-max-width:40rem] @w-lg\/main:[--thread-content-max-width:48rem] mx-auto max-w-(--thread-content-max-width) flex-1 group\/turn-messages focus-visible:outline-hidden relative flex w-full min-w-0 flex-col agent-turn\" tabindex=\"-1\">\n<div class=\"flex max-w-full flex-col grow\">\n<div class=\"min-h-8 text-message relative flex w-full flex-col items-end gap-2 text-start break-words whitespace-normal [.text-message+&amp;]:mt-1\" dir=\"auto\" data-message-author-role=\"assistant\" data-message-id=\"f33d1891-dbe3-42e6-b061-06883b8a6787\" data-message-model-slug=\"gpt-5-2\">\n<div class=\"flex w-full flex-col gap-1 empty:hidden first:pt-[1px]\">\n<div class=\"markdown prose dark:prose-invert w-full wrap-break-word light markdown-new-styling\">\n<p data-start=\"0\" data-end=\"413\"><strong data-start=\"0\" data-end=\"68\">Charlotte&#8217;s 4 Magic Steps To Hydrated, Glowing Skin Skincare Kit<\/strong> \u00ebsht\u00eb seti perfekt p\u00ebr nj\u00eb l\u00ebkur\u00eb t\u00eb hidratuar thell\u00ebsisht, t\u00eb ndri\u00e7uar dhe me pamje t\u00eb fresk\u00ebt, duke kombinuar 4 hapat esencial\u00eb t\u00eb rutin\u00ebs ikonike t\u00eb <span class=\"hover:entity-accent entity-underline inline cursor-pointer align-baseline\"><span class=\"whitespace-normal\">Charlotte Tilbury<\/span><\/span>. Ky set \u00ebsht\u00eb ideal si p\u00ebr p\u00ebrdorim personal, ashtu edhe p\u00ebr dhurat\u00eb, pasi p\u00ebrfshin produktet m\u00eb t\u00eb dashura t\u00eb brand-it n\u00eb madh\u00ebsi praktike dhe full-size.<\/p>\n<h3 data-start=\"415\" data-end=\"438\">\u00c7far\u00eb p\u00ebrmban seti?<\/h3>\n<p data-start=\"440\" data-end=\"707\"><strong data-start=\"440\" data-end=\"475\">\u2728 Travel-Size Glow Toner (30ml)<\/strong><br data-start=\"475\" data-end=\"478\" \/>Nj\u00eb tonik eksfoliues i but\u00eb q\u00eb ndihmon n\u00eb largimin e qelizave t\u00eb vdekura dhe pastrimin e poreve, duke e b\u00ebr\u00eb l\u00ebkur\u00ebn m\u00eb t\u00eb l\u00ebmuar, m\u00eb t\u00eb past\u00ebr dhe m\u00eb t\u00eb ndri\u00e7uar. P\u00ebrgatit l\u00ebkur\u00ebn n\u00eb m\u00ebnyr\u00eb perfekte p\u00ebr hapat e tjer\u00eb t\u00eb rutin\u00ebs.<\/p>\n<p data-start=\"709\" data-end=\"1054\"><strong data-start=\"709\" data-end=\"770\">\u2728 Full-Size Charlotte\u2019s Magic Serum Crystal Elixir (30ml)<\/strong><br data-start=\"770\" data-end=\"773\" \/>Nj\u00eb serum revolucionar me tekstur\u00eb t\u00eb leht\u00eb, i pasuruar me vitamin\u00eb C, peptide dhe p\u00ebrb\u00ebr\u00ebs hidratues q\u00eb ndihmojn\u00eb n\u00eb p\u00ebrmir\u00ebsimin e elasticitetit, ndri\u00e7imin e tonit t\u00eb l\u00ebkur\u00ebs dhe reduktimin e shenjave t\u00eb lodhjes. L\u00ebkura duket m\u00eb e sh\u00ebndetshme, m\u00eb e fort\u00eb dhe me shk\u00eblqim natyral.<\/p>\n<p data-start=\"1056\" data-end=\"1347\"><strong data-start=\"1056\" data-end=\"1092\">\u2728 Charlotte&#8217;s Magic Cream (30ml)<\/strong><br data-start=\"1092\" data-end=\"1095\" \/>Kremi legjendar hidratues q\u00eb ofron ushqim intensiv dhe efekt \u201cplump\u201d. Formula e pasur me acid hialuronik dhe vitamina ndihmon n\u00eb zbutjen e vijave t\u00eb holla dhe krijon baz\u00ebn perfekte p\u00ebr makeup. L\u00ebkura mbetet e but\u00eb, elastike dhe me glow t\u00eb menj\u00ebhersh\u00ebm.<\/p>\n<p data-start=\"1349\" data-end=\"1615\"><strong data-start=\"1349\" data-end=\"1404\">\u2728 Travel-Size Collagen Superfusion Facial Oil (8ml)<\/strong><br data-start=\"1404\" data-end=\"1407\" \/>Nj\u00eb vaj fytyre luksoz me efekt lifting, q\u00eb ndihmon n\u00eb p\u00ebrmir\u00ebsimin e elasticitetit dhe n\u00eb ushqimin e thell\u00eb t\u00eb l\u00ebkur\u00ebs. Jep nj\u00eb shk\u00eblqim t\u00eb sh\u00ebndetsh\u00ebm dhe ndihmon n\u00eb mbajtjen e hidratimit gjat\u00eb gjith\u00eb dit\u00ebs.<\/p>\n<hr data-start=\"1617\" data-end=\"1620\" \/>\n<h3 data-start=\"1622\" data-end=\"1651\">Pse ta zgjidhni k\u00ebt\u00eb set?<\/h3>\n<ul data-start=\"1653\" data-end=\"1890\">\n<li data-start=\"1653\" data-end=\"1684\">\n<p data-start=\"1655\" data-end=\"1684\">\u2714\ufe0f Rutin\u00eb e plot\u00eb n\u00eb 4 hapa<\/p>\n<\/li>\n<li data-start=\"1685\" data-end=\"1733\">\n<p data-start=\"1687\" data-end=\"1733\">\u2714\ufe0f Hidratim intensiv dhe glow i menj\u00ebhersh\u00ebm<\/p>\n<\/li>\n<li data-start=\"1734\" data-end=\"1789\">\n<p data-start=\"1736\" data-end=\"1789\">\u2714\ufe0f P\u00ebrmir\u00ebson tekstur\u00ebn dhe elasticitetin e l\u00ebkur\u00ebs<\/p>\n<\/li>\n<li data-start=\"1790\" data-end=\"1832\">\n<p data-start=\"1792\" data-end=\"1832\">\u2714\ufe0f Ideal p\u00ebr t\u00eb gjitha tipet e l\u00ebkur\u00ebs<\/p>\n<\/li>\n<li data-start=\"1833\" data-end=\"1890\">\n<p data-start=\"1835\" data-end=\"1890\">\u2714\ufe0f Perfekt p\u00ebr udh\u00ebtim ose p\u00ebr ta provuar gam\u00ebn ikonike<\/p>\n<\/li>\n<\/ul>\n<p data-start=\"1892\" data-end=\"2128\" data-is-last-node=\"\" data-is-only-node=\"\">Me <strong data-start=\"1895\" data-end=\"1924\">Charlotte\u2019s 4 Magic Steps<\/strong>, l\u00ebkura juaj do t\u00eb duket m\u00eb e fresk\u00ebt, m\u00eb e ndri\u00e7uar dhe me nj\u00eb pamje rinore \u00e7do dit\u00eb. Nj\u00eb ritual bukurie q\u00eb kombinon luksin me performanc\u00ebn profesionale p\u00ebr rezultate t\u00eb dukshme q\u00eb n\u00eb p\u00ebrdorimet e para.<\/p>\n<\/div>\n<\/div>\n<\/div>\n<\/div>\n<div class=\"z-0 flex min-h-[46px] justify-start\"><\/div>\n<div class=\"mt-3 w-full empty:hidden\">\n<div class=\"text-center\"><\/div>\n<\/div>\n<\/div>\n<\/div>\n<\/article>\n<\/div>\n<div class=\"pointer-events-none h-px w-px absolute bottom-0\" aria-hidden=\"true\" data-edge=\"true\"><\/div>\n","protected":false},"excerpt":{"rendered":"<h3 class=\"Heading Heading--h1 PDPHeading__heading\" tabindex=\"0\" data-test=\"heading\"><span class=\"PDPHeading__title\">CHARLOTTE&#8217;S 4 MAGIC STEPS TO HYDRATED, GLOWING SKIN<\/span><span class=\"Heading Heading--h2 Heading--light PDPHeading__subtitle\" tabindex=\"-1\" data-test=\"heading\">SKINCARE KIT<\/span><\/h3>\n<p>Seti permban:<\/p>\n<ul>\n<li><a href=\"https:\/\/www.charlottetilbury.com\/eu\/product\/glow-toner-30ml\">Travel-Size Glow Toner (30ml)<\/a>:<\/li>\n<li><a href=\"https:\/\/www.charlottetilbury.com\/eu\/product\/charlottes-magic-serum-crystal-elixir\">Full-Size Charlotte\u2019s Magic Serum Crystal Elixir (30ml)<\/a>:<\/li>\n<li><a href=\"https:\/\/www.charlottetilbury.com\/eu\/product\/charlottes-magic-cream-30ml\">Charlotte&#8217;s Magic Cream (30\u00a0ml):<\/a><\/li>\n<li><a href=\"https:\/\/www.charlottetilbury.com\/eu\/product\/collagen-superfusion-facial-oil-8ml\">Travel-Size Collagen Superfusion Facial Oil (8ml)<\/a>:<\/li>\n<\/ul>","protected":false},"featured_media":7005,"comment_status":"open","ping_status":"closed","template":"","meta":[],"product_brand":[106],"product_cat":[103,132,166,105],"product_tag":[],"class_list":{"0":"post-6988","1":"product","2":"type-product","3":"status-publish","4":"has-post-thumbnail","6":"product_brand-charlotte-tilbury","7":"product_cat-best-seller","8":"product_cat-gift-ideas","9":"product_cat-sale","10":"product_cat-skincare","13":"instock","14":"sale","15":"shipping-taxable","16":"purchasable","17":"product-type-simple"},"_links":{"self":[{"href":"https:\/\/perleibeauty.com\/sq\/wp-json\/wp\/v2\/product\/6988","targetHints":{"allow":["GET"]}}],"collection":[{"href":"https:\/\/perleibeauty.com\/sq\/wp-json\/wp\/v2\/product"}],"about":[{"href":"https:\/\/perleibeauty.com\/sq\/wp-json\/wp\/v2\/types\/product"}],"replies":[{"embeddable":true,"href":"https:\/\/perleibeauty.com\/sq\/wp-json\/wp\/v2\/comments?post=6988"}],"version-history":[{"count":2,"href":"https:\/\/perleibeauty.com\/sq\/wp-json\/wp\/v2\/product\/6988\/revisions"}],"predecessor-version":[{"id":9858,"href":"https:\/\/perleibeauty.com\/sq\/wp-json\/wp\/v2\/product\/6988\/revisions\/9858"}],"wp:featuredmedia":[{"embeddable":true,"href":"https:\/\/perleibeauty.com\/sq\/wp-json\/wp\/v2\/media\/7005"}],"wp:attachment":[{"href":"https:\/\/perleibeauty.com\/sq\/wp-json\/wp\/v2\/media?parent=6988"}],"wp:term":[{"taxonomy":"product_brand","embeddable":true,"href":"https:\/\/perleibeauty.com\/sq\/wp-json\/wp\/v2\/product_brand?post=6988"},{"taxonomy":"product_cat","embeddable":true,"href":"https:\/\/perleibeauty.com\/sq\/wp-json\/wp\/v2\/product_cat?post=6988"},{"taxonomy":"product_tag","embeddable":true,"href":"https:\/\/perleibeauty.com\/sq\/wp-json\/wp\/v2\/product_tag?post=6988"}],"curies":[{"name":"wp","href":"https:\/\/api.w.org\/{rel}","templated":true}]}}