{"id":6845,"date":"2025-11-24T15:27:23","date_gmt":"2025-11-24T15:27:23","guid":{"rendered":"https:\/\/perleibeauty.com\/?post_type=product&#038;p=6845"},"modified":"2026-04-15T13:38:55","modified_gmt":"2026-04-15T13:38:55","slug":"ysl-make-me-blush","status":"publish","type":"product","link":"https:\/\/perleibeauty.com\/sq\/produkt\/ysl-make-me-blush\/","title":{"rendered":"YSL MAKE ME BLUSH (PA KUTI)"},"content":{"rendered":"<h3><strong>YSL MAKE ME BLUSH<\/strong><\/h3>\n<p>Make Me Blush, blush-i i ri i guximsh\u00ebm dhe zbut\u00ebs nga Yves Saint Laurent: nj\u00eb blush pluhur ultra-sensorial, i m\u00ebndafsht\u00eb, q\u00eb zbut pamjen e pap\u00ebrsosm\u00ebrive. Formula e pap\u00ebrshkueshme nga uji dhe djersa siguron nj\u00eb ngjyr\u00eb t\u00eb ndritshme 24 or\u00eb gjat\u00eb gjith\u00eb dit\u00ebs.<\/p>\n<p><strong>Jepi kujdes l\u00ebkur\u00ebs:<\/strong><\/p>\n<p>Tekstura e tij ultra-sensoriale shkrihet but\u00ebsisht n\u00eb faqe, aq m\u00ebndafsht\u00eb sa q\u00eb l\u00ebkura nuk ndihet e that\u00eb, por e rehatuar dhe pa pesh\u00eb, pa plasaritje apo grumbullim t\u00eb produktit.<br \/>\nI pasuruar me squalane, Make Me Blush zbut pamjen e pap\u00ebrsosm\u00ebrive dhe poreve n\u00eb faqe, duke i dh\u00ebn\u00eb l\u00ebkur\u00ebs nj\u00eb pamje t\u00eb matifikuar dhe nj\u00eb ndjesi t\u00eb but\u00eb gjat\u00eb gjith\u00eb dit\u00ebs.<br \/>\nI pasuruar me vaj tr\u00ebndafili (rosehip) nga kopshtet komunitare Ourika t\u00eb YSL Beauty p\u00ebr nj\u00eb pamje t\u00eb sh\u00ebndetshme t\u00eb l\u00ebkur\u00ebs.<\/p>\n<p>&nbsp;<\/p>\n<p><strong>M\u00eb trego ngjyr\u00ebn:<\/strong><\/p>\n<p>Teknologjia e pigmenteve couture t\u00eb veshur jep nj\u00eb shp\u00ebrthim t\u00eb menj\u00ebhersh\u00ebm t\u00eb ngjyr\u00ebs roz\u00eb p\u00ebr nj\u00eb pamje t\u00eb skuqur t\u00eb fresk\u00ebt q\u00eb zgjat 24 or\u00eb.<br \/>\nNuan cat ultra-t\u00eb nd\u00ebrtueshme, nga transparente n\u00eb shum\u00eb t\u00eb guximshme, me rezultat besnik t\u00eb ngjyr\u00ebs.<\/p>\n<p>&nbsp;<\/p>\n<p><strong>B\u00ebje couture:<\/strong><br \/>\n\u2022 11 nuanca t\u00eb p\u00ebrshtatshme p\u00ebr \u00e7do ton l\u00ebkure, p\u00ebr nj\u00eb deklarat\u00eb t\u00eb fuqishme blush-i.<br \/>\n\u2022 2 p\u00ebrfundime couture: mat dhe saten.<br \/>\n\u2022 Paketime couture t\u00eb koleksionueshme, t\u00eb kombinuara me nuancat p\u00ebrkat\u00ebse, q\u00eb t\u00eb b\u00ebjn\u00eb t\u2019i duash t\u00eb gjitha.<\/p>\n<p>&nbsp;<\/p>\n<p><strong>Ajo q\u00eb konsumator\u00ebt pohojn\u00eb:<\/strong><br \/>\n\u2022 94% pajtohen q\u00eb produkti \u00ebsht\u00eb i rehatsh\u00ebm p\u00ebr t\u2019u mbajtur.<br \/>\n\u2022 94% pajtohen q\u00eb produkti ndihet pa pesh\u00eb n\u00eb l\u00ebkur\u00eb.<br \/>\n\u2022 90% pajtohen q\u00eb l\u00ebkura nuk ndihet e that\u00eb.<br \/>\n\u2022 91% pajtohen q\u00eb l\u00ebkura duket e matifikuar me k\u00ebt\u00eb produkt.<br \/>\n\u2022 89% pajtohen q\u00eb tekstura e l\u00ebkur\u00ebs duket e l\u00ebmuar.<br \/>\n\u2022 78% pajtohen q\u00eb produkti ka efekt zbut\u00ebs (blurring).<\/p>\n<p>Test konsumator\u00ebsh me 102 gra (20\u201340 vje\u00e7)<br \/>\nP\u00ebr t\u00eb gjitha llojet e l\u00ebkur\u00ebs (shp\u00ebrndarje homogjene) &amp; i p\u00ebrshtatsh\u00ebm p\u00ebr l\u00ebkur\u00eb t\u00eb ndjeshme<br \/>\n50% l\u00ebkur\u00eb e ndjeshme \/ 50% jo e ndjeshme<\/p>","protected":false},"excerpt":{"rendered":"<h3><strong>YSL MAKE ME BLUSH<\/strong><\/h3>\n<p>Make Me Blush, blush-i i ri i guximsh\u00ebm dhe zbut\u00ebs nga Yves Saint Laurent: nj\u00eb blush pluhur ultra-sensorial, i m\u00ebndafsht\u00eb, q\u00eb zbut pamjen e pap\u00ebrsosm\u00ebrive. Formula e pap\u00ebrshkueshme nga uji dhe djersa siguron nj\u00eb ngjyr\u00eb t\u00eb ndritshme 24 or\u00eb gjat\u00eb gjith\u00eb dit\u00ebs.<\/p>\n<p>NUANCA: 68<\/p>","protected":false},"featured_media":6842,"comment_status":"open","ping_status":"closed","template":"","meta":[],"product_brand":[123],"product_cat":[145,96],"product_tag":[],"class_list":{"0":"post-6845","1":"product","2":"type-product","3":"status-publish","4":"has-post-thumbnail","6":"product_brand-ysl","7":"product_cat-blush","8":"product_cat-makeup","11":"outofstock","12":"sale","13":"shipping-taxable","14":"purchasable","15":"product-type-simple"},"_links":{"self":[{"href":"https:\/\/perleibeauty.com\/sq\/wp-json\/wp\/v2\/product\/6845","targetHints":{"allow":["GET"]}}],"collection":[{"href":"https:\/\/perleibeauty.com\/sq\/wp-json\/wp\/v2\/product"}],"about":[{"href":"https:\/\/perleibeauty.com\/sq\/wp-json\/wp\/v2\/types\/product"}],"replies":[{"embeddable":true,"href":"https:\/\/perleibeauty.com\/sq\/wp-json\/wp\/v2\/comments?post=6845"}],"version-history":[{"count":1,"href":"https:\/\/perleibeauty.com\/sq\/wp-json\/wp\/v2\/product\/6845\/revisions"}],"predecessor-version":[{"id":10102,"href":"https:\/\/perleibeauty.com\/sq\/wp-json\/wp\/v2\/product\/6845\/revisions\/10102"}],"wp:featuredmedia":[{"embeddable":true,"href":"https:\/\/perleibeauty.com\/sq\/wp-json\/wp\/v2\/media\/6842"}],"wp:attachment":[{"href":"https:\/\/perleibeauty.com\/sq\/wp-json\/wp\/v2\/media?parent=6845"}],"wp:term":[{"taxonomy":"product_brand","embeddable":true,"href":"https:\/\/perleibeauty.com\/sq\/wp-json\/wp\/v2\/product_brand?post=6845"},{"taxonomy":"product_cat","embeddable":true,"href":"https:\/\/perleibeauty.com\/sq\/wp-json\/wp\/v2\/product_cat?post=6845"},{"taxonomy":"product_tag","embeddable":true,"href":"https:\/\/perleibeauty.com\/sq\/wp-json\/wp\/v2\/product_tag?post=6845"}],"curies":[{"name":"wp","href":"https:\/\/api.w.org\/{rel}","templated":true}]}}